{"id":4901,"date":"2019-03-27T10:08:34","date_gmt":"2019-03-27T10:08:34","guid":{"rendered":"http:\/\/datatex.com\/cookie-policy\/"},"modified":"2025-10-02T04:14:12","modified_gmt":"2025-10-02T04:14:12","slug":"cookie-policy","status":"publish","type":"page","link":"https:\/\/datatex.com\/tr\/cookie-policy\/","title":{"rendered":"\u00c7erez politikas\u0131"},"content":{"rendered":"<div class=\"fusion-fullwidth fullwidth-box fusion-builder-row-1 nonhundred-percent-fullwidth non-hundred-percent-height-scrolling\" style=\"--awb-border-radius-top-left:0px;--awb-border-radius-top-right:0px;--awb-border-radius-bottom-right:0px;--awb-border-radius-bottom-left:0px;--awb-flex-wrap:wrap;\" ><div class=\"fusion-builder-row fusion-row\"><div class=\"fusion-layout-column fusion_builder_column fusion-builder-column-0 fusion_builder_column_1_1 1_1 fusion-one-full fusion-column-first fusion-column-last\" style=\"--awb-bg-size:cover;\"><div class=\"fusion-column-wrapper fusion-column-has-shadow fusion-flex-column-wrapper-legacy\"><div class=\"fusion-title title fusion-title-1 fusion-sep-none fusion-title-text fusion-title-size-one\"><h1 class=\"fusion-title-heading title-heading-left\" style=\"margin:0;\">Datatex | \u00c7erezlerin kullan\u0131m\u0131<\/h1><\/div><div class=\"fusion-text fusion-text-1\"><p>Hizmetlerimizi olabildi\u011fince etkili ve kullan\u0131m\u0131 kolay hale getirmek i\u00e7in bu Site \u00e7erezlerden yararlan\u0131r. Bu nedenle, Siteyi ziyaret etti\u011finizde, Kullan\u0131c\u0131n\u0131n Web taray\u0131c\u0131s\u0131 dizinine kaydedilen ve &#8220;\u00e7erezler&#8221; ad\u0131 verilen k\u00fc\u00e7\u00fck metin dosyalar\u0131 olarak Kullan\u0131c\u0131n\u0131n cihaz\u0131na minimum miktarda bilgi girilecektir. Farkl\u0131 \u00e7erez t\u00fcrleri vard\u0131r, ancak temel olarak bir \u00e7erezin temel amac\u0131, Site i\u015flevini daha verimli hale getirmek ve belirli i\u015flevleri etkin hale getirmektir.<\/p>\n<\/div><div class=\"fusion-text fusion-text-2\"><p>\u00c7erezler, kullan\u0131c\u0131n\u0131n genel navigasyonunu geli\u015ftirmek i\u00e7in kullan\u0131l\u0131r. \u00d6zellikle, onlar:<\/p>\n<ul>\n<li>Web sitesinin bir sayfas\u0131ndan di\u011ferine etkin gezinmeye izin verin.<\/li>\n<li>Girilen kullan\u0131c\u0131 ad\u0131n\u0131 ve tercihleri saklay\u0131n.<\/li>\n<li>Ayn\u0131 bilgiyi (kullan\u0131c\u0131 ad\u0131 ve \u015fifre gibi) girmek zorunda kalmas\u0131n\u0131 \u00f6nle<br \/>\nziyaretiniz s\u0131ras\u0131nda bir\u00e7ok kez.<\/li>\n<li>Navigasyon deneyimini ve servislerini optimize etmek i\u00e7in Kullan\u0131c\u0131n\u0131n servis kullan\u0131m\u0131n\u0131 \u00f6l\u00e7\u00fcn<br \/>\nkendilerini.<\/li>\n<li>Kullan\u0131c\u0131 taraf\u0131ndan g\u00f6sterilen ilgi alanlar\u0131na ve davran\u0131\u015flar\u0131na dayanarak reklam bilgilerini sunma<br \/>\nonun navigasyonu s\u0131ras\u0131nda.<\/li>\n<\/ul>\n<\/div><div class=\"fusion-text fusion-text-3\"><p>Find below the types of cookies that may be used by our website together with a description of their purpose.<\/p>\n<ol>\n<li>Technical cookies: This type of cookies are necessary to ensure the proper functioning of some website areas. Cookies of this category include both persistent and session cookies. If these cookies are missing, the whole website or some parts of it might not function properly. Therefore they are always used notwithstanding the users&#8217; preferences. The cookies of this type are always sent by our own dominion.<\/li>\n<li>Analytical Cookies: This type of cookies are used to gather information about the website use. The website\u2019s holder may use such pieces of information to perform statistical analyses, to improve browsing of their website and to make its use simpler, besides monitoring the website\u2019s proper functioning. This type of cookie gathers anonymous information about the website&#8217;s users and about the way they got to the website and the visited pages. This type of cookie is sent either from the site itself or from third-party domains.<\/li>\n<\/ol>\n<\/div><div class=\"fusion-text fusion-text-4\"><p>Taray\u0131c\u0131 ayarlar\u0131n\u0131z\u0131 kullanarak bu web sitesinden istedi\u011finiz zaman engelleyebilir veya devre d\u0131\u015f\u0131 b\u0131rakabilirsiniz.<\/p>\n<\/div><div class=\"fusion-clearfix\"><\/div><\/div><\/div><\/div><\/div>\n","protected":false},"excerpt":{"rendered":"","protected":false},"author":1,"featured_media":0,"parent":0,"menu_order":0,"comment_status":"closed","ping_status":"closed","template":"","meta":{"two_page_speed":{"current_score":{"desktop_score":93,"desktop_tti":"0.9\u00a0","mobile_score":78,"mobile_tti":"4.0\u00a0","date":"25.09.2025 10:00:07 pm","status":"error_no_score"}},"footnotes":""},"class_list":["post-4901","page","type-page","status-publish","hentry"],"yoast_head":"<!-- This site is optimized with the Yoast SEO plugin v25.1 - https:\/\/yoast.com\/wordpress\/plugins\/seo\/ -->\n<title>Cookie Policy | Datatex<\/title>\n<meta name=\"robots\" content=\"index, follow, max-snippet:-1, max-image-preview:large, max-video-preview:-1\" \/>\n<link rel=\"canonical\" href=\"https:\/\/datatex.com\/tr\/cookie-policy\/\" \/>\n<meta property=\"og:locale\" content=\"tr_TR\" \/>\n<meta property=\"og:type\" content=\"article\" \/>\n<meta property=\"og:title\" content=\"Cookie Policy | Datatex\" \/>\n<meta property=\"og:url\" content=\"https:\/\/datatex.com\/tr\/cookie-policy\/\" \/>\n<meta property=\"og:site_name\" content=\"Datatex\" \/>\n<meta property=\"article:modified_time\" content=\"2025-10-02T04:14:12+00:00\" \/>\n<meta name=\"twitter:card\" content=\"summary_large_image\" \/>\n<meta name=\"twitter:label1\" content=\"Tahmini okuma s\u00fcresi\" \/>\n\t<meta name=\"twitter:data1\" content=\"4 dakika\" \/>\n<script type=\"application\/ld+json\" class=\"yoast-schema-graph\">{\"@context\":\"https:\/\/schema.org\",\"@graph\":[{\"@type\":\"WebPage\",\"@id\":\"https:\/\/datatex.com\/tr\/cookie-policy\/\",\"url\":\"https:\/\/datatex.com\/tr\/cookie-policy\/\",\"name\":\"Cookie Policy | Datatex\",\"isPartOf\":{\"@id\":\"https:\/\/datatex.com\/tr\/#website\"},\"datePublished\":\"2019-03-27T10:08:34+00:00\",\"dateModified\":\"2025-10-02T04:14:12+00:00\",\"breadcrumb\":{\"@id\":\"https:\/\/datatex.com\/tr\/cookie-policy\/#breadcrumb\"},\"inLanguage\":\"tr\",\"potentialAction\":[{\"@type\":\"ReadAction\",\"target\":[\"https:\/\/datatex.com\/tr\/cookie-policy\/\"]}]},{\"@type\":\"BreadcrumbList\",\"@id\":\"https:\/\/datatex.com\/tr\/cookie-policy\/#breadcrumb\",\"itemListElement\":[{\"@type\":\"ListItem\",\"position\":1,\"name\":\"Home\",\"item\":\"https:\/\/datatex.com\/tr\/\"},{\"@type\":\"ListItem\",\"position\":2,\"name\":\"\u00c7erez politikas\u0131\"}]},{\"@type\":\"WebSite\",\"@id\":\"https:\/\/datatex.com\/tr\/#website\",\"url\":\"https:\/\/datatex.com\/tr\/\",\"name\":\"Datatex\",\"description\":\"Datatex: We Make IT Work for You\",\"publisher\":{\"@id\":\"https:\/\/datatex.com\/tr\/#organization\"},\"alternateName\":\"Datatex ERP\",\"potentialAction\":[{\"@type\":\"SearchAction\",\"target\":{\"@type\":\"EntryPoint\",\"urlTemplate\":\"https:\/\/datatex.com\/tr\/?s={search_term_string}\"},\"query-input\":{\"@type\":\"PropertyValueSpecification\",\"valueRequired\":true,\"valueName\":\"search_term_string\"}}],\"inLanguage\":\"tr\"},{\"@type\":\"Organization\",\"@id\":\"https:\/\/datatex.com\/tr\/#organization\",\"name\":\"Datatex - We Make IT Work for You\",\"url\":\"https:\/\/datatex.com\/tr\/\",\"logo\":{\"@type\":\"ImageObject\",\"inLanguage\":\"tr\",\"@id\":\"https:\/\/datatex.com\/tr\/#\/schema\/logo\/image\/\",\"url\":\"https:\/\/datatex.com\/wp-content\/uploads\/2019\/09\/android-chrome-192x192-e1569404708453.png\",\"contentUrl\":\"https:\/\/datatex.com\/wp-content\/uploads\/2019\/09\/android-chrome-192x192-e1569404708453.png\",\"width\":192,\"height\":192,\"caption\":\"Datatex - We Make IT Work for You\"},\"image\":{\"@id\":\"https:\/\/datatex.com\/tr\/#\/schema\/logo\/image\/\"},\"sameAs\":[\"https:\/\/www.linkedin.com\/company\/datatex\/\",\"https:\/\/www.youtube.com\/@datatexERPtextile\"]}]}<\/script>\n<!-- \/ Yoast SEO plugin. -->","yoast_head_json":{"title":"Cookie Policy | Datatex","robots":{"index":"index","follow":"follow","max-snippet":"max-snippet:-1","max-image-preview":"max-image-preview:large","max-video-preview":"max-video-preview:-1"},"canonical":"https:\/\/datatex.com\/tr\/cookie-policy\/","og_locale":"tr_TR","og_type":"article","og_title":"Cookie Policy | Datatex","og_url":"https:\/\/datatex.com\/tr\/cookie-policy\/","og_site_name":"Datatex","article_modified_time":"2025-10-02T04:14:12+00:00","twitter_card":"summary_large_image","twitter_misc":{"Tahmini okuma s\u00fcresi":"4 dakika"},"schema":{"@context":"https:\/\/schema.org","@graph":[{"@type":"WebPage","@id":"https:\/\/datatex.com\/tr\/cookie-policy\/","url":"https:\/\/datatex.com\/tr\/cookie-policy\/","name":"Cookie Policy | Datatex","isPartOf":{"@id":"https:\/\/datatex.com\/tr\/#website"},"datePublished":"2019-03-27T10:08:34+00:00","dateModified":"2025-10-02T04:14:12+00:00","breadcrumb":{"@id":"https:\/\/datatex.com\/tr\/cookie-policy\/#breadcrumb"},"inLanguage":"tr","potentialAction":[{"@type":"ReadAction","target":["https:\/\/datatex.com\/tr\/cookie-policy\/"]}]},{"@type":"BreadcrumbList","@id":"https:\/\/datatex.com\/tr\/cookie-policy\/#breadcrumb","itemListElement":[{"@type":"ListItem","position":1,"name":"Home","item":"https:\/\/datatex.com\/tr\/"},{"@type":"ListItem","position":2,"name":"\u00c7erez politikas\u0131"}]},{"@type":"WebSite","@id":"https:\/\/datatex.com\/tr\/#website","url":"https:\/\/datatex.com\/tr\/","name":"Datatex","description":"Datatex: We Make IT Work for You","publisher":{"@id":"https:\/\/datatex.com\/tr\/#organization"},"alternateName":"Datatex ERP","potentialAction":[{"@type":"SearchAction","target":{"@type":"EntryPoint","urlTemplate":"https:\/\/datatex.com\/tr\/?s={search_term_string}"},"query-input":{"@type":"PropertyValueSpecification","valueRequired":true,"valueName":"search_term_string"}}],"inLanguage":"tr"},{"@type":"Organization","@id":"https:\/\/datatex.com\/tr\/#organization","name":"Datatex - We Make IT Work for You","url":"https:\/\/datatex.com\/tr\/","logo":{"@type":"ImageObject","inLanguage":"tr","@id":"https:\/\/datatex.com\/tr\/#\/schema\/logo\/image\/","url":"https:\/\/datatex.com\/wp-content\/uploads\/2019\/09\/android-chrome-192x192-e1569404708453.png","contentUrl":"https:\/\/datatex.com\/wp-content\/uploads\/2019\/09\/android-chrome-192x192-e1569404708453.png","width":192,"height":192,"caption":"Datatex - We Make IT Work for You"},"image":{"@id":"https:\/\/datatex.com\/tr\/#\/schema\/logo\/image\/"},"sameAs":["https:\/\/www.linkedin.com\/company\/datatex\/","https:\/\/www.youtube.com\/@datatexERPtextile"]}]}},"_links":{"self":[{"href":"https:\/\/datatex.com\/tr\/wp-json\/wp\/v2\/pages\/4901","targetHints":{"allow":["GET"]}}],"collection":[{"href":"https:\/\/datatex.com\/tr\/wp-json\/wp\/v2\/pages"}],"about":[{"href":"https:\/\/datatex.com\/tr\/wp-json\/wp\/v2\/types\/page"}],"author":[{"embeddable":true,"href":"https:\/\/datatex.com\/tr\/wp-json\/wp\/v2\/users\/1"}],"replies":[{"embeddable":true,"href":"https:\/\/datatex.com\/tr\/wp-json\/wp\/v2\/comments?post=4901"}],"version-history":[{"count":3,"href":"https:\/\/datatex.com\/tr\/wp-json\/wp\/v2\/pages\/4901\/revisions"}],"predecessor-version":[{"id":4906,"href":"https:\/\/datatex.com\/tr\/wp-json\/wp\/v2\/pages\/4901\/revisions\/4906"}],"wp:attachment":[{"href":"https:\/\/datatex.com\/tr\/wp-json\/wp\/v2\/media?parent=4901"}],"curies":[{"name":"wp","href":"https:\/\/api.w.org\/{rel}","templated":true}]}}