{"id":4896,"date":"2019-03-08T09:15:11","date_gmt":"2019-03-08T09:15:11","guid":{"rendered":"http:\/\/datatex.com\/news-eventi\/"},"modified":"2025-10-01T22:25:41","modified_gmt":"2025-10-01T22:25:41","slug":"news-eventi","status":"publish","type":"page","link":"https:\/\/datatex.com\/tr\/news-eventi\/","title":{"rendered":"Haberler"},"content":{"rendered":"<div class=\"fusion-fullwidth fullwidth-box fusion-builder-row-1 nonhundred-percent-fullwidth non-hundred-percent-height-scrolling\" style=\"--awb-border-radius-top-left:0px;--awb-border-radius-top-right:0px;--awb-border-radius-bottom-right:0px;--awb-border-radius-bottom-left:0px;--awb-flex-wrap:wrap;\" ><div class=\"fusion-builder-row fusion-row\"><div class=\"fusion-layout-column fusion_builder_column fusion-builder-column-0 fusion_builder_column_1_1 1_1 fusion-one-full fusion-column-first fusion-column-last\" style=\"--awb-bg-size:cover;\"><div class=\"fusion-column-wrapper fusion-column-has-shadow fusion-flex-column-wrapper-legacy\"><div class=\"fusion-blog-shortcode fusion-blog-shortcode-1 fusion-blog-archive fusion-blog-layout-grid-wrapper fusion-blog-pagination fusion-blog-layout-center\"><style type=\"text\/css\">.fusion-blog-shortcode-1 .fusion-blog-layout-grid .fusion-post-grid{padding:20px;}.fusion-blog-shortcode-1 .fusion-posts-container{margin-left: -20px !important; margin-right:-20px !important;}<\/style><div class=\"fusion-posts-container fusion-posts-container-pagination fusion-no-meta-info fusion-blog-rollover fusion-blog-layout-grid fusion-blog-layout-grid-3 isotope fusion-blog-equal-heights\" data-pages=\"14\" data-grid-col-space=\"40\" style=\"margin: -20px -20px 0;min-height:500px;\"><article id=\"blog-1-post-17895759\" class=\"fusion-post-grid post-17895759 post type-post status-publish format-standard has-post-thumbnail hentry category-news\">\n<div class=\"fusion-post-wrapper\" style=\"background-color:rgba(255,255,255,0);border:1px solid #ebeaea;border-bottom-width:3px;\">\n\n\t\t\t<div class=\"fusion-flexslider flexslider fusion-flexslider-loading fusion-post-slideshow\" style=\"border-color:#ebeaea;\">\n\t\t<ul class=\"slides\">\n\t\t\t\n\t\t\t\t\t\t\t\t\t\t\t\t\t\t<li><div  class=\"fusion-image-wrapper\" aria-haspopup=\"true\">\n\t\t\t\t<img decoding=\"async\" width=\"700\" height=\"400\" src=\"https:\/\/datatex.com\/wp-content\/uploads\/2026\/03\/DeSL-Joins-Textile-Solutions-Group.webp\" class=\"attachment-full size-full wp-post-image\" alt=\"DeSL Joins Textile Solutions Group\" srcset=\"https:\/\/datatex.com\/wp-content\/uploads\/2026\/03\/DeSL-Joins-Textile-Solutions-Group-200x114.webp 200w, https:\/\/datatex.com\/wp-content\/uploads\/2026\/03\/DeSL-Joins-Textile-Solutions-Group-300x171.webp 300w, https:\/\/datatex.com\/wp-content\/uploads\/2026\/03\/DeSL-Joins-Textile-Solutions-Group-400x229.webp 400w, https:\/\/datatex.com\/wp-content\/uploads\/2026\/03\/DeSL-Joins-Textile-Solutions-Group-600x343.webp 600w, https:\/\/datatex.com\/wp-content\/uploads\/2026\/03\/DeSL-Joins-Textile-Solutions-Group.webp 700w\" sizes=\"(min-width: 2200px) 100vw, (min-width: 784px) 340px, (min-width: 712px) 510px, (min-width: 640px) 712px, \" \/><div class=\"fusion-rollover\">\n\t<div class=\"fusion-rollover-content\">\n\n\t\t\t\t\n\t\t\n\t\t\t\t\t\t\t\t\n\t\t\t\t\t\t\t\t\n\t\t\n\t\t\t\t\t\t<a class=\"fusion-link-wrapper\" href=\"https:\/\/datatex.com\/tr\/textile-solutions-group-desli-karsiliyor\/\" aria-label=\"Tekstil Solutions Group, Tekstil ve Giyim Sekt\u00f6r\u00fcn\u00fcn Dijital Ekosistemini G\u00fc\u00e7lendirmek \u00dczere DeSL\u2019yi Kar\u015f\u0131l\u0131yor\"><\/a>\n\t<\/div>\n<\/div>\n<\/div>\n<\/li>\n\t\t\t\n\t\t\t\n\t\t\t\t\t\t\t\t\t\t\t\t\t\t\t\t\t\t\t\t\t\t\t\t\t\t\t\t\t\t\t\t\t\t\t\t\t\t\t\t\t\t\t\t\t\t\t\t\t\t\t\t\t\t\t\t\t\t\t\t\t\t\t\t\t\t\t\t<\/ul>\n\t<\/div>\n\t<div class=\"fusion-post-content-wrapper\" style=\"padding:30px 25px 20px 25px;\"><div class=\"fusion-post-content post-content\"><h2 class=\"blog-shortcode-post-title entry-title\"><a href=\"https:\/\/datatex.com\/tr\/textile-solutions-group-desli-karsiliyor\/\">Tekstil Solutions Group, Tekstil ve Giyim Sekt\u00f6r\u00fcn\u00fcn Dijital Ekosistemini G\u00fc\u00e7lendirmek \u00dczere DeSL\u2019yi Kar\u015f\u0131l\u0131yor<\/a><\/h2><\/div><\/div><div class=\"fusion-clearfix\"><\/div><\/div>\n<\/article>\n<article id=\"blog-1-post-17894505\" class=\"fusion-post-grid post-17894505 post type-post status-publish format-standard has-post-thumbnail hentry category-news\">\n<div class=\"fusion-post-wrapper\" style=\"background-color:rgba(255,255,255,0);border:1px solid #ebeaea;border-bottom-width:3px;\">\n\n\t\t\t<div class=\"fusion-flexslider flexslider fusion-flexslider-loading fusion-post-slideshow\" style=\"border-color:#ebeaea;\">\n\t\t<ul class=\"slides\">\n\t\t\t\n\t\t\t\t\t\t\t\t\t\t\t\t\t\t<li><div  class=\"fusion-image-wrapper\" aria-haspopup=\"true\">\n\t\t\t\t<img decoding=\"async\" width=\"700\" height=\"400\" src=\"https:\/\/datatex.com\/wp-content\/uploads\/2023\/09\/4.jpg-e1758276157674.jpg\" class=\"attachment-full size-full wp-post-image\" alt=\"Textile Solutions Group\" srcset=\"https:\/\/datatex.com\/wp-content\/uploads\/2023\/09\/4.jpg-e1758276157674-200x114.jpg 200w, https:\/\/datatex.com\/wp-content\/uploads\/2023\/09\/4.jpg-e1758276157674-400x229.jpg 400w, https:\/\/datatex.com\/wp-content\/uploads\/2023\/09\/4.jpg-e1758276157674-600x343.jpg 600w, https:\/\/datatex.com\/wp-content\/uploads\/2023\/09\/4.jpg-e1758276157674.jpg 700w\" sizes=\"(min-width: 2200px) 100vw, (min-width: 784px) 340px, (min-width: 712px) 510px, (min-width: 640px) 712px, \" \/><div class=\"fusion-rollover\">\n\t<div class=\"fusion-rollover-content\">\n\n\t\t\t\t\n\t\t\n\t\t\t\t\t\t\t\t\n\t\t\t\t\t\t\t\t\n\t\t\n\t\t\t\t\t\t<a class=\"fusion-link-wrapper\" href=\"https:\/\/datatex.com\/tr\/tekstil-solutions-group-anton-hofmeieri-ceo-olarak-atadi\/\" aria-label=\"Textile Solutions Group, Anton Hofmeier\u2019i Grup CEO\u2019su olarak atad\u0131\"><\/a>\n\t<\/div>\n<\/div>\n<\/div>\n<\/li>\n\t\t\t\n\t\t\t\n\t\t\t\t\t\t\t\t\t\t\t\t\t\t\t\t\t\t\t\t\t\t\t\t\t\t\t\t\t\t\t\t\t\t\t\t\t\t\t\t\t\t\t\t\t\t\t\t\t\t\t\t\t\t\t\t\t\t\t\t\t\t\t\t\t\t\t\t<\/ul>\n\t<\/div>\n\t<div class=\"fusion-post-content-wrapper\" style=\"padding:30px 25px 20px 25px;\"><div class=\"fusion-post-content post-content\"><h2 class=\"blog-shortcode-post-title entry-title\"><a href=\"https:\/\/datatex.com\/tr\/tekstil-solutions-group-anton-hofmeieri-ceo-olarak-atadi\/\">Textile Solutions Group, Anton Hofmeier\u2019i Grup CEO\u2019su olarak atad\u0131<\/a><\/h2><\/div><\/div><div class=\"fusion-clearfix\"><\/div><\/div>\n<\/article>\n<article id=\"blog-1-post-17893843\" class=\"fusion-post-grid post-17893843 post type-post status-publish format-standard has-post-thumbnail hentry category-fuarlar\">\n<div class=\"fusion-post-wrapper\" style=\"background-color:rgba(255,255,255,0);border:1px solid #ebeaea;border-bottom-width:3px;\">\n\n\t\t\t<div class=\"fusion-flexslider flexslider fusion-flexslider-loading fusion-post-slideshow\" style=\"border-color:#ebeaea;\">\n\t\t<ul class=\"slides\">\n\t\t\t\n\t\t\t\t\t\t\t\t\t\t\t\t\t\t<li><div  class=\"fusion-image-wrapper\" aria-haspopup=\"true\">\n\t\t\t\t<img decoding=\"async\" width=\"700\" height=\"400\" src=\"https:\/\/datatex.com\/wp-content\/uploads\/2025\/07\/shutterstock_2454849299-1-1.jpg\" class=\"attachment-full size-full wp-post-image\" alt=\"Yakla\u015fan fuar INDIA ITME 2026 Greater Noida | Datatex ERP\" srcset=\"https:\/\/datatex.com\/wp-content\/uploads\/2025\/07\/shutterstock_2454849299-1-1-200x114.jpg 200w, https:\/\/datatex.com\/wp-content\/uploads\/2025\/07\/shutterstock_2454849299-1-1-400x229.jpg 400w, https:\/\/datatex.com\/wp-content\/uploads\/2025\/07\/shutterstock_2454849299-1-1-600x343.jpg 600w, https:\/\/datatex.com\/wp-content\/uploads\/2025\/07\/shutterstock_2454849299-1-1.jpg 700w\" sizes=\"(min-width: 2200px) 100vw, (min-width: 784px) 340px, (min-width: 712px) 510px, (min-width: 640px) 712px, \" \/><div class=\"fusion-rollover\">\n\t<div class=\"fusion-rollover-content\">\n\n\t\t\t\t\n\t\t\n\t\t\t\t\t\t\t\t\n\t\t\t\t\t\t\t\t\n\t\t\n\t\t\t\t\t\t<a class=\"fusion-link-wrapper\" href=\"https:\/\/datatex.com\/tr\/yaklasan-fuar-india-itme-greater-noida-4-9-aralik-2026\/\" aria-label=\"Yakla\u015fan fuar: INDIA ITME | Greater Noida, 4-9 Aral\u0131k 2026\"><\/a>\n\t<\/div>\n<\/div>\n<\/div>\n<\/li>\n\t\t\t\n\t\t\t\n\t\t\t\t\t\t\t\t\t\t\t\t\t\t\t\t\t\t\t\t\t\t\t\t\t\t\t\t\t\t\t\t\t\t\t\t\t\t\t\t\t\t\t\t\t\t\t\t\t\t\t\t\t\t\t\t\t\t\t\t\t\t\t\t\t\t\t\t<\/ul>\n\t<\/div>\n\t<div class=\"fusion-post-content-wrapper\" style=\"padding:30px 25px 20px 25px;\"><div class=\"fusion-post-content post-content\"><h2 class=\"blog-shortcode-post-title entry-title\"><a href=\"https:\/\/datatex.com\/tr\/yaklasan-fuar-india-itme-greater-noida-4-9-aralik-2026\/\">Yakla\u015fan fuar: INDIA ITME | Greater Noida, 4-9 Aral\u0131k 2026<\/a><\/h2><\/div><\/div><div class=\"fusion-clearfix\"><\/div><\/div>\n<\/article>\n<article id=\"blog-1-post-17893654\" class=\"fusion-post-grid post-17893654 post type-post status-publish format-standard has-post-thumbnail hentry category-fuarlar\">\n<div class=\"fusion-post-wrapper\" style=\"background-color:rgba(255,255,255,0);border:1px solid #ebeaea;border-bottom-width:3px;\">\n\n\t\t\t<div class=\"fusion-flexslider flexslider fusion-flexslider-loading fusion-post-slideshow\" style=\"border-color:#ebeaea;\">\n\t\t<ul class=\"slides\">\n\t\t\t\n\t\t\t\t\t\t\t\t\t\t\t\t\t\t<li><div  class=\"fusion-image-wrapper\" aria-haspopup=\"true\">\n\t\t\t\t<img decoding=\"async\" width=\"700\" height=\"400\" src=\"https:\/\/datatex.com\/wp-content\/uploads\/2025\/07\/ITM-2026_shutterstock_2184071315-e1753783860673.jpg\" class=\"attachment-full size-full wp-post-image\" alt=\"Yakla\u015fan fuar ITM \u0130stanbul 2026 | Datatex ERP\" srcset=\"https:\/\/datatex.com\/wp-content\/uploads\/2025\/07\/ITM-2026_shutterstock_2184071315-e1753783860673-200x114.jpg 200w, https:\/\/datatex.com\/wp-content\/uploads\/2025\/07\/ITM-2026_shutterstock_2184071315-e1753783860673-400x229.jpg 400w, https:\/\/datatex.com\/wp-content\/uploads\/2025\/07\/ITM-2026_shutterstock_2184071315-e1753783860673-600x343.jpg 600w, https:\/\/datatex.com\/wp-content\/uploads\/2025\/07\/ITM-2026_shutterstock_2184071315-e1753783860673.jpg 700w\" sizes=\"(min-width: 2200px) 100vw, (min-width: 784px) 340px, (min-width: 712px) 510px, (min-width: 640px) 712px, \" \/><div class=\"fusion-rollover\">\n\t<div class=\"fusion-rollover-content\">\n\n\t\t\t\t\n\t\t\n\t\t\t\t\t\t\t\t\n\t\t\t\t\t\t\t\t\n\t\t\n\t\t\t\t\t\t<a class=\"fusion-link-wrapper\" href=\"https:\/\/datatex.com\/tr\/yaklasan-fuar-itm-istanbul-9-13-haziran-2026\/\" aria-label=\"Yakla\u015fan fuar: ITM | \u0130stanbul, 9-13 Haziran 2026\"><\/a>\n\t<\/div>\n<\/div>\n<\/div>\n<\/li>\n\t\t\t\n\t\t\t\n\t\t\t\t\t\t\t\t\t\t\t\t\t\t\t\t\t\t\t\t\t\t\t\t\t\t\t\t\t\t\t\t\t\t\t\t\t\t\t\t\t\t\t\t\t\t\t\t\t\t\t\t\t\t\t\t\t\t\t\t\t\t\t\t\t\t\t\t<\/ul>\n\t<\/div>\n\t<div class=\"fusion-post-content-wrapper\" style=\"padding:30px 25px 20px 25px;\"><div class=\"fusion-post-content post-content\"><h2 class=\"blog-shortcode-post-title entry-title\"><a href=\"https:\/\/datatex.com\/tr\/yaklasan-fuar-itm-istanbul-9-13-haziran-2026\/\">Yakla\u015fan fuar: ITM | \u0130stanbul, 9-13 Haziran 2026<\/a><\/h2><\/div><\/div><div class=\"fusion-clearfix\"><\/div><\/div>\n<\/article>\n<article id=\"blog-1-post-17895376\" class=\"fusion-post-grid post-17895376 post type-post status-publish format-standard has-post-thumbnail hentry category-fuarlar\">\n<div class=\"fusion-post-wrapper\" style=\"background-color:rgba(255,255,255,0);border:1px solid #ebeaea;border-bottom-width:3px;\">\n\n\t\t\t<div class=\"fusion-flexslider flexslider fusion-flexslider-loading fusion-post-slideshow\" style=\"border-color:#ebeaea;\">\n\t\t<ul class=\"slides\">\n\t\t\t\n\t\t\t\t\t\t\t\t\t\t\t\t\t\t<li><div  class=\"fusion-image-wrapper\" aria-haspopup=\"true\">\n\t\t\t\t<img decoding=\"async\" width=\"1640\" height=\"924\" src=\"https:\/\/datatex.com\/wp-content\/uploads\/2025\/12\/heimtextil2026-e1764950544831.png\" class=\"attachment-full size-full wp-post-image\" alt=\"Upcoming fair Heimtextil Frankfurt 2026 | Datatex\" \/><div class=\"fusion-rollover\">\n\t<div class=\"fusion-rollover-content\">\n\n\t\t\t\t\n\t\t\n\t\t\t\t\t\t\t\t\n\t\t\t\t\t\t\t\t\n\t\t\n\t\t\t\t\t\t<a class=\"fusion-link-wrapper\" href=\"https:\/\/datatex.com\/tr\/yaklasan-fuar-heimtextil-frankfurt-13-16-ocak-2026\/\" aria-label=\"Heimtextil | Frankfurt, 13-16 Ocak 2026\"><\/a>\n\t<\/div>\n<\/div>\n<\/div>\n<\/li>\n\t\t\t\n\t\t\t\n\t\t\t\t\t\t\t\t\t\t\t\t\t\t\t\t\t\t\t\t\t\t\t\t\t\t\t\t\t\t\t\t\t\t\t\t\t\t\t\t\t\t\t\t\t\t\t\t\t\t\t\t\t\t\t\t\t\t\t\t\t\t\t\t\t\t\t\t<\/ul>\n\t<\/div>\n\t<div class=\"fusion-post-content-wrapper\" style=\"padding:30px 25px 20px 25px;\"><div class=\"fusion-post-content post-content\"><h2 class=\"blog-shortcode-post-title entry-title\"><a href=\"https:\/\/datatex.com\/tr\/yaklasan-fuar-heimtextil-frankfurt-13-16-ocak-2026\/\">Heimtextil | Frankfurt, 13-16 Ocak 2026<\/a><\/h2><\/div><\/div><div class=\"fusion-clearfix\"><\/div><\/div>\n<\/article>\n<article id=\"blog-1-post-17892882\" class=\"fusion-post-grid post-17892882 post type-post status-publish format-standard has-post-thumbnail hentry category-news\">\n<div class=\"fusion-post-wrapper\" style=\"background-color:rgba(255,255,255,0);border:1px solid #ebeaea;border-bottom-width:3px;\">\n\n\t\t\t<div class=\"fusion-flexslider flexslider fusion-flexslider-loading fusion-post-slideshow\" style=\"border-color:#ebeaea;\">\n\t\t<ul class=\"slides\">\n\t\t\t\n\t\t\t\t\t\t\t\t\t\t\t\t\t\t<li><div  class=\"fusion-image-wrapper\" aria-haspopup=\"true\">\n\t\t\t\t<img decoding=\"async\" width=\"700\" height=\"400\" src=\"https:\/\/datatex.com\/wp-content\/uploads\/2025\/05\/NOW-X_NOW-7-1.png\" class=\"attachment-full size-full wp-post-image\" alt=\"NOW 7 and NOW X: The New Release Is Here\" srcset=\"https:\/\/datatex.com\/wp-content\/uploads\/2025\/05\/NOW-X_NOW-7-1-200x114.png 200w, https:\/\/datatex.com\/wp-content\/uploads\/2025\/05\/NOW-X_NOW-7-1-400x229.png 400w, https:\/\/datatex.com\/wp-content\/uploads\/2025\/05\/NOW-X_NOW-7-1-600x343.png 600w, https:\/\/datatex.com\/wp-content\/uploads\/2025\/05\/NOW-X_NOW-7-1.png 700w\" sizes=\"(min-width: 2200px) 100vw, (min-width: 784px) 340px, (min-width: 712px) 510px, (min-width: 640px) 712px, \" \/><div class=\"fusion-rollover\">\n\t<div class=\"fusion-rollover-content\">\n\n\t\t\t\t\n\t\t\n\t\t\t\t\t\t\t\t\n\t\t\t\t\t\t\t\t\n\t\t\n\t\t\t\t\t\t<a class=\"fusion-link-wrapper\" href=\"https:\/\/datatex.com\/tr\/now-7-ve-now-x-yeni-surum-burada\/\" aria-label=\"NOW 7 ve NOW X: Yeni S\u00fcr\u00fcm Burada\"><\/a>\n\t<\/div>\n<\/div>\n<\/div>\n<\/li>\n\t\t\t\n\t\t\t\n\t\t\t\t\t\t\t\t\t\t\t\t\t\t\t\t\t\t\t\t\t\t\t\t\t\t\t\t\t\t\t\t\t\t\t\t\t\t\t\t\t\t\t\t\t\t\t\t\t\t\t\t\t\t\t\t\t\t\t\t\t\t\t\t\t\t\t\t<\/ul>\n\t<\/div>\n\t<div class=\"fusion-post-content-wrapper\" style=\"padding:30px 25px 20px 25px;\"><div class=\"fusion-post-content post-content\"><h2 class=\"blog-shortcode-post-title entry-title\"><a href=\"https:\/\/datatex.com\/tr\/now-7-ve-now-x-yeni-surum-burada\/\">NOW 7 ve NOW X: Yeni S\u00fcr\u00fcm Burada<\/a><\/h2><\/div><\/div><div class=\"fusion-clearfix\"><\/div><\/div>\n<\/article>\n<div class=\"fusion-clearfix\"><\/div><\/div><div class=\"pagination clearfix\"><span class=\"current\">1<\/span><a href=\"https:\/\/datatex.com\/tr\/wp-json\/wp\/v2\/pages\/4896\/page\/2\/\" class=\"inactive\">2<\/a><a class=\"pagination-next\" rel=\"next\" href=\"https:\/\/datatex.com\/tr\/wp-json\/wp\/v2\/pages\/4896\/page\/2\/\"><span class=\"page-text\">Next<\/span><span class=\"page-next\"><\/span><\/a><\/div><div class=\"fusion-clearfix\"><\/div><\/div><div class=\"fusion-clearfix\"><\/div><\/div><\/div><\/div><\/div>\n","protected":false},"excerpt":{"rendered":"","protected":false},"author":1,"featured_media":0,"parent":0,"menu_order":0,"comment_status":"closed","ping_status":"closed","template":"","meta":{"two_page_speed":{"current_score":{"desktop_score":90,"desktop_tti":"1.2\u00a0","mobile_score":70,"mobile_tti":"5.9\u00a0","date":"01.10.2025 10:26:28 pm","status":"completed"}},"footnotes":""},"class_list":["post-4896","page","type-page","status-publish","hentry"],"yoast_head":"<!-- This site is optimized with the Yoast SEO plugin v25.1 - https:\/\/yoast.com\/wordpress\/plugins\/seo\/ -->\n<title>Tekstil ve Haz\u0131rgiyim d\u00fcnyas\u0131ndan haberler ve olaylar | Datatex<\/title>\n<meta name=\"description\" content=\"Datatex&#039;in en son haberleriyle g\u00fcncel kal\u0131n ve \u00f6nemli tekstil ve haz\u0131r giyim etkinliklerini ke\u015ffedin. Daha fazlas\u0131n\u0131 bul!\" \/>\n<meta name=\"robots\" content=\"index, follow, max-snippet:-1, max-image-preview:large, max-video-preview:-1\" \/>\n<link rel=\"canonical\" href=\"https:\/\/datatex.com\/tr\/news-eventi\/\" \/>\n<meta property=\"og:locale\" content=\"tr_TR\" \/>\n<meta property=\"og:type\" content=\"article\" \/>\n<meta property=\"og:title\" content=\"Tekstil ve Haz\u0131rgiyim d\u00fcnyas\u0131ndan haberler ve olaylar | Datatex\" \/>\n<meta property=\"og:description\" content=\"Datatex&#039;in en son haberleriyle g\u00fcncel kal\u0131n ve \u00f6nemli tekstil ve haz\u0131r giyim etkinliklerini ke\u015ffedin. Daha fazlas\u0131n\u0131 bul!\" \/>\n<meta property=\"og:url\" content=\"https:\/\/datatex.com\/tr\/news-eventi\/\" \/>\n<meta property=\"og:site_name\" content=\"Datatex\" \/>\n<meta property=\"article:modified_time\" content=\"2025-10-01T22:25:41+00:00\" \/>\n<meta name=\"twitter:card\" content=\"summary_large_image\" \/>\n<meta name=\"twitter:label1\" content=\"Tahmini okuma s\u00fcresi\" \/>\n\t<meta name=\"twitter:data1\" content=\"2 dakika\" \/>\n<script type=\"application\/ld+json\" class=\"yoast-schema-graph\">{\"@context\":\"https:\/\/schema.org\",\"@graph\":[{\"@type\":\"WebPage\",\"@id\":\"https:\/\/datatex.com\/tr\/news-eventi\/\",\"url\":\"https:\/\/datatex.com\/tr\/news-eventi\/\",\"name\":\"Tekstil ve Haz\u0131rgiyim d\u00fcnyas\u0131ndan haberler ve olaylar | Datatex\",\"isPartOf\":{\"@id\":\"https:\/\/datatex.com\/tr\/#website\"},\"datePublished\":\"2019-03-08T09:15:11+00:00\",\"dateModified\":\"2025-10-01T22:25:41+00:00\",\"description\":\"Datatex'in en son haberleriyle g\u00fcncel kal\u0131n ve \u00f6nemli tekstil ve haz\u0131r giyim etkinliklerini ke\u015ffedin. Daha fazlas\u0131n\u0131 bul!\",\"breadcrumb\":{\"@id\":\"https:\/\/datatex.com\/tr\/news-eventi\/#breadcrumb\"},\"inLanguage\":\"tr\",\"potentialAction\":[{\"@type\":\"ReadAction\",\"target\":[\"https:\/\/datatex.com\/tr\/news-eventi\/\"]}]},{\"@type\":\"BreadcrumbList\",\"@id\":\"https:\/\/datatex.com\/tr\/news-eventi\/#breadcrumb\",\"itemListElement\":[{\"@type\":\"ListItem\",\"position\":1,\"name\":\"Home\",\"item\":\"https:\/\/datatex.com\/tr\/\"},{\"@type\":\"ListItem\",\"position\":2,\"name\":\"Haberler\"}]},{\"@type\":\"WebSite\",\"@id\":\"https:\/\/datatex.com\/tr\/#website\",\"url\":\"https:\/\/datatex.com\/tr\/\",\"name\":\"Datatex\",\"description\":\"Datatex: We Make IT Work for You\",\"publisher\":{\"@id\":\"https:\/\/datatex.com\/tr\/#organization\"},\"alternateName\":\"Datatex ERP\",\"potentialAction\":[{\"@type\":\"SearchAction\",\"target\":{\"@type\":\"EntryPoint\",\"urlTemplate\":\"https:\/\/datatex.com\/tr\/?s={search_term_string}\"},\"query-input\":{\"@type\":\"PropertyValueSpecification\",\"valueRequired\":true,\"valueName\":\"search_term_string\"}}],\"inLanguage\":\"tr\"},{\"@type\":\"Organization\",\"@id\":\"https:\/\/datatex.com\/tr\/#organization\",\"name\":\"Datatex - We Make IT Work for You\",\"url\":\"https:\/\/datatex.com\/tr\/\",\"logo\":{\"@type\":\"ImageObject\",\"inLanguage\":\"tr\",\"@id\":\"https:\/\/datatex.com\/tr\/#\/schema\/logo\/image\/\",\"url\":\"https:\/\/datatex.com\/wp-content\/uploads\/2019\/09\/android-chrome-192x192-e1569404708453.png\",\"contentUrl\":\"https:\/\/datatex.com\/wp-content\/uploads\/2019\/09\/android-chrome-192x192-e1569404708453.png\",\"width\":192,\"height\":192,\"caption\":\"Datatex - We Make IT Work for You\"},\"image\":{\"@id\":\"https:\/\/datatex.com\/tr\/#\/schema\/logo\/image\/\"},\"sameAs\":[\"https:\/\/www.linkedin.com\/company\/datatex\/\",\"https:\/\/www.youtube.com\/@datatexERPtextile\"]}]}<\/script>\n<!-- \/ Yoast SEO plugin. -->","yoast_head_json":{"title":"Tekstil ve Haz\u0131rgiyim d\u00fcnyas\u0131ndan haberler ve olaylar | Datatex","description":"Datatex'in en son haberleriyle g\u00fcncel kal\u0131n ve \u00f6nemli tekstil ve haz\u0131r giyim etkinliklerini ke\u015ffedin. Daha fazlas\u0131n\u0131 bul!","robots":{"index":"index","follow":"follow","max-snippet":"max-snippet:-1","max-image-preview":"max-image-preview:large","max-video-preview":"max-video-preview:-1"},"canonical":"https:\/\/datatex.com\/tr\/news-eventi\/","og_locale":"tr_TR","og_type":"article","og_title":"Tekstil ve Haz\u0131rgiyim d\u00fcnyas\u0131ndan haberler ve olaylar | Datatex","og_description":"Datatex'in en son haberleriyle g\u00fcncel kal\u0131n ve \u00f6nemli tekstil ve haz\u0131r giyim etkinliklerini ke\u015ffedin. Daha fazlas\u0131n\u0131 bul!","og_url":"https:\/\/datatex.com\/tr\/news-eventi\/","og_site_name":"Datatex","article_modified_time":"2025-10-01T22:25:41+00:00","twitter_card":"summary_large_image","twitter_misc":{"Tahmini okuma s\u00fcresi":"2 dakika"},"schema":{"@context":"https:\/\/schema.org","@graph":[{"@type":"WebPage","@id":"https:\/\/datatex.com\/tr\/news-eventi\/","url":"https:\/\/datatex.com\/tr\/news-eventi\/","name":"Tekstil ve Haz\u0131rgiyim d\u00fcnyas\u0131ndan haberler ve olaylar | Datatex","isPartOf":{"@id":"https:\/\/datatex.com\/tr\/#website"},"datePublished":"2019-03-08T09:15:11+00:00","dateModified":"2025-10-01T22:25:41+00:00","description":"Datatex'in en son haberleriyle g\u00fcncel kal\u0131n ve \u00f6nemli tekstil ve haz\u0131r giyim etkinliklerini ke\u015ffedin. Daha fazlas\u0131n\u0131 bul!","breadcrumb":{"@id":"https:\/\/datatex.com\/tr\/news-eventi\/#breadcrumb"},"inLanguage":"tr","potentialAction":[{"@type":"ReadAction","target":["https:\/\/datatex.com\/tr\/news-eventi\/"]}]},{"@type":"BreadcrumbList","@id":"https:\/\/datatex.com\/tr\/news-eventi\/#breadcrumb","itemListElement":[{"@type":"ListItem","position":1,"name":"Home","item":"https:\/\/datatex.com\/tr\/"},{"@type":"ListItem","position":2,"name":"Haberler"}]},{"@type":"WebSite","@id":"https:\/\/datatex.com\/tr\/#website","url":"https:\/\/datatex.com\/tr\/","name":"Datatex","description":"Datatex: We Make IT Work for You","publisher":{"@id":"https:\/\/datatex.com\/tr\/#organization"},"alternateName":"Datatex ERP","potentialAction":[{"@type":"SearchAction","target":{"@type":"EntryPoint","urlTemplate":"https:\/\/datatex.com\/tr\/?s={search_term_string}"},"query-input":{"@type":"PropertyValueSpecification","valueRequired":true,"valueName":"search_term_string"}}],"inLanguage":"tr"},{"@type":"Organization","@id":"https:\/\/datatex.com\/tr\/#organization","name":"Datatex - We Make IT Work for You","url":"https:\/\/datatex.com\/tr\/","logo":{"@type":"ImageObject","inLanguage":"tr","@id":"https:\/\/datatex.com\/tr\/#\/schema\/logo\/image\/","url":"https:\/\/datatex.com\/wp-content\/uploads\/2019\/09\/android-chrome-192x192-e1569404708453.png","contentUrl":"https:\/\/datatex.com\/wp-content\/uploads\/2019\/09\/android-chrome-192x192-e1569404708453.png","width":192,"height":192,"caption":"Datatex - We Make IT Work for You"},"image":{"@id":"https:\/\/datatex.com\/tr\/#\/schema\/logo\/image\/"},"sameAs":["https:\/\/www.linkedin.com\/company\/datatex\/","https:\/\/www.youtube.com\/@datatexERPtextile"]}]}},"_links":{"self":[{"href":"https:\/\/datatex.com\/tr\/wp-json\/wp\/v2\/pages\/4896","targetHints":{"allow":["GET"]}}],"collection":[{"href":"https:\/\/datatex.com\/tr\/wp-json\/wp\/v2\/pages"}],"about":[{"href":"https:\/\/datatex.com\/tr\/wp-json\/wp\/v2\/types\/page"}],"author":[{"embeddable":true,"href":"https:\/\/datatex.com\/tr\/wp-json\/wp\/v2\/users\/1"}],"replies":[{"embeddable":true,"href":"https:\/\/datatex.com\/tr\/wp-json\/wp\/v2\/comments?post=4896"}],"version-history":[{"count":6,"href":"https:\/\/datatex.com\/tr\/wp-json\/wp\/v2\/pages\/4896\/revisions"}],"predecessor-version":[{"id":32389,"href":"https:\/\/datatex.com\/tr\/wp-json\/wp\/v2\/pages\/4896\/revisions\/32389"}],"wp:attachment":[{"href":"https:\/\/datatex.com\/tr\/wp-json\/wp\/v2\/media?parent=4896"}],"curies":[{"name":"wp","href":"https:\/\/api.w.org\/{rel}","templated":true}]}}