{"id":4761,"date":"2019-03-07T15:54:28","date_gmt":"2019-03-07T15:54:28","guid":{"rendered":"http:\/\/datatex.com\/privacy-policy\/"},"modified":"2025-10-02T04:15:35","modified_gmt":"2025-10-02T04:15:35","slug":"privacy-policy","status":"publish","type":"page","link":"https:\/\/datatex.com\/tr\/privacy-policy\/","title":{"rendered":"Gizlilik Politikas\u0131"},"content":{"rendered":"<div class=\"fusion-fullwidth fullwidth-box fusion-builder-row-1 nonhundred-percent-fullwidth non-hundred-percent-height-scrolling\" style=\"--awb-border-radius-top-left:0px;--awb-border-radius-top-right:0px;--awb-border-radius-bottom-right:0px;--awb-border-radius-bottom-left:0px;--awb-flex-wrap:wrap;\" ><div class=\"fusion-builder-row fusion-row\"><div class=\"fusion-layout-column fusion_builder_column fusion-builder-column-0 fusion_builder_column_1_1 1_1 fusion-one-full fusion-column-first fusion-column-last\" style=\"--awb-bg-size:cover;\"><div class=\"fusion-column-wrapper fusion-column-has-shadow fusion-flex-column-wrapper-legacy\"><div class=\"fusion-title title fusion-title-1 fusion-sep-none fusion-title-text fusion-title-size-one\"><h1 class=\"fusion-title-heading title-heading-left\" style=\"margin:0;\">Datatex | Gizlilik Politikas\u0131<\/h1><\/div><div class=\"fusion-text fusion-text-1\"><h2><strong>1.Veri Sorumlusu<\/strong><\/h2>\n<p>Ki\u015fisel Verilerinizin Veri Sorumlusu, ki\u015fisel verilerinizin yasalara uygun ve do\u011fru \u015fekilde kullan\u0131lmas\u0131ndan sorumlu olan ve a\u015fa\u011f\u0131daki ileti\u015fim bilgileri arac\u0131l\u0131\u011f\u0131yla her t\u00fcrl\u00fc bilgi veya talep i\u00e7in ba\u015fvurabilece\u011finiz <strong>Datatex Consulting S.r.l.<\/strong>\u2019dir.<\/p>\n<p><strong>Veri Sorumlusu:<\/strong> Datatex Consulting S.r.l.<br \/>\n<strong>Merkez Adresi:<\/strong> Viale Sarca, 235 20126 Milano \u2013 \u0130talya<\/p>\n<p><strong>\u0130leti\u015fim Bilgileri:<\/strong><\/p>\n<ul>\n<li>Telefon: (+39) 026797441<\/li>\n<li>E-posta: privacy@datatex.com<\/li>\n<li>KEP (Sertifikal\u0131 e-posta): datatexconsulting@certapec.it<\/li>\n<\/ul>\n<p>Verilerinizle ilgili bilgi almak, taleplerinizi iletmek veya herhangi bir sorun ya da aksakl\u0131\u011f\u0131 bildirmek i\u00e7in Veri Sorumlusu ile ileti\u015fime ge\u00e7ebilirsiniz.<\/p>\n<h2><strong>2.Toplanan Veri T\u00fcrleri, Ama\u00e7lar\u0131 ve Hukuki Dayanak<\/strong><\/h2>\n<p>\u0130\u015flenen ki\u015fisel veriler, do\u011frudan Kullan\u0131c\u0131\/\u0130lgili Ki\u015fi taraf\u0131ndan sa\u011flanarak veya bu internet sitesi arac\u0131l\u0131\u011f\u0131yla otomatik olarak toplanmaktad\u0131r.<\/p>\n<p><strong>Kullan\u0131c\u0131\/\u0130lgili Ki\u015fi taraf\u0131ndan do\u011frudan sa\u011flanan veriler:<\/strong><br \/>\n<strong>A)<\/strong> \u00d6n s\u00f6zle\u015fme \u00f6nlemlerinin uygulanmas\u0131 ve Kullan\u0131c\u0131\/\u0130lgili Ki\u015fi\u2019nin belirli taleplerine yan\u0131t verilmesiyle do\u011frudan ba\u011flant\u0131l\u0131 ama\u00e7lar (\u00f6rne\u011fin dan\u0131\u015fmanl\u0131k talebi ve ilgili hizmetlerin sa\u011flanmas\u0131).<\/p>\n<p style=\"padding-left: 40px;\"><strong>I\u0307\u015eLENEN VERI\u0307LER<\/strong>:<\/p>\n<ul>\n<li>\u201c<strong>Dan\u0131\u015fmanl\u0131k Randevusu Al<\/strong>\u201d formu: Ad, Soyad, \u015eirket, \u00dclke, Telefon, Web Sitesi, E-posta.<\/li>\n<li>\u201c<strong>Bize Ula\u015f\u0131n<\/strong>\u201d formu: Ad, Soyad, \u015eirket, \u00dclke, Telefon, E-posta.<\/li>\n<li>\u201c<strong>\u0130ndir<\/strong>\u201d formu: Ad, Soyad, \u015eirket, \u00dclke, E-posta.<\/li>\n<li>\u201c<strong>Webinara Kay\u0131t Ol<\/strong>\u201d formu: Ad, Soyad, \u015eirket, \u00dclke, E-posta.<\/li>\n<li>\u201c<strong>B\u00fcltenimize Abone Olun<\/strong>\u201d formu: E-posta.<\/li>\n<\/ul>\n<p style=\"padding-left: 40px;\"><strong> YASAL DAYANAK:<\/strong> \u0130lgili ki\u015finin taraf oldu\u011fu s\u00f6zle\u015fmenin kurulmas\u0131 ve\/veya \u00f6n s\u00f6zle\u015fmesel taleplerin yerine getirilmesi.<\/p>\n<hr \/>\n<p><strong>B)<\/strong> Veri Sorumlusunun haklar\u0131n\u0131 kullanmas\u0131 (\u00f6rne\u011fin yasal savunma hakk\u0131).<\/p>\n<p style=\"padding-left: 40px;\"><strong>I\u0307\u015eLENEN VERI\u0307LER<\/strong>:<\/p>\n<ul>\n<li>\u201c<strong>Dan\u0131\u015fmanl\u0131k Randevusu Al<\/strong>\u201d formu: Ad, Soyad, \u015eirket, \u00dclke, Telefon, Web Sitesi, E-posta.<\/li>\n<li>\u201c<strong>Bize Ula\u015f\u0131n<\/strong>\u201d formu: Ad, Soyad, \u015eirket, \u00dclke, Telefon, E-posta.<\/li>\n<li>\u201c<strong>\u0130ndir<\/strong>\u201d formu: Ad, Soyad, \u015eirket, \u00dclke, E-posta.<\/li>\n<li>\u201c<strong>Webinara Kay\u0131t Ol<\/strong>\u201d formu: Ad, Soyad, \u015eirket, \u00dclke, E-posta.<\/li>\n<li>\u201c<strong>B\u00fcltenimize Abone Olun<\/strong>\u201d formu: E-posta.<\/li>\n<\/ul>\n<p style=\"padding-left: 40px;\"><strong>YASAL DAYANAK<\/strong>: Me\u015fru menfaat.<\/p>\n<p><strong>C)<\/strong> Ticari ileti\u015fim ve do\u011frudan pazarlama ama\u00e7lar\u0131 (b\u00fclten, reklam materyalleri, tan\u0131t\u0131c\u0131 i\u00e7erikler g\u00f6nderimi).<\/p>\n<hr \/>\n<p style=\"padding-left: 40px;\"><strong>I\u0307\u015eLENEN VERI\u0307LER<\/strong>:<\/p>\n<ul>\n<li>\u201c<strong>Dan\u0131\u015fmanl\u0131k Randevusu Al<\/strong>\u201d formu: Ad, Soyad, \u015eirket, \u00dclke, Telefon, Web Sitesi, E-posta.<\/li>\n<li>\u201c<strong>Bize Ula\u015f\u0131n<\/strong>\u201d formu: Ad, Soyad, \u015eirket, \u00dclke, Telefon, E-posta.<\/li>\n<li>\u201c<strong>\u0130ndir<\/strong>\u201d formu: Ad, Soyad, \u015eirket, \u00dclke, E-posta.<\/li>\n<li>\u201c<strong>Webinara Kay\u0131t Ol<\/strong>\u201d formu: Ad, Soyad, \u015eirket, \u00dclke, E-posta.<\/li>\n<li>\u201c<strong>B\u00fcltenimize Abone Olun<\/strong>\u201d formu: E-posta.<\/li>\n<\/ul>\n<p style=\"padding-left: 40px;\"><strong>YASAL DAYANAK: <\/strong>A\u00e7\u0131k r\u0131za.<\/p>\n<p><strong>D)<\/strong> Personel al\u0131m\u0131.<\/p>\n<p style=\"padding-left: 40px;\"><strong>I\u0307\u015eLENEN VERI\u0307LER<\/strong>:<\/p>\n<ul>\n<li>\u201cBize Kat\u0131l\u0131n\u201d formu: Ad, Soyad, Do\u011fum Tarihi, Telefon, E-posta, Uyruk, Adres, Tercih Edilen \u00c7al\u0131\u015fma Yeri, Ba\u015fvurulan Pozisyon, \u00d6zge\u00e7mi\u015f.<\/li>\n<\/ul>\n<p style=\"padding-left: 40px;\"><strong>YASAL DAYANAK: <\/strong>Me\u015fru menfaat.<\/p>\n<p>Kullan\u0131c\u0131\/\u0130lgili Ki\u015fi, bu Uygulama \u00fczerinden \u00fc\u00e7\u00fcnc\u00fc \u015fah\u0131slara ait ki\u015fisel verileri elde etmekten, yay\u0131mlamaktan veya payla\u015fmaktan kendisinin sorumlu oldu\u011funu ve bu verileri aktarmaya veya yaymaya yetkili oldu\u011funu taahh\u00fct eder; Veri Sorumlusu, \u00fc\u00e7\u00fcnc\u00fc ki\u015filere kar\u015f\u0131 sorumluluktan muaft\u0131r.<\/p>\n<p><strong>Web sitesi arac\u0131l\u0131\u011f\u0131yla otomatik olarak toplanan veriler:<\/strong><\/p>\n<p><a href=\"https:\/\/datatex.com\/tr\/\">https:\/\/datatex.com\/<\/a> adresli site arac\u0131l\u0131\u011f\u0131yla (ve bu uygulamada entegre edilmi\u015f \u00fc\u00e7\u00fcnc\u00fc taraf uygulamalar dahil) otomatik olarak toplanan bilgiler \u015funlar\u0131 i\u00e7erebilir: Kullan\u0131c\u0131n\u0131n\/\u0130lgili Ki\u015fi\u2019nin ba\u011flant\u0131 sa\u011flad\u0131\u011f\u0131 bilgisayar\u0131n IP adresi veya alan ad\u0131; URI (Uniform Resource Identifier) adresleri; talep zaman\u0131; sunucuya yap\u0131lan iste\u011fin iletilme y\u00f6ntemi; yan\u0131t dosyas\u0131n\u0131n boyutu; sunucu yan\u0131t kodu (ba\u015far\u0131l\u0131, hata vb.); \u00fclke bilgisi; ziyaret\u00e7inin kulland\u0131\u011f\u0131 taray\u0131c\u0131 ve i\u015fletim sistemi \u00f6zellikleri; ziyaret s\u00fcresi ve sayfa gezinim bilgileri; i\u015fletim sistemi ve bili\u015fim ortam\u0131 ile ilgili parametreler. Bu verilerin ayr\u0131nt\u0131l\u0131 listesi \u00e7erez politikam\u0131zda belirtilmi\u015ftir.<\/p>\n<p>Toplanan veriler yaln\u0131zca a\u015fa\u011f\u0131da a\u00e7\u0131klanan ama\u00e7larla i\u015flenmektedir: sitenin \u00e7al\u0131\u015fmas\u0131n\u0131 sa\u011flamak, harici platform i\u00e7eriklerini g\u00f6r\u00fcnt\u00fclemek, istatistik, trafik optimizasyonu ve da\u011f\u0131t\u0131m\u0131, bu metinde ve \u00e7erez politikas\u0131nda belirtilen di\u011fer ama\u00e7lar.<\/p>\n<h2><strong>3.Verilerin Sa\u011flanmas\u0131n\u0131n Zorunlu ya da \u0130ste\u011fe Ba\u011fl\u0131 Niteli\u011fi ve Reddi Halinde Sonu\u00e7lar<\/strong><\/h2>\n<p>A ve B maddelerinde belirtilen ama\u00e7lar i\u00e7in veri sa\u011flanmas\u0131 iste\u011fe ba\u011fl\u0131d\u0131r ancak s\u00f6zle\u015fmenin icras\u0131 i\u00e7in gereklidir.<\/p>\n<p>C maddesinde belirtilen ama\u00e7lar i\u00e7in veri sa\u011flanmas\u0131 iste\u011fe ba\u011fl\u0131d\u0131r ve verileriniz ancak a\u00e7\u0131k r\u0131zan\u0131za dayan\u0131larak i\u015flenecektir. R\u0131za verilmemesi halinde, bu ama\u00e7 do\u011frultusunda i\u015fleme ger\u00e7ekle\u015ftirilmeyecektir.<\/p>\n<p>Aksi belirtilmedi\u011fi s\u00fcrece, site gezinimi i\u00e7in gerekli t\u00fcm veriler zorunludur. Bu verilerin sa\u011flanmamas\u0131 halinde Uygulama, hizmeti sunamayabilir. Baz\u0131 verilerin iste\u011fe ba\u011fl\u0131 olarak i\u015faretlendi\u011fi durumlarda, Kullan\u0131c\u0131lar bu verileri sa\u011flamaktan ka\u00e7\u0131nabilir ve bu, hizmetin sunulabilirli\u011fi veya i\u015fleyi\u015fi a\u00e7\u0131s\u0131ndan herhangi bir olumsuzluk yaratmaz.<\/p>\n<p>Zorunlu veriler hakk\u0131nda \u015f\u00fcphe duyan Kullan\u0131c\u0131lara Veri Sorumlusu ile ileti\u015fime ge\u00e7meleri tavsiye edilir.<\/p>\n<h2><strong>4.\u0130\u015fleme Y\u00f6ntemleri<\/strong><\/h2>\n<p>Veri Sorumlusu, ki\u015fisel verilerin yetkisiz eri\u015fim, if\u015fa, de\u011fi\u015ftirme veya yok edilmesini \u00f6nlemek amac\u0131yla uygun g\u00fcvenlik \u00f6nlemleri uygular.<\/p>\n<p>Veriler, belirtilen ama\u00e7lara uygun olarak, bili\u015fim ve\/veya elektronik sistemler kullan\u0131larak, organizasyonel y\u00f6ntemlerle ve mant\u0131ksal yakla\u015f\u0131mlarla i\u015flenmektedir.<\/p>\n<h2><strong>5. Al\u0131c\u0131lar<\/strong><\/h2>\n<p>Ki\u015fisel verileriniz, i\u015fleme yetkilendirilmi\u015f personele ek olarak, a\u015fa\u011f\u0131da belirtilen ve gerekti\u011finde Veri Sorumlusu taraf\u0131ndan Veri \u0130\u015fleyen olarak atanabilecek ki\u015fi ve kurumlara aktar\u0131labilir:<\/p>\n<ul>\n<li>\u015eirketin bili\u015fim ve altyap\u0131 sistemlerine destek veren dan\u0131\u015fman ve firmalar;<\/li>\n<li>\u015eirketin hizmet sunumu kapsam\u0131nda i\u015f birli\u011fi yapt\u0131\u011f\u0131 \u015firketler, profesyoneller ve temsilciler.<\/li>\n<\/ul>\n<p>Veri \u0130\u015fleyenlerin g\u00fcncel listesi her zaman Veri Sorumlusu\u2019ndan talep edilebilir. Verileriniz, bu maddede belirtilenler d\u0131\u015f\u0131nda \u00fc\u00e7\u00fcnc\u00fc ki\u015filerle payla\u015f\u0131lmayacakt\u0131r.<\/p>\n<h2><strong>6.Veri \u0130\u015fleme Yeri<\/strong><\/h2>\n<p>Veriler, Veri Sorumlusu\u2019nun faaliyet g\u00f6sterdi\u011fi ofislerde veya i\u015fleme faaliyetinde yer alan taraflar\u0131n bulundu\u011fu di\u011fer yerlerde i\u015flenmektedir.<\/p>\n<p>Kullan\u0131c\u0131\/\u0130lgili Ki\u015fi taraf\u0131ndan do\u011frudan sa\u011flanan veriler ve otomatik olarak toplanan veriler, Kullan\u0131c\u0131\/\u0130lgili Ki\u015fi\u2019nin bulundu\u011fu \u00fclke d\u0131\u015f\u0131ndaki (Avrupa Ekonomik Alan\u0131 d\u0131\u015f\u0131 da dahil olmak \u00fczere) \u00fclkelere aktar\u0131labilir. Bu durumda, Datatex Consulting S.r.l., verilerin al\u0131c\u0131 taraf\u0131ndan AB Genel Veri Koruma T\u00fcz\u00fc\u011f\u00fc 2016\/679 h\u00fck\u00fcmlerine uygun olarak i\u015flendi\u011fini temin eder ve bu aktar\u0131m:<\/p>\n<ul>\n<li>GDPR Madde 45 kapsam\u0131nda Avrupa Komisyonu\u2019nun uygunluk karar\u0131 mevcutsa bu karara dayanarak;<\/li>\n<li>Uygunluk karar\u0131 yoksa Madde 46\u2019ya uygun olarak uygun g\u00fcvencelere dayanarak;<\/li>\n<li>Ya da Madde 49(1)(b) uyar\u0131nca, taraflar aras\u0131nda yap\u0131lan s\u00f6zle\u015fmenin icras\u0131 i\u00e7in gerekli olmas\u0131 durumunda ger\u00e7ekle\u015ftirilir.<\/li>\n<\/ul>\n<p>Veri i\u015fleme yeriyle ilgili daha fazla bilgi \u00e7erez politikas\u0131nda yer almakta olup, ayr\u0131ca Veri Sorumlusu\u2019na dan\u0131\u015f\u0131larak temin edilebilir.<\/p>\n<h2><strong>7. Saklama S\u00fcresi<\/strong><\/h2>\n<p><strong>Kullan\u0131c\u0131\/\u0130lgili Ki\u015fi taraf\u0131ndan sa\u011flanan veriler:<\/strong><\/p>\n<p>Belirli taleplere yan\u0131t verme ve\/veya \u00f6n s\u00f6zle\u015fmesel i\u015flemler amac\u0131yla toplanan ki\u015fisel veriler, bu ama\u00e7lar\u0131n ger\u00e7ekle\u015fmesi i\u00e7in gerekli s\u00fcre boyunca, ancak her hal\u00fck\u00e2rda 5 y\u0131l\u0131 a\u015fmamak kayd\u0131yla saklan\u0131r.<\/p>\n<p>Hesap olu\u015fturma ve y\u00f6netimi i\u00e7in sa\u011flanan kay\u0131t verileri, ilgili ki\u015finin silme talebine kadar saklan\u0131r.<\/p>\n<p>Veri Sorumlusu\u2019nun me\u015fru menfaatine dayal\u0131 olarak i\u015flenen veriler, bu menfaatin ortadan kalkmas\u0131na kadar saklan\u0131r. Yasal s\u00fcre\u00e7ler s\u00f6z konusuysa, s\u00fcre\u00e7 sona erene kadar veri i\u015fleme devam edebilir. Ayr\u0131ca, yasal zorunluluklar veya yetkili makamlar\u0131n talepleri do\u011frultusunda veriler daha uzun s\u00fcreyle saklanabilir.<\/p>\n<p>Saklama s\u00fcresinin sonunda, ki\u015fisel veriler silinir. Bu s\u00fcrenin dolmas\u0131yla birlikte eri\u015fim, silme, d\u00fczeltme ve veri ta\u015f\u0131nabilirli\u011fi haklar\u0131 art\u0131k kullan\u0131lamaz.<\/p>\n<p><strong>Web sitesi arac\u0131l\u0131\u011f\u0131yla otomatik olarak toplanan veriler:<\/strong><\/p>\n<p>Bu veriler, \u00e7erez politikas\u0131nda belirtildi\u011fi s\u00fcre boyunca saklan\u0131r. S\u00fcre sonunda silinir.<\/p>\n<h2><strong>8. \u0130lgili Ki\u015finin Haklar\u0131<\/strong><\/h2>\n<p>AB Genel Veri Koruma T\u00fcz\u00fc\u011f\u00fc\u2019n\u00fcn (GDPR) 15-22. maddeleri uyar\u0131nca, her Kullan\u0131c\u0131\/\u0130lgili Ki\u015fi, kendisine ait ki\u015fisel verilerin i\u015flenip i\u015flenmedi\u011fini \u00f6\u011frenme hakk\u0131na sahiptir.<\/p>\n<p>\u00d6zellikle, \u0130lgili Ki\u015fi a\u015fa\u011f\u0131daki konularda Veri Sorumlusu\u2019ndan bilgi talep etme hakk\u0131na sahiptir:<\/p>\n<ul>\n<li>Ki\u015fisel verilerin kayna\u011f\u0131;<\/li>\n<li>\u0130\u015fleme ama\u00e7lar\u0131 ve y\u00f6ntemleri;<\/li>\n<li>Elektronik yollarla ger\u00e7ekle\u015ftirilen i\u015flemlerde uygulanan mant\u0131k;<\/li>\n<li>Veri Sorumlusu, Veri \u0130\u015fleyenler ve varsa temsilcilerin kimlik bilgileri;<\/li>\n<li>Verilerin aktar\u0131labilece\u011fi \u00fc\u00e7\u00fcnc\u00fc ki\u015filer veya yetkili ki\u015fi\/kurumlar.<\/li>\n<\/ul>\n<p>Ayr\u0131ca, \u0130lgili Ki\u015fi a\u015fa\u011f\u0131daki haklara sahiptir:<\/p>\n<ul>\n<li>Verilerinin g\u00fcncellenmesi, d\u00fczeltilmesi veya tamamlanmas\u0131;<\/li>\n<li>Yasalara ayk\u0131r\u0131 \u015fekilde i\u015flenen verilerin silinmesi, anonimle\u015ftirilmesi veya engellenmesi;<\/li>\n<li>Ki\u015fisel verilerine eri\u015fim ve veri i\u015flenip i\u015flenmedi\u011fine ili\u015fkin teyit alma;<\/li>\n<li>Veri i\u015fleme faaliyetinin s\u0131n\u0131rland\u0131r\u0131lmas\u0131;<\/li>\n<li>Verilerin yap\u0131land\u0131r\u0131lm\u0131\u015f, yayg\u0131n olarak kullan\u0131lan ve makine taraf\u0131ndan okunabilir formatta al\u0131nmas\u0131 (veri ta\u015f\u0131nabilirli\u011fi);<\/li>\n<li>Denetim otoritesine \u015fikayette bulunma.<\/li>\n<\/ul>\n<p>Son olarak, \u0130lgili Ki\u015fi, ki\u015fisel verilerinin i\u015flenmesine (\u00f6zellikle ticari ileti\u015fim ve do\u011frudan pazarlama amac\u0131yla) tamamen veya k\u0131smen itiraz etme hakk\u0131na sahiptir.<\/p>\n<p>Bu haklar\u0131n kullan\u0131m\u0131 i\u00e7in l\u00fctfen bu Ayd\u0131nlatma Metninin 1. maddesinde yer alan ileti\u015fim kanallar\u0131ndan bize ula\u015f\u0131n\u0131z.<\/p>\n<\/div><div class=\"fusion-clearfix\"><\/div><\/div><\/div><\/div><\/div>\n","protected":false},"excerpt":{"rendered":"","protected":false},"author":1,"featured_media":0,"parent":0,"menu_order":0,"comment_status":"closed","ping_status":"open","template":"","meta":{"two_page_speed":{"current_score":{"desktop_score":91,"desktop_tti":"0.9\u00a0","mobile_score":78,"mobile_tti":"3.6\u00a0","date":"29.09.2025 05:38:14 pm","status":"error_no_score"}},"footnotes":""},"class_list":["post-4761","page","type-page","status-publish","hentry"],"yoast_head":"<!-- This site is optimized with the Yoast SEO plugin v25.1 - https:\/\/yoast.com\/wordpress\/plugins\/seo\/ -->\n<title>Datatex | Gizlilik Politikas\u0131<\/title>\n<meta name=\"description\" content=\"Datatex&#039;in ki\u015fisel verilerinizi k\u00fcresel gizlilik d\u00fczenlemelerine uygun olarak nas\u0131l toplad\u0131\u011f\u0131n\u0131, kulland\u0131\u011f\u0131n\u0131 ve korudu\u011funu \u00f6\u011frenin.\" \/>\n<meta name=\"robots\" content=\"index, follow, max-snippet:-1, max-image-preview:large, max-video-preview:-1\" \/>\n<link rel=\"canonical\" href=\"https:\/\/datatex.com\/tr\/privacy-policy\/\" \/>\n<meta property=\"og:locale\" content=\"tr_TR\" \/>\n<meta property=\"og:type\" content=\"article\" \/>\n<meta property=\"og:title\" content=\"Datatex | Gizlilik Politikas\u0131\" \/>\n<meta property=\"og:description\" content=\"Datatex&#039;in ki\u015fisel verilerinizi k\u00fcresel gizlilik d\u00fczenlemelerine uygun olarak nas\u0131l toplad\u0131\u011f\u0131n\u0131, kulland\u0131\u011f\u0131n\u0131 ve korudu\u011funu \u00f6\u011frenin.\" \/>\n<meta property=\"og:url\" content=\"https:\/\/datatex.com\/tr\/privacy-policy\/\" \/>\n<meta property=\"og:site_name\" content=\"Datatex\" \/>\n<meta property=\"article:modified_time\" content=\"2025-10-02T04:15:35+00:00\" \/>\n<meta name=\"twitter:card\" content=\"summary_large_image\" \/>\n<meta name=\"twitter:label1\" content=\"Tahmini okuma s\u00fcresi\" \/>\n\t<meta name=\"twitter:data1\" content=\"6 dakika\" \/>\n<script type=\"application\/ld+json\" class=\"yoast-schema-graph\">{\"@context\":\"https:\/\/schema.org\",\"@graph\":[{\"@type\":\"WebPage\",\"@id\":\"https:\/\/datatex.com\/tr\/privacy-policy\/\",\"url\":\"https:\/\/datatex.com\/tr\/privacy-policy\/\",\"name\":\"Datatex | Gizlilik Politikas\u0131\",\"isPartOf\":{\"@id\":\"https:\/\/datatex.com\/tr\/#website\"},\"datePublished\":\"2019-03-07T15:54:28+00:00\",\"dateModified\":\"2025-10-02T04:15:35+00:00\",\"description\":\"Datatex'in ki\u015fisel verilerinizi k\u00fcresel gizlilik d\u00fczenlemelerine uygun olarak nas\u0131l toplad\u0131\u011f\u0131n\u0131, kulland\u0131\u011f\u0131n\u0131 ve korudu\u011funu \u00f6\u011frenin.\",\"breadcrumb\":{\"@id\":\"https:\/\/datatex.com\/tr\/privacy-policy\/#breadcrumb\"},\"inLanguage\":\"tr\",\"potentialAction\":[{\"@type\":\"ReadAction\",\"target\":[\"https:\/\/datatex.com\/tr\/privacy-policy\/\"]}]},{\"@type\":\"BreadcrumbList\",\"@id\":\"https:\/\/datatex.com\/tr\/privacy-policy\/#breadcrumb\",\"itemListElement\":[{\"@type\":\"ListItem\",\"position\":1,\"name\":\"Home\",\"item\":\"https:\/\/datatex.com\/tr\/\"},{\"@type\":\"ListItem\",\"position\":2,\"name\":\"Gizlilik Politikas\u0131\"}]},{\"@type\":\"WebSite\",\"@id\":\"https:\/\/datatex.com\/tr\/#website\",\"url\":\"https:\/\/datatex.com\/tr\/\",\"name\":\"Datatex\",\"description\":\"Datatex: We Make IT Work for You\",\"publisher\":{\"@id\":\"https:\/\/datatex.com\/tr\/#organization\"},\"alternateName\":\"Datatex ERP\",\"potentialAction\":[{\"@type\":\"SearchAction\",\"target\":{\"@type\":\"EntryPoint\",\"urlTemplate\":\"https:\/\/datatex.com\/tr\/?s={search_term_string}\"},\"query-input\":{\"@type\":\"PropertyValueSpecification\",\"valueRequired\":true,\"valueName\":\"search_term_string\"}}],\"inLanguage\":\"tr\"},{\"@type\":\"Organization\",\"@id\":\"https:\/\/datatex.com\/tr\/#organization\",\"name\":\"Datatex - We Make IT Work for You\",\"url\":\"https:\/\/datatex.com\/tr\/\",\"logo\":{\"@type\":\"ImageObject\",\"inLanguage\":\"tr\",\"@id\":\"https:\/\/datatex.com\/tr\/#\/schema\/logo\/image\/\",\"url\":\"https:\/\/datatex.com\/wp-content\/uploads\/2019\/09\/android-chrome-192x192-e1569404708453.png\",\"contentUrl\":\"https:\/\/datatex.com\/wp-content\/uploads\/2019\/09\/android-chrome-192x192-e1569404708453.png\",\"width\":192,\"height\":192,\"caption\":\"Datatex - We Make IT Work for You\"},\"image\":{\"@id\":\"https:\/\/datatex.com\/tr\/#\/schema\/logo\/image\/\"},\"sameAs\":[\"https:\/\/www.linkedin.com\/company\/datatex\/\",\"https:\/\/www.youtube.com\/@datatexERPtextile\"]}]}<\/script>\n<!-- \/ Yoast SEO plugin. -->","yoast_head_json":{"title":"Datatex | Gizlilik Politikas\u0131","description":"Datatex'in ki\u015fisel verilerinizi k\u00fcresel gizlilik d\u00fczenlemelerine uygun olarak nas\u0131l toplad\u0131\u011f\u0131n\u0131, kulland\u0131\u011f\u0131n\u0131 ve korudu\u011funu \u00f6\u011frenin.","robots":{"index":"index","follow":"follow","max-snippet":"max-snippet:-1","max-image-preview":"max-image-preview:large","max-video-preview":"max-video-preview:-1"},"canonical":"https:\/\/datatex.com\/tr\/privacy-policy\/","og_locale":"tr_TR","og_type":"article","og_title":"Datatex | Gizlilik Politikas\u0131","og_description":"Datatex'in ki\u015fisel verilerinizi k\u00fcresel gizlilik d\u00fczenlemelerine uygun olarak nas\u0131l toplad\u0131\u011f\u0131n\u0131, kulland\u0131\u011f\u0131n\u0131 ve korudu\u011funu \u00f6\u011frenin.","og_url":"https:\/\/datatex.com\/tr\/privacy-policy\/","og_site_name":"Datatex","article_modified_time":"2025-10-02T04:15:35+00:00","twitter_card":"summary_large_image","twitter_misc":{"Tahmini okuma s\u00fcresi":"6 dakika"},"schema":{"@context":"https:\/\/schema.org","@graph":[{"@type":"WebPage","@id":"https:\/\/datatex.com\/tr\/privacy-policy\/","url":"https:\/\/datatex.com\/tr\/privacy-policy\/","name":"Datatex | Gizlilik Politikas\u0131","isPartOf":{"@id":"https:\/\/datatex.com\/tr\/#website"},"datePublished":"2019-03-07T15:54:28+00:00","dateModified":"2025-10-02T04:15:35+00:00","description":"Datatex'in ki\u015fisel verilerinizi k\u00fcresel gizlilik d\u00fczenlemelerine uygun olarak nas\u0131l toplad\u0131\u011f\u0131n\u0131, kulland\u0131\u011f\u0131n\u0131 ve korudu\u011funu \u00f6\u011frenin.","breadcrumb":{"@id":"https:\/\/datatex.com\/tr\/privacy-policy\/#breadcrumb"},"inLanguage":"tr","potentialAction":[{"@type":"ReadAction","target":["https:\/\/datatex.com\/tr\/privacy-policy\/"]}]},{"@type":"BreadcrumbList","@id":"https:\/\/datatex.com\/tr\/privacy-policy\/#breadcrumb","itemListElement":[{"@type":"ListItem","position":1,"name":"Home","item":"https:\/\/datatex.com\/tr\/"},{"@type":"ListItem","position":2,"name":"Gizlilik Politikas\u0131"}]},{"@type":"WebSite","@id":"https:\/\/datatex.com\/tr\/#website","url":"https:\/\/datatex.com\/tr\/","name":"Datatex","description":"Datatex: We Make IT Work for You","publisher":{"@id":"https:\/\/datatex.com\/tr\/#organization"},"alternateName":"Datatex ERP","potentialAction":[{"@type":"SearchAction","target":{"@type":"EntryPoint","urlTemplate":"https:\/\/datatex.com\/tr\/?s={search_term_string}"},"query-input":{"@type":"PropertyValueSpecification","valueRequired":true,"valueName":"search_term_string"}}],"inLanguage":"tr"},{"@type":"Organization","@id":"https:\/\/datatex.com\/tr\/#organization","name":"Datatex - We Make IT Work for You","url":"https:\/\/datatex.com\/tr\/","logo":{"@type":"ImageObject","inLanguage":"tr","@id":"https:\/\/datatex.com\/tr\/#\/schema\/logo\/image\/","url":"https:\/\/datatex.com\/wp-content\/uploads\/2019\/09\/android-chrome-192x192-e1569404708453.png","contentUrl":"https:\/\/datatex.com\/wp-content\/uploads\/2019\/09\/android-chrome-192x192-e1569404708453.png","width":192,"height":192,"caption":"Datatex - We Make IT Work for You"},"image":{"@id":"https:\/\/datatex.com\/tr\/#\/schema\/logo\/image\/"},"sameAs":["https:\/\/www.linkedin.com\/company\/datatex\/","https:\/\/www.youtube.com\/@datatexERPtextile"]}]}},"_links":{"self":[{"href":"https:\/\/datatex.com\/tr\/wp-json\/wp\/v2\/pages\/4761","targetHints":{"allow":["GET"]}}],"collection":[{"href":"https:\/\/datatex.com\/tr\/wp-json\/wp\/v2\/pages"}],"about":[{"href":"https:\/\/datatex.com\/tr\/wp-json\/wp\/v2\/types\/page"}],"author":[{"embeddable":true,"href":"https:\/\/datatex.com\/tr\/wp-json\/wp\/v2\/users\/1"}],"replies":[{"embeddable":true,"href":"https:\/\/datatex.com\/tr\/wp-json\/wp\/v2\/comments?post=4761"}],"version-history":[{"count":10,"href":"https:\/\/datatex.com\/tr\/wp-json\/wp\/v2\/pages\/4761\/revisions"}],"predecessor-version":[{"id":17893756,"href":"https:\/\/datatex.com\/tr\/wp-json\/wp\/v2\/pages\/4761\/revisions\/17893756"}],"wp:attachment":[{"href":"https:\/\/datatex.com\/tr\/wp-json\/wp\/v2\/media?parent=4761"}],"curies":[{"name":"wp","href":"https:\/\/api.w.org\/{rel}","templated":true}]}}