{"id":17893384,"date":"2025-07-03T09:45:00","date_gmt":"2025-07-03T09:45:00","guid":{"rendered":"https:\/\/datatex.com\/copyright\/"},"modified":"2025-11-20T08:19:23","modified_gmt":"2025-11-20T08:19:23","slug":"copyright","status":"publish","type":"page","link":"https:\/\/datatex.com\/tr\/copyright\/","title":{"rendered":"Copyright"},"content":{"rendered":"<div class=\"fusion-fullwidth fullwidth-box fusion-builder-row-1 nonhundred-percent-fullwidth non-hundred-percent-height-scrolling\" style=\"--awb-border-radius-top-left:0px;--awb-border-radius-top-right:0px;--awb-border-radius-bottom-right:0px;--awb-border-radius-bottom-left:0px;--awb-flex-wrap:wrap;\" ><div class=\"fusion-builder-row fusion-row\"><div class=\"fusion-layout-column fusion_builder_column fusion-builder-column-0 fusion_builder_column_1_1 1_1 fusion-one-full fusion-column-first fusion-column-last\" style=\"--awb-bg-size:cover;\"><div class=\"fusion-column-wrapper fusion-column-has-shadow fusion-flex-column-wrapper-legacy\"><div class=\"fusion-title title fusion-title-1 fusion-sep-none fusion-title-text fusion-title-size-one\"><h1 class=\"fusion-title-heading title-heading-left\" style=\"margin:0;\"><p style=\"text-align: left;\"><strong>Datatex | Telif Hakk\u0131<\/strong><\/p><\/h1><\/div><div class=\"fusion-text fusion-text-1\"><p>Metin, resim, logo, grafik, belge ve d\u00fczen dahil olmak \u00fczere bu web sitesindeki t\u00fcm i\u00e7erik Datatex Consulting Srl&#8217;nin veya ilgili sahiplerinin m\u00fclkiyetindedir ve ge\u00e7erli telif hakk\u0131 ve fikri m\u00fclkiyet yasalar\u0131 ile korunmaktad\u0131r.<br \/>\n\u00d6nceden yaz\u0131l\u0131 izin al\u0131nmaks\u0131z\u0131n herhangi bir yolla k\u0131smen dahi olsa \u00e7o\u011falt\u0131lmas\u0131 yasakt\u0131r.<\/p>\n<p>\u00a9 2025 Datatex Consulting Srl. T\u00fcm haklar\u0131 sakl\u0131d\u0131r.<\/p>\n<\/div><div class=\"fusion-clearfix\"><\/div><\/div><\/div><\/div><\/div>\n","protected":false},"excerpt":{"rendered":"","protected":false},"author":8,"featured_media":0,"parent":0,"menu_order":0,"comment_status":"closed","ping_status":"open","template":"","meta":{"two_page_speed":{"current_score":{"desktop_score":97,"desktop_tti":"0.8\u00a0","mobile_score":76,"mobile_tti":"3.9\u00a0","date":"20.11.2025 08:19:58 am","status":"completed"}},"footnotes":""},"class_list":["post-17893384","page","type-page","status-publish","hentry"],"yoast_head":"<!-- This site is optimized with the Yoast SEO plugin v25.1 - https:\/\/yoast.com\/wordpress\/plugins\/seo\/ -->\n<title>Datatex | Copyright<\/title>\n<meta name=\"description\" content=\"Bu web sitesindeki t\u00fcm i\u00e7erik Datatex&#039;in fikri m\u00fclkiyetidir ve y\u00fcr\u00fcrl\u00fckteki telif hakk\u0131 yasalar\u0131 kapsam\u0131nda korunmaktad\u0131r.\" \/>\n<meta name=\"robots\" content=\"index, follow, max-snippet:-1, max-image-preview:large, max-video-preview:-1\" \/>\n<link rel=\"canonical\" href=\"https:\/\/datatex.com\/tr\/copyright\/\" \/>\n<meta property=\"og:locale\" content=\"tr_TR\" \/>\n<meta property=\"og:type\" content=\"article\" \/>\n<meta property=\"og:title\" content=\"Datatex | Copyright\" \/>\n<meta property=\"og:description\" content=\"Bu web sitesindeki t\u00fcm i\u00e7erik Datatex&#039;in fikri m\u00fclkiyetidir ve y\u00fcr\u00fcrl\u00fckteki telif hakk\u0131 yasalar\u0131 kapsam\u0131nda korunmaktad\u0131r.\" \/>\n<meta property=\"og:url\" content=\"https:\/\/datatex.com\/tr\/copyright\/\" \/>\n<meta property=\"og:site_name\" content=\"Datatex\" \/>\n<meta property=\"article:modified_time\" content=\"2025-11-20T08:19:23+00:00\" \/>\n<meta name=\"twitter:card\" content=\"summary_large_image\" \/>\n<meta name=\"twitter:label1\" content=\"Tahmini okuma s\u00fcresi\" \/>\n\t<meta name=\"twitter:data1\" content=\"1 dakika\" \/>\n<script type=\"application\/ld+json\" class=\"yoast-schema-graph\">{\"@context\":\"https:\/\/schema.org\",\"@graph\":[{\"@type\":\"WebPage\",\"@id\":\"https:\/\/datatex.com\/tr\/copyright\/\",\"url\":\"https:\/\/datatex.com\/tr\/copyright\/\",\"name\":\"Datatex | Copyright\",\"isPartOf\":{\"@id\":\"https:\/\/datatex.com\/tr\/#website\"},\"datePublished\":\"2025-07-03T09:45:00+00:00\",\"dateModified\":\"2025-11-20T08:19:23+00:00\",\"description\":\"Bu web sitesindeki t\u00fcm i\u00e7erik Datatex'in fikri m\u00fclkiyetidir ve y\u00fcr\u00fcrl\u00fckteki telif hakk\u0131 yasalar\u0131 kapsam\u0131nda korunmaktad\u0131r.\",\"breadcrumb\":{\"@id\":\"https:\/\/datatex.com\/tr\/copyright\/#breadcrumb\"},\"inLanguage\":\"tr\",\"potentialAction\":[{\"@type\":\"ReadAction\",\"target\":[\"https:\/\/datatex.com\/tr\/copyright\/\"]}]},{\"@type\":\"BreadcrumbList\",\"@id\":\"https:\/\/datatex.com\/tr\/copyright\/#breadcrumb\",\"itemListElement\":[{\"@type\":\"ListItem\",\"position\":1,\"name\":\"Home\",\"item\":\"https:\/\/datatex.com\/tr\/\"},{\"@type\":\"ListItem\",\"position\":2,\"name\":\"Copyright\"}]},{\"@type\":\"WebSite\",\"@id\":\"https:\/\/datatex.com\/tr\/#website\",\"url\":\"https:\/\/datatex.com\/tr\/\",\"name\":\"Datatex\",\"description\":\"Datatex: We Make IT Work for You\",\"publisher\":{\"@id\":\"https:\/\/datatex.com\/tr\/#organization\"},\"alternateName\":\"Datatex ERP\",\"potentialAction\":[{\"@type\":\"SearchAction\",\"target\":{\"@type\":\"EntryPoint\",\"urlTemplate\":\"https:\/\/datatex.com\/tr\/?s={search_term_string}\"},\"query-input\":{\"@type\":\"PropertyValueSpecification\",\"valueRequired\":true,\"valueName\":\"search_term_string\"}}],\"inLanguage\":\"tr\"},{\"@type\":\"Organization\",\"@id\":\"https:\/\/datatex.com\/tr\/#organization\",\"name\":\"Datatex - We Make IT Work for You\",\"url\":\"https:\/\/datatex.com\/tr\/\",\"logo\":{\"@type\":\"ImageObject\",\"inLanguage\":\"tr\",\"@id\":\"https:\/\/datatex.com\/tr\/#\/schema\/logo\/image\/\",\"url\":\"https:\/\/datatex.com\/wp-content\/uploads\/2019\/09\/android-chrome-192x192-e1569404708453.png\",\"contentUrl\":\"https:\/\/datatex.com\/wp-content\/uploads\/2019\/09\/android-chrome-192x192-e1569404708453.png\",\"width\":192,\"height\":192,\"caption\":\"Datatex - We Make IT Work for You\"},\"image\":{\"@id\":\"https:\/\/datatex.com\/tr\/#\/schema\/logo\/image\/\"},\"sameAs\":[\"https:\/\/www.linkedin.com\/company\/datatex\/\",\"https:\/\/www.youtube.com\/@datatexERPtextile\"]}]}<\/script>\n<!-- \/ Yoast SEO plugin. -->","yoast_head_json":{"title":"Datatex | Copyright","description":"Bu web sitesindeki t\u00fcm i\u00e7erik Datatex'in fikri m\u00fclkiyetidir ve y\u00fcr\u00fcrl\u00fckteki telif hakk\u0131 yasalar\u0131 kapsam\u0131nda korunmaktad\u0131r.","robots":{"index":"index","follow":"follow","max-snippet":"max-snippet:-1","max-image-preview":"max-image-preview:large","max-video-preview":"max-video-preview:-1"},"canonical":"https:\/\/datatex.com\/tr\/copyright\/","og_locale":"tr_TR","og_type":"article","og_title":"Datatex | Copyright","og_description":"Bu web sitesindeki t\u00fcm i\u00e7erik Datatex'in fikri m\u00fclkiyetidir ve y\u00fcr\u00fcrl\u00fckteki telif hakk\u0131 yasalar\u0131 kapsam\u0131nda korunmaktad\u0131r.","og_url":"https:\/\/datatex.com\/tr\/copyright\/","og_site_name":"Datatex","article_modified_time":"2025-11-20T08:19:23+00:00","twitter_card":"summary_large_image","twitter_misc":{"Tahmini okuma s\u00fcresi":"1 dakika"},"schema":{"@context":"https:\/\/schema.org","@graph":[{"@type":"WebPage","@id":"https:\/\/datatex.com\/tr\/copyright\/","url":"https:\/\/datatex.com\/tr\/copyright\/","name":"Datatex | Copyright","isPartOf":{"@id":"https:\/\/datatex.com\/tr\/#website"},"datePublished":"2025-07-03T09:45:00+00:00","dateModified":"2025-11-20T08:19:23+00:00","description":"Bu web sitesindeki t\u00fcm i\u00e7erik Datatex'in fikri m\u00fclkiyetidir ve y\u00fcr\u00fcrl\u00fckteki telif hakk\u0131 yasalar\u0131 kapsam\u0131nda korunmaktad\u0131r.","breadcrumb":{"@id":"https:\/\/datatex.com\/tr\/copyright\/#breadcrumb"},"inLanguage":"tr","potentialAction":[{"@type":"ReadAction","target":["https:\/\/datatex.com\/tr\/copyright\/"]}]},{"@type":"BreadcrumbList","@id":"https:\/\/datatex.com\/tr\/copyright\/#breadcrumb","itemListElement":[{"@type":"ListItem","position":1,"name":"Home","item":"https:\/\/datatex.com\/tr\/"},{"@type":"ListItem","position":2,"name":"Copyright"}]},{"@type":"WebSite","@id":"https:\/\/datatex.com\/tr\/#website","url":"https:\/\/datatex.com\/tr\/","name":"Datatex","description":"Datatex: We Make IT Work for You","publisher":{"@id":"https:\/\/datatex.com\/tr\/#organization"},"alternateName":"Datatex ERP","potentialAction":[{"@type":"SearchAction","target":{"@type":"EntryPoint","urlTemplate":"https:\/\/datatex.com\/tr\/?s={search_term_string}"},"query-input":{"@type":"PropertyValueSpecification","valueRequired":true,"valueName":"search_term_string"}}],"inLanguage":"tr"},{"@type":"Organization","@id":"https:\/\/datatex.com\/tr\/#organization","name":"Datatex - We Make IT Work for You","url":"https:\/\/datatex.com\/tr\/","logo":{"@type":"ImageObject","inLanguage":"tr","@id":"https:\/\/datatex.com\/tr\/#\/schema\/logo\/image\/","url":"https:\/\/datatex.com\/wp-content\/uploads\/2019\/09\/android-chrome-192x192-e1569404708453.png","contentUrl":"https:\/\/datatex.com\/wp-content\/uploads\/2019\/09\/android-chrome-192x192-e1569404708453.png","width":192,"height":192,"caption":"Datatex - We Make IT Work for You"},"image":{"@id":"https:\/\/datatex.com\/tr\/#\/schema\/logo\/image\/"},"sameAs":["https:\/\/www.linkedin.com\/company\/datatex\/","https:\/\/www.youtube.com\/@datatexERPtextile"]}]}},"_links":{"self":[{"href":"https:\/\/datatex.com\/tr\/wp-json\/wp\/v2\/pages\/17893384","targetHints":{"allow":["GET"]}}],"collection":[{"href":"https:\/\/datatex.com\/tr\/wp-json\/wp\/v2\/pages"}],"about":[{"href":"https:\/\/datatex.com\/tr\/wp-json\/wp\/v2\/types\/page"}],"author":[{"embeddable":true,"href":"https:\/\/datatex.com\/tr\/wp-json\/wp\/v2\/users\/8"}],"replies":[{"embeddable":true,"href":"https:\/\/datatex.com\/tr\/wp-json\/wp\/v2\/comments?post=17893384"}],"version-history":[{"count":1,"href":"https:\/\/datatex.com\/tr\/wp-json\/wp\/v2\/pages\/17893384\/revisions"}],"predecessor-version":[{"id":17893385,"href":"https:\/\/datatex.com\/tr\/wp-json\/wp\/v2\/pages\/17893384\/revisions\/17893385"}],"wp:attachment":[{"href":"https:\/\/datatex.com\/tr\/wp-json\/wp\/v2\/media?parent=17893384"}],"curies":[{"name":"wp","href":"https:\/\/api.w.org\/{rel}","templated":true}]}}