{"id":10390,"date":"2020-05-12T13:49:16","date_gmt":"2020-05-12T13:49:16","guid":{"rendered":"https:\/\/datatex.com\/?page_id=10390"},"modified":"2025-10-01T13:39:36","modified_gmt":"2025-10-01T13:39:36","slug":"disclaimer","status":"publish","type":"page","link":"https:\/\/datatex.com\/tr\/disclaimer\/","title":{"rendered":"Disclaimer"},"content":{"rendered":"<div class=\"fusion-fullwidth fullwidth-box fusion-builder-row-1 nonhundred-percent-fullwidth non-hundred-percent-height-scrolling\" style=\"--awb-border-radius-top-left:0px;--awb-border-radius-top-right:0px;--awb-border-radius-bottom-right:0px;--awb-border-radius-bottom-left:0px;--awb-flex-wrap:wrap;\" ><div class=\"fusion-builder-row fusion-row\"><div class=\"fusion-layout-column fusion_builder_column fusion-builder-column-0 fusion_builder_column_1_1 1_1 fusion-one-full fusion-column-first fusion-column-last\" style=\"--awb-bg-size:cover;\"><div class=\"fusion-column-wrapper fusion-column-has-shadow fusion-flex-column-wrapper-legacy\"><div class=\"fusion-title title fusion-title-1 fusion-sep-none fusion-title-text fusion-title-size-one\"><h1 class=\"fusion-title-heading title-heading-left\" style=\"margin:0;\">Datatex | Disclaimer<\/h1><\/div><div class=\"fusion-text fusion-text-1 margin-left-50\"><p>Bu web sitesindeki &#8211;<a href=\"https:\/\/datatex.com\/tr\/\" target=\"_blank\" rel=\"noopener\"> datatex.com<\/a> &#8211; t\u00fcm bilgiler iyi niyetle ve yaln\u0131zca genel bilgi ama\u00e7l\u0131 olarak yay\u0131nlanmaktad\u0131r. Datatex, bu bilgilerin eksiksizli\u011fi, g\u00fcvenilirli\u011fi ve do\u011frulu\u011fu hakk\u0131nda herhangi bir garanti vermez. Bu web sitesinde (Datatex) buldu\u011funuz bilgiler \u00fczerine yapt\u0131\u011f\u0131n\u0131z herhangi bir i\u015flemin riski kesinlikle size aittir. Datatex, web sitemizin kullan\u0131m\u0131 ile ba\u011flant\u0131l\u0131 olarak herhangi bir kay\u0131p ve\/veya zarardan sorumlu olmayacakt\u0131r. Web sitemizden, bu t\u00fcr harici sitelere giden k\u00f6pr\u00fcleri takip ederek di\u011fer web sitelerini ziyaret edebilirsiniz. Yararl\u0131 ve etik web sitelerine yaln\u0131zca kaliteli ba\u011flant\u0131lar sa\u011flamaya \u00e7al\u0131\u015fsak da, bu sitelerin i\u00e7eri\u011fi ve niteli\u011fi \u00fczerinde hi\u00e7bir kontrol\u00fcm\u00fcz yoktur. Di\u011fer web sitelerine verilen bu ba\u011flant\u0131lar, bu sitelerde bulunan t\u00fcm i\u00e7erik i\u00e7in bir tavsiye anlam\u0131na gelmez. Site sahipleri ve i\u00e7erikleri \u00f6nceden haber verilmeksizin de\u011fi\u015febilir ve bu durum bizim &#8216;k\u00f6t\u00fc&#8217; olabilecek bir ba\u011flant\u0131y\u0131 kald\u0131rma f\u0131rsat\u0131m\u0131z olmadan \u00f6nce ger\u00e7ekle\u015febilir. Ayr\u0131ca, web sitemizden ayr\u0131ld\u0131\u011f\u0131n\u0131zda, di\u011fer sitelerin kontrol\u00fcm\u00fcz d\u0131\u015f\u0131nda farkl\u0131 gizlilik politikalar\u0131 ve ko\u015fullar\u0131 olabilece\u011fini l\u00fctfen unutmay\u0131n. L\u00fctfen herhangi bir i\u015f yapmadan veya herhangi bir bilgi y\u00fcklemeden \u00f6nce bu sitelerin Gizlilik Politikalar\u0131n\u0131 ve &#8220;Hizmet \u015eartlar\u0131n\u0131&#8221; kontrol etti\u011finizden emin olun.<\/p>\n<p style=\"text-align: left;\"><strong>R\u0131za<\/strong><\/p>\n<p style=\"text-align: left;\">Web sitemizi kullanarak, feragatnamemizi onaylam\u0131\u015f ve \u015fartlar\u0131n\u0131 kabul etmi\u015f olursunuz.<\/p>\n<p style=\"text-align: left;\"><strong>G\u00fcncelleme<\/strong><\/p>\n<p style=\"text-align: left;\">Bu belgeyi g\u00fcncellememiz, de\u011fi\u015ftirmemiz veya bu belgede herhangi bir de\u011fi\u015fiklik yapmam\u0131z halinde, bu de\u011fi\u015fiklikler burada belirgin bir \u015fekilde yay\u0131nlanacakt\u0131r.<\/p>\n<\/div><div class=\"fusion-text fusion-text-2\"><p>Bu Politika hakk\u0131nda sorular\u0131n\u0131z varsa veya daha fazla bilgiye ihtiya\u00e7 duyarsan\u0131z, bizimle ileti\u015fime ge\u00e7ebilirsiniz: marketing@datatex.com<\/p>\n<\/div><div class=\"fusion-clearfix\"><\/div><\/div><\/div><\/div><\/div>\n","protected":false},"excerpt":{"rendered":"","protected":false},"author":7,"featured_media":0,"parent":0,"menu_order":0,"comment_status":"closed","ping_status":"open","template":"","meta":{"two_page_speed":{"current_score":{"desktop_score":92,"desktop_tti":"0.9\u00a0","mobile_score":67,"mobile_tti":"4.6\u00a0","date":"01.10.2025 01:41:21 pm","status":"completed"}},"footnotes":""},"class_list":["post-10390","page","type-page","status-publish","hentry"],"yoast_head":"<!-- This site is optimized with the Yoast SEO plugin v25.1 - https:\/\/yoast.com\/wordpress\/plugins\/seo\/ -->\n<title>Datatex | Disclaimer<\/title>\n<meta name=\"description\" content=\"Bu web sitesindeki bilgiler Datatex taraf\u0131ndan genel kullan\u0131m i\u00e7in sa\u011flanm\u0131\u015ft\u0131r ve \u00f6nceden haber verilmeksizin de\u011fi\u015ftirilebilir.\" \/>\n<meta name=\"robots\" content=\"index, follow, max-snippet:-1, max-image-preview:large, max-video-preview:-1\" \/>\n<link rel=\"canonical\" href=\"https:\/\/datatex.com\/tr\/disclaimer\/\" \/>\n<meta property=\"og:locale\" content=\"tr_TR\" \/>\n<meta property=\"og:type\" content=\"article\" \/>\n<meta property=\"og:title\" content=\"Datatex | Disclaimer\" \/>\n<meta property=\"og:description\" content=\"Bu web sitesindeki bilgiler Datatex taraf\u0131ndan genel kullan\u0131m i\u00e7in sa\u011flanm\u0131\u015ft\u0131r ve \u00f6nceden haber verilmeksizin de\u011fi\u015ftirilebilir.\" \/>\n<meta property=\"og:url\" content=\"https:\/\/datatex.com\/tr\/disclaimer\/\" \/>\n<meta property=\"og:site_name\" content=\"Datatex\" \/>\n<meta property=\"article:modified_time\" content=\"2025-10-01T13:39:36+00:00\" \/>\n<meta name=\"twitter:card\" content=\"summary_large_image\" \/>\n<meta name=\"twitter:label1\" content=\"Tahmini okuma s\u00fcresi\" \/>\n\t<meta name=\"twitter:data1\" content=\"2 dakika\" \/>\n<script type=\"application\/ld+json\" class=\"yoast-schema-graph\">{\"@context\":\"https:\/\/schema.org\",\"@graph\":[{\"@type\":\"WebPage\",\"@id\":\"https:\/\/datatex.com\/tr\/disclaimer\/\",\"url\":\"https:\/\/datatex.com\/tr\/disclaimer\/\",\"name\":\"Datatex | Disclaimer\",\"isPartOf\":{\"@id\":\"https:\/\/datatex.com\/tr\/#website\"},\"datePublished\":\"2020-05-12T13:49:16+00:00\",\"dateModified\":\"2025-10-01T13:39:36+00:00\",\"description\":\"Bu web sitesindeki bilgiler Datatex taraf\u0131ndan genel kullan\u0131m i\u00e7in sa\u011flanm\u0131\u015ft\u0131r ve \u00f6nceden haber verilmeksizin de\u011fi\u015ftirilebilir.\",\"breadcrumb\":{\"@id\":\"https:\/\/datatex.com\/tr\/disclaimer\/#breadcrumb\"},\"inLanguage\":\"tr\",\"potentialAction\":[{\"@type\":\"ReadAction\",\"target\":[\"https:\/\/datatex.com\/tr\/disclaimer\/\"]}]},{\"@type\":\"BreadcrumbList\",\"@id\":\"https:\/\/datatex.com\/tr\/disclaimer\/#breadcrumb\",\"itemListElement\":[{\"@type\":\"ListItem\",\"position\":1,\"name\":\"Home\",\"item\":\"https:\/\/datatex.com\/tr\/\"},{\"@type\":\"ListItem\",\"position\":2,\"name\":\"Disclaimer\"}]},{\"@type\":\"WebSite\",\"@id\":\"https:\/\/datatex.com\/tr\/#website\",\"url\":\"https:\/\/datatex.com\/tr\/\",\"name\":\"Datatex\",\"description\":\"Datatex: We Make IT Work for You\",\"publisher\":{\"@id\":\"https:\/\/datatex.com\/tr\/#organization\"},\"alternateName\":\"Datatex ERP\",\"potentialAction\":[{\"@type\":\"SearchAction\",\"target\":{\"@type\":\"EntryPoint\",\"urlTemplate\":\"https:\/\/datatex.com\/tr\/?s={search_term_string}\"},\"query-input\":{\"@type\":\"PropertyValueSpecification\",\"valueRequired\":true,\"valueName\":\"search_term_string\"}}],\"inLanguage\":\"tr\"},{\"@type\":\"Organization\",\"@id\":\"https:\/\/datatex.com\/tr\/#organization\",\"name\":\"Datatex - We Make IT Work for You\",\"url\":\"https:\/\/datatex.com\/tr\/\",\"logo\":{\"@type\":\"ImageObject\",\"inLanguage\":\"tr\",\"@id\":\"https:\/\/datatex.com\/tr\/#\/schema\/logo\/image\/\",\"url\":\"https:\/\/datatex.com\/wp-content\/uploads\/2019\/09\/android-chrome-192x192-e1569404708453.png\",\"contentUrl\":\"https:\/\/datatex.com\/wp-content\/uploads\/2019\/09\/android-chrome-192x192-e1569404708453.png\",\"width\":192,\"height\":192,\"caption\":\"Datatex - We Make IT Work for You\"},\"image\":{\"@id\":\"https:\/\/datatex.com\/tr\/#\/schema\/logo\/image\/\"},\"sameAs\":[\"https:\/\/www.linkedin.com\/company\/datatex\/\",\"https:\/\/www.youtube.com\/@datatexERPtextile\"]}]}<\/script>\n<!-- \/ Yoast SEO plugin. -->","yoast_head_json":{"title":"Datatex | Disclaimer","description":"Bu web sitesindeki bilgiler Datatex taraf\u0131ndan genel kullan\u0131m i\u00e7in sa\u011flanm\u0131\u015ft\u0131r ve \u00f6nceden haber verilmeksizin de\u011fi\u015ftirilebilir.","robots":{"index":"index","follow":"follow","max-snippet":"max-snippet:-1","max-image-preview":"max-image-preview:large","max-video-preview":"max-video-preview:-1"},"canonical":"https:\/\/datatex.com\/tr\/disclaimer\/","og_locale":"tr_TR","og_type":"article","og_title":"Datatex | Disclaimer","og_description":"Bu web sitesindeki bilgiler Datatex taraf\u0131ndan genel kullan\u0131m i\u00e7in sa\u011flanm\u0131\u015ft\u0131r ve \u00f6nceden haber verilmeksizin de\u011fi\u015ftirilebilir.","og_url":"https:\/\/datatex.com\/tr\/disclaimer\/","og_site_name":"Datatex","article_modified_time":"2025-10-01T13:39:36+00:00","twitter_card":"summary_large_image","twitter_misc":{"Tahmini okuma s\u00fcresi":"2 dakika"},"schema":{"@context":"https:\/\/schema.org","@graph":[{"@type":"WebPage","@id":"https:\/\/datatex.com\/tr\/disclaimer\/","url":"https:\/\/datatex.com\/tr\/disclaimer\/","name":"Datatex | Disclaimer","isPartOf":{"@id":"https:\/\/datatex.com\/tr\/#website"},"datePublished":"2020-05-12T13:49:16+00:00","dateModified":"2025-10-01T13:39:36+00:00","description":"Bu web sitesindeki bilgiler Datatex taraf\u0131ndan genel kullan\u0131m i\u00e7in sa\u011flanm\u0131\u015ft\u0131r ve \u00f6nceden haber verilmeksizin de\u011fi\u015ftirilebilir.","breadcrumb":{"@id":"https:\/\/datatex.com\/tr\/disclaimer\/#breadcrumb"},"inLanguage":"tr","potentialAction":[{"@type":"ReadAction","target":["https:\/\/datatex.com\/tr\/disclaimer\/"]}]},{"@type":"BreadcrumbList","@id":"https:\/\/datatex.com\/tr\/disclaimer\/#breadcrumb","itemListElement":[{"@type":"ListItem","position":1,"name":"Home","item":"https:\/\/datatex.com\/tr\/"},{"@type":"ListItem","position":2,"name":"Disclaimer"}]},{"@type":"WebSite","@id":"https:\/\/datatex.com\/tr\/#website","url":"https:\/\/datatex.com\/tr\/","name":"Datatex","description":"Datatex: We Make IT Work for You","publisher":{"@id":"https:\/\/datatex.com\/tr\/#organization"},"alternateName":"Datatex ERP","potentialAction":[{"@type":"SearchAction","target":{"@type":"EntryPoint","urlTemplate":"https:\/\/datatex.com\/tr\/?s={search_term_string}"},"query-input":{"@type":"PropertyValueSpecification","valueRequired":true,"valueName":"search_term_string"}}],"inLanguage":"tr"},{"@type":"Organization","@id":"https:\/\/datatex.com\/tr\/#organization","name":"Datatex - We Make IT Work for You","url":"https:\/\/datatex.com\/tr\/","logo":{"@type":"ImageObject","inLanguage":"tr","@id":"https:\/\/datatex.com\/tr\/#\/schema\/logo\/image\/","url":"https:\/\/datatex.com\/wp-content\/uploads\/2019\/09\/android-chrome-192x192-e1569404708453.png","contentUrl":"https:\/\/datatex.com\/wp-content\/uploads\/2019\/09\/android-chrome-192x192-e1569404708453.png","width":192,"height":192,"caption":"Datatex - We Make IT Work for You"},"image":{"@id":"https:\/\/datatex.com\/tr\/#\/schema\/logo\/image\/"},"sameAs":["https:\/\/www.linkedin.com\/company\/datatex\/","https:\/\/www.youtube.com\/@datatexERPtextile"]}]}},"_links":{"self":[{"href":"https:\/\/datatex.com\/tr\/wp-json\/wp\/v2\/pages\/10390","targetHints":{"allow":["GET"]}}],"collection":[{"href":"https:\/\/datatex.com\/tr\/wp-json\/wp\/v2\/pages"}],"about":[{"href":"https:\/\/datatex.com\/tr\/wp-json\/wp\/v2\/types\/page"}],"author":[{"embeddable":true,"href":"https:\/\/datatex.com\/tr\/wp-json\/wp\/v2\/users\/7"}],"replies":[{"embeddable":true,"href":"https:\/\/datatex.com\/tr\/wp-json\/wp\/v2\/comments?post=10390"}],"version-history":[{"count":5,"href":"https:\/\/datatex.com\/tr\/wp-json\/wp\/v2\/pages\/10390\/revisions"}],"predecessor-version":[{"id":17894915,"href":"https:\/\/datatex.com\/tr\/wp-json\/wp\/v2\/pages\/10390\/revisions\/17894915"}],"wp:attachment":[{"href":"https:\/\/datatex.com\/tr\/wp-json\/wp\/v2\/media?parent=10390"}],"curies":[{"name":"wp","href":"https:\/\/api.w.org\/{rel}","templated":true}]}}