{"id":25664,"date":"2021-12-01T14:28:17","date_gmt":"2021-12-01T14:28:17","guid":{"rendered":"https:\/\/datatex.com\/?page_id=25664"},"modified":"2025-10-03T10:19:54","modified_gmt":"2025-10-03T10:19:54","slug":"marque-uma-consulta","status":"publish","type":"page","link":"https:\/\/datatex.com\/pt-pt\/marque-uma-consulta\/","title":{"rendered":"Marque uma consulta"},"content":{"rendered":"<div class=\"fusion-fullwidth fullwidth-box fusion-builder-row-1 nonhundred-percent-fullwidth non-hundred-percent-height-scrolling\" style=\"--awb-border-radius-top-left:0px;--awb-border-radius-top-right:0px;--awb-border-radius-bottom-right:0px;--awb-border-radius-bottom-left:0px;--awb-padding-bottom:50px;--awb-flex-wrap:wrap;\" ><div class=\"fusion-builder-row fusion-row\"><div class=\"fusion-layout-column fusion_builder_column fusion-builder-column-0 fusion_builder_column_1_1 1_1 fusion-one-full fusion-column-first fusion-column-last\" style=\"--awb-bg-size:cover;\"><div class=\"fusion-column-wrapper fusion-column-has-shadow fusion-flex-column-wrapper-legacy\"><div class=\"fusion-text fusion-text-1\" style=\"--awb-margin-top:2rem;--awb-margin-right:10%;--awb-margin-left:10%;\"><p style=\"text-align: center;\">Para agendar uma <strong>demonstra\u00e7\u00e3o gratuita<\/strong> ou uma <strong>consulta<\/strong> com um dos nossos especialistas, basta selecionar a data e a hora dispon\u00edveis. Depois de preencher todas as informa\u00e7\u00f5es necess\u00e1rias, receber\u00e1 uma notifica\u00e7\u00e3o por correio eletr\u00f3nico com o seu pedido pendente e ser\u00e1 contactado pouco tempo depois.<\/p>\n<\/div><!-- Calendly inline widget begin -->\n<style>\nmain#main {\n  padding: 0;\n}\n.calendly-inline-widget {\n  min-width: 320px;\n  height: 750px;\n}\n<\/style>\n<div\n    class=\"calendly-inline-widget\"\n    data-url=\"https:\/\/calendly.com\/datatex\/marque-uma-consulta?text_color=6f6f6f&primary_color=ff7800\">\n<\/div>\n<script type=\"text\/javascript\" src=\"https:\/\/assets.calendly.com\/assets\/external\/widget.js\" async><\/script>\n<!-- Calendly inline widget end --><div class=\"fusion-clearfix\"><\/div><\/div><\/div><\/div><\/div>\n","protected":false},"excerpt":{"rendered":"","protected":false},"author":7,"featured_media":0,"parent":0,"menu_order":0,"comment_status":"closed","ping_status":"closed","template":"","meta":{"two_page_speed":{"current_score":{"desktop_score":92,"desktop_tti":"1.0\u00a0","mobile_score":74,"mobile_tti":"5.5\u00a0","date":"01.10.2025 04:48:43 pm","status":"completed"}},"footnotes":""},"class_list":["post-25664","page","type-page","status-publish","hentry"],"yoast_head":"<!-- This site is optimized with the Yoast SEO plugin v25.1 - https:\/\/yoast.com\/wordpress\/plugins\/seo\/ -->\n<title>Marque uma consulta gratuita connosco | Datatex<\/title>\n<meta name=\"description\" content=\"Marque uma demonstra\u00e7\u00e3o gratuita ou agende uma consulta gratuita com os nossos especialistas e descubra todos os benef\u00edcios do nosso ERP.\" \/>\n<meta name=\"robots\" content=\"index, follow, max-snippet:-1, max-image-preview:large, max-video-preview:-1\" \/>\n<link rel=\"canonical\" href=\"https:\/\/datatex.com\/pt-pt\/marque-uma-consulta\/\" \/>\n<meta property=\"og:locale\" content=\"pt_PT\" \/>\n<meta property=\"og:type\" content=\"article\" \/>\n<meta property=\"og:title\" content=\"Marque uma consulta gratuita connosco | Datatex\" \/>\n<meta property=\"og:description\" content=\"Marque uma demonstra\u00e7\u00e3o gratuita ou agende uma consulta gratuita com os nossos especialistas e descubra todos os benef\u00edcios do nosso ERP.\" \/>\n<meta property=\"og:url\" content=\"https:\/\/datatex.com\/pt-pt\/marque-uma-consulta\/\" \/>\n<meta property=\"og:site_name\" content=\"Datatex\" \/>\n<meta property=\"article:modified_time\" content=\"2025-10-03T10:19:54+00:00\" \/>\n<meta name=\"twitter:card\" content=\"summary_large_image\" \/>\n<meta name=\"twitter:label1\" content=\"Tempo estimado de leitura\" \/>\n\t<meta name=\"twitter:data1\" content=\"1 minuto\" \/>\n<script type=\"application\/ld+json\" class=\"yoast-schema-graph\">{\"@context\":\"https:\/\/schema.org\",\"@graph\":[{\"@type\":\"WebPage\",\"@id\":\"https:\/\/datatex.com\/pt-pt\/marque-uma-consulta\/\",\"url\":\"https:\/\/datatex.com\/pt-pt\/marque-uma-consulta\/\",\"name\":\"Marque uma consulta gratuita connosco | Datatex\",\"isPartOf\":{\"@id\":\"https:\/\/datatex.com\/pt-pt\/#website\"},\"datePublished\":\"2021-12-01T14:28:17+00:00\",\"dateModified\":\"2025-10-03T10:19:54+00:00\",\"description\":\"Marque uma demonstra\u00e7\u00e3o gratuita ou agende uma consulta gratuita com os nossos especialistas e descubra todos os benef\u00edcios do nosso ERP.\",\"breadcrumb\":{\"@id\":\"https:\/\/datatex.com\/pt-pt\/marque-uma-consulta\/#breadcrumb\"},\"inLanguage\":\"pt-PT\",\"potentialAction\":[{\"@type\":\"ReadAction\",\"target\":[\"https:\/\/datatex.com\/pt-pt\/marque-uma-consulta\/\"]}]},{\"@type\":\"BreadcrumbList\",\"@id\":\"https:\/\/datatex.com\/pt-pt\/marque-uma-consulta\/#breadcrumb\",\"itemListElement\":[{\"@type\":\"ListItem\",\"position\":1,\"name\":\"Home\",\"item\":\"https:\/\/datatex.com\/pt-pt\/\"},{\"@type\":\"ListItem\",\"position\":2,\"name\":\"Marque uma consulta\"}]},{\"@type\":\"WebSite\",\"@id\":\"https:\/\/datatex.com\/pt-pt\/#website\",\"url\":\"https:\/\/datatex.com\/pt-pt\/\",\"name\":\"Datatex\",\"description\":\"Datatex: We Make IT Work for You\",\"publisher\":{\"@id\":\"https:\/\/datatex.com\/pt-pt\/#organization\"},\"alternateName\":\"Datatex ERP\",\"potentialAction\":[{\"@type\":\"SearchAction\",\"target\":{\"@type\":\"EntryPoint\",\"urlTemplate\":\"https:\/\/datatex.com\/pt-pt\/?s={search_term_string}\"},\"query-input\":{\"@type\":\"PropertyValueSpecification\",\"valueRequired\":true,\"valueName\":\"search_term_string\"}}],\"inLanguage\":\"pt-PT\"},{\"@type\":\"Organization\",\"@id\":\"https:\/\/datatex.com\/pt-pt\/#organization\",\"name\":\"Datatex - We Make IT Work for You\",\"url\":\"https:\/\/datatex.com\/pt-pt\/\",\"logo\":{\"@type\":\"ImageObject\",\"inLanguage\":\"pt-PT\",\"@id\":\"https:\/\/datatex.com\/pt-pt\/#\/schema\/logo\/image\/\",\"url\":\"https:\/\/datatex.com\/wp-content\/uploads\/2019\/09\/android-chrome-192x192-e1569404708453.png\",\"contentUrl\":\"https:\/\/datatex.com\/wp-content\/uploads\/2019\/09\/android-chrome-192x192-e1569404708453.png\",\"width\":192,\"height\":192,\"caption\":\"Datatex - We Make IT Work for You\"},\"image\":{\"@id\":\"https:\/\/datatex.com\/pt-pt\/#\/schema\/logo\/image\/\"},\"sameAs\":[\"https:\/\/www.linkedin.com\/company\/datatex\/\",\"https:\/\/www.youtube.com\/@datatexERPtextile\"]}]}<\/script>\n<!-- \/ Yoast SEO plugin. -->","yoast_head_json":{"title":"Marque uma consulta gratuita connosco | Datatex","description":"Marque uma demonstra\u00e7\u00e3o gratuita ou agende uma consulta gratuita com os nossos especialistas e descubra todos os benef\u00edcios do nosso ERP.","robots":{"index":"index","follow":"follow","max-snippet":"max-snippet:-1","max-image-preview":"max-image-preview:large","max-video-preview":"max-video-preview:-1"},"canonical":"https:\/\/datatex.com\/pt-pt\/marque-uma-consulta\/","og_locale":"pt_PT","og_type":"article","og_title":"Marque uma consulta gratuita connosco | Datatex","og_description":"Marque uma demonstra\u00e7\u00e3o gratuita ou agende uma consulta gratuita com os nossos especialistas e descubra todos os benef\u00edcios do nosso ERP.","og_url":"https:\/\/datatex.com\/pt-pt\/marque-uma-consulta\/","og_site_name":"Datatex","article_modified_time":"2025-10-03T10:19:54+00:00","twitter_card":"summary_large_image","twitter_misc":{"Tempo estimado de leitura":"1 minuto"},"schema":{"@context":"https:\/\/schema.org","@graph":[{"@type":"WebPage","@id":"https:\/\/datatex.com\/pt-pt\/marque-uma-consulta\/","url":"https:\/\/datatex.com\/pt-pt\/marque-uma-consulta\/","name":"Marque uma consulta gratuita connosco | Datatex","isPartOf":{"@id":"https:\/\/datatex.com\/pt-pt\/#website"},"datePublished":"2021-12-01T14:28:17+00:00","dateModified":"2025-10-03T10:19:54+00:00","description":"Marque uma demonstra\u00e7\u00e3o gratuita ou agende uma consulta gratuita com os nossos especialistas e descubra todos os benef\u00edcios do nosso ERP.","breadcrumb":{"@id":"https:\/\/datatex.com\/pt-pt\/marque-uma-consulta\/#breadcrumb"},"inLanguage":"pt-PT","potentialAction":[{"@type":"ReadAction","target":["https:\/\/datatex.com\/pt-pt\/marque-uma-consulta\/"]}]},{"@type":"BreadcrumbList","@id":"https:\/\/datatex.com\/pt-pt\/marque-uma-consulta\/#breadcrumb","itemListElement":[{"@type":"ListItem","position":1,"name":"Home","item":"https:\/\/datatex.com\/pt-pt\/"},{"@type":"ListItem","position":2,"name":"Marque uma consulta"}]},{"@type":"WebSite","@id":"https:\/\/datatex.com\/pt-pt\/#website","url":"https:\/\/datatex.com\/pt-pt\/","name":"Datatex","description":"Datatex: We Make IT Work for You","publisher":{"@id":"https:\/\/datatex.com\/pt-pt\/#organization"},"alternateName":"Datatex ERP","potentialAction":[{"@type":"SearchAction","target":{"@type":"EntryPoint","urlTemplate":"https:\/\/datatex.com\/pt-pt\/?s={search_term_string}"},"query-input":{"@type":"PropertyValueSpecification","valueRequired":true,"valueName":"search_term_string"}}],"inLanguage":"pt-PT"},{"@type":"Organization","@id":"https:\/\/datatex.com\/pt-pt\/#organization","name":"Datatex - We Make IT Work for You","url":"https:\/\/datatex.com\/pt-pt\/","logo":{"@type":"ImageObject","inLanguage":"pt-PT","@id":"https:\/\/datatex.com\/pt-pt\/#\/schema\/logo\/image\/","url":"https:\/\/datatex.com\/wp-content\/uploads\/2019\/09\/android-chrome-192x192-e1569404708453.png","contentUrl":"https:\/\/datatex.com\/wp-content\/uploads\/2019\/09\/android-chrome-192x192-e1569404708453.png","width":192,"height":192,"caption":"Datatex - We Make IT Work for You"},"image":{"@id":"https:\/\/datatex.com\/pt-pt\/#\/schema\/logo\/image\/"},"sameAs":["https:\/\/www.linkedin.com\/company\/datatex\/","https:\/\/www.youtube.com\/@datatexERPtextile"]}]}},"_links":{"self":[{"href":"https:\/\/datatex.com\/pt-pt\/wp-json\/wp\/v2\/pages\/25664","targetHints":{"allow":["GET"]}}],"collection":[{"href":"https:\/\/datatex.com\/pt-pt\/wp-json\/wp\/v2\/pages"}],"about":[{"href":"https:\/\/datatex.com\/pt-pt\/wp-json\/wp\/v2\/types\/page"}],"author":[{"embeddable":true,"href":"https:\/\/datatex.com\/pt-pt\/wp-json\/wp\/v2\/users\/7"}],"replies":[{"embeddable":true,"href":"https:\/\/datatex.com\/pt-pt\/wp-json\/wp\/v2\/comments?post=25664"}],"version-history":[{"count":13,"href":"https:\/\/datatex.com\/pt-pt\/wp-json\/wp\/v2\/pages\/25664\/revisions"}],"predecessor-version":[{"id":17895051,"href":"https:\/\/datatex.com\/pt-pt\/wp-json\/wp\/v2\/pages\/25664\/revisions\/17895051"}],"wp:attachment":[{"href":"https:\/\/datatex.com\/pt-pt\/wp-json\/wp\/v2\/media?parent=25664"}],"curies":[{"name":"wp","href":"https:\/\/api.w.org\/{rel}","templated":true}]}}