{"id":23623,"date":"2021-09-01T10:28:54","date_gmt":"2021-09-01T10:28:54","guid":{"rendered":"https:\/\/datatex.com\/?page_id=23623"},"modified":"2025-10-01T23:27:41","modified_gmt":"2025-10-01T23:27:41","slug":"politica-de-privacidade","status":"publish","type":"page","link":"https:\/\/datatex.com\/pt-pt\/politica-de-privacidade\/","title":{"rendered":"Pol\u00edtica de Privacidade"},"content":{"rendered":"<div class=\"fusion-fullwidth fullwidth-box fusion-builder-row-1 nonhundred-percent-fullwidth non-hundred-percent-height-scrolling\" style=\"--awb-border-radius-top-left:0px;--awb-border-radius-top-right:0px;--awb-border-radius-bottom-right:0px;--awb-border-radius-bottom-left:0px;--awb-flex-wrap:wrap;\" ><div class=\"fusion-builder-row fusion-row\"><div class=\"fusion-layout-column fusion_builder_column fusion-builder-column-0 fusion_builder_column_1_1 1_1 fusion-one-full fusion-column-first fusion-column-last\" style=\"--awb-bg-size:cover;\"><div class=\"fusion-column-wrapper fusion-column-has-shadow fusion-flex-column-wrapper-legacy\"><div class=\"fusion-title title fusion-title-1 fusion-sep-none fusion-title-text fusion-title-size-one\"><h1 class=\"fusion-title-heading title-heading-left\" style=\"margin:0;\">Datatex | Pol\u00edtica de privacidade<\/h1><\/div><div class=\"fusion-text fusion-text-1\"><h2><strong>1. Respons\u00e1vel pelo Tratamento de Dados<\/strong><\/h2>\n<p>O Respons\u00e1vel pelo Tratamento dos seus Dados Pessoais \u00e9 a Datatex Consulting S.r.l., entidade respons\u00e1vel perante si pela utiliza\u00e7\u00e3o leg\u00edtima e correta dos seus Dados Pessoais, a quem poder\u00e1 contactar para qualquer informa\u00e7\u00e3o ou pedido atrav\u00e9s dos seguintes contactos:<\/p>\n<p><strong>Respons\u00e1vel pelo Tratamento:<\/strong> Datatex Consulting S.r.l.<br \/><strong>Sede:<\/strong> Viale Sarca, 235, 20126 Mil\u00e3o \u2013 It\u00e1lia<\/p>\n<p><strong>Contactos:<\/strong><\/p>\n<ul>\n<li>Telefone: (+39) 026797441<\/li>\n<li>E-mail: privacy@datatex.com<\/li>\n<li>Correio eletr\u00f3nico certificado (PEC): datatexconsulting@certapec.it<\/li>\n<\/ul>\n<p>Poder\u00e1 igualmente contactar o Respons\u00e1vel pelo Tratamento para solicitar informa\u00e7\u00f5es, apresentar pedidos relacionados com os seus dados ou comunicar quaisquer problemas ou falhas detetadas.<\/p>\n<h2><strong>2. Tipos de Dados Recolhidos, Finalidades e Fundamento Jur\u00eddico<\/strong><\/h2>\n<p>Os Dados Pessoais tratados s\u00e3o recolhidos diretamente do Utilizador\/Titular dos Dados ou de forma autom\u00e1tica atrav\u00e9s do s\u00edtio web.<\/p>\n<p><strong>Dados fornecidos diretamente pelo Utilizador\/Titular dos Dados:<\/strong><br \/><strong>A)<\/strong> Finalidades estritamente relacionadas com a execu\u00e7\u00e3o de medidas pr\u00e9-contratuais e com a resposta a pedidos espec\u00edficos do Utilizador\/Titular dos Dados, nomeadamente no acesso \u00e0 \u00e1rea reservada para pedidos de consultoria e presta\u00e7\u00e3o dos servi\u00e7os relacionados.<\/p>\n<p style=\"padding-left: 40px;\"><strong>DADOS TRATADOS<\/strong>:<\/p>\n<ul>\n<li>Formul\u00e1rio \u201c<strong>Marcar uma consultoria<\/strong>\u201d: Nome, Apelido, Empresa, Pa\u00eds, Telefone, Website, E-mail.<\/li>\n<li>Formul\u00e1rio \u201c<strong>Contacte-nos<\/strong>\u201d: Nome, Apelido, Empresa, Pa\u00eds, Telefone, E-mail.<\/li>\n<li>Formul\u00e1rio \u201c<strong>Download<\/strong>\u201d: Nome, Apelido, Empresa, Pa\u00eds, E-mail.<\/li>\n<li>Formul\u00e1rio \u201c<strong>Inscreva-se no webinar<\/strong>\u201d: Nome, Apelido, Empresa, Pa\u00eds, E-mail.<\/li>\n<li>Formul\u00e1rio \u201c<strong>Subscreva a nossa newsletter<\/strong>\u201d: E-mail.<\/li>\n<\/ul>\n<p style=\"padding-left: 40px;\"><strong>FUNDAMENTO JUR\u00edDICO: <\/strong>Execu\u00e7\u00e3o de contrato do qual o Titular dos Dados \u00e9 parte e\/ou execu\u00e7\u00e3o de medidas pr\u00e9-contratuais a pedido do Titular dos Dados.<\/p>\n<hr \/>\n<p><strong>B) <\/strong>Exerc\u00edcio dos direitos do Respons\u00e1vel, por exemplo o direito de defesa em processo judicial.<\/p>\n<p style=\"padding-left: 40px;\"><strong>DADOS TRATADOS<\/strong>:<\/p>\n<ul>\n<li>Formul\u00e1rio \u201c<strong>Marcar uma consultoria<\/strong>\u201d: Nome, Apelido, Empresa, Pa\u00eds, Telefone, Website, E-mail.<\/li>\n<li>Formul\u00e1rio \u201c<strong>Contacte-nos<\/strong>\u201d: Nome, Apelido, Empresa, Pa\u00eds, Telefone, E-mail.<\/li>\n<li>Formul\u00e1rio \u201c<strong>Download<\/strong>\u201d: Nome, Apelido, Empresa, Pa\u00eds, E-mail.<\/li>\n<li>Formul\u00e1rio \u201c<strong>Inscreva-se no webinar<\/strong>\u201d: Nome, Apelido, Empresa, Pa\u00eds, E-mail.<\/li>\n<li>Formul\u00e1rio \u201c<strong>Subscreva a nossa newsletter<\/strong>\u201d: E-mail.<\/li>\n<\/ul>\n<p style=\"padding-left: 40px;\"><strong>\u00a0FUNDAMENTO JUR\u00edDICO<\/strong>: Interesse leg\u00edtimo.<\/p>\n<p><strong>C) <\/strong>Finalidades de marketing direto e estudos de mercado, nomeadamente para o envio de newsletters e material publicit\u00e1rio e informativo.<\/p>\n<hr \/>\n<p style=\"padding-left: 40px;\"><strong>DADOS TRATADOS<\/strong>:<\/p>\n<ul>\n<li>Formul\u00e1rio \u201c<strong>Marcar uma consultoria<\/strong>\u201d: Nome, Apelido, Empresa, Pa\u00eds, Telefone, Website, E-mail.<\/li>\n<li>Formul\u00e1rio \u201c<strong>Contacte-nos<\/strong>\u201d: Nome, Apelido, Empresa, Pa\u00eds, Telefone, E-mail.<\/li>\n<li>Formul\u00e1rio \u201c<strong>Download<\/strong>\u201d: Nome, Apelido, Empresa, Pa\u00eds, E-mail.<\/li>\n<li>Formul\u00e1rio \u201c<strong>Inscreva-se no webinar<\/strong>\u201d: Nome, Apelido, Empresa, Pa\u00eds, E-mail.<\/li>\n<li>Formul\u00e1rio \u201c<strong>Subscreva a nossa newsletter<\/strong>\u201d: E-mail.<\/li>\n<\/ul>\n<p style=\"padding-left: 40px;\"><strong>\u00a0FUNDAMENTO JUR\u00edDICO: <\/strong>Consentimento.<\/p>\n<p><strong>D)<\/strong> Personnel recruitment.<\/p>\n<p style=\"padding-left: 40px;\"><strong>DADOS TRATADOS<\/strong>:<\/p>\n<ul>\n<li>\u201c<strong>Join us<\/strong>\u201d form: First Name, Last Name, Date of Birth, Phone, Email, Nationality, Address, Preferred Work Location, Selected Job Offer, CV.<\/li>\n<\/ul>\n<p style=\"padding-left: 40px;\"><strong>\u00a0FUNDAMENTO JUR\u00edDICO: <\/strong>Interesse leg\u00edtimo.<\/p>\n<p>O Utilizador\/Titular dos Dados assume a responsabilidade pelos Dados Pessoais de terceiros obtidos, publicados ou partilhados atrav\u00e9s desta Aplica\u00e7\u00e3o e garante que possui o direito de os comunicar ou difundir, isentando o Respons\u00e1vel de qualquer responsabilidade perante terceiros.<\/p>\n<p><strong>Dados recolhidos automaticamente atrav\u00e9s do site:<\/strong><\/p>\n<p>Incluem-se informa\u00e7\u00f5es recolhidas automaticamente atrav\u00e9s do site <a href=\"https:\/\/datatex.com\/pt-pt\/\">https:\/\/datatex.com\/<\/a> (incluindo aplica\u00e7\u00f5es de terceiros integradas nesta Aplica\u00e7\u00e3o), como: endere\u00e7os IP ou nomes de dom\u00ednio dos computadores utilizados pelo Utilizador\/Titular dos Dados que acede ao site; endere\u00e7os URI (Uniform Resource Identifier); hora do pedido; m\u00e9todo utilizado para enviar o pedido ao servidor; tamanho do ficheiro obtido como resposta; c\u00f3digo num\u00e9rico indicativo do estado da resposta do servidor (sucesso, erro, etc.); pa\u00eds de origem; caracter\u00edsticas do navegador e do sistema operativo utilizados pelo visitante; dura\u00e7\u00e3o da visita em cada p\u00e1gina; caminho de navega\u00e7\u00e3o dentro da Aplica\u00e7\u00e3o, com particular refer\u00eancia \u00e0 sequ\u00eancia das p\u00e1ginas visitadas; par\u00e2metros relativos ao sistema operativo e ao ambiente inform\u00e1tico do Utilizador\/Titular dos Dados.<\/p>\n<p>Informa\u00e7\u00f5es completas sobre os tipos de dados recolhidos encontram-se na Pol\u00edtica de Cookies do site.<\/p>\n<p>Estes dados s\u00e3o tratados exclusivamente para os fins para os quais s\u00e3o recolhidos, nomeadamente para permitir o funcionamento do site, visualiza\u00e7\u00e3o de conte\u00fados de plataformas externas, estat\u00edsticas, otimiza\u00e7\u00e3o e distribui\u00e7\u00e3o de tr\u00e1fego, bem como para outras finalidades descritas neste documento e na Pol\u00edtica de Cookies.<\/p>\n<h2><strong>3. Natureza obrigat\u00f3ria ou facultativa da presta\u00e7\u00e3o de dados e consequ\u00eancias de uma eventual recusa<\/strong><\/h2>\n<p>A presta\u00e7\u00e3o de dados para as finalidades referidas nos pontos A e B \u00e9 facultativa, mas necess\u00e1ria para a execu\u00e7\u00e3o do contrato.<\/p>\n<p>A presta\u00e7\u00e3o de dados para as finalidades referidas no ponto C \u00e9 facultativa e sujeita ao seu consentimento pr\u00e9vio; em caso de n\u00e3o consentimento, os seus dados n\u00e3o ser\u00e3o utilizados para essas finalidades.<\/p>\n<p>Salvo indica\u00e7\u00e3o em contr\u00e1rio, todos os dados solicitados durante a navega\u00e7\u00e3o no site s\u00e3o obrigat\u00f3rios. A recusa em fornec\u00ea-los poder\u00e1 impedir o funcionamento correto da Aplica\u00e7\u00e3o ou a presta\u00e7\u00e3o do Servi\u00e7o. Quando alguns dados forem assinalados como facultativos, o Utilizador poder\u00e1 optar por n\u00e3o os fornecer, sem preju\u00edzo para a disponibilidade ou funcionamento do Servi\u00e7o.<\/p>\n<p>Em caso de d\u00favidas sobre quais dados s\u00e3o obrigat\u00f3rios, o Utilizador \u00e9 convidado a contactar o Respons\u00e1vel pelo Tratamento.<\/p>\n<h2><strong>4. Modalidades de Tratamento<\/strong><\/h2>\n<p>O Respons\u00e1vel adota medidas de seguran\u00e7a adequadas para impedir o acesso, divulga\u00e7\u00e3o, altera\u00e7\u00e3o ou destrui\u00e7\u00e3o n\u00e3o autorizada dos Dados Pessoais.<\/p>\n<p>O tratamento \u00e9 realizado atrav\u00e9s de ferramentas inform\u00e1ticas e\/ou telem\u00e1ticas, com m\u00e9todos organizativos e l\u00f3gicas estritamente relacionadas com as finalidades indicadas.<\/p>\n<h2><strong>5. Destinat\u00e1rios<\/strong><\/h2>\n<p>Os seus dados poder\u00e3o ser comunicados, al\u00e9m dos colaboradores devidamente autorizados, \u00e0s seguintes entidades, nomeadas, se necess\u00e1rio, como Subcontratantes pelo Respons\u00e1vel:<\/p>\n<ul>\n<li>Consultores e empresas que prestam assist\u00eancia t\u00e9cnica e de infraestrutura inform\u00e1tica \u00e0 Empresa;<\/li>\n<li>Outras empresas, profissionais e agentes que colaboram com a Empresa na presta\u00e7\u00e3o de servi\u00e7os.<\/li>\n<\/ul>\n<p>A lista atualizada dos Subcontratantes pode ser solicitada ao Respons\u00e1vel pelo Tratamento. Os dados n\u00e3o ser\u00e3o objeto de difus\u00e3o para outros fins.<\/p>\n<h2><strong>6. Local do Tratamento<\/strong><\/h2>\n<p>Os dados s\u00e3o tratados nas instala\u00e7\u00f5es do Respons\u00e1vel pelo Tratamento e em qualquer outro local onde se encontrem as partes envolvidas no tratamento.<\/p>\n<p>Os dados fornecidos diretamente pelo Utilizador\/Titular dos Dados ou recolhidos automaticamente podem ser transferidos para um pa\u00eds diferente daquele onde se encontra o Utilizador, inclusive para fora do Espa\u00e7o Econ\u00f3mico Europeu. Nesse caso, a Datatex Consulting S.r.l. garante que o tratamento dos seus Dados Pessoais pelos destinat\u00e1rios ser\u00e1 realizado em conformidade com o Regulamento (UE) 2016\/679, em particular com o artigo 45 (decis\u00e3o de adequa\u00e7\u00e3o da Comiss\u00e3o Europeia), ou, na aus\u00eancia de tal decis\u00e3o, em conformidade com o artigo 46 (garantias adequadas) ou com o artigo 49.\u00ba, n.\u00ba 1, al\u00ednea b), relativo \u00e0 necessidade de transfer\u00eancia para a execu\u00e7\u00e3o de um contrato celebrado entre o titular dos dados e o respons\u00e1vel ou para medidas pr\u00e9-contratuais adotadas a pedido do titular.<\/p>\n<p>Informa\u00e7\u00f5es adicionais sobre o local de tratamento poder\u00e3o ser consultadas na Pol\u00edtica de Cookies ou solicitadas ao Respons\u00e1vel pelo Tratamento.<\/p>\n<h2><strong>7. Per\u00edodo de Conserva\u00e7\u00e3o<\/strong><\/h2>\n<p><strong>Dados fornecidos diretamente pelo Utilizador\/Titular dos Dados<\/strong><\/p>\n<p>Os Dados Pessoais fornecidos para responder a pedidos espec\u00edficos e\/ou realizar medidas pr\u00e9-contratuais ser\u00e3o tratados e conservados pelo tempo necess\u00e1rio ao cumprimento dessas finalidades e, em qualquer caso, por um per\u00edodo n\u00e3o superior a 5 anos a contar da sua recolha.<\/p>\n<p>Os dados de registo utilizados para criar e utilizar a conta da \u00e1rea reservada ser\u00e3o conservados at\u00e9 eventual pedido de elimina\u00e7\u00e3o por parte do titular dos dados.<\/p>\n<p>Os Dados Pessoais tratados com base no interesse leg\u00edtimo do Respons\u00e1vel ser\u00e3o conservados at\u00e9 que esse interesse seja satisfeito. No caso de lit\u00edgios, os dados ser\u00e3o tratados at\u00e9 \u00e0 sua resolu\u00e7\u00e3o. Al\u00e9m disso, o Respons\u00e1vel poder\u00e1 conservar os dados por um per\u00edodo mais longo caso exista uma obriga\u00e7\u00e3o legal ou ordem de autoridade p\u00fablica.<\/p>\n<p>Ap\u00f3s o termo do per\u00edodo de conserva\u00e7\u00e3o, os Dados Pessoais ser\u00e3o eliminados. Assim, expirado este prazo, os direitos de acesso, apagamento, retifica\u00e7\u00e3o e portabilidade deixar\u00e3o de poder ser exercidos.<\/p>\n<p><strong>Dados recolhidos automaticamente atrav\u00e9s do site<\/strong><\/p>\n<p>Os dados recolhidos automaticamente ser\u00e3o conservados pelo per\u00edodo indicado na Pol\u00edtica de Cookies.<\/p>\n<p>Ap\u00f3s o termo do per\u00edodo de conserva\u00e7\u00e3o, os Dados Pessoais ser\u00e3o eliminados. Assim, expirado este prazo, os direitos de acesso, apagamento, retifica\u00e7\u00e3o e portabilidade deixar\u00e3o de poder ser exercidos.<\/p>\n<h2><strong>8. Direitos do Titular dos Dados<\/strong><\/h2>\n<p>Nos termos dos artigos 15.\u00ba a 22.\u00ba do RGPD, cada Utilizador\/Titular dos Dados tem o direito de obter a confirma\u00e7\u00e3o da exist\u00eancia ou n\u00e3o de dados pessoais que lhe digam respeito, mesmo que ainda n\u00e3o registados, e a sua comunica\u00e7\u00e3o de forma intelig\u00edvel.<\/p>\n<p>Em particular, o Titular dos Dados tem o direito de obter do Respons\u00e1vel:<\/p>\n<ul>\n<li>a origem dos Dados Pessoais;<\/li>\n<li>as finalidades e os m\u00e9todos de tratamento;<\/li>\n<li>a l\u00f3gica aplicada em caso de tratamento efetuado com aux\u00edlio de ferramentas eletr\u00f3nicas;<\/li>\n<li>os dados identificativos do Respons\u00e1vel, dos Subcontratantes e do Representante eventualmente designado;<\/li>\n<li>os destinat\u00e1rios ou categorias de destinat\u00e1rios a quem os dados podem ser comunicados.<\/li>\n<\/ul>\n<p>Al\u00e9m disso, o Titular tem o direito de obter:<\/p>\n<ul>\n<li>a atualiza\u00e7\u00e3o, retifica\u00e7\u00e3o ou, se for do seu interesse, a integra\u00e7\u00e3o dos dados;<\/li>\n<li>o apagamento, anonimiza\u00e7\u00e3o ou bloqueio dos dados tratados em viola\u00e7\u00e3o da lei;<\/li>\n<li>o acesso aos seus dados;<\/li>\n<li>a limita\u00e7\u00e3o do tratamento;<\/li>\n<li>a portabilidade dos dados, ou seja, o direito de receber os seus Dados Pessoais num formato estruturado, de uso corrente e leitura autom\u00e1tica;<\/li>\n<li>o direito de apresentar reclama\u00e7\u00e3o \u00e0 autoridade de controlo competente.<\/li>\n<\/ul>\n<p>Por fim, o Titular dos Dados tem o direito de se opor, total ou parcialmente, por motivos leg\u00edtimos, ao tratamento dos seus Dados Pessoais, mesmo que pertinentes para a finalidade da recolha. Em especial, o Titular dos Dados tem o direito de se opor ao tratamento para fins de marketing direto ou comunica\u00e7\u00e3o comercial.<\/p>\n<p>O exerc\u00edcio destes direitos poder\u00e1 ser realizado mediante contacto com os dados indicados no ponto 1 da presente pol\u00edtica de privacidade.<\/p>\n<\/div><div class=\"fusion-clearfix\"><\/div><\/div><\/div><\/div><\/div>\n","protected":false},"excerpt":{"rendered":"","protected":false},"author":7,"featured_media":0,"parent":0,"menu_order":0,"comment_status":"closed","ping_status":"open","template":"","meta":{"two_page_speed":{"current_score":{"desktop_score":89,"desktop_tti":"0.7\u00a0","mobile_score":75,"mobile_tti":"3.6\u00a0","date":"29.09.2025 05:38:44 pm","status":"error_no_score"}},"footnotes":""},"class_list":["post-23623","page","type-page","status-publish","hentry"],"yoast_head":"<!-- This site is optimized with the Yoast SEO plugin v25.1 - https:\/\/yoast.com\/wordpress\/plugins\/seo\/ -->\n<title>Datatex | Pol\u00edtica de Privacidade<\/title>\n<meta name=\"description\" content=\"Saiba como a Datatex recolhe, utiliza e protege os seus dados pessoais em conformidade com os regulamentos de privacidade globais.\" \/>\n<meta name=\"robots\" content=\"index, follow, max-snippet:-1, max-image-preview:large, max-video-preview:-1\" \/>\n<link rel=\"canonical\" href=\"https:\/\/datatex.com\/pt-pt\/politica-de-privacidade\/\" \/>\n<meta property=\"og:locale\" content=\"pt_PT\" \/>\n<meta property=\"og:type\" content=\"article\" \/>\n<meta property=\"og:title\" content=\"Datatex | Pol\u00edtica de Privacidade\" \/>\n<meta property=\"og:description\" content=\"Saiba como a Datatex recolhe, utiliza e protege os seus dados pessoais em conformidade com os regulamentos de privacidade globais.\" \/>\n<meta property=\"og:url\" content=\"https:\/\/datatex.com\/pt-pt\/politica-de-privacidade\/\" \/>\n<meta property=\"og:site_name\" content=\"Datatex\" \/>\n<meta property=\"article:modified_time\" content=\"2025-10-01T23:27:41+00:00\" \/>\n<meta name=\"twitter:card\" content=\"summary_large_image\" \/>\n<meta name=\"twitter:label1\" content=\"Tempo estimado de leitura\" \/>\n\t<meta name=\"twitter:data1\" content=\"7 minutos\" \/>\n<script type=\"application\/ld+json\" class=\"yoast-schema-graph\">{\"@context\":\"https:\/\/schema.org\",\"@graph\":[{\"@type\":\"WebPage\",\"@id\":\"https:\/\/datatex.com\/pt-pt\/politica-de-privacidade\/\",\"url\":\"https:\/\/datatex.com\/pt-pt\/politica-de-privacidade\/\",\"name\":\"Datatex | Pol\u00edtica de Privacidade\",\"isPartOf\":{\"@id\":\"https:\/\/datatex.com\/pt-pt\/#website\"},\"datePublished\":\"2021-09-01T10:28:54+00:00\",\"dateModified\":\"2025-10-01T23:27:41+00:00\",\"description\":\"Saiba como a Datatex recolhe, utiliza e protege os seus dados pessoais em conformidade com os regulamentos de privacidade globais.\",\"breadcrumb\":{\"@id\":\"https:\/\/datatex.com\/pt-pt\/politica-de-privacidade\/#breadcrumb\"},\"inLanguage\":\"pt-PT\",\"potentialAction\":[{\"@type\":\"ReadAction\",\"target\":[\"https:\/\/datatex.com\/pt-pt\/politica-de-privacidade\/\"]}]},{\"@type\":\"BreadcrumbList\",\"@id\":\"https:\/\/datatex.com\/pt-pt\/politica-de-privacidade\/#breadcrumb\",\"itemListElement\":[{\"@type\":\"ListItem\",\"position\":1,\"name\":\"Home\",\"item\":\"https:\/\/datatex.com\/pt-pt\/\"},{\"@type\":\"ListItem\",\"position\":2,\"name\":\"Pol\u00edtica de Privacidade\"}]},{\"@type\":\"WebSite\",\"@id\":\"https:\/\/datatex.com\/pt-pt\/#website\",\"url\":\"https:\/\/datatex.com\/pt-pt\/\",\"name\":\"Datatex\",\"description\":\"Datatex: We Make IT Work for You\",\"publisher\":{\"@id\":\"https:\/\/datatex.com\/pt-pt\/#organization\"},\"alternateName\":\"Datatex ERP\",\"potentialAction\":[{\"@type\":\"SearchAction\",\"target\":{\"@type\":\"EntryPoint\",\"urlTemplate\":\"https:\/\/datatex.com\/pt-pt\/?s={search_term_string}\"},\"query-input\":{\"@type\":\"PropertyValueSpecification\",\"valueRequired\":true,\"valueName\":\"search_term_string\"}}],\"inLanguage\":\"pt-PT\"},{\"@type\":\"Organization\",\"@id\":\"https:\/\/datatex.com\/pt-pt\/#organization\",\"name\":\"Datatex - We Make IT Work for You\",\"url\":\"https:\/\/datatex.com\/pt-pt\/\",\"logo\":{\"@type\":\"ImageObject\",\"inLanguage\":\"pt-PT\",\"@id\":\"https:\/\/datatex.com\/pt-pt\/#\/schema\/logo\/image\/\",\"url\":\"https:\/\/datatex.com\/wp-content\/uploads\/2019\/09\/android-chrome-192x192-e1569404708453.png\",\"contentUrl\":\"https:\/\/datatex.com\/wp-content\/uploads\/2019\/09\/android-chrome-192x192-e1569404708453.png\",\"width\":192,\"height\":192,\"caption\":\"Datatex - We Make IT Work for You\"},\"image\":{\"@id\":\"https:\/\/datatex.com\/pt-pt\/#\/schema\/logo\/image\/\"},\"sameAs\":[\"https:\/\/www.linkedin.com\/company\/datatex\/\",\"https:\/\/www.youtube.com\/@datatexERPtextile\"]}]}<\/script>\n<!-- \/ Yoast SEO plugin. -->","yoast_head_json":{"title":"Datatex | Pol\u00edtica de Privacidade","description":"Saiba como a Datatex recolhe, utiliza e protege os seus dados pessoais em conformidade com os regulamentos de privacidade globais.","robots":{"index":"index","follow":"follow","max-snippet":"max-snippet:-1","max-image-preview":"max-image-preview:large","max-video-preview":"max-video-preview:-1"},"canonical":"https:\/\/datatex.com\/pt-pt\/politica-de-privacidade\/","og_locale":"pt_PT","og_type":"article","og_title":"Datatex | Pol\u00edtica de Privacidade","og_description":"Saiba como a Datatex recolhe, utiliza e protege os seus dados pessoais em conformidade com os regulamentos de privacidade globais.","og_url":"https:\/\/datatex.com\/pt-pt\/politica-de-privacidade\/","og_site_name":"Datatex","article_modified_time":"2025-10-01T23:27:41+00:00","twitter_card":"summary_large_image","twitter_misc":{"Tempo estimado de leitura":"7 minutos"},"schema":{"@context":"https:\/\/schema.org","@graph":[{"@type":"WebPage","@id":"https:\/\/datatex.com\/pt-pt\/politica-de-privacidade\/","url":"https:\/\/datatex.com\/pt-pt\/politica-de-privacidade\/","name":"Datatex | Pol\u00edtica de Privacidade","isPartOf":{"@id":"https:\/\/datatex.com\/pt-pt\/#website"},"datePublished":"2021-09-01T10:28:54+00:00","dateModified":"2025-10-01T23:27:41+00:00","description":"Saiba como a Datatex recolhe, utiliza e protege os seus dados pessoais em conformidade com os regulamentos de privacidade globais.","breadcrumb":{"@id":"https:\/\/datatex.com\/pt-pt\/politica-de-privacidade\/#breadcrumb"},"inLanguage":"pt-PT","potentialAction":[{"@type":"ReadAction","target":["https:\/\/datatex.com\/pt-pt\/politica-de-privacidade\/"]}]},{"@type":"BreadcrumbList","@id":"https:\/\/datatex.com\/pt-pt\/politica-de-privacidade\/#breadcrumb","itemListElement":[{"@type":"ListItem","position":1,"name":"Home","item":"https:\/\/datatex.com\/pt-pt\/"},{"@type":"ListItem","position":2,"name":"Pol\u00edtica de Privacidade"}]},{"@type":"WebSite","@id":"https:\/\/datatex.com\/pt-pt\/#website","url":"https:\/\/datatex.com\/pt-pt\/","name":"Datatex","description":"Datatex: We Make IT Work for You","publisher":{"@id":"https:\/\/datatex.com\/pt-pt\/#organization"},"alternateName":"Datatex ERP","potentialAction":[{"@type":"SearchAction","target":{"@type":"EntryPoint","urlTemplate":"https:\/\/datatex.com\/pt-pt\/?s={search_term_string}"},"query-input":{"@type":"PropertyValueSpecification","valueRequired":true,"valueName":"search_term_string"}}],"inLanguage":"pt-PT"},{"@type":"Organization","@id":"https:\/\/datatex.com\/pt-pt\/#organization","name":"Datatex - We Make IT Work for You","url":"https:\/\/datatex.com\/pt-pt\/","logo":{"@type":"ImageObject","inLanguage":"pt-PT","@id":"https:\/\/datatex.com\/pt-pt\/#\/schema\/logo\/image\/","url":"https:\/\/datatex.com\/wp-content\/uploads\/2019\/09\/android-chrome-192x192-e1569404708453.png","contentUrl":"https:\/\/datatex.com\/wp-content\/uploads\/2019\/09\/android-chrome-192x192-e1569404708453.png","width":192,"height":192,"caption":"Datatex - We Make IT Work for You"},"image":{"@id":"https:\/\/datatex.com\/pt-pt\/#\/schema\/logo\/image\/"},"sameAs":["https:\/\/www.linkedin.com\/company\/datatex\/","https:\/\/www.youtube.com\/@datatexERPtextile"]}]}},"_links":{"self":[{"href":"https:\/\/datatex.com\/pt-pt\/wp-json\/wp\/v2\/pages\/23623","targetHints":{"allow":["GET"]}}],"collection":[{"href":"https:\/\/datatex.com\/pt-pt\/wp-json\/wp\/v2\/pages"}],"about":[{"href":"https:\/\/datatex.com\/pt-pt\/wp-json\/wp\/v2\/types\/page"}],"author":[{"embeddable":true,"href":"https:\/\/datatex.com\/pt-pt\/wp-json\/wp\/v2\/users\/7"}],"replies":[{"embeddable":true,"href":"https:\/\/datatex.com\/pt-pt\/wp-json\/wp\/v2\/comments?post=23623"}],"version-history":[{"count":13,"href":"https:\/\/datatex.com\/pt-pt\/wp-json\/wp\/v2\/pages\/23623\/revisions"}],"predecessor-version":[{"id":17893754,"href":"https:\/\/datatex.com\/pt-pt\/wp-json\/wp\/v2\/pages\/23623\/revisions\/17893754"}],"wp:attachment":[{"href":"https:\/\/datatex.com\/pt-pt\/wp-json\/wp\/v2\/media?parent=23623"}],"curies":[{"name":"wp","href":"https:\/\/api.w.org\/{rel}","templated":true}]}}