{"id":23402,"date":"2021-09-01T10:33:10","date_gmt":"2021-09-01T10:33:10","guid":{"rendered":"https:\/\/datatex.com\/?page_id=23402"},"modified":"2025-10-01T12:30:35","modified_gmt":"2025-10-01T12:30:35","slug":"novidades-e-eventos","status":"publish","type":"page","link":"https:\/\/datatex.com\/pt-pt\/novidades-e-eventos\/","title":{"rendered":"Novidades e Eventos"},"content":{"rendered":"<div class=\"fusion-fullwidth fullwidth-box fusion-builder-row-1 nonhundred-percent-fullwidth non-hundred-percent-height-scrolling\" style=\"--awb-border-radius-top-left:0px;--awb-border-radius-top-right:0px;--awb-border-radius-bottom-right:0px;--awb-border-radius-bottom-left:0px;--awb-flex-wrap:wrap;\" ><div class=\"fusion-builder-row fusion-row\"><div class=\"fusion-layout-column fusion_builder_column fusion-builder-column-0 fusion_builder_column_1_1 1_1 fusion-one-full fusion-column-first fusion-column-last\" style=\"--awb-bg-size:cover;\"><div class=\"fusion-column-wrapper fusion-column-has-shadow fusion-flex-column-wrapper-legacy\"><div class=\"fusion-blog-shortcode fusion-blog-shortcode-1 fusion-blog-archive fusion-blog-layout-grid-wrapper fusion-blog-pagination fusion-blog-layout-center\"><style type=\"text\/css\">.fusion-blog-shortcode-1 .fusion-blog-layout-grid .fusion-post-grid{padding:20px;}.fusion-blog-shortcode-1 .fusion-posts-container{margin-left: -20px !important; margin-right:-20px !important;}<\/style><div class=\"fusion-posts-container fusion-posts-container-pagination fusion-no-meta-info fusion-blog-rollover fusion-blog-layout-grid fusion-blog-layout-grid-3 isotope fusion-blog-equal-heights\" data-pages=\"13\" data-grid-col-space=\"40\" style=\"margin: -20px -20px 0;min-height:500px;\"><article id=\"blog-1-post-17895758\" class=\"fusion-post-grid post-17895758 post type-post status-publish format-standard has-post-thumbnail hentry category-novidades\">\n<div class=\"fusion-post-wrapper\" style=\"background-color:rgba(255,255,255,0);border:1px solid #ebeaea;border-bottom-width:3px;\">\n\n\t\t\t<div class=\"fusion-flexslider flexslider fusion-flexslider-loading fusion-post-slideshow\" style=\"border-color:#ebeaea;\">\n\t\t<ul class=\"slides\">\n\t\t\t\n\t\t\t\t\t\t\t\t\t\t\t\t\t\t<li><div  class=\"fusion-image-wrapper\" aria-haspopup=\"true\">\n\t\t\t\t<img decoding=\"async\" width=\"700\" height=\"400\" src=\"https:\/\/datatex.com\/wp-content\/uploads\/2026\/03\/DeSL-Joins-Textile-Solutions-Group.webp\" class=\"attachment-full size-full wp-post-image\" alt=\"DeSL Joins Textile Solutions Group\" srcset=\"https:\/\/datatex.com\/wp-content\/uploads\/2026\/03\/DeSL-Joins-Textile-Solutions-Group-200x114.webp 200w, https:\/\/datatex.com\/wp-content\/uploads\/2026\/03\/DeSL-Joins-Textile-Solutions-Group-300x171.webp 300w, https:\/\/datatex.com\/wp-content\/uploads\/2026\/03\/DeSL-Joins-Textile-Solutions-Group-400x229.webp 400w, https:\/\/datatex.com\/wp-content\/uploads\/2026\/03\/DeSL-Joins-Textile-Solutions-Group-600x343.webp 600w, https:\/\/datatex.com\/wp-content\/uploads\/2026\/03\/DeSL-Joins-Textile-Solutions-Group.webp 700w\" sizes=\"(min-width: 2200px) 100vw, (min-width: 784px) 340px, (min-width: 712px) 510px, (min-width: 640px) 712px, \" \/><div class=\"fusion-rollover\">\n\t<div class=\"fusion-rollover-content\">\n\n\t\t\t\t\n\t\t\n\t\t\t\t\t\t\t\t\n\t\t\t\t\t\t\t\t\n\t\t\n\t\t\t\t\t\t<a class=\"fusion-link-wrapper\" href=\"https:\/\/datatex.com\/pt-pt\/textile-solutions-group-da-as-boas-vindas-a-desl\/\" aria-label=\"O Textile Solutions Group d\u00e1 as boas-vindas \u00e0 DeSL para fortalecer o ecossistema digital para t\u00eaxteis e vestu\u00e1rio\"><\/a>\n\t<\/div>\n<\/div>\n<\/div>\n<\/li>\n\t\t\t\n\t\t\t\n\t\t\t\t\t\t\t\t\t\t\t\t\t\t\t\t\t\t\t\t\t\t\t\t\t\t\t\t\t\t\t\t\t\t\t\t\t\t\t\t\t\t\t\t\t\t\t\t\t\t\t\t\t\t\t\t\t\t\t\t\t\t\t\t\t\t\t\t<\/ul>\n\t<\/div>\n\t<div class=\"fusion-post-content-wrapper\" style=\"padding:30px 25px 20px 25px;\"><div class=\"fusion-post-content post-content\"><h2 class=\"blog-shortcode-post-title entry-title\"><a href=\"https:\/\/datatex.com\/pt-pt\/textile-solutions-group-da-as-boas-vindas-a-desl\/\">O Textile Solutions Group d\u00e1 as boas-vindas \u00e0 DeSL para fortalecer o ecossistema digital para t\u00eaxteis e vestu\u00e1rio<\/a><\/h2><\/div><\/div><div class=\"fusion-clearfix\"><\/div><\/div>\n<\/article>\n<article id=\"blog-1-post-17894510\" class=\"fusion-post-grid post-17894510 post type-post status-publish format-standard has-post-thumbnail hentry category-novidades\">\n<div class=\"fusion-post-wrapper\" style=\"background-color:rgba(255,255,255,0);border:1px solid #ebeaea;border-bottom-width:3px;\">\n\n\t\t\t<div class=\"fusion-flexslider flexslider fusion-flexslider-loading fusion-post-slideshow\" style=\"border-color:#ebeaea;\">\n\t\t<ul class=\"slides\">\n\t\t\t\n\t\t\t\t\t\t\t\t\t\t\t\t\t\t<li><div  class=\"fusion-image-wrapper\" aria-haspopup=\"true\">\n\t\t\t\t<img decoding=\"async\" width=\"700\" height=\"400\" src=\"https:\/\/datatex.com\/wp-content\/uploads\/2023\/09\/4.jpg-e1758276236789.jpg\" class=\"attachment-full size-full wp-post-image\" alt=\"Textile Solutions Group\" srcset=\"https:\/\/datatex.com\/wp-content\/uploads\/2023\/09\/4.jpg-e1758276236789-200x114.jpg 200w, https:\/\/datatex.com\/wp-content\/uploads\/2023\/09\/4.jpg-e1758276236789-400x229.jpg 400w, https:\/\/datatex.com\/wp-content\/uploads\/2023\/09\/4.jpg-e1758276236789-600x343.jpg 600w, https:\/\/datatex.com\/wp-content\/uploads\/2023\/09\/4.jpg-e1758276236789.jpg 700w\" sizes=\"(min-width: 2200px) 100vw, (min-width: 784px) 340px, (min-width: 712px) 510px, (min-width: 640px) 712px, \" \/><div class=\"fusion-rollover\">\n\t<div class=\"fusion-rollover-content\">\n\n\t\t\t\t\n\t\t\n\t\t\t\t\t\t\t\t\n\t\t\t\t\t\t\t\t\n\t\t\n\t\t\t\t\t\t<a class=\"fusion-link-wrapper\" href=\"https:\/\/datatex.com\/pt-pt\/textile-solutions-group-nomeia-anton-hofmeier-ceo\/\" aria-label=\"O Grupo Textile Solutions nomeia Anton Hofmeier como Diretor Executivo do Grupo\"><\/a>\n\t<\/div>\n<\/div>\n<\/div>\n<\/li>\n\t\t\t\n\t\t\t\n\t\t\t\t\t\t\t\t\t\t\t\t\t\t\t\t\t\t\t\t\t\t\t\t\t\t\t\t\t\t\t\t\t\t\t\t\t\t\t\t\t\t\t\t\t\t\t\t\t\t\t\t\t\t\t\t\t\t\t\t\t\t\t\t\t\t\t\t<\/ul>\n\t<\/div>\n\t<div class=\"fusion-post-content-wrapper\" style=\"padding:30px 25px 20px 25px;\"><div class=\"fusion-post-content post-content\"><h2 class=\"blog-shortcode-post-title entry-title\"><a href=\"https:\/\/datatex.com\/pt-pt\/textile-solutions-group-nomeia-anton-hofmeier-ceo\/\">O Grupo Textile Solutions nomeia Anton Hofmeier como Diretor Executivo do Grupo<\/a><\/h2><\/div><\/div><div class=\"fusion-clearfix\"><\/div><\/div>\n<\/article>\n<article id=\"blog-1-post-17893846\" class=\"fusion-post-grid post-17893846 post type-post status-publish format-standard has-post-thumbnail hentry category-feiras\">\n<div class=\"fusion-post-wrapper\" style=\"background-color:rgba(255,255,255,0);border:1px solid #ebeaea;border-bottom-width:3px;\">\n\n\t\t\t<div class=\"fusion-flexslider flexslider fusion-flexslider-loading fusion-post-slideshow\" style=\"border-color:#ebeaea;\">\n\t\t<ul class=\"slides\">\n\t\t\t\n\t\t\t\t\t\t\t\t\t\t\t\t\t\t<li><div  class=\"fusion-image-wrapper\" aria-haspopup=\"true\">\n\t\t\t\t<img decoding=\"async\" width=\"700\" height=\"400\" src=\"https:\/\/datatex.com\/wp-content\/uploads\/2025\/07\/shutterstock_2454849299-1-1.jpg\" class=\"attachment-full size-full wp-post-image\" alt=\"Pr\u00f3xima feira INDIA ITME 2026 Greater Noida | Datatex ERP\" srcset=\"https:\/\/datatex.com\/wp-content\/uploads\/2025\/07\/shutterstock_2454849299-1-1-200x114.jpg 200w, https:\/\/datatex.com\/wp-content\/uploads\/2025\/07\/shutterstock_2454849299-1-1-400x229.jpg 400w, https:\/\/datatex.com\/wp-content\/uploads\/2025\/07\/shutterstock_2454849299-1-1-600x343.jpg 600w, https:\/\/datatex.com\/wp-content\/uploads\/2025\/07\/shutterstock_2454849299-1-1.jpg 700w\" sizes=\"(min-width: 2200px) 100vw, (min-width: 784px) 340px, (min-width: 712px) 510px, (min-width: 640px) 712px, \" \/><div class=\"fusion-rollover\">\n\t<div class=\"fusion-rollover-content\">\n\n\t\t\t\t\n\t\t\n\t\t\t\t\t\t\t\t\n\t\t\t\t\t\t\t\t\n\t\t\n\t\t\t\t\t\t<a class=\"fusion-link-wrapper\" href=\"https:\/\/datatex.com\/pt-pt\/proxima-feira-india-itme-greater-noida-4-9-de-dezembro-de-2026\/\" aria-label=\"Pr\u00f3xima feira: INDIA ITME | Greater Noida, 4-9 de dezembro de 2026\"><\/a>\n\t<\/div>\n<\/div>\n<\/div>\n<\/li>\n\t\t\t\n\t\t\t\n\t\t\t\t\t\t\t\t\t\t\t\t\t\t\t\t\t\t\t\t\t\t\t\t\t\t\t\t\t\t\t\t\t\t\t\t\t\t\t\t\t\t\t\t\t\t\t\t\t\t\t\t\t\t\t\t\t\t\t\t\t\t\t\t\t\t\t\t<\/ul>\n\t<\/div>\n\t<div class=\"fusion-post-content-wrapper\" style=\"padding:30px 25px 20px 25px;\"><div class=\"fusion-post-content post-content\"><h2 class=\"blog-shortcode-post-title entry-title\"><a href=\"https:\/\/datatex.com\/pt-pt\/proxima-feira-india-itme-greater-noida-4-9-de-dezembro-de-2026\/\">Pr\u00f3xima feira: INDIA ITME | Greater Noida, 4-9 de dezembro de 2026<\/a><\/h2><\/div><\/div><div class=\"fusion-clearfix\"><\/div><\/div>\n<\/article>\n<article id=\"blog-1-post-17893653\" class=\"fusion-post-grid post-17893653 post type-post status-publish format-standard has-post-thumbnail hentry category-feiras\">\n<div class=\"fusion-post-wrapper\" style=\"background-color:rgba(255,255,255,0);border:1px solid #ebeaea;border-bottom-width:3px;\">\n\n\t\t\t<div class=\"fusion-flexslider flexslider fusion-flexslider-loading fusion-post-slideshow\" style=\"border-color:#ebeaea;\">\n\t\t<ul class=\"slides\">\n\t\t\t\n\t\t\t\t\t\t\t\t\t\t\t\t\t\t<li><div  class=\"fusion-image-wrapper\" aria-haspopup=\"true\">\n\t\t\t\t<img decoding=\"async\" width=\"700\" height=\"400\" src=\"https:\/\/datatex.com\/wp-content\/uploads\/2025\/07\/ITM-2026_shutterstock_2184071315-e1753787013503.jpg\" class=\"attachment-full size-full wp-post-image\" alt=\"Pr\u00f3xima feira ITM Istambul 2026 | Datatex ERP\" srcset=\"https:\/\/datatex.com\/wp-content\/uploads\/2025\/07\/ITM-2026_shutterstock_2184071315-e1753787013503-200x114.jpg 200w, https:\/\/datatex.com\/wp-content\/uploads\/2025\/07\/ITM-2026_shutterstock_2184071315-e1753787013503-400x229.jpg 400w, https:\/\/datatex.com\/wp-content\/uploads\/2025\/07\/ITM-2026_shutterstock_2184071315-e1753787013503-600x343.jpg 600w, https:\/\/datatex.com\/wp-content\/uploads\/2025\/07\/ITM-2026_shutterstock_2184071315-e1753787013503.jpg 700w\" sizes=\"(min-width: 2200px) 100vw, (min-width: 784px) 340px, (min-width: 712px) 510px, (min-width: 640px) 712px, \" \/><div class=\"fusion-rollover\">\n\t<div class=\"fusion-rollover-content\">\n\n\t\t\t\t\n\t\t\n\t\t\t\t\t\t\t\t\n\t\t\t\t\t\t\t\t\n\t\t\n\t\t\t\t\t\t<a class=\"fusion-link-wrapper\" href=\"https:\/\/datatex.com\/pt-pt\/proxima-feira-itm-istambul-9-a-13-de-junho-de-2026\/\" aria-label=\"Pr\u00f3xima feira: ITM | Istambul, 9 a 13 de junho de 2026\"><\/a>\n\t<\/div>\n<\/div>\n<\/div>\n<\/li>\n\t\t\t\n\t\t\t\n\t\t\t\t\t\t\t\t\t\t\t\t\t\t\t\t\t\t\t\t\t\t\t\t\t\t\t\t\t\t\t\t\t\t\t\t\t\t\t\t\t\t\t\t\t\t\t\t\t\t\t\t\t\t\t\t\t\t\t\t\t\t\t\t\t\t\t\t<\/ul>\n\t<\/div>\n\t<div class=\"fusion-post-content-wrapper\" style=\"padding:30px 25px 20px 25px;\"><div class=\"fusion-post-content post-content\"><h2 class=\"blog-shortcode-post-title entry-title\"><a href=\"https:\/\/datatex.com\/pt-pt\/proxima-feira-itm-istambul-9-a-13-de-junho-de-2026\/\">Pr\u00f3xima feira: ITM | Istambul, 9 a 13 de junho de 2026<\/a><\/h2><\/div><\/div><div class=\"fusion-clearfix\"><\/div><\/div>\n<\/article>\n<article id=\"blog-1-post-17895380\" class=\"fusion-post-grid post-17895380 post type-post status-publish format-standard has-post-thumbnail hentry category-feiras\">\n<div class=\"fusion-post-wrapper\" style=\"background-color:rgba(255,255,255,0);border:1px solid #ebeaea;border-bottom-width:3px;\">\n\n\t\t\t<div class=\"fusion-flexslider flexslider fusion-flexslider-loading fusion-post-slideshow\" style=\"border-color:#ebeaea;\">\n\t\t<ul class=\"slides\">\n\t\t\t\n\t\t\t\t\t\t\t\t\t\t\t\t\t\t<li><div  class=\"fusion-image-wrapper\" aria-haspopup=\"true\">\n\t\t\t\t<img decoding=\"async\" width=\"1640\" height=\"924\" src=\"https:\/\/datatex.com\/wp-content\/uploads\/2025\/12\/heimtextil2026-e1764950544831.png\" class=\"attachment-full size-full wp-post-image\" alt=\"Upcoming fair Heimtextil Frankfurt 2026 | Datatex\" \/><div class=\"fusion-rollover\">\n\t<div class=\"fusion-rollover-content\">\n\n\t\t\t\t\n\t\t\n\t\t\t\t\t\t\t\t\n\t\t\t\t\t\t\t\t\n\t\t\n\t\t\t\t\t\t<a class=\"fusion-link-wrapper\" href=\"https:\/\/datatex.com\/pt-pt\/proxima-feira-heimtextil-frankfurt-13-a-16-de-janeiro-de-2026\/\" aria-label=\"Heimtextil | Frankfurt, 13 a 16 de janeiro de 2026\"><\/a>\n\t<\/div>\n<\/div>\n<\/div>\n<\/li>\n\t\t\t\n\t\t\t\n\t\t\t\t\t\t\t\t\t\t\t\t\t\t\t\t\t\t\t\t\t\t\t\t\t\t\t\t\t\t\t\t\t\t\t\t\t\t\t\t\t\t\t\t\t\t\t\t\t\t\t\t\t\t\t\t\t\t\t\t\t\t\t\t\t\t\t\t<\/ul>\n\t<\/div>\n\t<div class=\"fusion-post-content-wrapper\" style=\"padding:30px 25px 20px 25px;\"><div class=\"fusion-post-content post-content\"><h2 class=\"blog-shortcode-post-title entry-title\"><a href=\"https:\/\/datatex.com\/pt-pt\/proxima-feira-heimtextil-frankfurt-13-a-16-de-janeiro-de-2026\/\">Heimtextil | Frankfurt, 13 a 16 de janeiro de 2026<\/a><\/h2><\/div><\/div><div class=\"fusion-clearfix\"><\/div><\/div>\n<\/article>\n<article id=\"blog-1-post-17892881\" class=\"fusion-post-grid post-17892881 post type-post status-publish format-standard has-post-thumbnail hentry category-novidades\">\n<div class=\"fusion-post-wrapper\" style=\"background-color:rgba(255,255,255,0);border:1px solid #ebeaea;border-bottom-width:3px;\">\n\n\t\t\t<div class=\"fusion-flexslider flexslider fusion-flexslider-loading fusion-post-slideshow\" style=\"border-color:#ebeaea;\">\n\t\t<ul class=\"slides\">\n\t\t\t\n\t\t\t\t\t\t\t\t\t\t\t\t\t\t<li><div  class=\"fusion-image-wrapper\" aria-haspopup=\"true\">\n\t\t\t\t<img decoding=\"async\" width=\"700\" height=\"400\" src=\"https:\/\/datatex.com\/wp-content\/uploads\/2025\/05\/NOW-X_NOW-7-1.png\" class=\"attachment-full size-full wp-post-image\" alt=\"NOW 7 and NOW X: The New Release Is Here\" srcset=\"https:\/\/datatex.com\/wp-content\/uploads\/2025\/05\/NOW-X_NOW-7-1-200x114.png 200w, https:\/\/datatex.com\/wp-content\/uploads\/2025\/05\/NOW-X_NOW-7-1-400x229.png 400w, https:\/\/datatex.com\/wp-content\/uploads\/2025\/05\/NOW-X_NOW-7-1-600x343.png 600w, https:\/\/datatex.com\/wp-content\/uploads\/2025\/05\/NOW-X_NOW-7-1.png 700w\" sizes=\"(min-width: 2200px) 100vw, (min-width: 784px) 340px, (min-width: 712px) 510px, (min-width: 640px) 712px, \" \/><div class=\"fusion-rollover\">\n\t<div class=\"fusion-rollover-content\">\n\n\t\t\t\t\n\t\t\n\t\t\t\t\t\t\t\t\n\t\t\t\t\t\t\t\t\n\t\t\n\t\t\t\t\t\t<a class=\"fusion-link-wrapper\" href=\"https:\/\/datatex.com\/pt-pt\/now-7-e-now-x-a-nova-versao-chegou\/\" aria-label=\"NOW 7 e NOW X: A nova vers\u00e3o chegou\"><\/a>\n\t<\/div>\n<\/div>\n<\/div>\n<\/li>\n\t\t\t\n\t\t\t\n\t\t\t\t\t\t\t\t\t\t\t\t\t\t\t\t\t\t\t\t\t\t\t\t\t\t\t\t\t\t\t\t\t\t\t\t\t\t\t\t\t\t\t\t\t\t\t\t\t\t\t\t\t\t\t\t\t\t\t\t\t\t\t\t\t\t\t\t<\/ul>\n\t<\/div>\n\t<div class=\"fusion-post-content-wrapper\" style=\"padding:30px 25px 20px 25px;\"><div class=\"fusion-post-content post-content\"><h2 class=\"blog-shortcode-post-title entry-title\"><a href=\"https:\/\/datatex.com\/pt-pt\/now-7-e-now-x-a-nova-versao-chegou\/\">NOW 7 e NOW X: A nova vers\u00e3o chegou<\/a><\/h2><\/div><\/div><div class=\"fusion-clearfix\"><\/div><\/div>\n<\/article>\n<div class=\"fusion-clearfix\"><\/div><\/div><div class=\"pagination clearfix\"><span class=\"current\">1<\/span><a href=\"https:\/\/datatex.com\/pt-pt\/wp-json\/wp\/v2\/pages\/23402\/page\/2\/\" class=\"inactive\">2<\/a><a class=\"pagination-next\" rel=\"next\" href=\"https:\/\/datatex.com\/pt-pt\/wp-json\/wp\/v2\/pages\/23402\/page\/2\/\"><span class=\"page-text\">Next<\/span><span class=\"page-next\"><\/span><\/a><\/div><div class=\"fusion-clearfix\"><\/div><\/div><div class=\"fusion-clearfix\"><\/div><\/div><\/div><\/div><\/div>\n","protected":false},"excerpt":{"rendered":"","protected":false},"author":7,"featured_media":0,"parent":0,"menu_order":0,"comment_status":"closed","ping_status":"closed","template":"","meta":{"two_page_speed":{"current_score":{"desktop_score":91,"desktop_tti":"1.0\u00a0","mobile_score":76,"mobile_tti":"4.3\u00a0","date":"01.10.2025 12:31:25 pm","status":"completed"}},"footnotes":""},"class_list":["post-23402","page","type-page","status-publish","hentry"],"yoast_head":"<!-- This site is optimized with the Yoast SEO plugin v25.1 - https:\/\/yoast.com\/wordpress\/plugins\/seo\/ -->\n<title>Novidades e Eventos - Datatex<\/title>\n<meta name=\"description\" content=\"Descubra as \u00faltimas not\u00edcias e eventos da Datatex em todo o mundo. Assine a newsletter para estar sempre atualizado.\" \/>\n<meta name=\"robots\" content=\"index, follow, max-snippet:-1, max-image-preview:large, max-video-preview:-1\" \/>\n<link rel=\"canonical\" href=\"https:\/\/datatex.com\/pt-pt\/novidades-e-eventos\/\" \/>\n<meta property=\"og:locale\" content=\"pt_PT\" \/>\n<meta property=\"og:type\" content=\"article\" \/>\n<meta property=\"og:title\" content=\"Novidades e Eventos - Datatex\" \/>\n<meta property=\"og:description\" content=\"Descubra as \u00faltimas not\u00edcias e eventos da Datatex em todo o mundo. Assine a newsletter para estar sempre atualizado.\" \/>\n<meta property=\"og:url\" content=\"https:\/\/datatex.com\/pt-pt\/novidades-e-eventos\/\" \/>\n<meta property=\"og:site_name\" content=\"Datatex\" \/>\n<meta property=\"article:modified_time\" content=\"2025-10-01T12:30:35+00:00\" \/>\n<meta name=\"twitter:card\" content=\"summary_large_image\" \/>\n<meta name=\"twitter:label1\" content=\"Tempo estimado de leitura\" \/>\n\t<meta name=\"twitter:data1\" content=\"2 minutos\" \/>\n<script type=\"application\/ld+json\" class=\"yoast-schema-graph\">{\"@context\":\"https:\/\/schema.org\",\"@graph\":[{\"@type\":\"WebPage\",\"@id\":\"https:\/\/datatex.com\/pt-pt\/novidades-e-eventos\/\",\"url\":\"https:\/\/datatex.com\/pt-pt\/novidades-e-eventos\/\",\"name\":\"Novidades e Eventos - Datatex\",\"isPartOf\":{\"@id\":\"https:\/\/datatex.com\/pt-pt\/#website\"},\"datePublished\":\"2021-09-01T10:33:10+00:00\",\"dateModified\":\"2025-10-01T12:30:35+00:00\",\"description\":\"Descubra as \u00faltimas not\u00edcias e eventos da Datatex em todo o mundo. Assine a newsletter para estar sempre atualizado.\",\"breadcrumb\":{\"@id\":\"https:\/\/datatex.com\/pt-pt\/novidades-e-eventos\/#breadcrumb\"},\"inLanguage\":\"pt-PT\",\"potentialAction\":[{\"@type\":\"ReadAction\",\"target\":[\"https:\/\/datatex.com\/pt-pt\/novidades-e-eventos\/\"]}]},{\"@type\":\"BreadcrumbList\",\"@id\":\"https:\/\/datatex.com\/pt-pt\/novidades-e-eventos\/#breadcrumb\",\"itemListElement\":[{\"@type\":\"ListItem\",\"position\":1,\"name\":\"Home\",\"item\":\"https:\/\/datatex.com\/pt-pt\/\"},{\"@type\":\"ListItem\",\"position\":2,\"name\":\"Novidades e Eventos\"}]},{\"@type\":\"WebSite\",\"@id\":\"https:\/\/datatex.com\/pt-pt\/#website\",\"url\":\"https:\/\/datatex.com\/pt-pt\/\",\"name\":\"Datatex\",\"description\":\"Datatex: We Make IT Work for You\",\"publisher\":{\"@id\":\"https:\/\/datatex.com\/pt-pt\/#organization\"},\"alternateName\":\"Datatex ERP\",\"potentialAction\":[{\"@type\":\"SearchAction\",\"target\":{\"@type\":\"EntryPoint\",\"urlTemplate\":\"https:\/\/datatex.com\/pt-pt\/?s={search_term_string}\"},\"query-input\":{\"@type\":\"PropertyValueSpecification\",\"valueRequired\":true,\"valueName\":\"search_term_string\"}}],\"inLanguage\":\"pt-PT\"},{\"@type\":\"Organization\",\"@id\":\"https:\/\/datatex.com\/pt-pt\/#organization\",\"name\":\"Datatex - We Make IT Work for You\",\"url\":\"https:\/\/datatex.com\/pt-pt\/\",\"logo\":{\"@type\":\"ImageObject\",\"inLanguage\":\"pt-PT\",\"@id\":\"https:\/\/datatex.com\/pt-pt\/#\/schema\/logo\/image\/\",\"url\":\"https:\/\/datatex.com\/wp-content\/uploads\/2019\/09\/android-chrome-192x192-e1569404708453.png\",\"contentUrl\":\"https:\/\/datatex.com\/wp-content\/uploads\/2019\/09\/android-chrome-192x192-e1569404708453.png\",\"width\":192,\"height\":192,\"caption\":\"Datatex - We Make IT Work for You\"},\"image\":{\"@id\":\"https:\/\/datatex.com\/pt-pt\/#\/schema\/logo\/image\/\"},\"sameAs\":[\"https:\/\/www.linkedin.com\/company\/datatex\/\",\"https:\/\/www.youtube.com\/@datatexERPtextile\"]}]}<\/script>\n<!-- \/ Yoast SEO plugin. -->","yoast_head_json":{"title":"Novidades e Eventos - Datatex","description":"Descubra as \u00faltimas not\u00edcias e eventos da Datatex em todo o mundo. Assine a newsletter para estar sempre atualizado.","robots":{"index":"index","follow":"follow","max-snippet":"max-snippet:-1","max-image-preview":"max-image-preview:large","max-video-preview":"max-video-preview:-1"},"canonical":"https:\/\/datatex.com\/pt-pt\/novidades-e-eventos\/","og_locale":"pt_PT","og_type":"article","og_title":"Novidades e Eventos - Datatex","og_description":"Descubra as \u00faltimas not\u00edcias e eventos da Datatex em todo o mundo. Assine a newsletter para estar sempre atualizado.","og_url":"https:\/\/datatex.com\/pt-pt\/novidades-e-eventos\/","og_site_name":"Datatex","article_modified_time":"2025-10-01T12:30:35+00:00","twitter_card":"summary_large_image","twitter_misc":{"Tempo estimado de leitura":"2 minutos"},"schema":{"@context":"https:\/\/schema.org","@graph":[{"@type":"WebPage","@id":"https:\/\/datatex.com\/pt-pt\/novidades-e-eventos\/","url":"https:\/\/datatex.com\/pt-pt\/novidades-e-eventos\/","name":"Novidades e Eventos - Datatex","isPartOf":{"@id":"https:\/\/datatex.com\/pt-pt\/#website"},"datePublished":"2021-09-01T10:33:10+00:00","dateModified":"2025-10-01T12:30:35+00:00","description":"Descubra as \u00faltimas not\u00edcias e eventos da Datatex em todo o mundo. Assine a newsletter para estar sempre atualizado.","breadcrumb":{"@id":"https:\/\/datatex.com\/pt-pt\/novidades-e-eventos\/#breadcrumb"},"inLanguage":"pt-PT","potentialAction":[{"@type":"ReadAction","target":["https:\/\/datatex.com\/pt-pt\/novidades-e-eventos\/"]}]},{"@type":"BreadcrumbList","@id":"https:\/\/datatex.com\/pt-pt\/novidades-e-eventos\/#breadcrumb","itemListElement":[{"@type":"ListItem","position":1,"name":"Home","item":"https:\/\/datatex.com\/pt-pt\/"},{"@type":"ListItem","position":2,"name":"Novidades e Eventos"}]},{"@type":"WebSite","@id":"https:\/\/datatex.com\/pt-pt\/#website","url":"https:\/\/datatex.com\/pt-pt\/","name":"Datatex","description":"Datatex: We Make IT Work for You","publisher":{"@id":"https:\/\/datatex.com\/pt-pt\/#organization"},"alternateName":"Datatex ERP","potentialAction":[{"@type":"SearchAction","target":{"@type":"EntryPoint","urlTemplate":"https:\/\/datatex.com\/pt-pt\/?s={search_term_string}"},"query-input":{"@type":"PropertyValueSpecification","valueRequired":true,"valueName":"search_term_string"}}],"inLanguage":"pt-PT"},{"@type":"Organization","@id":"https:\/\/datatex.com\/pt-pt\/#organization","name":"Datatex - We Make IT Work for You","url":"https:\/\/datatex.com\/pt-pt\/","logo":{"@type":"ImageObject","inLanguage":"pt-PT","@id":"https:\/\/datatex.com\/pt-pt\/#\/schema\/logo\/image\/","url":"https:\/\/datatex.com\/wp-content\/uploads\/2019\/09\/android-chrome-192x192-e1569404708453.png","contentUrl":"https:\/\/datatex.com\/wp-content\/uploads\/2019\/09\/android-chrome-192x192-e1569404708453.png","width":192,"height":192,"caption":"Datatex - We Make IT Work for You"},"image":{"@id":"https:\/\/datatex.com\/pt-pt\/#\/schema\/logo\/image\/"},"sameAs":["https:\/\/www.linkedin.com\/company\/datatex\/","https:\/\/www.youtube.com\/@datatexERPtextile"]}]}},"_links":{"self":[{"href":"https:\/\/datatex.com\/pt-pt\/wp-json\/wp\/v2\/pages\/23402","targetHints":{"allow":["GET"]}}],"collection":[{"href":"https:\/\/datatex.com\/pt-pt\/wp-json\/wp\/v2\/pages"}],"about":[{"href":"https:\/\/datatex.com\/pt-pt\/wp-json\/wp\/v2\/types\/page"}],"author":[{"embeddable":true,"href":"https:\/\/datatex.com\/pt-pt\/wp-json\/wp\/v2\/users\/7"}],"replies":[{"embeddable":true,"href":"https:\/\/datatex.com\/pt-pt\/wp-json\/wp\/v2\/comments?post=23402"}],"version-history":[{"count":2,"href":"https:\/\/datatex.com\/pt-pt\/wp-json\/wp\/v2\/pages\/23402\/revisions"}],"predecessor-version":[{"id":17888340,"href":"https:\/\/datatex.com\/pt-pt\/wp-json\/wp\/v2\/pages\/23402\/revisions\/17888340"}],"wp:attachment":[{"href":"https:\/\/datatex.com\/pt-pt\/wp-json\/wp\/v2\/media?parent=23402"}],"curies":[{"name":"wp","href":"https:\/\/api.w.org\/{rel}","templated":true}]}}