{"id":4382,"date":"2019-03-08T09:15:11","date_gmt":"2019-03-08T09:15:11","guid":{"rendered":"http:\/\/213.140.24.242\/datatexwebsite\/news-eventi\/"},"modified":"2025-11-05T07:47:42","modified_gmt":"2025-11-05T07:47:42","slug":"news-eventi","status":"publish","type":"page","link":"https:\/\/datatex.com\/it\/news-eventi\/","title":{"rendered":"News&amp;Eventi"},"content":{"rendered":"<div class=\"fusion-fullwidth fullwidth-box fusion-builder-row-1 nonhundred-percent-fullwidth non-hundred-percent-height-scrolling\" style=\"--awb-border-radius-top-left:0px;--awb-border-radius-top-right:0px;--awb-border-radius-bottom-right:0px;--awb-border-radius-bottom-left:0px;--awb-flex-wrap:wrap;\" ><div class=\"fusion-builder-row fusion-row\"><div class=\"fusion-layout-column fusion_builder_column fusion-builder-column-0 fusion_builder_column_1_1 1_1 fusion-one-full fusion-column-first fusion-column-last\" style=\"--awb-bg-size:cover;\"><div class=\"fusion-column-wrapper fusion-column-has-shadow fusion-flex-column-wrapper-legacy\"><div class=\"fusion-blog-shortcode fusion-blog-shortcode-1 fusion-blog-archive fusion-blog-layout-grid-wrapper fusion-blog-pagination fusion-blog-layout-center\"><style type=\"text\/css\">.fusion-blog-shortcode-1 .fusion-blog-layout-grid .fusion-post-grid{padding:20px;}.fusion-blog-shortcode-1 .fusion-posts-container{margin-left: -20px !important; margin-right:-20px !important;}<\/style><div class=\"fusion-posts-container fusion-posts-container-pagination fusion-no-meta-info fusion-blog-rollover fusion-blog-layout-grid fusion-blog-layout-grid-3 isotope fusion-blog-equal-heights\" data-pages=\"21\" data-grid-col-space=\"40\" style=\"margin: -20px -20px 0;min-height:500px;\"><article id=\"blog-1-post-17896097\" class=\"fusion-post-grid post-17896097 post type-post status-publish format-standard has-post-thumbnail hentry category-blog-it\">\n<div class=\"fusion-post-wrapper\" style=\"background-color:rgba(255,255,255,0);border:1px solid #ebeaea;border-bottom-width:3px;\">\n\n\t\t\t<div class=\"fusion-flexslider flexslider fusion-flexslider-loading fusion-post-slideshow\" style=\"border-color:#ebeaea;\">\n\t\t<ul class=\"slides\">\n\t\t\t\n\t\t\t\t\t\t\t\t\t\t\t\t\t\t<li><div  class=\"fusion-image-wrapper\" aria-haspopup=\"true\">\n\t\t\t\t<img decoding=\"async\" width=\"700\" height=\"394\" src=\"https:\/\/datatex.com\/wp-content\/uploads\/2026\/04\/protective-clothing-image.webp\" class=\"attachment-full size-full wp-post-image\" alt=\"protective clothing image\" srcset=\"https:\/\/datatex.com\/wp-content\/uploads\/2026\/04\/protective-clothing-image-200x113.webp 200w, https:\/\/datatex.com\/wp-content\/uploads\/2026\/04\/protective-clothing-image-300x169.webp 300w, https:\/\/datatex.com\/wp-content\/uploads\/2026\/04\/protective-clothing-image-400x225.webp 400w, https:\/\/datatex.com\/wp-content\/uploads\/2026\/04\/protective-clothing-image-600x338.webp 600w, https:\/\/datatex.com\/wp-content\/uploads\/2026\/04\/protective-clothing-image.webp 700w\" sizes=\"(min-width: 2200px) 100vw, (min-width: 784px) 340px, (min-width: 712px) 510px, (min-width: 640px) 712px, \" \/><div class=\"fusion-rollover\">\n\t<div class=\"fusion-rollover-content\">\n\n\t\t\t\t\n\t\t\n\t\t\t\t\t\t\t\t\n\t\t\t\t\t\t\t\t\n\t\t\n\t\t\t\t\t\t<a class=\"fusion-link-wrapper\" href=\"https:\/\/datatex.com\/it\/produzione-di-indumenti-protettivi-affrontare-le-sfide-produttive\/\" aria-label=\"Produzione di indumenti protettivi: affrontare le sfide produttive\"><\/a>\n\t<\/div>\n<\/div>\n<\/div>\n<\/li>\n\t\t\t\n\t\t\t\n\t\t\t\t\t\t\t\t\t\t\t\t\t\t\t\t\t\t\t\t\t\t\t\t\t\t\t\t\t\t\t\t\t\t\t\t\t\t\t\t\t\t\t\t\t\t\t\t\t\t\t\t\t\t\t\t\t\t\t\t\t\t\t\t\t\t\t\t<\/ul>\n\t<\/div>\n\t<div class=\"fusion-post-content-wrapper\" style=\"padding:30px 25px 20px 25px;\"><div class=\"fusion-post-content post-content\"><h2 class=\"blog-shortcode-post-title entry-title\"><a href=\"https:\/\/datatex.com\/it\/produzione-di-indumenti-protettivi-affrontare-le-sfide-produttive\/\">Produzione di indumenti protettivi: affrontare le sfide produttive<\/a><\/h2><\/div><\/div><div class=\"fusion-clearfix\"><\/div><\/div>\n<\/article>\n<article id=\"blog-1-post-17896042\" class=\"fusion-post-grid post-17896042 post type-post status-publish format-standard has-post-thumbnail hentry category-news\">\n<div class=\"fusion-post-wrapper\" style=\"background-color:rgba(255,255,255,0);border:1px solid #ebeaea;border-bottom-width:3px;\">\n\n\t\t\t<div class=\"fusion-flexslider flexslider fusion-flexslider-loading fusion-post-slideshow\" style=\"border-color:#ebeaea;\">\n\t\t<ul class=\"slides\">\n\t\t\t\n\t\t\t\t\t\t\t\t\t\t\t\t\t\t<li><div  class=\"fusion-image-wrapper\" aria-haspopup=\"true\">\n\t\t\t\t<img decoding=\"async\" width=\"700\" height=\"400\" src=\"https:\/\/datatex.com\/wp-content\/uploads\/2026\/04\/tsg-magnolab-event-2026.webp\" class=\"attachment-full size-full wp-post-image\" alt=\"tsg magnolab event 2026\" srcset=\"https:\/\/datatex.com\/wp-content\/uploads\/2026\/04\/tsg-magnolab-event-2026-200x114.webp 200w, https:\/\/datatex.com\/wp-content\/uploads\/2026\/04\/tsg-magnolab-event-2026-300x171.webp 300w, https:\/\/datatex.com\/wp-content\/uploads\/2026\/04\/tsg-magnolab-event-2026-400x229.webp 400w, https:\/\/datatex.com\/wp-content\/uploads\/2026\/04\/tsg-magnolab-event-2026-600x343.webp 600w, https:\/\/datatex.com\/wp-content\/uploads\/2026\/04\/tsg-magnolab-event-2026.webp 700w\" sizes=\"(min-width: 2200px) 100vw, (min-width: 784px) 340px, (min-width: 712px) 510px, (min-width: 640px) 712px, \" \/><div class=\"fusion-rollover\">\n\t<div class=\"fusion-rollover-content\">\n\n\t\t\t\t\n\t\t\n\t\t\t\t\t\t\t\t\n\t\t\t\t\t\t\t\t\n\t\t\n\t\t\t\t\t\t<a class=\"fusion-link-wrapper\" href=\"https:\/\/datatex.com\/it\/tsg-magnolab-evento-2026\/\" aria-label=\"Textile Solutions Group organizzer\u00e0 un evento di settore presso MagnoLab\"><\/a>\n\t<\/div>\n<\/div>\n<\/div>\n<\/li>\n\t\t\t\n\t\t\t\n\t\t\t\t\t\t\t\t\t\t\t\t\t\t\t\t\t\t\t\t\t\t\t\t\t\t\t\t\t\t\t\t\t\t\t\t\t\t\t\t\t\t\t\t\t\t\t\t\t\t\t\t\t\t\t\t\t\t\t\t\t\t\t\t\t\t\t\t<\/ul>\n\t<\/div>\n\t<div class=\"fusion-post-content-wrapper\" style=\"padding:30px 25px 20px 25px;\"><div class=\"fusion-post-content post-content\"><h2 class=\"blog-shortcode-post-title entry-title\"><a href=\"https:\/\/datatex.com\/it\/tsg-magnolab-evento-2026\/\">Textile Solutions Group organizzer\u00e0 un evento di settore presso MagnoLab<\/a><\/h2><\/div><\/div><div class=\"fusion-clearfix\"><\/div><\/div>\n<\/article>\n<article id=\"blog-1-post-17895988\" class=\"fusion-post-grid post-17895988 post type-post status-publish format-standard has-post-thumbnail hentry category-fiere\">\n<div class=\"fusion-post-wrapper\" style=\"background-color:rgba(255,255,255,0);border:1px solid #ebeaea;border-bottom-width:3px;\">\n\n\t\t\t<div class=\"fusion-flexslider flexslider fusion-flexslider-loading fusion-post-slideshow\" style=\"border-color:#ebeaea;\">\n\t\t<ul class=\"slides\">\n\t\t\t\n\t\t\t\t\t\t\t\t\t\t\t\t\t\t<li><div  class=\"fusion-image-wrapper\" aria-haspopup=\"true\">\n\t\t\t\t<img decoding=\"async\" width=\"700\" height=\"400\" src=\"https:\/\/datatex.com\/wp-content\/uploads\/2026\/04\/ITMA-Asia-2026-Shanghai-textile-exhibition-2.webp\" class=\"attachment-full size-full wp-post-image\" alt=\"ITMA Asia 2026 Shanghai textile exhibition\" srcset=\"https:\/\/datatex.com\/wp-content\/uploads\/2026\/04\/ITMA-Asia-2026-Shanghai-textile-exhibition-2-200x114.webp 200w, https:\/\/datatex.com\/wp-content\/uploads\/2026\/04\/ITMA-Asia-2026-Shanghai-textile-exhibition-2-300x171.webp 300w, https:\/\/datatex.com\/wp-content\/uploads\/2026\/04\/ITMA-Asia-2026-Shanghai-textile-exhibition-2-400x229.webp 400w, https:\/\/datatex.com\/wp-content\/uploads\/2026\/04\/ITMA-Asia-2026-Shanghai-textile-exhibition-2-600x343.webp 600w, https:\/\/datatex.com\/wp-content\/uploads\/2026\/04\/ITMA-Asia-2026-Shanghai-textile-exhibition-2.webp 700w\" sizes=\"(min-width: 2200px) 100vw, (min-width: 784px) 340px, (min-width: 712px) 510px, (min-width: 640px) 712px, \" \/><div class=\"fusion-rollover\">\n\t<div class=\"fusion-rollover-content\">\n\n\t\t\t\t\n\t\t\n\t\t\t\t\t\t\t\t\n\t\t\t\t\t\t\t\t\n\t\t\n\t\t\t\t\t\t<a class=\"fusion-link-wrapper\" href=\"https:\/\/datatex.com\/it\/itma-asia-shanghai-20-24-novembre-2026\/\" aria-label=\"Prossima fiera: ITMA Asia | Shanghai, 20-24 novembre 2026\"><\/a>\n\t<\/div>\n<\/div>\n<\/div>\n<\/li>\n\t\t\t\n\t\t\t\n\t\t\t\t\t\t\t\t\t\t\t\t\t\t\t\t\t\t\t\t\t\t\t\t\t\t\t\t\t\t\t\t\t\t\t\t\t\t\t\t\t\t\t\t\t\t\t\t\t\t\t\t\t\t\t\t\t\t\t\t\t\t\t\t\t\t\t\t<\/ul>\n\t<\/div>\n\t<div class=\"fusion-post-content-wrapper\" style=\"padding:30px 25px 20px 25px;\"><div class=\"fusion-post-content post-content\"><h2 class=\"blog-shortcode-post-title entry-title\"><a href=\"https:\/\/datatex.com\/it\/itma-asia-shanghai-20-24-novembre-2026\/\">Prossima fiera: ITMA Asia | Shanghai, 20-24 novembre 2026<\/a><\/h2><\/div><\/div><div class=\"fusion-clearfix\"><\/div><\/div>\n<\/article>\n<article id=\"blog-1-post-17895806\" class=\"fusion-post-grid post-17895806 post type-post status-publish format-standard has-post-thumbnail hentry category-blog-it\">\n<div class=\"fusion-post-wrapper\" style=\"background-color:rgba(255,255,255,0);border:1px solid #ebeaea;border-bottom-width:3px;\">\n\n\t\t\t<div class=\"fusion-flexslider flexslider fusion-flexslider-loading fusion-post-slideshow\" style=\"border-color:#ebeaea;\">\n\t\t<ul class=\"slides\">\n\t\t\t\n\t\t\t\t\t\t\t\t\t\t\t\t\t\t<li><div  class=\"fusion-image-wrapper\" aria-haspopup=\"true\">\n\t\t\t\t<img decoding=\"async\" width=\"700\" height=\"394\" src=\"https:\/\/datatex.com\/wp-content\/uploads\/2026\/03\/textile-in-automotive-industry-2.webp\" class=\"attachment-full size-full wp-post-image\" alt=\"\" srcset=\"https:\/\/datatex.com\/wp-content\/uploads\/2026\/03\/textile-in-automotive-industry-2-200x113.webp 200w, https:\/\/datatex.com\/wp-content\/uploads\/2026\/03\/textile-in-automotive-industry-2-300x169.webp 300w, https:\/\/datatex.com\/wp-content\/uploads\/2026\/03\/textile-in-automotive-industry-2-400x225.webp 400w, https:\/\/datatex.com\/wp-content\/uploads\/2026\/03\/textile-in-automotive-industry-2-600x338.webp 600w, https:\/\/datatex.com\/wp-content\/uploads\/2026\/03\/textile-in-automotive-industry-2.webp 700w\" sizes=\"(min-width: 2200px) 100vw, (min-width: 784px) 340px, (min-width: 712px) 510px, (min-width: 640px) 712px, \" \/><div class=\"fusion-rollover\">\n\t<div class=\"fusion-rollover-content\">\n\n\t\t\t\t\n\t\t\n\t\t\t\t\t\t\t\t\n\t\t\t\t\t\t\t\t\n\t\t\n\t\t\t\t\t\t<a class=\"fusion-link-wrapper\" href=\"https:\/\/datatex.com\/it\/produzione-tessile-per-il-settore-automobilistico-sfide-e-soluzioni-digitali\/\" aria-label=\"Produzione tessile per il settore automobilistico: sfide e soluzioni digitali\"><\/a>\n\t<\/div>\n<\/div>\n<\/div>\n<\/li>\n\t\t\t\n\t\t\t\n\t\t\t\t\t\t\t\t\t\t\t\t\t\t\t\t\t\t\t\t\t\t\t\t\t\t\t\t\t\t\t\t\t\t\t\t\t\t\t\t\t\t\t\t\t\t\t\t\t\t\t\t\t\t\t\t\t\t\t\t\t\t\t\t\t\t\t\t<\/ul>\n\t<\/div>\n\t<div class=\"fusion-post-content-wrapper\" style=\"padding:30px 25px 20px 25px;\"><div class=\"fusion-post-content post-content\"><h2 class=\"blog-shortcode-post-title entry-title\"><a href=\"https:\/\/datatex.com\/it\/produzione-tessile-per-il-settore-automobilistico-sfide-e-soluzioni-digitali\/\">Produzione tessile per il settore automobilistico: sfide e soluzioni digitali<\/a><\/h2><\/div><\/div><div class=\"fusion-clearfix\"><\/div><\/div>\n<\/article>\n<article id=\"blog-1-post-17895757\" class=\"fusion-post-grid post-17895757 post type-post status-publish format-standard has-post-thumbnail hentry category-news\">\n<div class=\"fusion-post-wrapper\" style=\"background-color:rgba(255,255,255,0);border:1px solid #ebeaea;border-bottom-width:3px;\">\n\n\t\t\t<div class=\"fusion-flexslider flexslider fusion-flexslider-loading fusion-post-slideshow\" style=\"border-color:#ebeaea;\">\n\t\t<ul class=\"slides\">\n\t\t\t\n\t\t\t\t\t\t\t\t\t\t\t\t\t\t<li><div  class=\"fusion-image-wrapper\" aria-haspopup=\"true\">\n\t\t\t\t<img decoding=\"async\" width=\"700\" height=\"400\" src=\"https:\/\/datatex.com\/wp-content\/uploads\/2026\/03\/DeSL-Joins-Textile-Solutions-Group.webp\" class=\"attachment-full size-full wp-post-image\" alt=\"DeSL Joins Textile Solutions Group\" srcset=\"https:\/\/datatex.com\/wp-content\/uploads\/2026\/03\/DeSL-Joins-Textile-Solutions-Group-200x114.webp 200w, https:\/\/datatex.com\/wp-content\/uploads\/2026\/03\/DeSL-Joins-Textile-Solutions-Group-300x171.webp 300w, https:\/\/datatex.com\/wp-content\/uploads\/2026\/03\/DeSL-Joins-Textile-Solutions-Group-400x229.webp 400w, https:\/\/datatex.com\/wp-content\/uploads\/2026\/03\/DeSL-Joins-Textile-Solutions-Group-600x343.webp 600w, https:\/\/datatex.com\/wp-content\/uploads\/2026\/03\/DeSL-Joins-Textile-Solutions-Group.webp 700w\" sizes=\"(min-width: 2200px) 100vw, (min-width: 784px) 340px, (min-width: 712px) 510px, (min-width: 640px) 712px, \" \/><div class=\"fusion-rollover\">\n\t<div class=\"fusion-rollover-content\">\n\n\t\t\t\t\n\t\t\n\t\t\t\t\t\t\t\t\n\t\t\t\t\t\t\t\t\n\t\t\n\t\t\t\t\t\t<a class=\"fusion-link-wrapper\" href=\"https:\/\/datatex.com\/it\/textile-solutions-group-da-il-benvenuto-a-desl\/\" aria-label=\"Textile Solutions group d\u00e0 il benvenuto a DeSL per rafforzare l\u2019ecosistema digitale nel settore tessile e dell\u2019abbigliamento\"><\/a>\n\t<\/div>\n<\/div>\n<\/div>\n<\/li>\n\t\t\t\n\t\t\t\n\t\t\t\t\t\t\t\t\t\t\t\t\t\t\t\t\t\t\t\t\t\t\t\t\t\t\t\t\t\t\t\t\t\t\t\t\t\t\t\t\t\t\t\t\t\t\t\t\t\t\t\t\t\t\t\t\t\t\t\t\t\t\t\t\t\t\t\t<\/ul>\n\t<\/div>\n\t<div class=\"fusion-post-content-wrapper\" style=\"padding:30px 25px 20px 25px;\"><div class=\"fusion-post-content post-content\"><h2 class=\"blog-shortcode-post-title entry-title\"><a href=\"https:\/\/datatex.com\/it\/textile-solutions-group-da-il-benvenuto-a-desl\/\">Textile Solutions group d\u00e0 il benvenuto a DeSL per rafforzare l\u2019ecosistema digitale nel settore tessile e dell\u2019abbigliamento<\/a><\/h2><\/div><\/div><div class=\"fusion-clearfix\"><\/div><\/div>\n<\/article>\n<article id=\"blog-1-post-17895712\" class=\"fusion-post-grid post-17895712 post type-post status-publish format-standard has-post-thumbnail hentry category-news\">\n<div class=\"fusion-post-wrapper\" style=\"background-color:rgba(255,255,255,0);border:1px solid #ebeaea;border-bottom-width:3px;\">\n\n\t\t\t<div class=\"fusion-flexslider flexslider fusion-flexslider-loading fusion-post-slideshow\" style=\"border-color:#ebeaea;\">\n\t\t<ul class=\"slides\">\n\t\t\t\n\t\t\t\t\t\t\t\t\t\t\t\t\t\t<li><div  class=\"fusion-image-wrapper\" aria-haspopup=\"true\">\n\t\t\t\t<img decoding=\"async\" width=\"700\" height=\"400\" src=\"https:\/\/datatex.com\/wp-content\/uploads\/2026\/02\/partnership.png\" class=\"attachment-full size-full wp-post-image\" alt=\"\" srcset=\"https:\/\/datatex.com\/wp-content\/uploads\/2026\/02\/partnership-200x114.png 200w, https:\/\/datatex.com\/wp-content\/uploads\/2026\/02\/partnership-400x229.png 400w, https:\/\/datatex.com\/wp-content\/uploads\/2026\/02\/partnership-600x343.png 600w, https:\/\/datatex.com\/wp-content\/uploads\/2026\/02\/partnership.png 700w\" sizes=\"(min-width: 2200px) 100vw, (min-width: 784px) 340px, (min-width: 712px) 510px, (min-width: 640px) 712px, \" \/><div class=\"fusion-rollover\">\n\t<div class=\"fusion-rollover-content\">\n\n\t\t\t\t\n\t\t\n\t\t\t\t\t\t\t\t\n\t\t\t\t\t\t\t\t\n\t\t\n\t\t\t\t\t\t<a class=\"fusion-link-wrapper\" href=\"https:\/\/datatex.com\/it\/tsg-entra-in-magnolab\/\" aria-label=\"Textile Solutions Group entra in Magnolab per accelerare innovazione e trasformazione digitale nel tessile\"><\/a>\n\t<\/div>\n<\/div>\n<\/div>\n<\/li>\n\t\t\t\n\t\t\t\n\t\t\t\t\t\t\t\t\t\t\t\t\t\t\t\t\t\t\t\t\t\t\t\t\t\t\t\t\t\t\t\t\t\t\t\t\t\t\t\t\t\t\t\t\t\t\t\t\t\t\t\t\t\t\t\t\t\t\t\t\t\t\t\t\t\t\t\t<\/ul>\n\t<\/div>\n\t<div class=\"fusion-post-content-wrapper\" style=\"padding:30px 25px 20px 25px;\"><div class=\"fusion-post-content post-content\"><h2 class=\"blog-shortcode-post-title entry-title\"><a href=\"https:\/\/datatex.com\/it\/tsg-entra-in-magnolab\/\">Textile Solutions Group entra in Magnolab per accelerare innovazione e trasformazione digitale nel tessile<\/a><\/h2><\/div><\/div><div class=\"fusion-clearfix\"><\/div><\/div>\n<\/article>\n<div class=\"fusion-clearfix\"><\/div><\/div><div class=\"pagination clearfix\"><span class=\"current\">1<\/span><a href=\"https:\/\/datatex.com\/it\/wp-json\/wp\/v2\/pages\/4382\/page\/2\/\" class=\"inactive\">2<\/a><a class=\"pagination-next\" rel=\"next\" href=\"https:\/\/datatex.com\/it\/wp-json\/wp\/v2\/pages\/4382\/page\/2\/\"><span class=\"page-text\">Next<\/span><span class=\"page-next\"><\/span><\/a><\/div><div class=\"fusion-clearfix\"><\/div><\/div><div class=\"fusion-clearfix\"><\/div><\/div><\/div><\/div><\/div>\n","protected":false},"excerpt":{"rendered":"","protected":false},"author":1,"featured_media":0,"parent":0,"menu_order":0,"comment_status":"closed","ping_status":"closed","template":"","meta":{"two_page_speed":{"current_score":{"desktop_score":91,"desktop_tti":"1.1\u00a0","mobile_score":67,"mobile_tti":"5.3\u00a0","date":"01.10.2025 03:02:49 pm","status":"completed"}},"footnotes":""},"class_list":["post-4382","page","type-page","status-publish","hentry"],"yoast_head":"<!-- This site is optimized with the Yoast SEO plugin v25.1 - https:\/\/yoast.com\/wordpress\/plugins\/seo\/ -->\n<title>Novit\u00e0 ed eventi dal mondo tessile e abbigliamento | Datatex<\/title>\n<meta name=\"description\" content=\"Scopri le nostre novit\u00e0 sul mondo tessile e gli eventi di fama mondiale in cui trovarci. Visita il nostro sito per saperne di pi\u00f9!\" \/>\n<meta name=\"robots\" content=\"index, follow, max-snippet:-1, max-image-preview:large, max-video-preview:-1\" \/>\n<link rel=\"canonical\" href=\"https:\/\/datatex.com\/it\/news-eventi\/\" \/>\n<meta property=\"og:locale\" content=\"it_IT\" \/>\n<meta property=\"og:type\" content=\"article\" \/>\n<meta property=\"og:title\" content=\"Novit\u00e0 ed eventi dal mondo tessile e abbigliamento | Datatex\" \/>\n<meta property=\"og:description\" content=\"Scopri le nostre novit\u00e0 sul mondo tessile e gli eventi di fama mondiale in cui trovarci. Visita il nostro sito per saperne di pi\u00f9!\" \/>\n<meta property=\"og:url\" content=\"https:\/\/datatex.com\/it\/news-eventi\/\" \/>\n<meta property=\"og:site_name\" content=\"Datatex\" \/>\n<meta property=\"article:modified_time\" content=\"2025-11-05T07:47:42+00:00\" \/>\n<meta name=\"twitter:card\" content=\"summary_large_image\" \/>\n<meta name=\"twitter:label1\" content=\"Tempo di lettura stimato\" \/>\n\t<meta name=\"twitter:data1\" content=\"2 minuti\" \/>\n<script type=\"application\/ld+json\" class=\"yoast-schema-graph\">{\"@context\":\"https:\/\/schema.org\",\"@graph\":[{\"@type\":\"WebPage\",\"@id\":\"https:\/\/datatex.com\/it\/news-eventi\/\",\"url\":\"https:\/\/datatex.com\/it\/news-eventi\/\",\"name\":\"Novit\u00e0 ed eventi dal mondo tessile e abbigliamento | Datatex\",\"isPartOf\":{\"@id\":\"https:\/\/datatex.com\/it\/#website\"},\"datePublished\":\"2019-03-08T09:15:11+00:00\",\"dateModified\":\"2025-11-05T07:47:42+00:00\",\"description\":\"Scopri le nostre novit\u00e0 sul mondo tessile e gli eventi di fama mondiale in cui trovarci. Visita il nostro sito per saperne di pi\u00f9!\",\"breadcrumb\":{\"@id\":\"https:\/\/datatex.com\/it\/news-eventi\/#breadcrumb\"},\"inLanguage\":\"it-IT\",\"potentialAction\":[{\"@type\":\"ReadAction\",\"target\":[\"https:\/\/datatex.com\/it\/news-eventi\/\"]}]},{\"@type\":\"BreadcrumbList\",\"@id\":\"https:\/\/datatex.com\/it\/news-eventi\/#breadcrumb\",\"itemListElement\":[{\"@type\":\"ListItem\",\"position\":1,\"name\":\"Home\",\"item\":\"https:\/\/datatex.com\/it\/\"},{\"@type\":\"ListItem\",\"position\":2,\"name\":\"News&amp;Eventi\"}]},{\"@type\":\"WebSite\",\"@id\":\"https:\/\/datatex.com\/it\/#website\",\"url\":\"https:\/\/datatex.com\/it\/\",\"name\":\"Datatex\",\"description\":\"Datatex: We Make IT Work for You\",\"publisher\":{\"@id\":\"https:\/\/datatex.com\/it\/#organization\"},\"alternateName\":\"Datatex ERP\",\"potentialAction\":[{\"@type\":\"SearchAction\",\"target\":{\"@type\":\"EntryPoint\",\"urlTemplate\":\"https:\/\/datatex.com\/it\/?s={search_term_string}\"},\"query-input\":{\"@type\":\"PropertyValueSpecification\",\"valueRequired\":true,\"valueName\":\"search_term_string\"}}],\"inLanguage\":\"it-IT\"},{\"@type\":\"Organization\",\"@id\":\"https:\/\/datatex.com\/it\/#organization\",\"name\":\"Datatex - We Make IT Work for You\",\"url\":\"https:\/\/datatex.com\/it\/\",\"logo\":{\"@type\":\"ImageObject\",\"inLanguage\":\"it-IT\",\"@id\":\"https:\/\/datatex.com\/it\/#\/schema\/logo\/image\/\",\"url\":\"https:\/\/datatex.com\/wp-content\/uploads\/2019\/09\/android-chrome-192x192-e1569404708453.png\",\"contentUrl\":\"https:\/\/datatex.com\/wp-content\/uploads\/2019\/09\/android-chrome-192x192-e1569404708453.png\",\"width\":192,\"height\":192,\"caption\":\"Datatex - We Make IT Work for You\"},\"image\":{\"@id\":\"https:\/\/datatex.com\/it\/#\/schema\/logo\/image\/\"},\"sameAs\":[\"https:\/\/www.linkedin.com\/company\/datatex\/\",\"https:\/\/www.youtube.com\/@datatexERPtextile\"]}]}<\/script>\n<!-- \/ Yoast SEO plugin. -->","yoast_head_json":{"title":"Novit\u00e0 ed eventi dal mondo tessile e abbigliamento | Datatex","description":"Scopri le nostre novit\u00e0 sul mondo tessile e gli eventi di fama mondiale in cui trovarci. Visita il nostro sito per saperne di pi\u00f9!","robots":{"index":"index","follow":"follow","max-snippet":"max-snippet:-1","max-image-preview":"max-image-preview:large","max-video-preview":"max-video-preview:-1"},"canonical":"https:\/\/datatex.com\/it\/news-eventi\/","og_locale":"it_IT","og_type":"article","og_title":"Novit\u00e0 ed eventi dal mondo tessile e abbigliamento | Datatex","og_description":"Scopri le nostre novit\u00e0 sul mondo tessile e gli eventi di fama mondiale in cui trovarci. Visita il nostro sito per saperne di pi\u00f9!","og_url":"https:\/\/datatex.com\/it\/news-eventi\/","og_site_name":"Datatex","article_modified_time":"2025-11-05T07:47:42+00:00","twitter_card":"summary_large_image","twitter_misc":{"Tempo di lettura stimato":"2 minuti"},"schema":{"@context":"https:\/\/schema.org","@graph":[{"@type":"WebPage","@id":"https:\/\/datatex.com\/it\/news-eventi\/","url":"https:\/\/datatex.com\/it\/news-eventi\/","name":"Novit\u00e0 ed eventi dal mondo tessile e abbigliamento | Datatex","isPartOf":{"@id":"https:\/\/datatex.com\/it\/#website"},"datePublished":"2019-03-08T09:15:11+00:00","dateModified":"2025-11-05T07:47:42+00:00","description":"Scopri le nostre novit\u00e0 sul mondo tessile e gli eventi di fama mondiale in cui trovarci. Visita il nostro sito per saperne di pi\u00f9!","breadcrumb":{"@id":"https:\/\/datatex.com\/it\/news-eventi\/#breadcrumb"},"inLanguage":"it-IT","potentialAction":[{"@type":"ReadAction","target":["https:\/\/datatex.com\/it\/news-eventi\/"]}]},{"@type":"BreadcrumbList","@id":"https:\/\/datatex.com\/it\/news-eventi\/#breadcrumb","itemListElement":[{"@type":"ListItem","position":1,"name":"Home","item":"https:\/\/datatex.com\/it\/"},{"@type":"ListItem","position":2,"name":"News&amp;Eventi"}]},{"@type":"WebSite","@id":"https:\/\/datatex.com\/it\/#website","url":"https:\/\/datatex.com\/it\/","name":"Datatex","description":"Datatex: We Make IT Work for You","publisher":{"@id":"https:\/\/datatex.com\/it\/#organization"},"alternateName":"Datatex ERP","potentialAction":[{"@type":"SearchAction","target":{"@type":"EntryPoint","urlTemplate":"https:\/\/datatex.com\/it\/?s={search_term_string}"},"query-input":{"@type":"PropertyValueSpecification","valueRequired":true,"valueName":"search_term_string"}}],"inLanguage":"it-IT"},{"@type":"Organization","@id":"https:\/\/datatex.com\/it\/#organization","name":"Datatex - We Make IT Work for You","url":"https:\/\/datatex.com\/it\/","logo":{"@type":"ImageObject","inLanguage":"it-IT","@id":"https:\/\/datatex.com\/it\/#\/schema\/logo\/image\/","url":"https:\/\/datatex.com\/wp-content\/uploads\/2019\/09\/android-chrome-192x192-e1569404708453.png","contentUrl":"https:\/\/datatex.com\/wp-content\/uploads\/2019\/09\/android-chrome-192x192-e1569404708453.png","width":192,"height":192,"caption":"Datatex - We Make IT Work for You"},"image":{"@id":"https:\/\/datatex.com\/it\/#\/schema\/logo\/image\/"},"sameAs":["https:\/\/www.linkedin.com\/company\/datatex\/","https:\/\/www.youtube.com\/@datatexERPtextile"]}]}},"_links":{"self":[{"href":"https:\/\/datatex.com\/it\/wp-json\/wp\/v2\/pages\/4382","targetHints":{"allow":["GET"]}}],"collection":[{"href":"https:\/\/datatex.com\/it\/wp-json\/wp\/v2\/pages"}],"about":[{"href":"https:\/\/datatex.com\/it\/wp-json\/wp\/v2\/types\/page"}],"author":[{"embeddable":true,"href":"https:\/\/datatex.com\/it\/wp-json\/wp\/v2\/users\/1"}],"replies":[{"embeddable":true,"href":"https:\/\/datatex.com\/it\/wp-json\/wp\/v2\/comments?post=4382"}],"version-history":[{"count":14,"href":"https:\/\/datatex.com\/it\/wp-json\/wp\/v2\/pages\/4382\/revisions"}],"predecessor-version":[{"id":28136,"href":"https:\/\/datatex.com\/it\/wp-json\/wp\/v2\/pages\/4382\/revisions\/28136"}],"wp:attachment":[{"href":"https:\/\/datatex.com\/it\/wp-json\/wp\/v2\/media?parent=4382"}],"curies":[{"name":"wp","href":"https:\/\/api.w.org\/{rel}","templated":true}]}}