{"id":2168,"date":"2019-03-07T15:54:28","date_gmt":"2019-03-07T15:54:28","guid":{"rendered":"http:\/\/213.140.24.242\/datatexwebsite\/privacy-policy\/"},"modified":"2025-10-01T12:53:09","modified_gmt":"2025-10-01T12:53:09","slug":"privacy-policy","status":"publish","type":"page","link":"https:\/\/datatex.com\/it\/privacy-policy\/","title":{"rendered":"Informativa sulla privacy"},"content":{"rendered":"<div class=\"fusion-fullwidth fullwidth-box fusion-builder-row-1 nonhundred-percent-fullwidth non-hundred-percent-height-scrolling\" style=\"--awb-border-radius-top-left:0px;--awb-border-radius-top-right:0px;--awb-border-radius-bottom-right:0px;--awb-border-radius-bottom-left:0px;--awb-flex-wrap:wrap;\" ><div class=\"fusion-builder-row fusion-row\"><div class=\"fusion-layout-column fusion_builder_column fusion-builder-column-0 fusion_builder_column_1_1 1_1 fusion-one-full fusion-column-first fusion-column-last\" style=\"--awb-bg-size:cover;\"><div class=\"fusion-column-wrapper fusion-column-has-shadow fusion-flex-column-wrapper-legacy\"><div class=\"fusion-title title fusion-title-1 fusion-sep-none fusion-title-text fusion-title-size-one\"><h1 class=\"fusion-title-heading title-heading-left\" style=\"margin:0;\">Datatex | Informativa sulla privacy<\/h1><\/div><div class=\"fusion-text fusion-text-1\"><h2><strong>1. Titolare del trattamento dei dati<\/strong><\/h2>\n<p>Il Titolare del Trattamento dei Suoi Dati Personali \u00e8 Datatex Consulting S.r.l., responsabile nei Suoi confronti del legittimo e corretto uso dei Suoi Dati Personali e che potr\u00e0 contattare per qualsiasi informazione o richiesta ai seguenti recapiti:<\/p>\n<p><strong>Titolare del Trattamento<\/strong>: Datatex Consulting S.r.l.<\/p>\n<p><strong>Sede<\/strong>: Viale Sarca, 235 20126 Milano \u2013 Italia<\/p>\n<p><strong>Contatti e recapiti<\/strong>:<\/p>\n<ul>\n<li>Telefono: (+39) 026797441<\/li>\n<li>E-mail: privacy@datatex.com<\/li>\n<li>PEC: datatexconsulting@certapec.it<\/li>\n<\/ul>\n<p>Potr\u00e0 inoltre rivolgersi al <strong>Titolare del Trattamento dei Dati <\/strong>per avere informazioni e inoltrare richieste circa i Suoi dati o per segnalare disservizi o qualsiasi problema eventualmente riscontrato.<\/p>\n<h2><strong>2. Tipologie di dati raccolti, finalit\u00e0 e base giuridica<\/strong><\/h2>\n<p>I Dati Personali trattati sono raccolti in quanto forniti direttamente dall\u2019Utente\/Interessato o raccolti automaticamente attraverso il sito.<\/p>\n<p><strong>Dati forniti direttamente dall\u2019Utente\/Interessato:<\/strong><\/p>\n<p><strong>A)<\/strong> Finalit\u00e0 strettamente connesse all\u2019esecuzione di misure precontrattuali e per rispondere a specifiche richieste dell\u2019Utente\/Interessato e con riferimento all\u2019area riservata per la richiesta di una consulenza e per l\u2019erogazione dei relativi servizi.<\/p>\n<p style=\"padding-left: 40px;\"><strong>DATI TRATTATI<\/strong>:<\/p>\n<p style=\"padding-left: 40px;\">\u2022 Form \u201c<strong>Prenota una consulenza<\/strong>\u201d: Nome, Cognome, Azienda, Nazione, Telefono, Sito Web, E-mail.<\/p>\n<p style=\"padding-left: 40px;\">\u2022 Form \u201c<strong>Contattaci<\/strong>\u201d: Nome, Cognome, Azienda, Nazione, Telefono, E-mail.<\/p>\n<p style=\"padding-left: 40px;\">\u2022 Form \u201c<strong>Download<\/strong>\u201d: Nome, Cognome, Azienda, Nazione, E-mail.<\/p>\n<p style=\"padding-left: 40px;\">\u2022 Form \u201c<strong>Registrati al webinar<\/strong>\u201d: Nome, Cognome, Azienda, Nazione, E-mail.<\/p>\n<p style=\"padding-left: 40px;\">\u2022 Form \u201c<strong>Iscriviti alla nostra newsletter<\/strong>\u201d: E-mail.<\/p>\n<p style=\"padding-left: 40px;\"><strong>\u00a0BASE GIURIDICA: <\/strong>Contratto di cui l\u2019Interessato \u00e8 parte e\/o esecuzione di misure precontrattuali adottate su richiesta dell\u2019interessato.<\/p>\n<hr \/>\n<p><strong>B)<\/strong> Esercizio dei diritti del Titolare, ad esempio il diritto di difesa in giudizio.<\/p>\n<p style=\"padding-left: 40px;\"><strong>\u00a0DATI TRATTATI<\/strong>:<\/p>\n<p style=\"padding-left: 40px;\">\u2022 Form \u201c<strong>Prenota una consulenza<\/strong>\u201d: Nome, Cognome, Azienda, Nazione, Telefono, Sito Web, E-mail.<\/p>\n<p style=\"padding-left: 40px;\">\u2022 Form \u201c<strong>Contattaci<\/strong>\u201d: Nome, Cognome, Azienda, Nazione, Telefono, E-mail.<\/p>\n<p style=\"padding-left: 40px;\">\u2022 Form \u201c<strong>Download<\/strong>\u201d: Nome, Cognome, Azienda, Nazione, E-mail.<\/p>\n<p style=\"padding-left: 40px;\">\u2022 Form \u201c<strong>Registrati al webinar<\/strong>\u201d: Nome, Cognome, Azienda, Nazione, E-mail.<\/p>\n<p style=\"padding-left: 40px;\">\u2022 Form \u201cIscriviti alla nostra newsletter\u201d: E-mail<\/p>\n<p style=\"padding-left: 40px;\"><strong>BASE GIURIDICA<\/strong>: Legittimo interesse<\/p>\n<p><strong>C)<\/strong> Finalit\u00e0 di marketing diretto e ricerche di mercato, ai fini dell\u2019invio di newsletter e di materiale pubblicitario e informativo.<\/p>\n<hr \/>\n<p style=\"padding-left: 40px;\"><strong>DATI TRATTATI<\/strong>:<\/p>\n<p style=\"padding-left: 40px;\">\u2022 Form \u201c<strong>Prenota una consulenza<\/strong>\u201d: Nome, Cognome, Azienda, Nazione, Telefono, Sito Web, E-mail.<\/p>\n<p style=\"padding-left: 40px;\">\u2022 Form \u201c<strong>Contattaci<\/strong>\u201d: Nome, Cognome, Azienda, Nazione, Telefono, E-mail.<\/p>\n<p style=\"padding-left: 40px;\">\u2022 Form \u201c<strong>Download<\/strong>\u201d: Nome, Cognome, Azienda, Nazione, E-mail.<\/p>\n<p style=\"padding-left: 40px;\">\u2022 Form \u201c<strong>Registrati al webinar<\/strong>\u201d: Nome, Cognome, Azienda, Nazione, E-mail.<\/p>\n<p style=\"padding-left: 40px;\">\u2022 Form \u201c<strong>Iscriviti alla nostra newsletter<\/strong>\u201d: E-mail.<\/p>\n<p style=\"padding-left: 40px;\"><strong>\u00a0BASE GIURIDICA: <\/strong>Consenso.<\/p>\n<p><strong>D)<\/strong> Ricerca di personale.<\/p>\n<p style=\"padding-left: 40px;\"><strong>\u00a0DATI TRATTATI<\/strong>:<\/p>\n<p style=\"padding-left: 80px;\">Form \u201c<strong>Unisciti a noi<\/strong>\u201d: Nome, Cognome, Data di nascita, Telefono, E-mail, Nazionalit\u00e0, Indirizzo, Sede preferita di lavoro, Offerta di lavoro selezionata, Curriculum Vitae.<\/p>\n<p style=\"padding-left: 40px;\"><strong>\u00a0BASE GIURIDICA: <\/strong>Consenso.<\/p>\n<p>L\u2019Utente\/Interessato si assume la responsabilit\u00e0 dei Dati Personali di terzi ottenuti, pubblicati o condivisi mediante questa Applicazione e garantisce di avere il diritto di comunicarli o diffonderli, liberando il Titolare da qualsiasi responsabilit\u00e0 verso terzi.<\/p>\n<p><strong>Dati raccolti automaticamente attraverso il sito:<\/strong><\/p>\n<p>I dati raccolti automaticamente sono le informazioni raccolte in automatico attraverso il sito https:\/\/datatex.com\/ (anche da applicazioni di parti terze integrate in questa Applicazione), tra cui ad esempio: gli indirizzi IP o i nomi a dominio dei computer utilizzati dall\u2019Utente\/Interessato che si connette con questo sito, gli indirizzi in notazione URI (Uniform Resource Identifier), l\u2019orario della richiesta, il metodo utilizzato nell\u2019inoltrare la richiesta al server, la dimensione del file ottenuto in risposta, il codice numerico indicante lo stato della risposta dal server (buon fine, errore, ecc.), il paese di provenienza, le caratteristiche del browser e del sistema operativo utilizzati dal visitatore, le varie connotazioni temporali della visita (ad esempio il tempo di permanenza su ciascuna pagina) e i dettagli relativi all\u2019itinerario seguito all\u2019interno dell\u2019Applicazione, con particolare riferimento alla sequenza delle pagine consultate, ai parametri relativi al sistema operativo e all\u2019ambiente informatico dell\u2019Utente\/Interessato. Dettagli completi su ciascuna tipologia di dati raccolti sono forniti nelle sezioni dedicate della\u00a0cookie policy\u00a0di questo sito.<\/p>\n<p>I dati raccolti automaticamente sono trattati esclusivamente per le finalit\u00e0 per le quali sono raccolti, come di seguito descritte. Il Titolare tratta i dati forniti dagli Utenti\/Interessati per consentire il funzionamento del sito, per consentire la visualizzazione di contenuti da piattaforme esterne, statistica, ottimizzazione e distribuzione del traffico oltre alle ulteriori finalit\u00e0 descritte nel presente documento e nella\u00a0Cookie Policy.<\/p>\n<h2><strong>3. Natura obbligatoria o facoltativa del conferimento dei dati e conseguenze di un eventuale rifiuto al conferimento<\/strong><\/h2>\n<p>Il conferimento dei dati per le finalit\u00e0 di cui al punto a, b \u00e8 facoltativo ma necessario per dare esecuzione al contratto.<\/p>\n<p>Il conferimento dei dati per le finalit\u00e0 di cui al punto c \u00e8 facoltativo e i Suoi dati potranno essere utilizzati previo Suo consenso, in caso di mancato consenso i Suoi dati non potranno essere trattati per la finalit\u00e0 descritta in tale punto.<\/p>\n<p>Se non diversamente specificato, tutti i dati richiesti per la navigazione del sito sono obbligatori. Se l\u2019Utente\/Interessato rifiuta di comunicarli, potrebbe essere impossibile per questa Applicazione fornire il Servizio. Nei casi in cui questa Applicazione indichi alcuni dati come facoltativi, gli Utenti sono liberi di astenersi dal comunicare tali dati, senza che ci\u00f2 abbia alcuna conseguenza sulla disponibilit\u00e0 del Servizio o sulla sua operativit\u00e0.<\/p>\n<p>Gli Utenti che dovessero avere dubbi su quali Dati siano obbligatori sono incoraggiati a contattare il Titolare.<\/p>\n<h2><strong>4. Modalit\u00e0 di trattamento<\/strong><\/h2>\n<p>Il Titolare adotta le opportune misure di sicurezza volte ad impedire l\u2019accesso, la divulgazione, la modifica o la distruzione non autorizzate dei Dati Personali.<\/p>\n<p>Il trattamento viene effettuato mediante strumenti informatici e\/o telematici, con modalit\u00e0 organizzative e con logiche strettamente correlate alle finalit\u00e0 indicate.<\/p>\n<h2><strong>5. Destinatari<\/strong><\/h2>\n<p>I Suoi dati potranno essere comunicati, oltre al personale incaricato del trattamento, ai seguenti soggetti nominati, se necessario, Responsabili del Trattamento da parte del Titolare:<\/p>\n<ol>\n<li>\u00a0consulenti e societ\u00e0 che assistono l\u2019Azienda dal punto di vista informatico e infrastrutturale;<\/li>\n<li>altre aziende, professionisti e agenti che collaborano con l\u2019Azienda per l\u2019espletamento dei servizi.<\/li>\n<\/ol>\n<p>L\u2019elenco aggiornato dei Responsabili potr\u00e0 sempre essere richiesto al Titolare del Trattamento. I dati non saranno oggetto di altre modalit\u00e0 di diffusione.<\/p>\n<h2><strong>6. Luogo del trattamento<\/strong><\/h2>\n<p>I Dati sono trattati presso le sedi operative del Titolare ed in ogni altro luogo in cui le parti coinvolte nel trattamento siano localizzate.<\/p>\n<p>I dati forniti direttamente dall\u2019Utente\/Interessato e raccolti automaticamente potrebbero essere trasferiti in un paese diverso da quello in cui l\u2019Utente\/Interessato si trova anche al di fuori al di fuori dello Spazio Economico Europeo. In tal caso Datatex Consulting Srl assicura che il trattamento dei\u00a0Suoi\u00a0Dati\u00a0Personali da parte di questi soggetti a cui vengono trasferiti i dati avviene nel rispetto del Regolamento Europeo 679\/2016, il tutto sempre in conformit\u00e0 dei principi indicati all\u2019art. 45 del GDPR 2016\/679 relativamente alla sussistenza di una decisione di adeguatezza da parte della Commissione Europea, o in assenza di tali decisioni in ottemperanza all\u2019art 46 relativo al trasferimento in presenza di garanzie adeguate o in ottemperanza all\u2019art 49 comma 1 lett b) \u2013 trasferimento necessario all\u2019esecuzione di un contratto concluso tra lei e il Titolare o per l\u2019esecuzione di misure precontrattuali.<\/p>\n<p>Ulteriori informazioni riguardo al luogo di trattamento sono indicate nella\u00a0Cookie Policy,\u00a0o possono essere ottenute contattando Il Titolare del Trattamento.<\/p>\n<h2><strong>7. Periodo di conservazione<\/strong><\/h2>\n<p><strong>Dati forniti direttamente dall\u2019Utente\/Interessato<\/strong><\/p>\n<p>I Dati Personali forniti direttamente dall\u2019Utente\/Interessato raccolti per la finalit\u00e0 di rispondere alle specifiche richieste e\/o per l\u2019espletamento di trattative precontrattuali saranno trattati e conservati per il periodo di tempo necessario per il perseguimento delle finalit\u00e0 sopra indicate e comunque non oltre 5 anni dalla loro raccolta.<\/p>\n<p>I dati di registrazione necessari per la creazione e l\u2019utilizzo dell\u2019account dell\u2019area riservata verranno conservati fino alla eventuale richiesta di cancellazione dell\u2019interessato.<\/p>\n<p>I Dati Personali raccolti per finalit\u00e0 riconducibili all\u2019interesse legittimo del Titolare saranno trattenuti sino al soddisfacimento di tale interesse. In caso di pendenza di giudizi i dati saranno trattati ulteriormente fino alla loro risoluzione. Inoltre il Titolare potrebbe essere obbligato a conservare i Dati Personali per un periodo pi\u00f9 lungo in ottemperanza ad un obbligo di legge o per ordine di un\u2019autorit\u00e0.<\/p>\n<p>Al termine del periodo di conservazione i Dati Personali saranno cancellati. Pertanto, decorso tale termine i diritti di accesso, cancellazione, rettificazione ed il diritto alla portabilit\u00e0 dei Dati non potranno pi\u00f9 essere esercitati.<\/p>\n<p><strong>Dati raccolti automaticamente attraverso il sito<\/strong><\/p>\n<p>I dati raccolti automaticamente saranno trattenuti per il periodo meglio specificato nella\u00a0Cookie Policy.<\/p>\n<p>Al termine del periodo di conservazione i Dati Personali saranno cancellati. Pertanto, allo spirare di tale termine il diritto di accesso, cancellazione, rettificazione ed il diritto alla portabilit\u00e0 dei Dati non potranno pi\u00f9 essere esercitati.<\/p>\n<h2><strong>8. Diritti dell\u2019Interessato<\/strong><\/h2>\n<p>Ai sensi degli artt. da 15 a 22 del GDPR ciascun Utente\/Interessato ha diritto di ottenere la conferma dell\u2019esistenza o meno dei Suoi Dati Personali, anche se non ancora registrati, e la loro comunicazione in forma intellegibile.<\/p>\n<p>In particolare, l\u2019Interessato ha diritto di ottenere dal Titolare del Trattamento l\u2019indicazione:<\/p>\n<ul>\n<li>dell\u2019origine dei Dati Personali;<\/li>\n<li>della finalit\u00e0 e delle modalit\u00e0 di trattamento;<\/li>\n<li>della logica applicata in caso di trattamento effettuato con l\u2019ausilio di strumenti elettronici\/informatici;<\/li>\n<li>gli estremi identificativi del Titolare, dei Responsabili e del Rappresentante designato;<\/li>\n<li>dei soggetti e delle categorie di soggetti ai quali i dati possono essere comunicati o che possono venirne a conoscenza in qualit\u00e0 di Rappresentante designato nel territorio dello Stato, di Responsabili o Incaricati.<\/li>\n<\/ul>\n<p>Inoltre, l\u2019Interessato ha diritto di ottenere dal Titolare del Trattamento:<\/p>\n<ul>\n<li>l\u2019aggiornamento, la rettificazione ovvero l\u2019integrazione dei propri dati;<\/li>\n<li>la cancellazione, la trasformazione in forma anonima o il blocco dei dati trattati in violazione di legge;<\/li>\n<li>l\u2019accesso ai propri dati e cio\u00e8 la conferma che sia o meno in corso un trattamento di Dati Personali che lo riguardano;<\/li>\n<li>la limitazione del trattamento,<\/li>\n<li>la portabilit\u00e0 del dato, cio\u00e8 il diritto di ricevere in formato strutturato i Dati Personali che lo riguardano;<\/li>\n<li>il diritto di reclamo all\u2019Autorit\u00e0 di controllo.<\/li>\n<\/ul>\n<p>Infine, l\u2019Interessato ha il diritto di opporsi, in tutto o in parte, per motivi legittimi al trattamento dei Dati Personali che lo riguardano, ancorch\u00e9 pertinenti allo scopo della raccolta. In particolare, l\u2019Interessato ha il diritto di opporsi al trattamento di Dati Personali che lo riguardano ai fini di invio di materiale pubblicitario commerciale o per scopi di comunicazione commerciale. I diritti di cui ai punti precedenti potranno essere esercitati scrivendoci ai contatti indicati al punto 1 della presente informativa.<\/p>\n<\/div><div class=\"fusion-clearfix\"><\/div><\/div><\/div><\/div><\/div>\n","protected":false},"excerpt":{"rendered":"","protected":false},"author":1,"featured_media":0,"parent":0,"menu_order":0,"comment_status":"closed","ping_status":"open","template":"","meta":{"two_page_speed":{"current_score":{"desktop_score":95,"desktop_tti":"0.9\u00a0","mobile_score":76,"mobile_tti":"4.3\u00a0","date":"01.10.2025 12:53:57 pm","status":"completed"}},"footnotes":""},"class_list":["post-2168","page","type-page","status-publish","hentry"],"yoast_head":"<!-- This site is optimized with the Yoast SEO plugin v25.1 - https:\/\/yoast.com\/wordpress\/plugins\/seo\/ -->\n<title>Datatex | Informativa sulla privacy<\/title>\n<meta name=\"description\" content=\"Scopri come Datatex raccoglie, utilizza e protegge i tuoi dati personali in conformit\u00e0 con le normative globali sulla privacy.\" \/>\n<meta name=\"robots\" content=\"index, follow, max-snippet:-1, max-image-preview:large, max-video-preview:-1\" \/>\n<link rel=\"canonical\" href=\"https:\/\/datatex.com\/it\/privacy-policy\/\" \/>\n<meta property=\"og:locale\" content=\"it_IT\" \/>\n<meta property=\"og:type\" content=\"article\" \/>\n<meta property=\"og:title\" content=\"Datatex | Informativa sulla privacy\" \/>\n<meta property=\"og:description\" content=\"Scopri come Datatex raccoglie, utilizza e protegge i tuoi dati personali in conformit\u00e0 con le normative globali sulla privacy.\" \/>\n<meta property=\"og:url\" content=\"https:\/\/datatex.com\/it\/privacy-policy\/\" \/>\n<meta property=\"og:site_name\" content=\"Datatex\" \/>\n<meta property=\"article:modified_time\" content=\"2025-10-01T12:53:09+00:00\" \/>\n<meta name=\"twitter:card\" content=\"summary_large_image\" \/>\n<meta name=\"twitter:label1\" content=\"Tempo di lettura stimato\" \/>\n\t<meta name=\"twitter:data1\" content=\"9 minuti\" \/>\n<script type=\"application\/ld+json\" class=\"yoast-schema-graph\">{\"@context\":\"https:\/\/schema.org\",\"@graph\":[{\"@type\":\"WebPage\",\"@id\":\"https:\/\/datatex.com\/it\/privacy-policy\/\",\"url\":\"https:\/\/datatex.com\/it\/privacy-policy\/\",\"name\":\"Datatex | Informativa sulla privacy\",\"isPartOf\":{\"@id\":\"https:\/\/datatex.com\/it\/#website\"},\"datePublished\":\"2019-03-07T15:54:28+00:00\",\"dateModified\":\"2025-10-01T12:53:09+00:00\",\"description\":\"Scopri come Datatex raccoglie, utilizza e protegge i tuoi dati personali in conformit\u00e0 con le normative globali sulla privacy.\",\"breadcrumb\":{\"@id\":\"https:\/\/datatex.com\/it\/privacy-policy\/#breadcrumb\"},\"inLanguage\":\"it-IT\",\"potentialAction\":[{\"@type\":\"ReadAction\",\"target\":[\"https:\/\/datatex.com\/it\/privacy-policy\/\"]}]},{\"@type\":\"BreadcrumbList\",\"@id\":\"https:\/\/datatex.com\/it\/privacy-policy\/#breadcrumb\",\"itemListElement\":[{\"@type\":\"ListItem\",\"position\":1,\"name\":\"Home\",\"item\":\"https:\/\/datatex.com\/it\/\"},{\"@type\":\"ListItem\",\"position\":2,\"name\":\"Informativa sulla privacy\"}]},{\"@type\":\"WebSite\",\"@id\":\"https:\/\/datatex.com\/it\/#website\",\"url\":\"https:\/\/datatex.com\/it\/\",\"name\":\"Datatex\",\"description\":\"Datatex: We Make IT Work for You\",\"publisher\":{\"@id\":\"https:\/\/datatex.com\/it\/#organization\"},\"alternateName\":\"Datatex ERP\",\"potentialAction\":[{\"@type\":\"SearchAction\",\"target\":{\"@type\":\"EntryPoint\",\"urlTemplate\":\"https:\/\/datatex.com\/it\/?s={search_term_string}\"},\"query-input\":{\"@type\":\"PropertyValueSpecification\",\"valueRequired\":true,\"valueName\":\"search_term_string\"}}],\"inLanguage\":\"it-IT\"},{\"@type\":\"Organization\",\"@id\":\"https:\/\/datatex.com\/it\/#organization\",\"name\":\"Datatex - We Make IT Work for You\",\"url\":\"https:\/\/datatex.com\/it\/\",\"logo\":{\"@type\":\"ImageObject\",\"inLanguage\":\"it-IT\",\"@id\":\"https:\/\/datatex.com\/it\/#\/schema\/logo\/image\/\",\"url\":\"https:\/\/datatex.com\/wp-content\/uploads\/2019\/09\/android-chrome-192x192-e1569404708453.png\",\"contentUrl\":\"https:\/\/datatex.com\/wp-content\/uploads\/2019\/09\/android-chrome-192x192-e1569404708453.png\",\"width\":192,\"height\":192,\"caption\":\"Datatex - We Make IT Work for You\"},\"image\":{\"@id\":\"https:\/\/datatex.com\/it\/#\/schema\/logo\/image\/\"},\"sameAs\":[\"https:\/\/www.linkedin.com\/company\/datatex\/\",\"https:\/\/www.youtube.com\/@datatexERPtextile\"]}]}<\/script>\n<!-- \/ Yoast SEO plugin. -->","yoast_head_json":{"title":"Datatex | Informativa sulla privacy","description":"Scopri come Datatex raccoglie, utilizza e protegge i tuoi dati personali in conformit\u00e0 con le normative globali sulla privacy.","robots":{"index":"index","follow":"follow","max-snippet":"max-snippet:-1","max-image-preview":"max-image-preview:large","max-video-preview":"max-video-preview:-1"},"canonical":"https:\/\/datatex.com\/it\/privacy-policy\/","og_locale":"it_IT","og_type":"article","og_title":"Datatex | Informativa sulla privacy","og_description":"Scopri come Datatex raccoglie, utilizza e protegge i tuoi dati personali in conformit\u00e0 con le normative globali sulla privacy.","og_url":"https:\/\/datatex.com\/it\/privacy-policy\/","og_site_name":"Datatex","article_modified_time":"2025-10-01T12:53:09+00:00","twitter_card":"summary_large_image","twitter_misc":{"Tempo di lettura stimato":"9 minuti"},"schema":{"@context":"https:\/\/schema.org","@graph":[{"@type":"WebPage","@id":"https:\/\/datatex.com\/it\/privacy-policy\/","url":"https:\/\/datatex.com\/it\/privacy-policy\/","name":"Datatex | Informativa sulla privacy","isPartOf":{"@id":"https:\/\/datatex.com\/it\/#website"},"datePublished":"2019-03-07T15:54:28+00:00","dateModified":"2025-10-01T12:53:09+00:00","description":"Scopri come Datatex raccoglie, utilizza e protegge i tuoi dati personali in conformit\u00e0 con le normative globali sulla privacy.","breadcrumb":{"@id":"https:\/\/datatex.com\/it\/privacy-policy\/#breadcrumb"},"inLanguage":"it-IT","potentialAction":[{"@type":"ReadAction","target":["https:\/\/datatex.com\/it\/privacy-policy\/"]}]},{"@type":"BreadcrumbList","@id":"https:\/\/datatex.com\/it\/privacy-policy\/#breadcrumb","itemListElement":[{"@type":"ListItem","position":1,"name":"Home","item":"https:\/\/datatex.com\/it\/"},{"@type":"ListItem","position":2,"name":"Informativa sulla privacy"}]},{"@type":"WebSite","@id":"https:\/\/datatex.com\/it\/#website","url":"https:\/\/datatex.com\/it\/","name":"Datatex","description":"Datatex: We Make IT Work for You","publisher":{"@id":"https:\/\/datatex.com\/it\/#organization"},"alternateName":"Datatex ERP","potentialAction":[{"@type":"SearchAction","target":{"@type":"EntryPoint","urlTemplate":"https:\/\/datatex.com\/it\/?s={search_term_string}"},"query-input":{"@type":"PropertyValueSpecification","valueRequired":true,"valueName":"search_term_string"}}],"inLanguage":"it-IT"},{"@type":"Organization","@id":"https:\/\/datatex.com\/it\/#organization","name":"Datatex - We Make IT Work for You","url":"https:\/\/datatex.com\/it\/","logo":{"@type":"ImageObject","inLanguage":"it-IT","@id":"https:\/\/datatex.com\/it\/#\/schema\/logo\/image\/","url":"https:\/\/datatex.com\/wp-content\/uploads\/2019\/09\/android-chrome-192x192-e1569404708453.png","contentUrl":"https:\/\/datatex.com\/wp-content\/uploads\/2019\/09\/android-chrome-192x192-e1569404708453.png","width":192,"height":192,"caption":"Datatex - We Make IT Work for You"},"image":{"@id":"https:\/\/datatex.com\/it\/#\/schema\/logo\/image\/"},"sameAs":["https:\/\/www.linkedin.com\/company\/datatex\/","https:\/\/www.youtube.com\/@datatexERPtextile"]}]}},"_links":{"self":[{"href":"https:\/\/datatex.com\/it\/wp-json\/wp\/v2\/pages\/2168","targetHints":{"allow":["GET"]}}],"collection":[{"href":"https:\/\/datatex.com\/it\/wp-json\/wp\/v2\/pages"}],"about":[{"href":"https:\/\/datatex.com\/it\/wp-json\/wp\/v2\/types\/page"}],"author":[{"embeddable":true,"href":"https:\/\/datatex.com\/it\/wp-json\/wp\/v2\/users\/1"}],"replies":[{"embeddable":true,"href":"https:\/\/datatex.com\/it\/wp-json\/wp\/v2\/comments?post=2168"}],"version-history":[{"count":19,"href":"https:\/\/datatex.com\/it\/wp-json\/wp\/v2\/pages\/2168\/revisions"}],"predecessor-version":[{"id":17893717,"href":"https:\/\/datatex.com\/it\/wp-json\/wp\/v2\/pages\/2168\/revisions\/17893717"}],"wp:attachment":[{"href":"https:\/\/datatex.com\/it\/wp-json\/wp\/v2\/media?parent=2168"}],"curies":[{"name":"wp","href":"https:\/\/api.w.org\/{rel}","templated":true}]}}