{"id":2037,"date":"2019-03-27T10:08:34","date_gmt":"2019-03-27T10:08:34","guid":{"rendered":"http:\/\/213.140.24.242\/datatexwebsite\/cookie-policy\/"},"modified":"2025-10-02T04:13:09","modified_gmt":"2025-10-02T04:13:09","slug":"cookie-policy","status":"publish","type":"page","link":"https:\/\/datatex.com\/it\/cookie-policy\/","title":{"rendered":"Datatex | Utilizzo dei cookies"},"content":{"rendered":"<div class=\"fusion-fullwidth fullwidth-box fusion-builder-row-1 nonhundred-percent-fullwidth non-hundred-percent-height-scrolling\" style=\"--awb-border-radius-top-left:0px;--awb-border-radius-top-right:0px;--awb-border-radius-bottom-right:0px;--awb-border-radius-bottom-left:0px;--awb-flex-wrap:wrap;\" ><div class=\"fusion-builder-row fusion-row\"><div class=\"fusion-layout-column fusion_builder_column fusion-builder-column-0 fusion_builder_column_1_1 1_1 fusion-one-full fusion-column-first fusion-column-last\" style=\"--awb-bg-size:cover;\"><div class=\"fusion-column-wrapper fusion-column-has-shadow fusion-flex-column-wrapper-legacy\"><div class=\"fusion-title title fusion-title-1 fusion-sep-none fusion-title-text fusion-title-size-one\"><h1 class=\"fusion-title-heading title-heading-left\" style=\"margin:0;\">Datatex | Utilizzo dei cookies<\/h1><\/div><div class=\"fusion-text fusion-text-1\"><p>Al fine di rendere i propri servizi il pi\u00f9 possibile efficienti e semplici da utilizzare questo Sito fa uso di cookies. Pertanto, quando si visita il Sito, viene inserita una quantit\u00e0 minima di informazioni nel dispositivo dell&#8217;Utente, come piccoli file di testo chiamati &#8220;cookie&#8221;, che vengono salvati nella directory del browser Web dell&#8217;Utente. Esistono diversi tipi di cookie, ma sostanzialmente lo scopo principale di un cookie \u00e8 quello di far funzionare pi\u00f9 efficacemente il Sito e di abilitarne determinate funzionalit\u00e0.<\/p>\n<\/div><div class=\"fusion-text fusion-text-2\"><p>I cookie sono utilizzati per migliorare la navigazione globale dell&#8217;Utente. In particolare:<\/p>\n<ul>\n<li>Consentono di navigare in modo efficiente da una pagina all&#8217;altra del sito Web.<\/li>\n<li>Memorizzano il nome utente e le preferenze inserite.<\/li>\n<li>Consentono di evitare di inserire le stesse informazioni (come nome utente e password) pi\u00f9 volte durante la visita.<\/li>\n<li>Misurano l&#8217;utilizzo dei servizi da parte degli Utenti, per ottimizzare l&#8217;esperienza di navigazione e i servizi stessi.<\/li>\n<li>Presentano informazioni pubblicitarie mirate in funzione degli interessi e del comportamento manifestato dall&#8217;Utente durante la navigazione.<\/li>\n<\/ul>\n<\/div><div class=\"fusion-text fusion-text-3\"><p>Esistono vari tipi di cookie. Di seguito sono riportati i tipi cookie che possono essere utilizzati. Il Sito Datatex non utilizza cookie di profilazione.<\/p>\n<h2>Cookie tecnici<\/h2>\n<p>Cookie tecnici I cookie di questo tipo sono necessari per il corretto funzionamento di alcune aree del sito. I cookie di questa categoria comprendono sia cookie persistenti che cookie di sessione. In assenza di tali cookie, il sito o alcune porzioni di esso potrebbero non funzionare correttamente. Pertanto, vengono sempre utilizzati, indipendentemente dalle preferenze dall&#8217;utente. I cookie di questa categoria vengono sempre inviati dal nostro dominio.<\/p>\n<h2>Cookie analitici<\/h2>\n<p>I cookie di questo tipo vengono utilizzati per raccogliere informazioni sull&#8217;utilizzo del sito. Il Titolare usa tali informazioni per analisi statistiche, per migliorare il sito e semplificarne l&#8217;utilizzo, oltre che per monitorarne il corretto funzionamento. Questo tipo di cookie raccoglie informazioni in forma anonima sull&#8217;attivit\u00e0 degli utenti nel sito e sul modo in cui sono arrivati al Sito e alle pagine visitate. I cookie di questa categoria vengono inviati dal Sito stesso o da domini di terze parti.<\/p>\n<\/div><div class=\"fusion-text fusion-text-4\"><h2>Cookie di rilevamento di terze parti<\/h2>\n<p>I cookie di questo tipo vengono utilizzati per raccogliere informazioni sull&#8217;utilizzo del sito Web da parte dei visitatori, le parole chiave usate per raggiungere il sito, i siti Web visitati e le origini del traffico da cui provengono i visitatori per le campagne di marketing. Il titolare pu\u00f2 utilizzare tali informazioni per compilare rapporti e migliorare il Sito. I cookie raccolgono informazioni in forma anonima. I cookie di questo tipo vengono inviati dal Sito stesso o da domini di terze parti.<\/p>\n<h2>Cookie per l&#8217;integrazione di funzionalit\u00e0 di terze parti<\/h2>\n<p>I cookie di questo tipo vengono utilizzati per integrare funzionalit\u00e0 di terze parti nel Sito (ad esempio, moduli per i commenti o icone di social network che consentono ai visitatori di condividere il contenuto del sito). I cookie di questa categoria possono essere inviati dai domini dei siti partner o che comunque offrono le funzionalit\u00e0 presenti nel sito.<\/p>\n<\/div><div class=\"fusion-text fusion-text-5\"><p>Il Titolare non \u00e8 tenuto a richiedere il consenso dell&#8217;utente per i cookie tecnici, poich\u00e9 questi sono strettamente necessari per la fornitura del servizio. Per le altre tipologie di cookie il consenso pu\u00f2 essere espresso dall&#8217;Utente, conformemente alla normativa vigente, mediante specifiche configurazioni del browser e di programmi informatici o di dispositivi che siano di facile e chiara utilizzabilit\u00e0 per l&#8217;Utente. Il Titolare ricorda all&#8217;Utente che \u00e8 possibile modificare le preferenze relative ai cookie in qualsiasi momento. <strong>\u00c8 possibile disabilitare in qualsiasi momento i cookie dal browser<\/strong>, questa operazione potrebbe impedire all&#8217;Utente di utilizzare alcune parti del Sito.<\/p>\n<\/div><div class=\"fusion-text fusion-text-6\"><p><strong>You may block or disable them at any moment from this website simply by using your browser settings.<\/strong><\/p>\n<\/div><div class=\"fusion-clearfix\"><\/div><\/div><\/div><\/div><\/div>\n","protected":false},"excerpt":{"rendered":"","protected":false},"author":1,"featured_media":0,"parent":0,"menu_order":0,"comment_status":"closed","ping_status":"closed","template":"","meta":{"two_page_speed":{"current_score":{"desktop_score":94,"desktop_tti":"0.7\u00a0","mobile_score":81,"mobile_tti":"3.8\u00a0","date":"02.10.2025 04:13:49 am","status":"completed"}},"footnotes":""},"class_list":["post-2037","page","type-page","status-publish","hentry"],"yoast_head":"<!-- This site is optimized with the Yoast SEO plugin v25.1 - https:\/\/yoast.com\/wordpress\/plugins\/seo\/ -->\n<title>Cookie Policy | Datatex<\/title>\n<meta name=\"robots\" content=\"index, follow, max-snippet:-1, max-image-preview:large, max-video-preview:-1\" \/>\n<link rel=\"canonical\" href=\"https:\/\/datatex.com\/it\/cookie-policy\/\" \/>\n<meta property=\"og:locale\" content=\"it_IT\" \/>\n<meta property=\"og:type\" content=\"article\" \/>\n<meta property=\"og:title\" content=\"Cookie Policy | Datatex\" \/>\n<meta property=\"og:url\" content=\"https:\/\/datatex.com\/it\/cookie-policy\/\" \/>\n<meta property=\"og:site_name\" content=\"Datatex\" \/>\n<meta property=\"article:modified_time\" content=\"2025-10-02T04:13:09+00:00\" \/>\n<meta name=\"twitter:card\" content=\"summary_large_image\" \/>\n<meta name=\"twitter:label1\" content=\"Tempo di lettura stimato\" \/>\n\t<meta name=\"twitter:data1\" content=\"5 minuti\" \/>\n<script type=\"application\/ld+json\" class=\"yoast-schema-graph\">{\"@context\":\"https:\/\/schema.org\",\"@graph\":[{\"@type\":\"WebPage\",\"@id\":\"https:\/\/datatex.com\/it\/cookie-policy\/\",\"url\":\"https:\/\/datatex.com\/it\/cookie-policy\/\",\"name\":\"Cookie Policy | Datatex\",\"isPartOf\":{\"@id\":\"https:\/\/datatex.com\/it\/#website\"},\"datePublished\":\"2019-03-27T10:08:34+00:00\",\"dateModified\":\"2025-10-02T04:13:09+00:00\",\"breadcrumb\":{\"@id\":\"https:\/\/datatex.com\/it\/cookie-policy\/#breadcrumb\"},\"inLanguage\":\"it-IT\",\"potentialAction\":[{\"@type\":\"ReadAction\",\"target\":[\"https:\/\/datatex.com\/it\/cookie-policy\/\"]}]},{\"@type\":\"BreadcrumbList\",\"@id\":\"https:\/\/datatex.com\/it\/cookie-policy\/#breadcrumb\",\"itemListElement\":[{\"@type\":\"ListItem\",\"position\":1,\"name\":\"Home\",\"item\":\"https:\/\/datatex.com\/it\/\"},{\"@type\":\"ListItem\",\"position\":2,\"name\":\"Datatex | Utilizzo dei cookies\"}]},{\"@type\":\"WebSite\",\"@id\":\"https:\/\/datatex.com\/it\/#website\",\"url\":\"https:\/\/datatex.com\/it\/\",\"name\":\"Datatex\",\"description\":\"Datatex: We Make IT Work for You\",\"publisher\":{\"@id\":\"https:\/\/datatex.com\/it\/#organization\"},\"alternateName\":\"Datatex ERP\",\"potentialAction\":[{\"@type\":\"SearchAction\",\"target\":{\"@type\":\"EntryPoint\",\"urlTemplate\":\"https:\/\/datatex.com\/it\/?s={search_term_string}\"},\"query-input\":{\"@type\":\"PropertyValueSpecification\",\"valueRequired\":true,\"valueName\":\"search_term_string\"}}],\"inLanguage\":\"it-IT\"},{\"@type\":\"Organization\",\"@id\":\"https:\/\/datatex.com\/it\/#organization\",\"name\":\"Datatex - We Make IT Work for You\",\"url\":\"https:\/\/datatex.com\/it\/\",\"logo\":{\"@type\":\"ImageObject\",\"inLanguage\":\"it-IT\",\"@id\":\"https:\/\/datatex.com\/it\/#\/schema\/logo\/image\/\",\"url\":\"https:\/\/datatex.com\/wp-content\/uploads\/2019\/09\/android-chrome-192x192-e1569404708453.png\",\"contentUrl\":\"https:\/\/datatex.com\/wp-content\/uploads\/2019\/09\/android-chrome-192x192-e1569404708453.png\",\"width\":192,\"height\":192,\"caption\":\"Datatex - We Make IT Work for You\"},\"image\":{\"@id\":\"https:\/\/datatex.com\/it\/#\/schema\/logo\/image\/\"},\"sameAs\":[\"https:\/\/www.linkedin.com\/company\/datatex\/\",\"https:\/\/www.youtube.com\/@datatexERPtextile\"]}]}<\/script>\n<!-- \/ Yoast SEO plugin. -->","yoast_head_json":{"title":"Cookie Policy | Datatex","robots":{"index":"index","follow":"follow","max-snippet":"max-snippet:-1","max-image-preview":"max-image-preview:large","max-video-preview":"max-video-preview:-1"},"canonical":"https:\/\/datatex.com\/it\/cookie-policy\/","og_locale":"it_IT","og_type":"article","og_title":"Cookie Policy | Datatex","og_url":"https:\/\/datatex.com\/it\/cookie-policy\/","og_site_name":"Datatex","article_modified_time":"2025-10-02T04:13:09+00:00","twitter_card":"summary_large_image","twitter_misc":{"Tempo di lettura stimato":"5 minuti"},"schema":{"@context":"https:\/\/schema.org","@graph":[{"@type":"WebPage","@id":"https:\/\/datatex.com\/it\/cookie-policy\/","url":"https:\/\/datatex.com\/it\/cookie-policy\/","name":"Cookie Policy | Datatex","isPartOf":{"@id":"https:\/\/datatex.com\/it\/#website"},"datePublished":"2019-03-27T10:08:34+00:00","dateModified":"2025-10-02T04:13:09+00:00","breadcrumb":{"@id":"https:\/\/datatex.com\/it\/cookie-policy\/#breadcrumb"},"inLanguage":"it-IT","potentialAction":[{"@type":"ReadAction","target":["https:\/\/datatex.com\/it\/cookie-policy\/"]}]},{"@type":"BreadcrumbList","@id":"https:\/\/datatex.com\/it\/cookie-policy\/#breadcrumb","itemListElement":[{"@type":"ListItem","position":1,"name":"Home","item":"https:\/\/datatex.com\/it\/"},{"@type":"ListItem","position":2,"name":"Datatex | Utilizzo dei cookies"}]},{"@type":"WebSite","@id":"https:\/\/datatex.com\/it\/#website","url":"https:\/\/datatex.com\/it\/","name":"Datatex","description":"Datatex: We Make IT Work for You","publisher":{"@id":"https:\/\/datatex.com\/it\/#organization"},"alternateName":"Datatex ERP","potentialAction":[{"@type":"SearchAction","target":{"@type":"EntryPoint","urlTemplate":"https:\/\/datatex.com\/it\/?s={search_term_string}"},"query-input":{"@type":"PropertyValueSpecification","valueRequired":true,"valueName":"search_term_string"}}],"inLanguage":"it-IT"},{"@type":"Organization","@id":"https:\/\/datatex.com\/it\/#organization","name":"Datatex - We Make IT Work for You","url":"https:\/\/datatex.com\/it\/","logo":{"@type":"ImageObject","inLanguage":"it-IT","@id":"https:\/\/datatex.com\/it\/#\/schema\/logo\/image\/","url":"https:\/\/datatex.com\/wp-content\/uploads\/2019\/09\/android-chrome-192x192-e1569404708453.png","contentUrl":"https:\/\/datatex.com\/wp-content\/uploads\/2019\/09\/android-chrome-192x192-e1569404708453.png","width":192,"height":192,"caption":"Datatex - We Make IT Work for You"},"image":{"@id":"https:\/\/datatex.com\/it\/#\/schema\/logo\/image\/"},"sameAs":["https:\/\/www.linkedin.com\/company\/datatex\/","https:\/\/www.youtube.com\/@datatexERPtextile"]}]}},"_links":{"self":[{"href":"https:\/\/datatex.com\/it\/wp-json\/wp\/v2\/pages\/2037","targetHints":{"allow":["GET"]}}],"collection":[{"href":"https:\/\/datatex.com\/it\/wp-json\/wp\/v2\/pages"}],"about":[{"href":"https:\/\/datatex.com\/it\/wp-json\/wp\/v2\/types\/page"}],"author":[{"embeddable":true,"href":"https:\/\/datatex.com\/it\/wp-json\/wp\/v2\/users\/1"}],"replies":[{"embeddable":true,"href":"https:\/\/datatex.com\/it\/wp-json\/wp\/v2\/comments?post=2037"}],"version-history":[{"count":4,"href":"https:\/\/datatex.com\/it\/wp-json\/wp\/v2\/pages\/2037\/revisions"}],"predecessor-version":[{"id":2177,"href":"https:\/\/datatex.com\/it\/wp-json\/wp\/v2\/pages\/2037\/revisions\/2177"}],"wp:attachment":[{"href":"https:\/\/datatex.com\/it\/wp-json\/wp\/v2\/media?parent=2037"}],"curies":[{"name":"wp","href":"https:\/\/api.w.org\/{rel}","templated":true}]}}