{"id":25661,"date":"2021-12-01T14:11:14","date_gmt":"2021-12-01T14:11:14","guid":{"rendered":"https:\/\/datatex.com\/?page_id=25661"},"modified":"2025-10-01T14:49:32","modified_gmt":"2025-10-01T14:49:32","slug":"prendre-rendez-vous-avec-nous","status":"publish","type":"page","link":"https:\/\/datatex.com\/fr\/prendre-rendez-vous-avec-nous\/","title":{"rendered":"Prendre rendez-vous avec nous"},"content":{"rendered":"<div class=\"fusion-fullwidth fullwidth-box fusion-builder-row-1 nonhundred-percent-fullwidth non-hundred-percent-height-scrolling\" style=\"--awb-border-radius-top-left:0px;--awb-border-radius-top-right:0px;--awb-border-radius-bottom-right:0px;--awb-border-radius-bottom-left:0px;--awb-padding-bottom:50px;--awb-flex-wrap:wrap;\" ><div class=\"fusion-builder-row fusion-row\"><div class=\"fusion-layout-column fusion_builder_column fusion-builder-column-0 fusion_builder_column_1_1 1_1 fusion-one-full fusion-column-first fusion-column-last\" style=\"--awb-bg-size:cover;\"><div class=\"fusion-column-wrapper fusion-column-has-shadow fusion-flex-column-wrapper-legacy\"><div class=\"fusion-text fusion-text-1\" style=\"--awb-margin-top:2rem;--awb-margin-right:10%;--awb-margin-left:10%;\"><p style=\"text-align: center;\">Pour <strong>planifier une d\u00e9monstration gratuite<\/strong> ou une<strong> consultation gratuite<\/strong> avec l\u2019un de nos experts, il suffit de choisir la date et l\u2019heure disponibles. Une fois que vous aurez rempli toutes les informations requises, vous recevrez une notification par courrier \u00e9lectronique avec votre demande en attente et serez contact\u00e9 peu apr\u00e8s.<\/p>\n<\/div><!-- Calendly inline widget begin --><\/p>\n<style>\nmain#main {\n  padding: 0;\n}\n.calendly-inline-widget {\n  min-width: 320px;\n  height: 750px;\n}\n<\/style>\n<div\n    class=\"calendly-inline-widget\"\n    data-url=\"https:\/\/calendly.com\/datatex\/prendre-rendez-vous-avec-nous?text_color=6f6f6f&primary_color=ff7800\">\n<\/div>\n<p><script type=\"text\/javascript\" src=\"https:\/\/assets.calendly.com\/assets\/external\/widget.js\" async><\/script><br \/>\n<!-- Calendly inline widget end --><div class=\"fusion-clearfix\"><\/div><\/div><\/div><\/div><\/div>\n","protected":false},"excerpt":{"rendered":"","protected":false},"author":7,"featured_media":0,"parent":0,"menu_order":0,"comment_status":"closed","ping_status":"closed","template":"","meta":{"two_page_speed":{"current_score":{"desktop_score":94,"desktop_tti":"1.1\u00a0","mobile_score":65,"mobile_tti":"5.3\u00a0","date":"01.10.2025 02:50:18 pm","status":"completed"}},"footnotes":""},"class_list":["post-25661","page","type-page","status-publish","hentry"],"yoast_head":"<!-- This site is optimized with the Yoast SEO plugin v25.1 - https:\/\/yoast.com\/wordpress\/plugins\/seo\/ -->\n<title>Prendre rendez-vous avec nous | Datatex Consultation gratuite<\/title>\n<meta name=\"description\" content=\"\u00a0Planifiez une d\u00e9monstration gratuite ou r\u00e9servez consultation gratuite avec nos experts et d\u00e9couvrez tous les avantages de l&#039;ERP pour le secteur textile.\" \/>\n<meta name=\"robots\" content=\"index, follow, max-snippet:-1, max-image-preview:large, max-video-preview:-1\" \/>\n<link rel=\"canonical\" href=\"https:\/\/datatex.com\/fr\/prendre-rendez-vous-avec-nous\/\" \/>\n<meta property=\"og:locale\" content=\"fr_FR\" \/>\n<meta property=\"og:type\" content=\"article\" \/>\n<meta property=\"og:title\" content=\"Prendre rendez-vous avec nous | Datatex Consultation gratuite\" \/>\n<meta property=\"og:description\" content=\"\u00a0Planifiez une d\u00e9monstration gratuite ou r\u00e9servez consultation gratuite avec nos experts et d\u00e9couvrez tous les avantages de l&#039;ERP pour le secteur textile.\" \/>\n<meta property=\"og:url\" content=\"https:\/\/datatex.com\/fr\/prendre-rendez-vous-avec-nous\/\" \/>\n<meta property=\"og:site_name\" content=\"Datatex\" \/>\n<meta property=\"article:modified_time\" content=\"2025-10-01T14:49:32+00:00\" \/>\n<meta name=\"twitter:card\" content=\"summary_large_image\" \/>\n<meta name=\"twitter:label1\" content=\"Dur\u00e9e de lecture estim\u00e9e\" \/>\n\t<meta name=\"twitter:data1\" content=\"1 minute\" \/>\n<script type=\"application\/ld+json\" class=\"yoast-schema-graph\">{\"@context\":\"https:\/\/schema.org\",\"@graph\":[{\"@type\":\"WebPage\",\"@id\":\"https:\/\/datatex.com\/fr\/prendre-rendez-vous-avec-nous\/\",\"url\":\"https:\/\/datatex.com\/fr\/prendre-rendez-vous-avec-nous\/\",\"name\":\"Prendre rendez-vous avec nous | Datatex Consultation gratuite\",\"isPartOf\":{\"@id\":\"https:\/\/datatex.com\/fr\/#website\"},\"datePublished\":\"2021-12-01T14:11:14+00:00\",\"dateModified\":\"2025-10-01T14:49:32+00:00\",\"description\":\"\u00a0Planifiez une d\u00e9monstration gratuite ou r\u00e9servez consultation gratuite avec nos experts et d\u00e9couvrez tous les avantages de l'ERP pour le secteur textile.\",\"breadcrumb\":{\"@id\":\"https:\/\/datatex.com\/fr\/prendre-rendez-vous-avec-nous\/#breadcrumb\"},\"inLanguage\":\"fr-FR\",\"potentialAction\":[{\"@type\":\"ReadAction\",\"target\":[\"https:\/\/datatex.com\/fr\/prendre-rendez-vous-avec-nous\/\"]}]},{\"@type\":\"BreadcrumbList\",\"@id\":\"https:\/\/datatex.com\/fr\/prendre-rendez-vous-avec-nous\/#breadcrumb\",\"itemListElement\":[{\"@type\":\"ListItem\",\"position\":1,\"name\":\"Home\",\"item\":\"https:\/\/datatex.com\/fr\/\"},{\"@type\":\"ListItem\",\"position\":2,\"name\":\"Prendre rendez-vous avec nous\"}]},{\"@type\":\"WebSite\",\"@id\":\"https:\/\/datatex.com\/fr\/#website\",\"url\":\"https:\/\/datatex.com\/fr\/\",\"name\":\"Datatex\",\"description\":\"Datatex: We Make IT Work for You\",\"publisher\":{\"@id\":\"https:\/\/datatex.com\/fr\/#organization\"},\"alternateName\":\"Datatex ERP\",\"potentialAction\":[{\"@type\":\"SearchAction\",\"target\":{\"@type\":\"EntryPoint\",\"urlTemplate\":\"https:\/\/datatex.com\/fr\/?s={search_term_string}\"},\"query-input\":{\"@type\":\"PropertyValueSpecification\",\"valueRequired\":true,\"valueName\":\"search_term_string\"}}],\"inLanguage\":\"fr-FR\"},{\"@type\":\"Organization\",\"@id\":\"https:\/\/datatex.com\/fr\/#organization\",\"name\":\"Datatex - We Make IT Work for You\",\"url\":\"https:\/\/datatex.com\/fr\/\",\"logo\":{\"@type\":\"ImageObject\",\"inLanguage\":\"fr-FR\",\"@id\":\"https:\/\/datatex.com\/fr\/#\/schema\/logo\/image\/\",\"url\":\"https:\/\/datatex.com\/wp-content\/uploads\/2019\/09\/android-chrome-192x192-e1569404708453.png\",\"contentUrl\":\"https:\/\/datatex.com\/wp-content\/uploads\/2019\/09\/android-chrome-192x192-e1569404708453.png\",\"width\":192,\"height\":192,\"caption\":\"Datatex - We Make IT Work for You\"},\"image\":{\"@id\":\"https:\/\/datatex.com\/fr\/#\/schema\/logo\/image\/\"},\"sameAs\":[\"https:\/\/www.linkedin.com\/company\/datatex\/\",\"https:\/\/www.youtube.com\/@datatexERPtextile\"]}]}<\/script>\n<!-- \/ Yoast SEO plugin. -->","yoast_head_json":{"title":"Prendre rendez-vous avec nous | Datatex Consultation gratuite","description":"\u00a0Planifiez une d\u00e9monstration gratuite ou r\u00e9servez consultation gratuite avec nos experts et d\u00e9couvrez tous les avantages de l'ERP pour le secteur textile.","robots":{"index":"index","follow":"follow","max-snippet":"max-snippet:-1","max-image-preview":"max-image-preview:large","max-video-preview":"max-video-preview:-1"},"canonical":"https:\/\/datatex.com\/fr\/prendre-rendez-vous-avec-nous\/","og_locale":"fr_FR","og_type":"article","og_title":"Prendre rendez-vous avec nous | Datatex Consultation gratuite","og_description":"\u00a0Planifiez une d\u00e9monstration gratuite ou r\u00e9servez consultation gratuite avec nos experts et d\u00e9couvrez tous les avantages de l'ERP pour le secteur textile.","og_url":"https:\/\/datatex.com\/fr\/prendre-rendez-vous-avec-nous\/","og_site_name":"Datatex","article_modified_time":"2025-10-01T14:49:32+00:00","twitter_card":"summary_large_image","twitter_misc":{"Dur\u00e9e de lecture estim\u00e9e":"1 minute"},"schema":{"@context":"https:\/\/schema.org","@graph":[{"@type":"WebPage","@id":"https:\/\/datatex.com\/fr\/prendre-rendez-vous-avec-nous\/","url":"https:\/\/datatex.com\/fr\/prendre-rendez-vous-avec-nous\/","name":"Prendre rendez-vous avec nous | Datatex Consultation gratuite","isPartOf":{"@id":"https:\/\/datatex.com\/fr\/#website"},"datePublished":"2021-12-01T14:11:14+00:00","dateModified":"2025-10-01T14:49:32+00:00","description":"\u00a0Planifiez une d\u00e9monstration gratuite ou r\u00e9servez consultation gratuite avec nos experts et d\u00e9couvrez tous les avantages de l'ERP pour le secteur textile.","breadcrumb":{"@id":"https:\/\/datatex.com\/fr\/prendre-rendez-vous-avec-nous\/#breadcrumb"},"inLanguage":"fr-FR","potentialAction":[{"@type":"ReadAction","target":["https:\/\/datatex.com\/fr\/prendre-rendez-vous-avec-nous\/"]}]},{"@type":"BreadcrumbList","@id":"https:\/\/datatex.com\/fr\/prendre-rendez-vous-avec-nous\/#breadcrumb","itemListElement":[{"@type":"ListItem","position":1,"name":"Home","item":"https:\/\/datatex.com\/fr\/"},{"@type":"ListItem","position":2,"name":"Prendre rendez-vous avec nous"}]},{"@type":"WebSite","@id":"https:\/\/datatex.com\/fr\/#website","url":"https:\/\/datatex.com\/fr\/","name":"Datatex","description":"Datatex: We Make IT Work for You","publisher":{"@id":"https:\/\/datatex.com\/fr\/#organization"},"alternateName":"Datatex ERP","potentialAction":[{"@type":"SearchAction","target":{"@type":"EntryPoint","urlTemplate":"https:\/\/datatex.com\/fr\/?s={search_term_string}"},"query-input":{"@type":"PropertyValueSpecification","valueRequired":true,"valueName":"search_term_string"}}],"inLanguage":"fr-FR"},{"@type":"Organization","@id":"https:\/\/datatex.com\/fr\/#organization","name":"Datatex - We Make IT Work for You","url":"https:\/\/datatex.com\/fr\/","logo":{"@type":"ImageObject","inLanguage":"fr-FR","@id":"https:\/\/datatex.com\/fr\/#\/schema\/logo\/image\/","url":"https:\/\/datatex.com\/wp-content\/uploads\/2019\/09\/android-chrome-192x192-e1569404708453.png","contentUrl":"https:\/\/datatex.com\/wp-content\/uploads\/2019\/09\/android-chrome-192x192-e1569404708453.png","width":192,"height":192,"caption":"Datatex - We Make IT Work for You"},"image":{"@id":"https:\/\/datatex.com\/fr\/#\/schema\/logo\/image\/"},"sameAs":["https:\/\/www.linkedin.com\/company\/datatex\/","https:\/\/www.youtube.com\/@datatexERPtextile"]}]}},"_links":{"self":[{"href":"https:\/\/datatex.com\/fr\/wp-json\/wp\/v2\/pages\/25661","targetHints":{"allow":["GET"]}}],"collection":[{"href":"https:\/\/datatex.com\/fr\/wp-json\/wp\/v2\/pages"}],"about":[{"href":"https:\/\/datatex.com\/fr\/wp-json\/wp\/v2\/types\/page"}],"author":[{"embeddable":true,"href":"https:\/\/datatex.com\/fr\/wp-json\/wp\/v2\/users\/7"}],"replies":[{"embeddable":true,"href":"https:\/\/datatex.com\/fr\/wp-json\/wp\/v2\/comments?post=25661"}],"version-history":[{"count":10,"href":"https:\/\/datatex.com\/fr\/wp-json\/wp\/v2\/pages\/25661\/revisions"}],"predecessor-version":[{"id":17894555,"href":"https:\/\/datatex.com\/fr\/wp-json\/wp\/v2\/pages\/25661\/revisions\/17894555"}],"wp:attachment":[{"href":"https:\/\/datatex.com\/fr\/wp-json\/wp\/v2\/media?parent=25661"}],"curies":[{"name":"wp","href":"https:\/\/api.w.org\/{rel}","templated":true}]}}