{"id":2422,"date":"2019-03-07T15:54:28","date_gmt":"2019-03-07T15:54:28","guid":{"rendered":"http:\/\/213.140.24.242\/datatexwebsite\/privacy-policy\/"},"modified":"2025-10-01T20:03:47","modified_gmt":"2025-10-01T20:03:47","slug":"privacy-policy","status":"publish","type":"page","link":"https:\/\/datatex.com\/fr\/privacy-policy\/","title":{"rendered":"Politique de confidentialit\u00e9"},"content":{"rendered":"<div class=\"fusion-fullwidth fullwidth-box fusion-builder-row-1 nonhundred-percent-fullwidth non-hundred-percent-height-scrolling\" style=\"--awb-border-radius-top-left:0px;--awb-border-radius-top-right:0px;--awb-border-radius-bottom-right:0px;--awb-border-radius-bottom-left:0px;--awb-flex-wrap:wrap;\" ><div class=\"fusion-builder-row fusion-row\"><div class=\"fusion-layout-column fusion_builder_column fusion-builder-column-0 fusion_builder_column_1_1 1_1 fusion-one-full fusion-column-first fusion-column-last\" style=\"--awb-bg-size:cover;\"><div class=\"fusion-column-wrapper fusion-column-has-shadow fusion-flex-column-wrapper-legacy\"><div class=\"fusion-title title fusion-title-1 fusion-sep-none fusion-title-text fusion-title-size-one\"><h1 class=\"fusion-title-heading title-heading-left\" style=\"margin:0;\">Datatex | Politique de confidentialit\u00e9<\/h1><\/div><div class=\"fusion-text fusion-text-1\"><h2><strong>1. Responsable du traitement des donn\u00e9es<\/strong><\/h2>\n<p>Le Responsable du traitement de vos Donn\u00e9es \u00e0 caract\u00e8re personnel est <strong>Datatex Consulting S.r.l.<\/strong>, responsable \u00e0 votre \u00e9gard de l\u2019utilisation l\u00e9gitime et correcte de vos donn\u00e9es, et que vous pouvez contacter pour toute information ou demande aux coordonn\u00e9es suivantes :<\/p>\n<p><strong>Responsable du traitement:<\/strong> Datatex Consulting S.r.l.<br \/>\n<strong>Si\u00e8ge social :<\/strong> Viale Sarca 235, 20126 Milan \u2013 Italie<\/p>\n<p><strong>Coordonn\u00e9es de contact :<\/strong><\/p>\n<ul>\n<li>T\u00e9l\u00e9phone : (+39) 026797441<\/li>\n<li>Courriel : privacy@datatex.com<\/li>\n<li>Courriel certifi\u00e9 (PEC): datatexconsulting@certapec.it<\/li>\n<\/ul>\n<p>Vous pouvez \u00e9galement contacter le Responsable du traitement pour obtenir des informations, soumettre des demandes concernant vos donn\u00e9es ou signaler des dysfonctionnements ou tout autre probl\u00e8me rencontr\u00e9.<\/p>\n<h2><strong>2. Types de donn\u00e9es collect\u00e9es, finalit\u00e9s et base juridique<\/strong><\/h2>\n<p>Les Donn\u00e9es \u00e0 caract\u00e8re personnel sont collect\u00e9es soit directement aupr\u00e8s de l\u2019Utilisateur\/Personne concern\u00e9e, soit automatiquement via le site web.<\/p>\n<p><strong>Donn\u00e9es fournies directement par l\u2019Utilisateur\/Personne concern\u00e9e:<\/strong><br \/>\n<strong>A)<\/strong> Finalit\u00e9s strictement li\u00e9es \u00e0 l&rsquo;ex\u00e9cution de mesures pr\u00e9contractuelles ou \u00e0 la r\u00e9ponse \u00e0 des demandes sp\u00e9cifiques de l\u2019Utilisateur\/Personne concern\u00e9e, notamment pour l\u2019acc\u00e8s \u00e0 l\u2019espace r\u00e9serv\u00e9 \u00e0 la demande de conseil et \u00e0 la prestation des services correspondants.<\/p>\n<p style=\"padding-left: 40px;\"><strong>DONN\u00c9ES TRAIT\u00c9ES<\/strong>:<\/p>\n<ul>\n<li>Formulaire \u201c<strong>Prendre rendez-vous avec nous<\/strong>\u201d: Pr\u00e9nom, Nom, Soci\u00e9t\u00e9, Pays, T\u00e9l\u00e9phone, Site Web, Email.<\/li>\n<li>Formulaire \u201c<strong>Contactez-nous<\/strong>\u201d: Pr\u00e9nom, Nom, Soci\u00e9t\u00e9, Pays, T\u00e9l\u00e9phone, Email.<\/li>\n<li>Formulaire \u201c<strong>T\u00e9l\u00e9chargement<\/strong>\u201d : Pr\u00e9nom, Nom, Soci\u00e9t\u00e9, Pays, Email.<\/li>\n<li>Formulaire \u201c<strong>Inscription au webinaire<\/strong>\u201d: Pr\u00e9nom, Nom, Soci\u00e9t\u00e9, Pays, Email.<\/li>\n<li>Formulaire \u201c<strong>Abonnez-vous \u00e0 notre newsletter<\/strong>\u201d: Email.<\/li>\n<\/ul>\n<p style=\"padding-left: 40px;\"><strong> BASE JURIDIQUE: <\/strong>Contrat auquel la Personne concern\u00e9e est partie et\/ou ex\u00e9cution de mesures pr\u00e9contractuelles prises \u00e0 sa demande.<\/p>\n<hr \/>\n<p><strong>B)<\/strong> Exercice des droits du Responsable du traitement, notamment le droit \u00e0 la d\u00e9fense en justice.<\/p>\n<p style=\"padding-left: 40px;\"><strong>DONN\u00c9ES TRAIT\u00c9ES<\/strong>:<\/p>\n<ul>\n<li>Formulaire \u201c<strong>Prendre rendez-vous avec nous<\/strong>\u201d: Pr\u00e9nom, Nom, Soci\u00e9t\u00e9, Pays, T\u00e9l\u00e9phone, Site Web, Email.<\/li>\n<li>Formulaire \u201c<strong>Contactez-nous<\/strong>\u201d: Pr\u00e9nom, Nom, Soci\u00e9t\u00e9, Pays, T\u00e9l\u00e9phone, Email.<\/li>\n<li>Formulaire \u201c<strong>T\u00e9l\u00e9chargement<\/strong>\u201d : Pr\u00e9nom, Nom, Soci\u00e9t\u00e9, Pays, Email.<\/li>\n<li>Formulaire \u201c<strong>Inscription au webinaire<\/strong>\u201d: Pr\u00e9nom, Nom, Soci\u00e9t\u00e9, Pays, Email.<\/li>\n<li>Formulaire \u201c<strong>Abonnez-vous \u00e0 notre newsletter<\/strong>\u201d: Email.<\/li>\n<\/ul>\n<p style=\"padding-left: 40px;\"><strong>BASE JURIDIQUE<\/strong>: Int\u00e9r\u00eat l\u00e9gitime.<\/p>\n<p><strong>C)<\/strong> Finalit\u00e9s de marketing direct et d&rsquo;\u00e9tudes de march\u00e9, y compris l\u2019envoi de newsletters, mat\u00e9riel promotionnel et informatif.<\/p>\n<hr \/>\n<p style=\"padding-left: 40px;\"><strong>DONN\u00c9ES TRAIT\u00c9ES<\/strong>:<\/p>\n<ul>\n<li>Formulaire \u201c<strong>Prendre rendez-vous avec nous<\/strong>\u201d: Pr\u00e9nom, Nom, Soci\u00e9t\u00e9, Pays, T\u00e9l\u00e9phone, Site Web, Email.<\/li>\n<li>Formulaire \u201c<strong>Contactez-nous<\/strong>\u201d: Pr\u00e9nom, Nom, Soci\u00e9t\u00e9, Pays, T\u00e9l\u00e9phone, Email.<\/li>\n<li>Formulaire \u201c<strong>T\u00e9l\u00e9chargement<\/strong>\u201d : Pr\u00e9nom, Nom, Soci\u00e9t\u00e9, Pays, Email.<\/li>\n<li>Formulaire \u201c<strong>Inscription au webinaire<\/strong>\u201d: Pr\u00e9nom, Nom, Soci\u00e9t\u00e9, Pays, Email.<\/li>\n<li>Formulaire \u201c<strong>Abonnez-vous \u00e0 notre newsletter<\/strong>\u201d: Email.<\/li>\n<\/ul>\n<p style=\"padding-left: 40px;\"><strong>BASE JURIDIQUE: <\/strong>Consentement.<\/p>\n<p><strong>D)<\/strong> Recrutement du personnel.<\/p>\n<p style=\"padding-left: 40px;\"><strong>DONN\u00c9ES TRAIT\u00c9ES<\/strong>:<\/p>\n<ul>\n<li>Formulaire \u201c<strong>Rejoins notre \u00e9quipe<\/strong>\u201d: Pr\u00e9nom, Nom, Date de naissance, T\u00e9l\u00e9phone, Email, Nationalit\u00e9, Adresse, Lieu de travail souhait\u00e9, Offre d\u2019emploi choisie, Curriculum Vitae.<\/li>\n<\/ul>\n<p style=\"padding-left: 40px;\"><strong>BASE JURIDIQUE: <\/strong>Int\u00e9r\u00eat l\u00e9gitime.<\/p>\n<p>L\u2019Utilisateur\/Personne concern\u00e9e assume la responsabilit\u00e9 des Donn\u00e9es personnelles de tiers obtenues, publi\u00e9es ou partag\u00e9es via cette Application et garantit disposer du droit de les communiquer ou de les diffuser, d\u00e9gageant ainsi le Responsable de toute responsabilit\u00e9 envers des tiers.<\/p>\n<p><strong>Donn\u00e9es collect\u00e9es automatiquement via le site web :<\/strong><\/p>\n<p>Les donn\u00e9es collect\u00e9es automatiquement via le site <a href=\"https:\/\/datatex.com\/fr\/\">https:\/\/datatex.com\/<\/a> (y compris via des applications tierces int\u00e9gr\u00e9es \u00e0 ce site) comprennent notamment : les adresses IP ou les noms de domaine des ordinateurs utilis\u00e9s par l\u2019Utilisateur, les URI (Uniform Resource Identifier), l\u2019heure de la demande, la m\u00e9thode utilis\u00e9e pour soumettre la requ\u00eate au serveur, la taille du fichier en r\u00e9ponse, le code num\u00e9rique indiquant l\u2019\u00e9tat de la r\u00e9ponse (succ\u00e8s, erreur, etc.), le pays d\u2019origine, les caract\u00e9ristiques du navigateur et du syst\u00e8me d\u2019exploitation utilis\u00e9, les temps de navigation (par exemple, la dur\u00e9e de consultation de chaque page), le parcours de navigation sur le site, ainsi que d\u2019autres param\u00e8tres relatifs au syst\u00e8me informatique de l\u2019Utilisateur.<\/p>\n<p>Des informations compl\u00e8tes sur les types de donn\u00e9es collect\u00e9es sont disponibles dans la <strong>Politique relative aux cookies<\/strong> du site.<\/p>\n<p>Ces donn\u00e9es sont trait\u00e9es exclusivement pour les finalit\u00e9s pour lesquelles elles ont \u00e9t\u00e9 collect\u00e9es, telles que : le bon fonctionnement du site, l\u2019affichage de contenus de plateformes externes, l\u2019analyse statistique, l\u2019optimisation et la distribution du trafic, ainsi que pour les autres finalit\u00e9s d\u00e9crites dans la pr\u00e9sente notice et la Politique relative aux cookies.<\/p>\n<h2><strong>3. Caract\u00e8re obligatoire ou facultatif de la fourniture des donn\u00e9es et cons\u00e9quences d\u2019un refus<\/strong><\/h2>\n<p>La fourniture des donn\u00e9es pour les finalit\u00e9s mentionn\u00e9es aux points A et B est facultative, mais n\u00e9cessaire \u00e0 l\u2019ex\u00e9cution du contrat.<\/p>\n<p>La fourniture des donn\u00e9es pour les finalit\u00e9s indiqu\u00e9es au point C est facultative et subordonn\u00e9e \u00e0 votre consentement. En cas de refus, vos donn\u00e9es ne seront pas utilis\u00e9es \u00e0 ces fins.<\/p>\n<p>Sauf indication contraire, toutes les donn\u00e9es requises pour la navigation sur le site sont obligatoires. Le refus de les fournir peut rendre impossible la prestation du Service par l\u2019Application. Lorsque certains champs sont indiqu\u00e9s comme facultatifs, l\u2019Utilisateur est libre de ne pas les remplir sans que cela n\u2019affecte la disponibilit\u00e9 ou le fonctionnement du Service.<\/p>\n<p>Pour toute question sur le caract\u00e8re obligatoire ou facultatif des donn\u00e9es, l\u2019Utilisateur est invit\u00e9 \u00e0 contacter le Responsable du traitement.<\/p>\n<h2><strong>4. Modalit\u00e9s de traitement<\/strong><\/h2>\n<p>Le Responsable du traitement adopte des mesures de s\u00e9curit\u00e9 appropri\u00e9es pour pr\u00e9venir tout acc\u00e8s, divulgation, modification ou destruction non autoris\u00e9e des Donn\u00e9es personnelles.<\/p>\n<p>Le traitement est effectu\u00e9 \u00e0 l\u2019aide d\u2019outils informatiques et\/ou t\u00e9l\u00e9matiques, selon des modalit\u00e9s organisationnelles et des logiques strictement li\u00e9es aux finalit\u00e9s indiqu\u00e9es.<\/p>\n<h2><strong>5. Destinataires<\/strong><\/h2>\n<p>Vos donn\u00e9es peuvent \u00eatre communiqu\u00e9es, en plus du personnel autoris\u00e9 \u00e0 leur traitement, aux tiers suivants, \u00e9ventuellement d\u00e9sign\u00e9s <strong>sous-traitants<\/strong> par le Responsable du traitement :<\/p>\n<ul>\n<li>Conseillers et soci\u00e9t\u00e9s fournissant une assistance informatique ou d\u2019infrastructure ;<\/li>\n<li>Autres entreprises, professionnels ou agents collaborant avec l\u2019entreprise pour la fourniture des services.<\/li>\n<\/ul>\n<p>La liste \u00e0 jour des Sous-traitants peut \u00eatre demand\u00e9e \u00e0 tout moment au Responsable du traitement. Vos donn\u00e9es ne feront l\u2019objet d\u2019aucune autre diffusion.<\/p>\n<h2><strong>6. Lieu de traitement<\/strong><\/h2>\n<p>Les donn\u00e9es sont trait\u00e9es dans les locaux du Responsable du traitement et dans tout autre lieu o\u00f9 se trouvent les parties impliqu\u00e9es dans le traitement.<\/p>\n<p>Les donn\u00e9es fournies directement par l\u2019Utilisateur et celles collect\u00e9es automatiquement peuvent \u00eatre transf\u00e9r\u00e9es vers un pays autre que celui dans lequel se trouve l\u2019Utilisateur, y compris en dehors de l\u2019Espace \u00e9conomique europ\u00e9en. Dans ce cas, <strong>Datatex Consulting S.r.l.<\/strong> garantit que le traitement par les destinataires est conforme au R\u00e8glement (UE) 2016\/679, conform\u00e9ment \u00e0 l\u2019article 45 (d\u00e9cision d\u2019ad\u00e9quation de la Commission europ\u00e9enne), ou, en l\u2019absence de telle d\u00e9cision, conform\u00e9ment \u00e0 l\u2019article 46 (garanties appropri\u00e9es), ou \u00e0 l\u2019article 49, paragraphe 1, point b), pour les transferts n\u00e9cessaires \u00e0 l\u2019ex\u00e9cution d\u2019un contrat ou de mesures pr\u00e9contractuelles.<\/p>\n<p>Pour plus d\u2019informations sur le lieu de traitement, vous pouvez consulter la Politique relative aux cookies ou contacter le Responsable du traitement.<\/p>\n<h2><strong>7. Dur\u00e9e de conservation<\/strong><\/h2>\n<p><strong>Donn\u00e9es fournies directement par l\u2019Utilisateur :<\/strong><br \/>\nLes Donn\u00e9es personnelles collect\u00e9es pour r\u00e9pondre \u00e0 des demandes sp\u00e9cifiques ou pour la gestion de d\u00e9marches pr\u00e9contractuelles seront conserv\u00e9es pendant la dur\u00e9e n\u00e9cessaire \u00e0 la r\u00e9alisation des finalit\u00e9s ci-dessus, et en tout \u00e9tat de cause <strong>pas plus de 5 ans<\/strong> apr\u00e8s leur collecte.<\/p>\n<p>Les donn\u00e9es de cr\u00e9ation et d\u2019utilisation de l\u2019espace r\u00e9serv\u00e9 seront conserv\u00e9es jusqu\u2019\u00e0 demande de suppression par la Personne concern\u00e9e.<\/p>\n<p>Les Donn\u00e9es collect\u00e9es pour des finalit\u00e9s fond\u00e9es sur l\u2019int\u00e9r\u00eat l\u00e9gitime du Responsable seront conserv\u00e9es jusqu\u2019\u00e0 la r\u00e9alisation de cet int\u00e9r\u00eat. En cas de proc\u00e9dure judiciaire, les donn\u00e9es seront conserv\u00e9es jusqu\u2019\u00e0 sa conclusion. Le Responsable pourra \u00e9galement \u00eatre contraint de conserver certaines donn\u00e9es plus longtemps en vertu d\u2019obligations l\u00e9gales ou d\u2019une autorit\u00e9 comp\u00e9tente.<\/p>\n<p>Une fois la dur\u00e9e de conservation \u00e9coul\u00e9e, les Donn\u00e9es seront supprim\u00e9es. Pass\u00e9 ce d\u00e9lai, les droits d\u2019acc\u00e8s, d\u2019effacement, de rectification et de portabilit\u00e9 ne pourront plus \u00eatre exerc\u00e9s.<\/p>\n<p><strong>Donn\u00e9es collect\u00e9es automatiquement via le site :<\/strong><br \/>\nLes donn\u00e9es collect\u00e9es automatiquement seront conserv\u00e9es pour la dur\u00e9e pr\u00e9cis\u00e9e dans la Politique relative aux cookies. Une fois ce d\u00e9lai \u00e9coul\u00e9, elles seront supprim\u00e9es dans les m\u00eames conditions que ci-dessus.<\/p>\n<h2><strong>8. Droits de la Personne concern\u00e9e<\/strong><\/h2>\n<p>Conform\u00e9ment aux articles 15 \u00e0 22 du RGPD, chaque Utilisateur\/Personne concern\u00e9e a le droit d\u2019obtenir la confirmation de l\u2019existence ou non de Donn\u00e9es \u00e0 caract\u00e8re personnel le concernant, m\u00eame si elles ne sont pas encore enregistr\u00e9es, ainsi que leur communication sous une forme compr\u00e9hensible.<\/p>\n<p>En particulier, la Personne concern\u00e9e a le droit d\u2019obtenir du Responsable du traitement les informations suivantes :<\/p>\n<ul>\n<li>l\u2019origine des Donn\u00e9es \u00e0 caract\u00e8re personnel;<\/li>\n<li>les finalit\u00e9s et modalit\u00e9s du traitement;<\/li>\n<li>la logique appliqu\u00e9e en cas de traitement automatis\u00e9;<\/li>\n<li>les coordonn\u00e9es du Responsable, des Sous-traitants et du Repr\u00e9sentant \u00e9ventuel;<\/li>\n<li>les destinataires ou cat\u00e9gories de destinataires auxquels les donn\u00e9es peuvent \u00eatre communiqu\u00e9es.<\/li>\n<\/ul>\n<p>La Personne concern\u00e9e a \u00e9galement le droit d\u2019obtenir du Responsable du traitement:<\/p>\n<ul>\n<li>la mise \u00e0 jour, la rectification ou, si cela l\u2019int\u00e9resse, l\u2019int\u00e9gration des donn\u00e9es;<\/li>\n<li>l\u2019effacement, l\u2019anonymisation ou le blocage des donn\u00e9es trait\u00e9es en violation de la loi;<\/li>\n<li>l\u2019acc\u00e8s \u00e0 ses donn\u00e9es, c\u2019est-\u00e0-dire la confirmation qu\u2019un traitement est ou non en cours;<\/li>\n<li>la limitation du traitement;<\/li>\n<li>la portabilit\u00e9 des donn\u00e9es, c\u2019est-\u00e0-dire le droit de recevoir les donn\u00e9es dans un format structur\u00e9, couramment utilis\u00e9 et lisible par machine;<\/li>\n<li>le droit d\u2019introduire une r\u00e9clamation aupr\u00e8s d\u2019une autorit\u00e9 de contr\u00f4le.<\/li>\n<\/ul>\n<p>Enfin, la Personne concern\u00e9e a le droit de s\u2019opposer, en tout ou en partie, pour des raisons l\u00e9gitimes, au traitement des Donn\u00e9es la concernant, m\u00eame si pertinent aux finalit\u00e9s de la collecte. En particulier, elle a le droit de s\u2019opposer au traitement \u00e0 des fins de marketing direct ou de communication commerciale.<\/p>\n<p>Les droits ci-dessus peuvent \u00eatre exerc\u00e9s en \u00e9crivant aux contacts indiqu\u00e9s au point 1 de la pr\u00e9sente notice.<\/p>\n<\/div><div class=\"fusion-clearfix\"><\/div><\/div><\/div><\/div><\/div>\n","protected":false},"excerpt":{"rendered":"","protected":false},"author":1,"featured_media":0,"parent":0,"menu_order":0,"comment_status":"closed","ping_status":"open","template":"","meta":{"two_page_speed":{"current_score":{"desktop_score":95,"desktop_tti":"0.7\u00a0","mobile_score":76,"mobile_tti":"4.1\u00a0","date":"01.10.2025 08:04:27 pm","status":"completed"}},"footnotes":""},"class_list":["post-2422","page","type-page","status-publish","hentry"],"yoast_head":"<!-- This site is optimized with the Yoast SEO plugin v25.1 - https:\/\/yoast.com\/wordpress\/plugins\/seo\/ -->\n<title>Datatex | Politique de confidentialit\u00e9<\/title>\n<meta name=\"description\" content=\"D\u00e9couvrez comment Datatex recueille, utilise et prot\u00e8ge vos donn\u00e9es personnelles conform\u00e9ment aux r\u00e9glementations internationales.\" \/>\n<meta name=\"robots\" content=\"index, follow, max-snippet:-1, max-image-preview:large, max-video-preview:-1\" \/>\n<link rel=\"canonical\" href=\"https:\/\/datatex.com\/fr\/privacy-policy\/\" \/>\n<meta property=\"og:locale\" content=\"fr_FR\" \/>\n<meta property=\"og:type\" content=\"article\" \/>\n<meta property=\"og:title\" content=\"Datatex | Politique de confidentialit\u00e9\" \/>\n<meta property=\"og:description\" content=\"D\u00e9couvrez comment Datatex recueille, utilise et prot\u00e8ge vos donn\u00e9es personnelles conform\u00e9ment aux r\u00e9glementations internationales.\" \/>\n<meta property=\"og:url\" content=\"https:\/\/datatex.com\/fr\/privacy-policy\/\" \/>\n<meta property=\"og:site_name\" content=\"Datatex\" \/>\n<meta property=\"article:modified_time\" content=\"2025-10-01T20:03:47+00:00\" \/>\n<meta name=\"twitter:card\" content=\"summary_large_image\" \/>\n<meta name=\"twitter:label1\" content=\"Dur\u00e9e de lecture estim\u00e9e\" \/>\n\t<meta name=\"twitter:data1\" content=\"8 minutes\" \/>\n<script type=\"application\/ld+json\" class=\"yoast-schema-graph\">{\"@context\":\"https:\/\/schema.org\",\"@graph\":[{\"@type\":\"WebPage\",\"@id\":\"https:\/\/datatex.com\/fr\/privacy-policy\/\",\"url\":\"https:\/\/datatex.com\/fr\/privacy-policy\/\",\"name\":\"Datatex | Politique de confidentialit\u00e9\",\"isPartOf\":{\"@id\":\"https:\/\/datatex.com\/fr\/#website\"},\"datePublished\":\"2019-03-07T15:54:28+00:00\",\"dateModified\":\"2025-10-01T20:03:47+00:00\",\"description\":\"D\u00e9couvrez comment Datatex recueille, utilise et prot\u00e8ge vos donn\u00e9es personnelles conform\u00e9ment aux r\u00e9glementations internationales.\",\"breadcrumb\":{\"@id\":\"https:\/\/datatex.com\/fr\/privacy-policy\/#breadcrumb\"},\"inLanguage\":\"fr-FR\",\"potentialAction\":[{\"@type\":\"ReadAction\",\"target\":[\"https:\/\/datatex.com\/fr\/privacy-policy\/\"]}]},{\"@type\":\"BreadcrumbList\",\"@id\":\"https:\/\/datatex.com\/fr\/privacy-policy\/#breadcrumb\",\"itemListElement\":[{\"@type\":\"ListItem\",\"position\":1,\"name\":\"Home\",\"item\":\"https:\/\/datatex.com\/fr\/\"},{\"@type\":\"ListItem\",\"position\":2,\"name\":\"Politique de confidentialit\u00e9\"}]},{\"@type\":\"WebSite\",\"@id\":\"https:\/\/datatex.com\/fr\/#website\",\"url\":\"https:\/\/datatex.com\/fr\/\",\"name\":\"Datatex\",\"description\":\"Datatex: We Make IT Work for You\",\"publisher\":{\"@id\":\"https:\/\/datatex.com\/fr\/#organization\"},\"alternateName\":\"Datatex ERP\",\"potentialAction\":[{\"@type\":\"SearchAction\",\"target\":{\"@type\":\"EntryPoint\",\"urlTemplate\":\"https:\/\/datatex.com\/fr\/?s={search_term_string}\"},\"query-input\":{\"@type\":\"PropertyValueSpecification\",\"valueRequired\":true,\"valueName\":\"search_term_string\"}}],\"inLanguage\":\"fr-FR\"},{\"@type\":\"Organization\",\"@id\":\"https:\/\/datatex.com\/fr\/#organization\",\"name\":\"Datatex - We Make IT Work for You\",\"url\":\"https:\/\/datatex.com\/fr\/\",\"logo\":{\"@type\":\"ImageObject\",\"inLanguage\":\"fr-FR\",\"@id\":\"https:\/\/datatex.com\/fr\/#\/schema\/logo\/image\/\",\"url\":\"https:\/\/datatex.com\/wp-content\/uploads\/2019\/09\/android-chrome-192x192-e1569404708453.png\",\"contentUrl\":\"https:\/\/datatex.com\/wp-content\/uploads\/2019\/09\/android-chrome-192x192-e1569404708453.png\",\"width\":192,\"height\":192,\"caption\":\"Datatex - We Make IT Work for You\"},\"image\":{\"@id\":\"https:\/\/datatex.com\/fr\/#\/schema\/logo\/image\/\"},\"sameAs\":[\"https:\/\/www.linkedin.com\/company\/datatex\/\",\"https:\/\/www.youtube.com\/@datatexERPtextile\"]}]}<\/script>\n<!-- \/ Yoast SEO plugin. -->","yoast_head_json":{"title":"Datatex | Politique de confidentialit\u00e9","description":"D\u00e9couvrez comment Datatex recueille, utilise et prot\u00e8ge vos donn\u00e9es personnelles conform\u00e9ment aux r\u00e9glementations internationales.","robots":{"index":"index","follow":"follow","max-snippet":"max-snippet:-1","max-image-preview":"max-image-preview:large","max-video-preview":"max-video-preview:-1"},"canonical":"https:\/\/datatex.com\/fr\/privacy-policy\/","og_locale":"fr_FR","og_type":"article","og_title":"Datatex | Politique de confidentialit\u00e9","og_description":"D\u00e9couvrez comment Datatex recueille, utilise et prot\u00e8ge vos donn\u00e9es personnelles conform\u00e9ment aux r\u00e9glementations internationales.","og_url":"https:\/\/datatex.com\/fr\/privacy-policy\/","og_site_name":"Datatex","article_modified_time":"2025-10-01T20:03:47+00:00","twitter_card":"summary_large_image","twitter_misc":{"Dur\u00e9e de lecture estim\u00e9e":"8 minutes"},"schema":{"@context":"https:\/\/schema.org","@graph":[{"@type":"WebPage","@id":"https:\/\/datatex.com\/fr\/privacy-policy\/","url":"https:\/\/datatex.com\/fr\/privacy-policy\/","name":"Datatex | Politique de confidentialit\u00e9","isPartOf":{"@id":"https:\/\/datatex.com\/fr\/#website"},"datePublished":"2019-03-07T15:54:28+00:00","dateModified":"2025-10-01T20:03:47+00:00","description":"D\u00e9couvrez comment Datatex recueille, utilise et prot\u00e8ge vos donn\u00e9es personnelles conform\u00e9ment aux r\u00e9glementations internationales.","breadcrumb":{"@id":"https:\/\/datatex.com\/fr\/privacy-policy\/#breadcrumb"},"inLanguage":"fr-FR","potentialAction":[{"@type":"ReadAction","target":["https:\/\/datatex.com\/fr\/privacy-policy\/"]}]},{"@type":"BreadcrumbList","@id":"https:\/\/datatex.com\/fr\/privacy-policy\/#breadcrumb","itemListElement":[{"@type":"ListItem","position":1,"name":"Home","item":"https:\/\/datatex.com\/fr\/"},{"@type":"ListItem","position":2,"name":"Politique de confidentialit\u00e9"}]},{"@type":"WebSite","@id":"https:\/\/datatex.com\/fr\/#website","url":"https:\/\/datatex.com\/fr\/","name":"Datatex","description":"Datatex: We Make IT Work for You","publisher":{"@id":"https:\/\/datatex.com\/fr\/#organization"},"alternateName":"Datatex ERP","potentialAction":[{"@type":"SearchAction","target":{"@type":"EntryPoint","urlTemplate":"https:\/\/datatex.com\/fr\/?s={search_term_string}"},"query-input":{"@type":"PropertyValueSpecification","valueRequired":true,"valueName":"search_term_string"}}],"inLanguage":"fr-FR"},{"@type":"Organization","@id":"https:\/\/datatex.com\/fr\/#organization","name":"Datatex - We Make IT Work for You","url":"https:\/\/datatex.com\/fr\/","logo":{"@type":"ImageObject","inLanguage":"fr-FR","@id":"https:\/\/datatex.com\/fr\/#\/schema\/logo\/image\/","url":"https:\/\/datatex.com\/wp-content\/uploads\/2019\/09\/android-chrome-192x192-e1569404708453.png","contentUrl":"https:\/\/datatex.com\/wp-content\/uploads\/2019\/09\/android-chrome-192x192-e1569404708453.png","width":192,"height":192,"caption":"Datatex - We Make IT Work for You"},"image":{"@id":"https:\/\/datatex.com\/fr\/#\/schema\/logo\/image\/"},"sameAs":["https:\/\/www.linkedin.com\/company\/datatex\/","https:\/\/www.youtube.com\/@datatexERPtextile"]}]}},"_links":{"self":[{"href":"https:\/\/datatex.com\/fr\/wp-json\/wp\/v2\/pages\/2422","targetHints":{"allow":["GET"]}}],"collection":[{"href":"https:\/\/datatex.com\/fr\/wp-json\/wp\/v2\/pages"}],"about":[{"href":"https:\/\/datatex.com\/fr\/wp-json\/wp\/v2\/types\/page"}],"author":[{"embeddable":true,"href":"https:\/\/datatex.com\/fr\/wp-json\/wp\/v2\/users\/1"}],"replies":[{"embeddable":true,"href":"https:\/\/datatex.com\/fr\/wp-json\/wp\/v2\/comments?post=2422"}],"version-history":[{"count":21,"href":"https:\/\/datatex.com\/fr\/wp-json\/wp\/v2\/pages\/2422\/revisions"}],"predecessor-version":[{"id":17893751,"href":"https:\/\/datatex.com\/fr\/wp-json\/wp\/v2\/pages\/2422\/revisions\/17893751"}],"wp:attachment":[{"href":"https:\/\/datatex.com\/fr\/wp-json\/wp\/v2\/media?parent=2422"}],"curies":[{"name":"wp","href":"https:\/\/api.w.org\/{rel}","templated":true}]}}