{"id":17893371,"date":"2025-07-03T09:45:00","date_gmt":"2025-07-03T09:45:00","guid":{"rendered":"https:\/\/datatex.com\/copyright\/"},"modified":"2025-10-03T00:21:43","modified_gmt":"2025-10-03T00:21:43","slug":"copyright","status":"publish","type":"page","link":"https:\/\/datatex.com\/fr\/copyright\/","title":{"rendered":"Copyright"},"content":{"rendered":"<div class=\"fusion-fullwidth fullwidth-box fusion-builder-row-1 nonhundred-percent-fullwidth non-hundred-percent-height-scrolling\" style=\"--awb-border-radius-top-left:0px;--awb-border-radius-top-right:0px;--awb-border-radius-bottom-right:0px;--awb-border-radius-bottom-left:0px;--awb-flex-wrap:wrap;\" ><div class=\"fusion-builder-row fusion-row\"><div class=\"fusion-layout-column fusion_builder_column fusion-builder-column-0 fusion_builder_column_1_1 1_1 fusion-one-full fusion-column-first fusion-column-last\" style=\"--awb-bg-size:cover;\"><div class=\"fusion-column-wrapper fusion-column-has-shadow fusion-flex-column-wrapper-legacy\"><div class=\"fusion-title title fusion-title-1 fusion-sep-none fusion-title-text fusion-title-size-one\"><h1 class=\"fusion-title-heading title-heading-left\" style=\"margin:0;\"><p style=\"text-align: left;\"><strong>Datatex | Copyright<\/strong><\/p><\/h1><\/div><div class=\"fusion-text fusion-text-1\"><p>Tout le contenu de ce site web, y compris les textes, les images, les logos, les graphiques, les documents et la mise en page, est la propri\u00e9t\u00e9 de Datatex Consulting Srl ou de ses propri\u00e9taires respectifs et est prot\u00e9g\u00e9 par les lois applicables en mati\u00e8re de droits d&rsquo;auteur et de propri\u00e9t\u00e9 intellectuelle.<br \/>\nToute reproduction, m\u00eame partielle, par quelque moyen que ce soit, est interdite sans autorisation \u00e9crite pr\u00e9alable.<\/p>\n<p>\u00a9 2025 Datatex Consulting Srl. Tous droits r\u00e9serv\u00e9s.<\/p>\n<\/div><div class=\"fusion-clearfix\"><\/div><\/div><\/div><\/div><\/div>\n","protected":false},"excerpt":{"rendered":"","protected":false},"author":8,"featured_media":0,"parent":0,"menu_order":0,"comment_status":"closed","ping_status":"open","template":"","meta":{"two_page_speed":{"current_score":{"desktop_score":95,"desktop_tti":"0.8\u00a0","mobile_score":88,"mobile_tti":"3.1\u00a0","date":"30.09.2025 02:54:34 am","status":"error_no_score"}},"footnotes":""},"class_list":["post-17893371","page","type-page","status-publish","hentry"],"yoast_head":"<!-- This site is optimized with the Yoast SEO plugin v25.1 - https:\/\/yoast.com\/wordpress\/plugins\/seo\/ -->\n<title>Datatex | Copyright<\/title>\n<meta name=\"description\" content=\"Tout le contenu de ce site Web est la propri\u00e9t\u00e9 intellectuelle de Datatex et est prot\u00e9g\u00e9 par les lois applicables en mati\u00e8re de droits d&#039;auteur.\" \/>\n<meta name=\"robots\" content=\"index, follow, max-snippet:-1, max-image-preview:large, max-video-preview:-1\" \/>\n<link rel=\"canonical\" href=\"https:\/\/datatex.com\/fr\/copyright\/\" \/>\n<meta property=\"og:locale\" content=\"fr_FR\" \/>\n<meta property=\"og:type\" content=\"article\" \/>\n<meta property=\"og:title\" content=\"Datatex | Copyright\" \/>\n<meta property=\"og:description\" content=\"Tout le contenu de ce site Web est la propri\u00e9t\u00e9 intellectuelle de Datatex et est prot\u00e9g\u00e9 par les lois applicables en mati\u00e8re de droits d&#039;auteur.\" \/>\n<meta property=\"og:url\" content=\"https:\/\/datatex.com\/fr\/copyright\/\" \/>\n<meta property=\"og:site_name\" content=\"Datatex\" \/>\n<meta property=\"article:modified_time\" content=\"2025-10-03T00:21:43+00:00\" \/>\n<meta name=\"twitter:card\" content=\"summary_large_image\" \/>\n<meta name=\"twitter:label1\" content=\"Dur\u00e9e de lecture estim\u00e9e\" \/>\n\t<meta name=\"twitter:data1\" content=\"1 minute\" \/>\n<script type=\"application\/ld+json\" class=\"yoast-schema-graph\">{\"@context\":\"https:\/\/schema.org\",\"@graph\":[{\"@type\":\"WebPage\",\"@id\":\"https:\/\/datatex.com\/fr\/copyright\/\",\"url\":\"https:\/\/datatex.com\/fr\/copyright\/\",\"name\":\"Datatex | Copyright\",\"isPartOf\":{\"@id\":\"https:\/\/datatex.com\/fr\/#website\"},\"datePublished\":\"2025-07-03T09:45:00+00:00\",\"dateModified\":\"2025-10-03T00:21:43+00:00\",\"description\":\"Tout le contenu de ce site Web est la propri\u00e9t\u00e9 intellectuelle de Datatex et est prot\u00e9g\u00e9 par les lois applicables en mati\u00e8re de droits d'auteur.\",\"breadcrumb\":{\"@id\":\"https:\/\/datatex.com\/fr\/copyright\/#breadcrumb\"},\"inLanguage\":\"fr-FR\",\"potentialAction\":[{\"@type\":\"ReadAction\",\"target\":[\"https:\/\/datatex.com\/fr\/copyright\/\"]}]},{\"@type\":\"BreadcrumbList\",\"@id\":\"https:\/\/datatex.com\/fr\/copyright\/#breadcrumb\",\"itemListElement\":[{\"@type\":\"ListItem\",\"position\":1,\"name\":\"Home\",\"item\":\"https:\/\/datatex.com\/fr\/\"},{\"@type\":\"ListItem\",\"position\":2,\"name\":\"Copyright\"}]},{\"@type\":\"WebSite\",\"@id\":\"https:\/\/datatex.com\/fr\/#website\",\"url\":\"https:\/\/datatex.com\/fr\/\",\"name\":\"Datatex\",\"description\":\"Datatex: We Make IT Work for You\",\"publisher\":{\"@id\":\"https:\/\/datatex.com\/fr\/#organization\"},\"alternateName\":\"Datatex ERP\",\"potentialAction\":[{\"@type\":\"SearchAction\",\"target\":{\"@type\":\"EntryPoint\",\"urlTemplate\":\"https:\/\/datatex.com\/fr\/?s={search_term_string}\"},\"query-input\":{\"@type\":\"PropertyValueSpecification\",\"valueRequired\":true,\"valueName\":\"search_term_string\"}}],\"inLanguage\":\"fr-FR\"},{\"@type\":\"Organization\",\"@id\":\"https:\/\/datatex.com\/fr\/#organization\",\"name\":\"Datatex - We Make IT Work for You\",\"url\":\"https:\/\/datatex.com\/fr\/\",\"logo\":{\"@type\":\"ImageObject\",\"inLanguage\":\"fr-FR\",\"@id\":\"https:\/\/datatex.com\/fr\/#\/schema\/logo\/image\/\",\"url\":\"https:\/\/datatex.com\/wp-content\/uploads\/2019\/09\/android-chrome-192x192-e1569404708453.png\",\"contentUrl\":\"https:\/\/datatex.com\/wp-content\/uploads\/2019\/09\/android-chrome-192x192-e1569404708453.png\",\"width\":192,\"height\":192,\"caption\":\"Datatex - We Make IT Work for You\"},\"image\":{\"@id\":\"https:\/\/datatex.com\/fr\/#\/schema\/logo\/image\/\"},\"sameAs\":[\"https:\/\/www.linkedin.com\/company\/datatex\/\",\"https:\/\/www.youtube.com\/@datatexERPtextile\"]}]}<\/script>\n<!-- \/ Yoast SEO plugin. -->","yoast_head_json":{"title":"Datatex | Copyright","description":"Tout le contenu de ce site Web est la propri\u00e9t\u00e9 intellectuelle de Datatex et est prot\u00e9g\u00e9 par les lois applicables en mati\u00e8re de droits d'auteur.","robots":{"index":"index","follow":"follow","max-snippet":"max-snippet:-1","max-image-preview":"max-image-preview:large","max-video-preview":"max-video-preview:-1"},"canonical":"https:\/\/datatex.com\/fr\/copyright\/","og_locale":"fr_FR","og_type":"article","og_title":"Datatex | Copyright","og_description":"Tout le contenu de ce site Web est la propri\u00e9t\u00e9 intellectuelle de Datatex et est prot\u00e9g\u00e9 par les lois applicables en mati\u00e8re de droits d'auteur.","og_url":"https:\/\/datatex.com\/fr\/copyright\/","og_site_name":"Datatex","article_modified_time":"2025-10-03T00:21:43+00:00","twitter_card":"summary_large_image","twitter_misc":{"Dur\u00e9e de lecture estim\u00e9e":"1 minute"},"schema":{"@context":"https:\/\/schema.org","@graph":[{"@type":"WebPage","@id":"https:\/\/datatex.com\/fr\/copyright\/","url":"https:\/\/datatex.com\/fr\/copyright\/","name":"Datatex | Copyright","isPartOf":{"@id":"https:\/\/datatex.com\/fr\/#website"},"datePublished":"2025-07-03T09:45:00+00:00","dateModified":"2025-10-03T00:21:43+00:00","description":"Tout le contenu de ce site Web est la propri\u00e9t\u00e9 intellectuelle de Datatex et est prot\u00e9g\u00e9 par les lois applicables en mati\u00e8re de droits d'auteur.","breadcrumb":{"@id":"https:\/\/datatex.com\/fr\/copyright\/#breadcrumb"},"inLanguage":"fr-FR","potentialAction":[{"@type":"ReadAction","target":["https:\/\/datatex.com\/fr\/copyright\/"]}]},{"@type":"BreadcrumbList","@id":"https:\/\/datatex.com\/fr\/copyright\/#breadcrumb","itemListElement":[{"@type":"ListItem","position":1,"name":"Home","item":"https:\/\/datatex.com\/fr\/"},{"@type":"ListItem","position":2,"name":"Copyright"}]},{"@type":"WebSite","@id":"https:\/\/datatex.com\/fr\/#website","url":"https:\/\/datatex.com\/fr\/","name":"Datatex","description":"Datatex: We Make IT Work for You","publisher":{"@id":"https:\/\/datatex.com\/fr\/#organization"},"alternateName":"Datatex ERP","potentialAction":[{"@type":"SearchAction","target":{"@type":"EntryPoint","urlTemplate":"https:\/\/datatex.com\/fr\/?s={search_term_string}"},"query-input":{"@type":"PropertyValueSpecification","valueRequired":true,"valueName":"search_term_string"}}],"inLanguage":"fr-FR"},{"@type":"Organization","@id":"https:\/\/datatex.com\/fr\/#organization","name":"Datatex - We Make IT Work for You","url":"https:\/\/datatex.com\/fr\/","logo":{"@type":"ImageObject","inLanguage":"fr-FR","@id":"https:\/\/datatex.com\/fr\/#\/schema\/logo\/image\/","url":"https:\/\/datatex.com\/wp-content\/uploads\/2019\/09\/android-chrome-192x192-e1569404708453.png","contentUrl":"https:\/\/datatex.com\/wp-content\/uploads\/2019\/09\/android-chrome-192x192-e1569404708453.png","width":192,"height":192,"caption":"Datatex - We Make IT Work for You"},"image":{"@id":"https:\/\/datatex.com\/fr\/#\/schema\/logo\/image\/"},"sameAs":["https:\/\/www.linkedin.com\/company\/datatex\/","https:\/\/www.youtube.com\/@datatexERPtextile"]}]}},"_links":{"self":[{"href":"https:\/\/datatex.com\/fr\/wp-json\/wp\/v2\/pages\/17893371","targetHints":{"allow":["GET"]}}],"collection":[{"href":"https:\/\/datatex.com\/fr\/wp-json\/wp\/v2\/pages"}],"about":[{"href":"https:\/\/datatex.com\/fr\/wp-json\/wp\/v2\/types\/page"}],"author":[{"embeddable":true,"href":"https:\/\/datatex.com\/fr\/wp-json\/wp\/v2\/users\/8"}],"replies":[{"embeddable":true,"href":"https:\/\/datatex.com\/fr\/wp-json\/wp\/v2\/comments?post=17893371"}],"version-history":[{"count":2,"href":"https:\/\/datatex.com\/fr\/wp-json\/wp\/v2\/pages\/17893371\/revisions"}],"predecessor-version":[{"id":17893373,"href":"https:\/\/datatex.com\/fr\/wp-json\/wp\/v2\/pages\/17893371\/revisions\/17893373"}],"wp:attachment":[{"href":"https:\/\/datatex.com\/fr\/wp-json\/wp\/v2\/media?parent=17893371"}],"curies":[{"name":"wp","href":"https:\/\/api.w.org\/{rel}","templated":true}]}}