{"id":10388,"date":"2020-05-11T15:26:33","date_gmt":"2020-05-11T15:26:33","guid":{"rendered":"https:\/\/datatex.com\/?page_id=10388"},"modified":"2025-10-01T13:38:23","modified_gmt":"2025-10-01T13:38:23","slug":"disclaimer","status":"publish","type":"page","link":"https:\/\/datatex.com\/fr\/disclaimer\/","title":{"rendered":"Disclaimer"},"content":{"rendered":"<div class=\"fusion-fullwidth fullwidth-box fusion-builder-row-1 nonhundred-percent-fullwidth non-hundred-percent-height-scrolling\" style=\"--awb-border-radius-top-left:0px;--awb-border-radius-top-right:0px;--awb-border-radius-bottom-right:0px;--awb-border-radius-bottom-left:0px;--awb-flex-wrap:wrap;\" ><div class=\"fusion-builder-row fusion-row\"><div class=\"fusion-layout-column fusion_builder_column fusion-builder-column-0 fusion_builder_column_1_1 1_1 fusion-one-full fusion-column-first fusion-column-last\" style=\"--awb-bg-size:cover;\"><div class=\"fusion-column-wrapper fusion-column-has-shadow fusion-flex-column-wrapper-legacy\"><div class=\"fusion-title title fusion-title-1 fusion-sep-none fusion-title-text fusion-title-size-one\"><h1 class=\"fusion-title-heading title-heading-left\" style=\"margin:0;\">Datatex | Disclaimer<\/h1><\/div><div class=\"fusion-text fusion-text-1 margin-left-50\"><p>Toutes les informations sur ce site internet &#8211; <a href=\"http:\/\/www.datatex.com\">datatex.com<\/a> \u2013 sont publi\u00e9es en toute confiance et seulement \u00e0 titre informatif. Datatex ne garantit aucunement que les informations soient compl\u00e8tes, fiables et exactes.<\/p>\n<p>Toutes les actions prises sur la base des informations trouv\u00e9es sur ce site internet (Datatex), sont strictement \u00e0 vos risques. Datatex ne sera pas tenue responsable pour les pertes et\/ou les dommages en connexion avec l\u2019utilisation de notre site internet.<\/p>\n<p>\u00c0 partir de notre site internet, vous pouvez visiter autres sites en suivant des hyperliens \u00e0 des sites externes. Tandis que nous essayons de fournir seulement des liens de qualit\u00e9 \u00e0 des contenus utiles et \u00e9thiques, nous n\u2019avons aucun contr\u00f4le sur le contenu et la nature de ces sites. Ces liens \u00e0 autres sites internet n\u2019implique nullement une recommandation sur tout le contenu de ces sites. Les propri\u00e9taires des sites et le contenu peuvent changer sans pr\u00e9avis et \u00e7a peut se produire avant que nous ayons la possibilit\u00e9 de supprimer le lien qui est devenu \u00ab mauvais \u00bb.<\/p>\n<p>Veuillez aussi \u00eatre conscient que, quand vous quittez notre site internet, autres sites peuvent aussi avoir diff\u00e9rentes politiques et termes de confidentialit\u00e9 qui vont au-del\u00e0 de notre contr\u00f4le. Veuillez \u00eatre s\u00fbre de contr\u00f4ler les Politiques de Confidentialit\u00e9 de ces sites et leurs \u201cTermes de Service\u201d avant de faire des affaires ou de fournir des informations.<\/p>\n<p><strong>Consentement<\/strong><\/p>\n<p>En utilisant notre site internet, vous consentez \u00e0 notre disclaimer et acceptez nos termes.<\/p>\n<p><strong>Mise \u00e0 jour<\/strong><\/p>\n<p>Devrions-nous mettre au jour, modifier ou apporter des modifications \u00e0 ce document, ces changements seront publi\u00e9s en \u00e9vidence ici.<\/p>\n<\/div><div class=\"fusion-text fusion-text-2\"><p>Si vous avez des questions sur cette politique ou si vous avez besoin de plus d&rsquo;informations, vous pouvez contacter: marketing@datatex.com<\/p>\n<\/div><div class=\"fusion-clearfix\"><\/div><\/div><\/div><\/div><\/div>\n","protected":false},"excerpt":{"rendered":"","protected":false},"author":7,"featured_media":0,"parent":0,"menu_order":0,"comment_status":"closed","ping_status":"open","template":"","meta":{"two_page_speed":{"current_score":{"desktop_score":91,"desktop_tti":"0.7\u00a0","mobile_score":73,"mobile_tti":"4.4\u00a0","date":"01.10.2025 01:39:17 pm","status":"completed"}},"footnotes":""},"class_list":["post-10388","page","type-page","status-publish","hentry"],"yoast_head":"<!-- This site is optimized with the Yoast SEO plugin v25.1 - https:\/\/yoast.com\/wordpress\/plugins\/seo\/ -->\n<title>Datatex | Disclaimer<\/title>\n<meta name=\"description\" content=\"Les informations contenues dans ce site web sont fournies par Datatex pour un usage g\u00e9n\u00e9ral et peuvent \u00eatre modifi\u00e9es sans pr\u00e9avis.\" \/>\n<meta name=\"robots\" content=\"index, follow, max-snippet:-1, max-image-preview:large, max-video-preview:-1\" \/>\n<link rel=\"canonical\" href=\"https:\/\/datatex.com\/fr\/disclaimer\/\" \/>\n<meta property=\"og:locale\" content=\"fr_FR\" \/>\n<meta property=\"og:type\" content=\"article\" \/>\n<meta property=\"og:title\" content=\"Datatex | Disclaimer\" \/>\n<meta property=\"og:description\" content=\"Les informations contenues dans ce site web sont fournies par Datatex pour un usage g\u00e9n\u00e9ral et peuvent \u00eatre modifi\u00e9es sans pr\u00e9avis.\" \/>\n<meta property=\"og:url\" content=\"https:\/\/datatex.com\/fr\/disclaimer\/\" \/>\n<meta property=\"og:site_name\" content=\"Datatex\" \/>\n<meta property=\"article:modified_time\" content=\"2025-10-01T13:38:23+00:00\" \/>\n<meta name=\"twitter:card\" content=\"summary_large_image\" \/>\n<meta name=\"twitter:label1\" content=\"Dur\u00e9e de lecture estim\u00e9e\" \/>\n\t<meta name=\"twitter:data1\" content=\"2 minutes\" \/>\n<script type=\"application\/ld+json\" class=\"yoast-schema-graph\">{\"@context\":\"https:\/\/schema.org\",\"@graph\":[{\"@type\":\"WebPage\",\"@id\":\"https:\/\/datatex.com\/fr\/disclaimer\/\",\"url\":\"https:\/\/datatex.com\/fr\/disclaimer\/\",\"name\":\"Datatex | Disclaimer\",\"isPartOf\":{\"@id\":\"https:\/\/datatex.com\/fr\/#website\"},\"datePublished\":\"2020-05-11T15:26:33+00:00\",\"dateModified\":\"2025-10-01T13:38:23+00:00\",\"description\":\"Les informations contenues dans ce site web sont fournies par Datatex pour un usage g\u00e9n\u00e9ral et peuvent \u00eatre modifi\u00e9es sans pr\u00e9avis.\",\"breadcrumb\":{\"@id\":\"https:\/\/datatex.com\/fr\/disclaimer\/#breadcrumb\"},\"inLanguage\":\"fr-FR\",\"potentialAction\":[{\"@type\":\"ReadAction\",\"target\":[\"https:\/\/datatex.com\/fr\/disclaimer\/\"]}]},{\"@type\":\"BreadcrumbList\",\"@id\":\"https:\/\/datatex.com\/fr\/disclaimer\/#breadcrumb\",\"itemListElement\":[{\"@type\":\"ListItem\",\"position\":1,\"name\":\"Home\",\"item\":\"https:\/\/datatex.com\/fr\/\"},{\"@type\":\"ListItem\",\"position\":2,\"name\":\"Disclaimer\"}]},{\"@type\":\"WebSite\",\"@id\":\"https:\/\/datatex.com\/fr\/#website\",\"url\":\"https:\/\/datatex.com\/fr\/\",\"name\":\"Datatex\",\"description\":\"Datatex: We Make IT Work for You\",\"publisher\":{\"@id\":\"https:\/\/datatex.com\/fr\/#organization\"},\"alternateName\":\"Datatex ERP\",\"potentialAction\":[{\"@type\":\"SearchAction\",\"target\":{\"@type\":\"EntryPoint\",\"urlTemplate\":\"https:\/\/datatex.com\/fr\/?s={search_term_string}\"},\"query-input\":{\"@type\":\"PropertyValueSpecification\",\"valueRequired\":true,\"valueName\":\"search_term_string\"}}],\"inLanguage\":\"fr-FR\"},{\"@type\":\"Organization\",\"@id\":\"https:\/\/datatex.com\/fr\/#organization\",\"name\":\"Datatex - We Make IT Work for You\",\"url\":\"https:\/\/datatex.com\/fr\/\",\"logo\":{\"@type\":\"ImageObject\",\"inLanguage\":\"fr-FR\",\"@id\":\"https:\/\/datatex.com\/fr\/#\/schema\/logo\/image\/\",\"url\":\"https:\/\/datatex.com\/wp-content\/uploads\/2019\/09\/android-chrome-192x192-e1569404708453.png\",\"contentUrl\":\"https:\/\/datatex.com\/wp-content\/uploads\/2019\/09\/android-chrome-192x192-e1569404708453.png\",\"width\":192,\"height\":192,\"caption\":\"Datatex - We Make IT Work for You\"},\"image\":{\"@id\":\"https:\/\/datatex.com\/fr\/#\/schema\/logo\/image\/\"},\"sameAs\":[\"https:\/\/www.linkedin.com\/company\/datatex\/\",\"https:\/\/www.youtube.com\/@datatexERPtextile\"]}]}<\/script>\n<!-- \/ Yoast SEO plugin. -->","yoast_head_json":{"title":"Datatex | Disclaimer","description":"Les informations contenues dans ce site web sont fournies par Datatex pour un usage g\u00e9n\u00e9ral et peuvent \u00eatre modifi\u00e9es sans pr\u00e9avis.","robots":{"index":"index","follow":"follow","max-snippet":"max-snippet:-1","max-image-preview":"max-image-preview:large","max-video-preview":"max-video-preview:-1"},"canonical":"https:\/\/datatex.com\/fr\/disclaimer\/","og_locale":"fr_FR","og_type":"article","og_title":"Datatex | Disclaimer","og_description":"Les informations contenues dans ce site web sont fournies par Datatex pour un usage g\u00e9n\u00e9ral et peuvent \u00eatre modifi\u00e9es sans pr\u00e9avis.","og_url":"https:\/\/datatex.com\/fr\/disclaimer\/","og_site_name":"Datatex","article_modified_time":"2025-10-01T13:38:23+00:00","twitter_card":"summary_large_image","twitter_misc":{"Dur\u00e9e de lecture estim\u00e9e":"2 minutes"},"schema":{"@context":"https:\/\/schema.org","@graph":[{"@type":"WebPage","@id":"https:\/\/datatex.com\/fr\/disclaimer\/","url":"https:\/\/datatex.com\/fr\/disclaimer\/","name":"Datatex | Disclaimer","isPartOf":{"@id":"https:\/\/datatex.com\/fr\/#website"},"datePublished":"2020-05-11T15:26:33+00:00","dateModified":"2025-10-01T13:38:23+00:00","description":"Les informations contenues dans ce site web sont fournies par Datatex pour un usage g\u00e9n\u00e9ral et peuvent \u00eatre modifi\u00e9es sans pr\u00e9avis.","breadcrumb":{"@id":"https:\/\/datatex.com\/fr\/disclaimer\/#breadcrumb"},"inLanguage":"fr-FR","potentialAction":[{"@type":"ReadAction","target":["https:\/\/datatex.com\/fr\/disclaimer\/"]}]},{"@type":"BreadcrumbList","@id":"https:\/\/datatex.com\/fr\/disclaimer\/#breadcrumb","itemListElement":[{"@type":"ListItem","position":1,"name":"Home","item":"https:\/\/datatex.com\/fr\/"},{"@type":"ListItem","position":2,"name":"Disclaimer"}]},{"@type":"WebSite","@id":"https:\/\/datatex.com\/fr\/#website","url":"https:\/\/datatex.com\/fr\/","name":"Datatex","description":"Datatex: We Make IT Work for You","publisher":{"@id":"https:\/\/datatex.com\/fr\/#organization"},"alternateName":"Datatex ERP","potentialAction":[{"@type":"SearchAction","target":{"@type":"EntryPoint","urlTemplate":"https:\/\/datatex.com\/fr\/?s={search_term_string}"},"query-input":{"@type":"PropertyValueSpecification","valueRequired":true,"valueName":"search_term_string"}}],"inLanguage":"fr-FR"},{"@type":"Organization","@id":"https:\/\/datatex.com\/fr\/#organization","name":"Datatex - We Make IT Work for You","url":"https:\/\/datatex.com\/fr\/","logo":{"@type":"ImageObject","inLanguage":"fr-FR","@id":"https:\/\/datatex.com\/fr\/#\/schema\/logo\/image\/","url":"https:\/\/datatex.com\/wp-content\/uploads\/2019\/09\/android-chrome-192x192-e1569404708453.png","contentUrl":"https:\/\/datatex.com\/wp-content\/uploads\/2019\/09\/android-chrome-192x192-e1569404708453.png","width":192,"height":192,"caption":"Datatex - We Make IT Work for You"},"image":{"@id":"https:\/\/datatex.com\/fr\/#\/schema\/logo\/image\/"},"sameAs":["https:\/\/www.linkedin.com\/company\/datatex\/","https:\/\/www.youtube.com\/@datatexERPtextile"]}]}},"_links":{"self":[{"href":"https:\/\/datatex.com\/fr\/wp-json\/wp\/v2\/pages\/10388","targetHints":{"allow":["GET"]}}],"collection":[{"href":"https:\/\/datatex.com\/fr\/wp-json\/wp\/v2\/pages"}],"about":[{"href":"https:\/\/datatex.com\/fr\/wp-json\/wp\/v2\/types\/page"}],"author":[{"embeddable":true,"href":"https:\/\/datatex.com\/fr\/wp-json\/wp\/v2\/users\/7"}],"replies":[{"embeddable":true,"href":"https:\/\/datatex.com\/fr\/wp-json\/wp\/v2\/comments?post=10388"}],"version-history":[{"count":5,"href":"https:\/\/datatex.com\/fr\/wp-json\/wp\/v2\/pages\/10388\/revisions"}],"predecessor-version":[{"id":17893362,"href":"https:\/\/datatex.com\/fr\/wp-json\/wp\/v2\/pages\/10388\/revisions\/17893362"}],"wp:attachment":[{"href":"https:\/\/datatex.com\/fr\/wp-json\/wp\/v2\/media?parent=10388"}],"curies":[{"name":"wp","href":"https:\/\/api.w.org\/{rel}","templated":true}]}}