{"id":4384,"date":"2019-03-08T09:15:11","date_gmt":"2019-03-08T09:15:11","guid":{"rendered":"http:\/\/213.140.24.242\/datatexwebsite\/news-eventi\/"},"modified":"2025-10-01T14:53:38","modified_gmt":"2025-10-01T14:53:38","slug":"noticias-y-eventos-textiles","status":"publish","type":"page","link":"https:\/\/datatex.com\/es\/noticias-y-eventos-textiles\/","title":{"rendered":"News&amp;Eventos"},"content":{"rendered":"<div class=\"fusion-fullwidth fullwidth-box fusion-builder-row-1 nonhundred-percent-fullwidth non-hundred-percent-height-scrolling\" style=\"--awb-border-radius-top-left:0px;--awb-border-radius-top-right:0px;--awb-border-radius-bottom-right:0px;--awb-border-radius-bottom-left:0px;--awb-flex-wrap:wrap;\" ><div class=\"fusion-builder-row fusion-row\"><div class=\"fusion-layout-column fusion_builder_column fusion-builder-column-0 fusion_builder_column_1_1 1_1 fusion-one-full fusion-column-first fusion-column-last\" style=\"--awb-bg-size:cover;\"><div class=\"fusion-column-wrapper fusion-column-has-shadow fusion-flex-column-wrapper-legacy\"><div class=\"fusion-blog-shortcode fusion-blog-shortcode-1 fusion-blog-archive fusion-blog-layout-grid-wrapper fusion-blog-pagination fusion-blog-layout-center\"><style type=\"text\/css\">.fusion-blog-shortcode-1 .fusion-blog-layout-grid .fusion-post-grid{padding:20px;}.fusion-blog-shortcode-1 .fusion-posts-container{margin-left: -20px !important; margin-right:-20px !important;}<\/style><div class=\"fusion-posts-container fusion-posts-container-pagination fusion-no-meta-info fusion-blog-rollover fusion-blog-layout-grid fusion-blog-layout-grid-3 isotope fusion-blog-equal-heights\" data-pages=\"19\" data-grid-col-space=\"40\" style=\"margin: -20px -20px 0;min-height:500px;\"><article id=\"blog-1-post-17895804\" class=\"fusion-post-grid post-17895804 post type-post status-publish format-standard has-post-thumbnail hentry category-blog-es\">\n<div class=\"fusion-post-wrapper\" style=\"background-color:rgba(255,255,255,0);border:1px solid #ebeaea;border-bottom-width:3px;\">\n\n\t\t\t<div class=\"fusion-flexslider flexslider fusion-flexslider-loading fusion-post-slideshow\" style=\"border-color:#ebeaea;\">\n\t\t<ul class=\"slides\">\n\t\t\t\n\t\t\t\t\t\t\t\t\t\t\t\t\t\t<li><div  class=\"fusion-image-wrapper\" aria-haspopup=\"true\">\n\t\t\t\t<img decoding=\"async\" width=\"700\" height=\"394\" src=\"https:\/\/datatex.com\/wp-content\/uploads\/2026\/03\/textile-in-automotive-industry-2.webp\" class=\"attachment-full size-full wp-post-image\" alt=\"\" srcset=\"https:\/\/datatex.com\/wp-content\/uploads\/2026\/03\/textile-in-automotive-industry-2-200x113.webp 200w, https:\/\/datatex.com\/wp-content\/uploads\/2026\/03\/textile-in-automotive-industry-2-300x169.webp 300w, https:\/\/datatex.com\/wp-content\/uploads\/2026\/03\/textile-in-automotive-industry-2-400x225.webp 400w, https:\/\/datatex.com\/wp-content\/uploads\/2026\/03\/textile-in-automotive-industry-2-600x338.webp 600w, https:\/\/datatex.com\/wp-content\/uploads\/2026\/03\/textile-in-automotive-industry-2.webp 700w\" sizes=\"(min-width: 2200px) 100vw, (min-width: 784px) 340px, (min-width: 712px) 510px, (min-width: 640px) 712px, \" \/><div class=\"fusion-rollover\">\n\t<div class=\"fusion-rollover-content\">\n\n\t\t\t\t\n\t\t\n\t\t\t\t\t\t\t\t\n\t\t\t\t\t\t\t\t\n\t\t\n\t\t\t\t\t\t<a class=\"fusion-link-wrapper\" href=\"https:\/\/datatex.com\/es\/fabricacion-de-textiles-para-el-sector-de-la-automocion-retos-y-soluciones-digitales\/\" aria-label=\"Fabricaci\u00f3n de textiles para el sector de la automoci\u00f3n: retos y soluciones digitales\"><\/a>\n\t<\/div>\n<\/div>\n<\/div>\n<\/li>\n\t\t\t\n\t\t\t\n\t\t\t\t\t\t\t\t\t\t\t\t\t\t\t\t\t\t\t\t\t\t\t\t\t\t\t\t\t\t\t\t\t\t\t\t\t\t\t\t\t\t\t\t\t\t\t\t\t\t\t\t\t\t\t\t\t\t\t\t\t\t\t\t\t\t\t\t<\/ul>\n\t<\/div>\n\t<div class=\"fusion-post-content-wrapper\" style=\"padding:30px 25px 20px 25px;\"><div class=\"fusion-post-content post-content\"><h2 class=\"blog-shortcode-post-title entry-title\"><a href=\"https:\/\/datatex.com\/es\/fabricacion-de-textiles-para-el-sector-de-la-automocion-retos-y-soluciones-digitales\/\">Fabricaci\u00f3n de textiles para el sector de la automoci\u00f3n: retos y soluciones digitales<\/a><\/h2><\/div><\/div><div class=\"fusion-clearfix\"><\/div><\/div>\n<\/article>\n<article id=\"blog-1-post-17895755\" class=\"fusion-post-grid post-17895755 post type-post status-publish format-standard has-post-thumbnail hentry category-news\">\n<div class=\"fusion-post-wrapper\" style=\"background-color:rgba(255,255,255,0);border:1px solid #ebeaea;border-bottom-width:3px;\">\n\n\t\t\t<div class=\"fusion-flexslider flexslider fusion-flexslider-loading fusion-post-slideshow\" style=\"border-color:#ebeaea;\">\n\t\t<ul class=\"slides\">\n\t\t\t\n\t\t\t\t\t\t\t\t\t\t\t\t\t\t<li><div  class=\"fusion-image-wrapper\" aria-haspopup=\"true\">\n\t\t\t\t<img decoding=\"async\" width=\"700\" height=\"400\" src=\"https:\/\/datatex.com\/wp-content\/uploads\/2026\/03\/DeSL-Joins-Textile-Solutions-Group.webp\" class=\"attachment-full size-full wp-post-image\" alt=\"DeSL Joins Textile Solutions Group\" srcset=\"https:\/\/datatex.com\/wp-content\/uploads\/2026\/03\/DeSL-Joins-Textile-Solutions-Group-200x114.webp 200w, https:\/\/datatex.com\/wp-content\/uploads\/2026\/03\/DeSL-Joins-Textile-Solutions-Group-300x171.webp 300w, https:\/\/datatex.com\/wp-content\/uploads\/2026\/03\/DeSL-Joins-Textile-Solutions-Group-400x229.webp 400w, https:\/\/datatex.com\/wp-content\/uploads\/2026\/03\/DeSL-Joins-Textile-Solutions-Group-600x343.webp 600w, https:\/\/datatex.com\/wp-content\/uploads\/2026\/03\/DeSL-Joins-Textile-Solutions-Group.webp 700w\" sizes=\"(min-width: 2200px) 100vw, (min-width: 784px) 340px, (min-width: 712px) 510px, (min-width: 640px) 712px, \" \/><div class=\"fusion-rollover\">\n\t<div class=\"fusion-rollover-content\">\n\n\t\t\t\t\n\t\t\n\t\t\t\t\t\t\t\t\n\t\t\t\t\t\t\t\t\n\t\t\n\t\t\t\t\t\t<a class=\"fusion-link-wrapper\" href=\"https:\/\/datatex.com\/es\/textile-solutions-group-da-la-bienvenida-a-desl\/\" aria-label=\"Textile Solutions Group da la bienvenida a DeSL para fortalecer el ecosistema digital del sector textil y de la confecci\u00f3n\"><\/a>\n\t<\/div>\n<\/div>\n<\/div>\n<\/li>\n\t\t\t\n\t\t\t\n\t\t\t\t\t\t\t\t\t\t\t\t\t\t\t\t\t\t\t\t\t\t\t\t\t\t\t\t\t\t\t\t\t\t\t\t\t\t\t\t\t\t\t\t\t\t\t\t\t\t\t\t\t\t\t\t\t\t\t\t\t\t\t\t\t\t\t\t<\/ul>\n\t<\/div>\n\t<div class=\"fusion-post-content-wrapper\" style=\"padding:30px 25px 20px 25px;\"><div class=\"fusion-post-content post-content\"><h2 class=\"blog-shortcode-post-title entry-title\"><a href=\"https:\/\/datatex.com\/es\/textile-solutions-group-da-la-bienvenida-a-desl\/\">Textile Solutions Group da la bienvenida a DeSL para fortalecer el ecosistema digital del sector textil y de la confecci\u00f3n<\/a><\/h2><\/div><\/div><div class=\"fusion-clearfix\"><\/div><\/div>\n<\/article>\n<article id=\"blog-1-post-17895624\" class=\"fusion-post-grid post-17895624 post type-post status-publish format-standard has-post-thumbnail hentry category-blog-es\">\n<div class=\"fusion-post-wrapper\" style=\"background-color:rgba(255,255,255,0);border:1px solid #ebeaea;border-bottom-width:3px;\">\n\n\t\t\t<div class=\"fusion-flexslider flexslider fusion-flexslider-loading fusion-post-slideshow\" style=\"border-color:#ebeaea;\">\n\t\t<ul class=\"slides\">\n\t\t\t\n\t\t\t\t\t\t\t\t\t\t\t\t\t\t<li><div  class=\"fusion-image-wrapper\" aria-haspopup=\"true\">\n\t\t\t\t<img decoding=\"async\" width=\"700\" height=\"394\" src=\"https:\/\/datatex.com\/wp-content\/uploads\/2026\/02\/Carpet-Manufacturing-Where-Design-Meets-Precision.webp\" class=\"attachment-full size-full wp-post-image\" alt=\"\" srcset=\"https:\/\/datatex.com\/wp-content\/uploads\/2026\/02\/Carpet-Manufacturing-Where-Design-Meets-Precision-200x113.webp 200w, https:\/\/datatex.com\/wp-content\/uploads\/2026\/02\/Carpet-Manufacturing-Where-Design-Meets-Precision-300x169.webp 300w, https:\/\/datatex.com\/wp-content\/uploads\/2026\/02\/Carpet-Manufacturing-Where-Design-Meets-Precision-400x225.webp 400w, https:\/\/datatex.com\/wp-content\/uploads\/2026\/02\/Carpet-Manufacturing-Where-Design-Meets-Precision-600x338.webp 600w, https:\/\/datatex.com\/wp-content\/uploads\/2026\/02\/Carpet-Manufacturing-Where-Design-Meets-Precision.webp 700w\" sizes=\"(min-width: 2200px) 100vw, (min-width: 784px) 340px, (min-width: 712px) 510px, (min-width: 640px) 712px, \" \/><div class=\"fusion-rollover\">\n\t<div class=\"fusion-rollover-content\">\n\n\t\t\t\t\n\t\t\n\t\t\t\t\t\t\t\t\n\t\t\t\t\t\t\t\t\n\t\t\n\t\t\t\t\t\t<a class=\"fusion-link-wrapper\" href=\"https:\/\/datatex.com\/es\/fabricacion-de-alfombras-donde-el-diseno-se-une-a-la-precision\/\" aria-label=\"Fabricaci\u00f3n de alfombras: donde el dise\u00f1o se une a la precisi\u00f3n\"><\/a>\n\t<\/div>\n<\/div>\n<\/div>\n<\/li>\n\t\t\t\n\t\t\t\n\t\t\t\t\t\t\t\t\t\t\t\t\t\t\t\t\t\t\t\t\t\t\t\t\t\t\t\t\t\t\t\t\t\t\t\t\t\t\t\t\t\t\t\t\t\t\t\t\t\t\t\t\t\t\t\t\t\t\t\t\t\t\t\t\t\t\t\t<\/ul>\n\t<\/div>\n\t<div class=\"fusion-post-content-wrapper\" style=\"padding:30px 25px 20px 25px;\"><div class=\"fusion-post-content post-content\"><h2 class=\"blog-shortcode-post-title entry-title\"><a href=\"https:\/\/datatex.com\/es\/fabricacion-de-alfombras-donde-el-diseno-se-une-a-la-precision\/\">Fabricaci\u00f3n de alfombras: donde el dise\u00f1o se une a la precisi\u00f3n<\/a><\/h2><\/div><\/div><div class=\"fusion-clearfix\"><\/div><\/div>\n<\/article>\n<article id=\"blog-1-post-17895510\" class=\"fusion-post-grid post-17895510 post type-post status-publish format-standard has-post-thumbnail hentry category-blog-es\">\n<div class=\"fusion-post-wrapper\" style=\"background-color:rgba(255,255,255,0);border:1px solid #ebeaea;border-bottom-width:3px;\">\n\n\t\t\t<div class=\"fusion-flexslider flexslider fusion-flexslider-loading fusion-post-slideshow\" style=\"border-color:#ebeaea;\">\n\t\t<ul class=\"slides\">\n\t\t\t\n\t\t\t\t\t\t\t\t\t\t\t\t\t\t<li><div  class=\"fusion-image-wrapper\" aria-haspopup=\"true\">\n\t\t\t\t<img decoding=\"async\" width=\"700\" height=\"394\" src=\"https:\/\/datatex.com\/wp-content\/uploads\/2026\/01\/Customer-Portal-Datatex-ERP-for-Textile-and-Apparel-1.webp\" class=\"attachment-full size-full wp-post-image\" alt=\"Customer Portal | Datatex ERP for Textile and Apparel\" srcset=\"https:\/\/datatex.com\/wp-content\/uploads\/2026\/01\/Customer-Portal-Datatex-ERP-for-Textile-and-Apparel-1-200x113.webp 200w, https:\/\/datatex.com\/wp-content\/uploads\/2026\/01\/Customer-Portal-Datatex-ERP-for-Textile-and-Apparel-1-300x169.webp 300w, https:\/\/datatex.com\/wp-content\/uploads\/2026\/01\/Customer-Portal-Datatex-ERP-for-Textile-and-Apparel-1-400x225.webp 400w, https:\/\/datatex.com\/wp-content\/uploads\/2026\/01\/Customer-Portal-Datatex-ERP-for-Textile-and-Apparel-1-600x338.webp 600w, https:\/\/datatex.com\/wp-content\/uploads\/2026\/01\/Customer-Portal-Datatex-ERP-for-Textile-and-Apparel-1.webp 700w\" sizes=\"(min-width: 2200px) 100vw, (min-width: 784px) 340px, (min-width: 712px) 510px, (min-width: 640px) 712px, \" \/><div class=\"fusion-rollover\">\n\t<div class=\"fusion-rollover-content\">\n\n\t\t\t\t\n\t\t\n\t\t\t\t\t\t\t\t\n\t\t\t\t\t\t\t\t\n\t\t\n\t\t\t\t\t\t<a class=\"fusion-link-wrapper\" href=\"https:\/\/datatex.com\/es\/portal-del-cliente-en-el-sector-textil-de-la-visibilidad-a-la-confianza\/\" aria-label=\"Portal del cliente en el sector textil: de la visibilidad a la confianza\"><\/a>\n\t<\/div>\n<\/div>\n<\/div>\n<\/li>\n\t\t\t\n\t\t\t\n\t\t\t\t\t\t\t\t\t\t\t\t\t\t\t\t\t\t\t\t\t\t\t\t\t\t\t\t\t\t\t\t\t\t\t\t\t\t\t\t\t\t\t\t\t\t\t\t\t\t\t\t\t\t\t\t\t\t\t\t\t\t\t\t\t\t\t\t<\/ul>\n\t<\/div>\n\t<div class=\"fusion-post-content-wrapper\" style=\"padding:30px 25px 20px 25px;\"><div class=\"fusion-post-content post-content\"><h2 class=\"blog-shortcode-post-title entry-title\"><a href=\"https:\/\/datatex.com\/es\/portal-del-cliente-en-el-sector-textil-de-la-visibilidad-a-la-confianza\/\">Portal del cliente en el sector textil: de la visibilidad a la confianza<\/a><\/h2><\/div><\/div><div class=\"fusion-clearfix\"><\/div><\/div>\n<\/article>\n<article id=\"blog-1-post-17895394\" class=\"fusion-post-grid post-17895394 post type-post status-publish format-standard has-post-thumbnail hentry category-blog-es\">\n<div class=\"fusion-post-wrapper\" style=\"background-color:rgba(255,255,255,0);border:1px solid #ebeaea;border-bottom-width:3px;\">\n\n\t\t\t<div class=\"fusion-flexslider flexslider fusion-flexslider-loading fusion-post-slideshow\" style=\"border-color:#ebeaea;\">\n\t\t<ul class=\"slides\">\n\t\t\t\n\t\t\t\t\t\t\t\t\t\t\t\t\t\t<li><div  class=\"fusion-image-wrapper\" aria-haspopup=\"true\">\n\t\t\t\t<img decoding=\"async\" width=\"700\" height=\"394\" src=\"https:\/\/datatex.com\/wp-content\/uploads\/2025\/12\/Understanding-Production-Planning-in-the-Textile-Industry-2.webp\" class=\"attachment-full size-full wp-post-image\" alt=\"Understanding Production Planning in the Textile Industry | Datatex Blog\" srcset=\"https:\/\/datatex.com\/wp-content\/uploads\/2025\/12\/Understanding-Production-Planning-in-the-Textile-Industry-2-200x113.webp 200w, https:\/\/datatex.com\/wp-content\/uploads\/2025\/12\/Understanding-Production-Planning-in-the-Textile-Industry-2-300x169.webp 300w, https:\/\/datatex.com\/wp-content\/uploads\/2025\/12\/Understanding-Production-Planning-in-the-Textile-Industry-2-400x225.webp 400w, https:\/\/datatex.com\/wp-content\/uploads\/2025\/12\/Understanding-Production-Planning-in-the-Textile-Industry-2-600x338.webp 600w, https:\/\/datatex.com\/wp-content\/uploads\/2025\/12\/Understanding-Production-Planning-in-the-Textile-Industry-2.webp 700w\" sizes=\"(min-width: 2200px) 100vw, (min-width: 784px) 340px, (min-width: 712px) 510px, (min-width: 640px) 712px, \" \/><div class=\"fusion-rollover\">\n\t<div class=\"fusion-rollover-content\">\n\n\t\t\t\t\n\t\t\n\t\t\t\t\t\t\t\t\n\t\t\t\t\t\t\t\t\n\t\t\n\t\t\t\t\t\t<a class=\"fusion-link-wrapper\" href=\"https:\/\/datatex.com\/es\/comprender-la-planificacion-de-la-produccion-en-la-industria-textil\/\" aria-label=\"Comprender la planificaci\u00f3n de la producci\u00f3n en la industria textil\"><\/a>\n\t<\/div>\n<\/div>\n<\/div>\n<\/li>\n\t\t\t\n\t\t\t\n\t\t\t\t\t\t\t\t\t\t\t\t\t\t\t\t\t\t\t\t\t\t\t\t\t\t\t\t\t\t\t\t\t\t\t\t\t\t\t\t\t\t\t\t\t\t\t\t\t\t\t\t\t\t\t\t\t\t\t\t\t\t\t\t\t\t\t\t<\/ul>\n\t<\/div>\n\t<div class=\"fusion-post-content-wrapper\" style=\"padding:30px 25px 20px 25px;\"><div class=\"fusion-post-content post-content\"><h2 class=\"blog-shortcode-post-title entry-title\"><a href=\"https:\/\/datatex.com\/es\/comprender-la-planificacion-de-la-produccion-en-la-industria-textil\/\">Comprender la planificaci\u00f3n de la producci\u00f3n en la industria textil<\/a><\/h2><\/div><\/div><div class=\"fusion-clearfix\"><\/div><\/div>\n<\/article>\n<article id=\"blog-1-post-17895242\" class=\"fusion-post-grid post-17895242 post type-post status-publish format-standard has-post-thumbnail hentry category-blog-es\">\n<div class=\"fusion-post-wrapper\" style=\"background-color:rgba(255,255,255,0);border:1px solid #ebeaea;border-bottom-width:3px;\">\n\n\t\t\t<div class=\"fusion-flexslider flexslider fusion-flexslider-loading fusion-post-slideshow\" style=\"border-color:#ebeaea;\">\n\t\t<ul class=\"slides\">\n\t\t\t\n\t\t\t\t\t\t\t\t\t\t\t\t\t\t<li><div  class=\"fusion-image-wrapper\" aria-haspopup=\"true\">\n\t\t\t\t<img decoding=\"async\" width=\"700\" height=\"400\" src=\"https:\/\/datatex.com\/wp-content\/uploads\/2025\/11\/cloud-700x400-1.webp\" class=\"attachment-full size-full wp-post-image\" alt=\"Understanding SaaS, PaaS, and IaaS in Cloud ERP | Blog\" srcset=\"https:\/\/datatex.com\/wp-content\/uploads\/2025\/11\/cloud-700x400-1-200x114.webp 200w, https:\/\/datatex.com\/wp-content\/uploads\/2025\/11\/cloud-700x400-1-300x171.webp 300w, https:\/\/datatex.com\/wp-content\/uploads\/2025\/11\/cloud-700x400-1-400x229.webp 400w, https:\/\/datatex.com\/wp-content\/uploads\/2025\/11\/cloud-700x400-1-600x343.webp 600w, https:\/\/datatex.com\/wp-content\/uploads\/2025\/11\/cloud-700x400-1.webp 700w\" sizes=\"(min-width: 2200px) 100vw, (min-width: 784px) 340px, (min-width: 712px) 510px, (min-width: 640px) 712px, \" \/><div class=\"fusion-rollover\">\n\t<div class=\"fusion-rollover-content\">\n\n\t\t\t\t\n\t\t\n\t\t\t\t\t\t\t\t\n\t\t\t\t\t\t\t\t\n\t\t\n\t\t\t\t\t\t<a class=\"fusion-link-wrapper\" href=\"https:\/\/datatex.com\/es\/comprender-saas-paas-e-iaas-en-el-erp-en-la-nube\/\" aria-label=\"Comprender SaaS, PaaS e IaaS en el ERP en la nube\"><\/a>\n\t<\/div>\n<\/div>\n<\/div>\n<\/li>\n\t\t\t\n\t\t\t\n\t\t\t\t\t\t\t\t\t\t\t\t\t\t\t\t\t\t\t\t\t\t\t\t\t\t\t\t\t\t\t\t\t\t\t\t\t\t\t\t\t\t\t\t\t\t\t\t\t\t\t\t\t\t\t\t\t\t\t\t\t\t\t\t\t\t\t\t<\/ul>\n\t<\/div>\n\t<div class=\"fusion-post-content-wrapper\" style=\"padding:30px 25px 20px 25px;\"><div class=\"fusion-post-content post-content\"><h2 class=\"blog-shortcode-post-title entry-title\"><a href=\"https:\/\/datatex.com\/es\/comprender-saas-paas-e-iaas-en-el-erp-en-la-nube\/\">Comprender SaaS, PaaS e IaaS en el ERP en la nube<\/a><\/h2><\/div><\/div><div class=\"fusion-clearfix\"><\/div><\/div>\n<\/article>\n<div class=\"fusion-clearfix\"><\/div><\/div><div class=\"pagination clearfix\"><span class=\"current\">1<\/span><a href=\"https:\/\/datatex.com\/es\/wp-json\/wp\/v2\/pages\/4384\/page\/2\/\" class=\"inactive\">2<\/a><a class=\"pagination-next\" rel=\"next\" href=\"https:\/\/datatex.com\/es\/wp-json\/wp\/v2\/pages\/4384\/page\/2\/\"><span class=\"page-text\">Next<\/span><span class=\"page-next\"><\/span><\/a><\/div><div class=\"fusion-clearfix\"><\/div><\/div><div class=\"fusion-clearfix\"><\/div><\/div><\/div><\/div><\/div>\n","protected":false},"excerpt":{"rendered":"","protected":false},"author":1,"featured_media":0,"parent":0,"menu_order":0,"comment_status":"closed","ping_status":"closed","template":"","meta":{"two_page_speed":{"current_score":{"desktop_score":90,"desktop_tti":"1.1\u00a0","mobile_score":65,"mobile_tti":"5.3\u00a0","date":"01.10.2025 02:54:00 pm","status":"completed"}},"footnotes":""},"class_list":["post-4384","page","type-page","status-publish","hentry"],"yoast_head":"<!-- This site is optimized with the Yoast SEO plugin v25.1 - https:\/\/yoast.com\/wordpress\/plugins\/seo\/ -->\n<title>Noticias y eventos del mundo Textil y Confecci\u00f3n | Datatex<\/title>\n<meta name=\"description\" content=\"Descubra nuestras noticias sobre el mundo de los textiles y los eventos de fama mundial donde encontrarnos. Visite nuestra p\u00e1gina web!\" \/>\n<meta name=\"robots\" content=\"index, follow, max-snippet:-1, max-image-preview:large, max-video-preview:-1\" \/>\n<link rel=\"canonical\" href=\"https:\/\/datatex.com\/es\/noticias-y-eventos-textiles\/\" \/>\n<meta property=\"og:locale\" content=\"es_ES\" \/>\n<meta property=\"og:type\" content=\"article\" \/>\n<meta property=\"og:title\" content=\"Noticias y eventos del mundo Textil y Confecci\u00f3n | Datatex\" \/>\n<meta property=\"og:description\" content=\"Descubra nuestras noticias sobre el mundo de los textiles y los eventos de fama mundial donde encontrarnos. Visite nuestra p\u00e1gina web!\" \/>\n<meta property=\"og:url\" content=\"https:\/\/datatex.com\/es\/noticias-y-eventos-textiles\/\" \/>\n<meta property=\"og:site_name\" content=\"Datatex\" \/>\n<meta property=\"article:modified_time\" content=\"2025-10-01T14:53:38+00:00\" \/>\n<meta name=\"twitter:card\" content=\"summary_large_image\" \/>\n<meta name=\"twitter:label1\" content=\"Tiempo de lectura\" \/>\n\t<meta name=\"twitter:data1\" content=\"2 minutos\" \/>\n<script type=\"application\/ld+json\" class=\"yoast-schema-graph\">{\"@context\":\"https:\/\/schema.org\",\"@graph\":[{\"@type\":\"WebPage\",\"@id\":\"https:\/\/datatex.com\/es\/noticias-y-eventos-textiles\/\",\"url\":\"https:\/\/datatex.com\/es\/noticias-y-eventos-textiles\/\",\"name\":\"Noticias y eventos del mundo Textil y Confecci\u00f3n | Datatex\",\"isPartOf\":{\"@id\":\"https:\/\/datatex.com\/es\/#website\"},\"datePublished\":\"2019-03-08T09:15:11+00:00\",\"dateModified\":\"2025-10-01T14:53:38+00:00\",\"description\":\"Descubra nuestras noticias sobre el mundo de los textiles y los eventos de fama mundial donde encontrarnos. Visite nuestra p\u00e1gina web!\",\"breadcrumb\":{\"@id\":\"https:\/\/datatex.com\/es\/noticias-y-eventos-textiles\/#breadcrumb\"},\"inLanguage\":\"es\",\"potentialAction\":[{\"@type\":\"ReadAction\",\"target\":[\"https:\/\/datatex.com\/es\/noticias-y-eventos-textiles\/\"]}]},{\"@type\":\"BreadcrumbList\",\"@id\":\"https:\/\/datatex.com\/es\/noticias-y-eventos-textiles\/#breadcrumb\",\"itemListElement\":[{\"@type\":\"ListItem\",\"position\":1,\"name\":\"Home\",\"item\":\"https:\/\/datatex.com\/es\/\"},{\"@type\":\"ListItem\",\"position\":2,\"name\":\"News&amp;Eventos\"}]},{\"@type\":\"WebSite\",\"@id\":\"https:\/\/datatex.com\/es\/#website\",\"url\":\"https:\/\/datatex.com\/es\/\",\"name\":\"Datatex\",\"description\":\"Datatex: We Make IT Work for You\",\"publisher\":{\"@id\":\"https:\/\/datatex.com\/es\/#organization\"},\"alternateName\":\"Datatex ERP\",\"potentialAction\":[{\"@type\":\"SearchAction\",\"target\":{\"@type\":\"EntryPoint\",\"urlTemplate\":\"https:\/\/datatex.com\/es\/?s={search_term_string}\"},\"query-input\":{\"@type\":\"PropertyValueSpecification\",\"valueRequired\":true,\"valueName\":\"search_term_string\"}}],\"inLanguage\":\"es\"},{\"@type\":\"Organization\",\"@id\":\"https:\/\/datatex.com\/es\/#organization\",\"name\":\"Datatex - We Make IT Work for You\",\"url\":\"https:\/\/datatex.com\/es\/\",\"logo\":{\"@type\":\"ImageObject\",\"inLanguage\":\"es\",\"@id\":\"https:\/\/datatex.com\/es\/#\/schema\/logo\/image\/\",\"url\":\"https:\/\/datatex.com\/wp-content\/uploads\/2019\/09\/android-chrome-192x192-e1569404708453.png\",\"contentUrl\":\"https:\/\/datatex.com\/wp-content\/uploads\/2019\/09\/android-chrome-192x192-e1569404708453.png\",\"width\":192,\"height\":192,\"caption\":\"Datatex - We Make IT Work for You\"},\"image\":{\"@id\":\"https:\/\/datatex.com\/es\/#\/schema\/logo\/image\/\"},\"sameAs\":[\"https:\/\/www.linkedin.com\/company\/datatex\/\",\"https:\/\/www.youtube.com\/@datatexERPtextile\"]}]}<\/script>\n<!-- \/ Yoast SEO plugin. -->","yoast_head_json":{"title":"Noticias y eventos del mundo Textil y Confecci\u00f3n | Datatex","description":"Descubra nuestras noticias sobre el mundo de los textiles y los eventos de fama mundial donde encontrarnos. Visite nuestra p\u00e1gina web!","robots":{"index":"index","follow":"follow","max-snippet":"max-snippet:-1","max-image-preview":"max-image-preview:large","max-video-preview":"max-video-preview:-1"},"canonical":"https:\/\/datatex.com\/es\/noticias-y-eventos-textiles\/","og_locale":"es_ES","og_type":"article","og_title":"Noticias y eventos del mundo Textil y Confecci\u00f3n | Datatex","og_description":"Descubra nuestras noticias sobre el mundo de los textiles y los eventos de fama mundial donde encontrarnos. Visite nuestra p\u00e1gina web!","og_url":"https:\/\/datatex.com\/es\/noticias-y-eventos-textiles\/","og_site_name":"Datatex","article_modified_time":"2025-10-01T14:53:38+00:00","twitter_card":"summary_large_image","twitter_misc":{"Tiempo de lectura":"2 minutos"},"schema":{"@context":"https:\/\/schema.org","@graph":[{"@type":"WebPage","@id":"https:\/\/datatex.com\/es\/noticias-y-eventos-textiles\/","url":"https:\/\/datatex.com\/es\/noticias-y-eventos-textiles\/","name":"Noticias y eventos del mundo Textil y Confecci\u00f3n | Datatex","isPartOf":{"@id":"https:\/\/datatex.com\/es\/#website"},"datePublished":"2019-03-08T09:15:11+00:00","dateModified":"2025-10-01T14:53:38+00:00","description":"Descubra nuestras noticias sobre el mundo de los textiles y los eventos de fama mundial donde encontrarnos. Visite nuestra p\u00e1gina web!","breadcrumb":{"@id":"https:\/\/datatex.com\/es\/noticias-y-eventos-textiles\/#breadcrumb"},"inLanguage":"es","potentialAction":[{"@type":"ReadAction","target":["https:\/\/datatex.com\/es\/noticias-y-eventos-textiles\/"]}]},{"@type":"BreadcrumbList","@id":"https:\/\/datatex.com\/es\/noticias-y-eventos-textiles\/#breadcrumb","itemListElement":[{"@type":"ListItem","position":1,"name":"Home","item":"https:\/\/datatex.com\/es\/"},{"@type":"ListItem","position":2,"name":"News&amp;Eventos"}]},{"@type":"WebSite","@id":"https:\/\/datatex.com\/es\/#website","url":"https:\/\/datatex.com\/es\/","name":"Datatex","description":"Datatex: We Make IT Work for You","publisher":{"@id":"https:\/\/datatex.com\/es\/#organization"},"alternateName":"Datatex ERP","potentialAction":[{"@type":"SearchAction","target":{"@type":"EntryPoint","urlTemplate":"https:\/\/datatex.com\/es\/?s={search_term_string}"},"query-input":{"@type":"PropertyValueSpecification","valueRequired":true,"valueName":"search_term_string"}}],"inLanguage":"es"},{"@type":"Organization","@id":"https:\/\/datatex.com\/es\/#organization","name":"Datatex - We Make IT Work for You","url":"https:\/\/datatex.com\/es\/","logo":{"@type":"ImageObject","inLanguage":"es","@id":"https:\/\/datatex.com\/es\/#\/schema\/logo\/image\/","url":"https:\/\/datatex.com\/wp-content\/uploads\/2019\/09\/android-chrome-192x192-e1569404708453.png","contentUrl":"https:\/\/datatex.com\/wp-content\/uploads\/2019\/09\/android-chrome-192x192-e1569404708453.png","width":192,"height":192,"caption":"Datatex - We Make IT Work for You"},"image":{"@id":"https:\/\/datatex.com\/es\/#\/schema\/logo\/image\/"},"sameAs":["https:\/\/www.linkedin.com\/company\/datatex\/","https:\/\/www.youtube.com\/@datatexERPtextile"]}]}},"_links":{"self":[{"href":"https:\/\/datatex.com\/es\/wp-json\/wp\/v2\/pages\/4384","targetHints":{"allow":["GET"]}}],"collection":[{"href":"https:\/\/datatex.com\/es\/wp-json\/wp\/v2\/pages"}],"about":[{"href":"https:\/\/datatex.com\/es\/wp-json\/wp\/v2\/types\/page"}],"author":[{"embeddable":true,"href":"https:\/\/datatex.com\/es\/wp-json\/wp\/v2\/users\/1"}],"replies":[{"embeddable":true,"href":"https:\/\/datatex.com\/es\/wp-json\/wp\/v2\/comments?post=4384"}],"version-history":[{"count":14,"href":"https:\/\/datatex.com\/es\/wp-json\/wp\/v2\/pages\/4384\/revisions"}],"predecessor-version":[{"id":17888597,"href":"https:\/\/datatex.com\/es\/wp-json\/wp\/v2\/pages\/4384\/revisions\/17888597"}],"wp:attachment":[{"href":"https:\/\/datatex.com\/es\/wp-json\/wp\/v2\/media?parent=4384"}],"curies":[{"name":"wp","href":"https:\/\/api.w.org\/{rel}","templated":true}]}}