{"id":2627,"date":"2019-03-07T15:54:28","date_gmt":"2019-03-07T15:54:28","guid":{"rendered":"http:\/\/213.140.24.242\/datatexwebsite\/privacy-policy\/"},"modified":"2025-10-01T17:14:45","modified_gmt":"2025-10-01T17:14:45","slug":"privacy-policy","status":"publish","type":"page","link":"https:\/\/datatex.com\/es\/privacy-policy\/","title":{"rendered":"Pol\u00edtica de privacidad"},"content":{"rendered":"<div class=\"fusion-fullwidth fullwidth-box fusion-builder-row-1 nonhundred-percent-fullwidth non-hundred-percent-height-scrolling\" style=\"--awb-border-radius-top-left:0px;--awb-border-radius-top-right:0px;--awb-border-radius-bottom-right:0px;--awb-border-radius-bottom-left:0px;--awb-flex-wrap:wrap;\" ><div class=\"fusion-builder-row fusion-row\"><div class=\"fusion-layout-column fusion_builder_column fusion-builder-column-0 fusion_builder_column_1_1 1_1 fusion-one-full fusion-column-first fusion-column-last\" style=\"--awb-bg-size:cover;\"><div class=\"fusion-column-wrapper fusion-column-has-shadow fusion-flex-column-wrapper-legacy\"><div class=\"fusion-title title fusion-title-1 fusion-sep-none fusion-title-text fusion-title-size-one\"><h1 class=\"fusion-title-heading title-heading-left\" style=\"margin:0;\">Datatex | Pol\u00edtica de privacidad<\/h1><\/div><div class=\"fusion-text fusion-text-1\"><h2 data-start=\"206\" data-end=\"253\"><strong data-start=\"206\" data-end=\"253\">1. Responsable del tratamiento de los datos<\/strong><\/h2>\n<p data-start=\"255\" data-end=\"545\">El Responsable del Tratamiento de sus Datos Personales es Datatex Consulting S.r.l., encargado ante usted del uso leg\u00edtimo y correcto de sus Datos Personales. Puede ponerse en contacto con el Responsable para cualquier informaci\u00f3n o solicitud a trav\u00e9s de los siguientes datos de contacto:<\/p>\n<p data-start=\"547\" data-end=\"670\"><strong data-start=\"547\" data-end=\"579\">Responsable del Tratamiento:<\/strong> Datatex Consulting S.r.l.<br data-start=\"605\" data-end=\"608\" \/><strong data-start=\"608\" data-end=\"629\">Domicilio social:<\/strong> Viale Sarca, 235 \u2013 20126 Mil\u00e1n, Italia<\/p>\n<p data-start=\"672\" data-end=\"694\"><strong data-start=\"672\" data-end=\"694\">Datos de contacto:<\/strong><\/p>\n<ul>\n<li data-start=\"698\" data-end=\"725\">Tel\u00e9fono: (+39) 026797441<\/li>\n<li data-start=\"728\" data-end=\"769\">Correo electr\u00f3nico: <a class=\"cursor-pointer\" rel=\"noopener\" data-start=\"748\" data-end=\"767\">privacy@datatex.com<\/a><\/li>\n<li data-start=\"772\" data-end=\"829\">Correo certificado (PEC): <a class=\"cursor-pointer\" rel=\"noopener\" data-start=\"798\" data-end=\"827\">datatexconsulting@certapec.it<\/a><\/li>\n<\/ul>\n<p data-start=\"831\" data-end=\"1005\">Asimismo, podr\u00e1 dirigirse al Responsable del Tratamiento para obtener informaci\u00f3n, presentar solicitudes relativas a sus datos personales o comunicar incidencias o problemas.<\/p>\n<h2 data-start=\"1012\" data-end=\"1072\"><strong data-start=\"1012\" data-end=\"1072\">2. Tipos de datos registrados, finalidades y base jur\u00eddica<\/strong><\/h2>\n<p data-start=\"1074\" data-end=\"1195\">Los Datos Personales tratados son obtenidos directamente del Usuario\/Interesado o autom\u00e1ticamente a trav\u00e9s del sitio web.<\/p>\n<p data-start=\"1197\" data-end=\"1261\"><strong data-start=\"1197\" data-end=\"1261\">Datos proporcionados directamente por el Usuario\/Interesado:<\/strong><\/p>\n<div class=\"_tableContainer_80l1q_1\">\n<div class=\"_tableWrapper_80l1q_14 group flex w-fit flex-col-reverse\" tabindex=\"-1\"><\/div>\n<div class=\"absolute end-0 flex items-end\"><\/div>\n<\/div>\n<p><strong>A)<\/strong> Finalidades directamente relacionadas con la ejecuci\u00f3n de medidas precontractuales y para responder a solicitudes espec\u00edficas del Usuario\/Interesado, incluido el acceso al \u00e1rea reservada para solicitar una consulta y recibir los servicios correspondientes.<\/p>\n<p style=\"padding-left: 40px;\"><strong data-start=\"1281\" data-end=\"1299\">DATOS TRATADOS:<\/strong><\/p>\n<ul>\n<li>Formulario \u201c<strong>Reserva una consulta<\/strong>\u201d: Nombre, Apellido, Empresa, Pa\u00eds, Tel\u00e9fono, Sitio web, Correo electr\u00f3nico.<\/li>\n<li>Formulario \u201c<strong>Cont\u00e1ctanos<\/strong>\u201d: Nombre, Apellido, Empresa, Pa\u00eds, Tel\u00e9fono, Correo electr\u00f3nico.<\/li>\n<li>Formulario \u201c<strong>Descarga<\/strong>\u201d: Nombre, Apellido, Empresa, Pa\u00eds, Correo electr\u00f3nico.<\/li>\n<li>Formulario \u201c<strong>Reg\u00edstrate al seminario web<\/strong>\u201d: Nombre, Apellido, Empresa, Pa\u00eds, Correo electr\u00f3nico.<\/li>\n<li>Formulario \u201c<strong>Suscr\u00edbete a nuestro bolet\u00edn<\/strong>\u201d: Correo electr\u00f3nico.<\/li>\n<\/ul>\n<p style=\"padding-left: 40px;\"><strong> BASE JUR\u00cdDICA: <\/strong>Contrato en el que el Interesado es parte y\/o ejecuci\u00f3n de medidas precontractuales a solicitud del Interesado.<\/p>\n<hr \/>\n<p><strong>B)<\/strong> Ejercicio de los derechos del Responsable, como el derecho de defensa <span class=\"cf0\">ante juzgado<\/span>.<\/p>\n<p style=\"padding-left: 40px;\"><strong data-start=\"1281\" data-end=\"1299\">DATOS TRATADOS<\/strong>:<\/p>\n<ul>\n<li>Formulario \u201c<strong>Reserva una consulta<\/strong>\u201d: Nombre, Apellido, Empresa, Pa\u00eds, Tel\u00e9fono, Sitio web, Correo electr\u00f3nico.<\/li>\n<li>Formulario \u201c<strong>Cont\u00e1ctanos<\/strong>\u201d: Nombre, Apellido, Empresa, Pa\u00eds, Tel\u00e9fono, Correo electr\u00f3nico.<\/li>\n<li>Formulario \u201c<strong>Descarga<\/strong>\u201d: Nombre, Apellido, Empresa, Pa\u00eds, Correo electr\u00f3nico.<\/li>\n<li>Formulario \u201c<strong>Reg\u00edstrate al seminario web<\/strong>\u201d: Nombre, Apellido, Empresa, Pa\u00eds, Correo electr\u00f3nico.<\/li>\n<li>Formulario \u201c<strong>Suscr\u00edbete a nuestro bolet\u00edn<\/strong>\u201d: Correo electr\u00f3nico.<\/li>\n<\/ul>\n<p style=\"padding-left: 40px;\"><strong data-start=\"1302\" data-end=\"1319\">BASE JUR\u00cdDICA<\/strong>: Inter\u00e9s leg\u00edtimo.<\/p>\n<p><strong>C)<\/strong> Finalidades de marketing directo e investigaci\u00f3n de mercado, incluido el env\u00edo de boletines informativos, material publicitario e informativo.<\/p>\n<hr \/>\n<p style=\"padding-left: 40px;\"><strong data-start=\"1281\" data-end=\"1299\">DATOS TRATADOS<\/strong>:<\/p>\n<ul>\n<li>Formulario \u201c<strong>Reserva una consulta<\/strong>\u201d: Nombre, Apellido, Empresa, Pa\u00eds, Tel\u00e9fono, Sitio web, Correo electr\u00f3nico.<\/li>\n<li>Formulario \u201c<strong>Cont\u00e1ctanos<\/strong>\u201d: Nombre, Apellido, Empresa, Pa\u00eds, Tel\u00e9fono, Correo electr\u00f3nico.<\/li>\n<li>Formulario \u201c<strong>Descarga<\/strong>\u201d: Nombre, Apellido, Empresa, Pa\u00eds, Correo electr\u00f3nico.<\/li>\n<li>Formulario \u201c<strong>Reg\u00edstrate al seminario web<\/strong>\u201d: Nombre, Apellido, Empresa, Pa\u00eds, Correo electr\u00f3nico.<\/li>\n<li>Formulario \u201c<strong>Suscr\u00edbete a nuestro bolet\u00edn<\/strong>\u201d: Correo electr\u00f3nico.<\/li>\n<\/ul>\n<p style=\"padding-left: 40px;\"><strong>BASE JUR\u00cdDICA: <\/strong>Consentimiento.<\/p>\n<p><strong>D)<\/strong> Procesos de selecci\u00f3n de personal.<\/p>\n<p style=\"padding-left: 40px;\"><strong data-start=\"1281\" data-end=\"1299\">DATOS TRATADOS<\/strong>:<\/p>\n<ul>\n<li>Formulario \u201c<strong>\u00danete a nosotros<\/strong>\u201d: Nombre, Apellido, Fecha de nacimiento, Tel\u00e9fono, Correo electr\u00f3nico, Nacionalidad, Direcci\u00f3n, Sede laboral preferida, Oferta de empleo seleccionada, Curr\u00edculum Vitae.<\/li>\n<\/ul>\n<p style=\"padding-left: 40px;\"><strong>BASE JUR\u00cdDICA: <\/strong>Inter\u00e9s leg\u00edtimo.<\/p>\n<p data-start=\"2788\" data-end=\"3064\">El Usuario\/Interesado asume la responsabilidad de los Datos Personales de terceros que comunique, publique o comparta a trav\u00e9s de esta Aplicaci\u00f3n, y garantiza tener derecho a comunicarlos o divulgarlos, eximiendo al Responsable de cualquier responsabilidad frente a terceros.<\/p>\n<p data-start=\"3066\" data-end=\"3125\"><strong data-start=\"3066\" data-end=\"3125\">Datos recogidos autom\u00e1ticamente a trav\u00e9s del sitio web:<\/strong><\/p>\n<p data-start=\"3127\" data-end=\"4121\">Los datos recogidos autom\u00e1ticamente incluyen informaci\u00f3n generada a trav\u00e9s del sitio <a class=\"\" href=\"https:\/\/datatex.com\/es\/\" target=\"_new\" rel=\"noopener\" data-start=\"3212\" data-end=\"3232\">https:\/\/datatex.com\/<\/a> (tambi\u00e9n <!--StartFragment --><span class=\"cf0\">a trav\u00e9s de<\/span><!--EndFragment --> aplicaciones de terceros integradas en esta Aplicaci\u00f3n), como: direcciones IP o nombres de dominio de los ordenadores utilizados por el Usuario\/Interesado, direcciones URI (Uniform Resource Identifier), hora de la solicitud, m\u00e9todo utilizado para enviar la solicitud al servidor, tama\u00f1o del archivo recibido en respuesta, c\u00f3digo num\u00e9rico que indica el estado de la respuesta del servidor (\u00e9xito, error, etc.), pa\u00eds de origen, caracter\u00edsticas del navegador y del sistema operativo, detalles sobre la duraci\u00f3n de la visita (por ejemplo, tiempo de permanencia en cada p\u00e1gina), itinerario de navegaci\u00f3n dentro de la Aplicaci\u00f3n, especialmente la secuencia de p\u00e1ginas consultadas, y par\u00e1metros relativos al sistema operativo y entorno inform\u00e1tico del Usuario\/Interesado. Los detalles completos sobre cada tipo de dato recogido est\u00e1n disponibles en la pol\u00edtica de cookies del sitio.<\/p>\n<p data-start=\"4123\" data-end=\"4468\">Estos datos se utilizan exclusivamente para los fines para los que se registran, como se describe a continuaci\u00f3n: permitir el funcionamiento del sitio, la visualizaci\u00f3n de contenidos de plataformas externas, estad\u00edsticas, optimizaci\u00f3n y distribuci\u00f3n del tr\u00e1fico de datos, adem\u00e1s de otras finalidades descritas en este documento y en la Pol\u00edtica de Cookies.<\/p>\n<h2 data-start=\"4475\" data-end=\"4580\"><strong data-start=\"4475\" data-end=\"4580\">3. Naturaleza obligatoria u opcional del suministro de datos y consecuencias de una eventual negativa<\/strong><\/h2>\n<p data-start=\"4582\" data-end=\"4715\">El suministro de datos para las finalidades indicadas en los puntos A y B es opcional, pero necesario para la ejecuci\u00f3n del contrato.<\/p>\n<p data-start=\"4717\" data-end=\"4910\">El suministro de datos para las finalidades del punto C es opcional y se utilizar\u00e1 solo con su consentimiento expreso; en caso de no otorgarlo, sus datos no podr\u00e1n tratarse con dicha finalidad.<\/p>\n<p data-start=\"4912\" data-end=\"5315\">Salvo que se indique lo contrario, todos los datos requeridos para navegar por el sitio web son obligatorios. Si el Usuario\/Interesado se niega a proporcionarlos, es posible que esta Aplicaci\u00f3n no pueda prestar el Servicio. Cuando esta Aplicaci\u00f3n indique que ciertos datos son opcionales, los Usuarios son libres de no proporcionarlos, sin que ello afecte la disponibilidad o funcionalidad del Servicio.<\/p>\n<p data-start=\"5317\" data-end=\"5427\">En caso de dudas sobre qu\u00e9 datos son obligatorios, se recomienda contactar con el Responsable del Tratamiento.<\/p>\n<h2 data-start=\"5434\" data-end=\"5468\"><strong data-start=\"5434\" data-end=\"5468\">4. Modalidades del tratamiento<\/strong><\/h2>\n<p data-start=\"5470\" data-end=\"5626\">El Responsable adopta medidas de seguridad apropiadas para evitar el acceso, divulgaci\u00f3n, modificaci\u00f3n o destrucci\u00f3n no autorizadas de los Datos Personales.<\/p>\n<p data-start=\"5628\" data-end=\"5810\">El tratamiento se realiza mediante herramientas inform\u00e1ticas y\/o telem\u00e1ticas, con procedimientos organizativos y con l\u00f3gicas estrictamente relacionadas con las finalidades indicadas.<\/p>\n<h2 data-start=\"5817\" data-end=\"5837\"><strong data-start=\"5817\" data-end=\"5837\">5. Destinatarios<\/strong><\/h2>\n<p data-start=\"5839\" data-end=\"6009\">Sus datos podr\u00e1n ser comunicados, adem\u00e1s del personal autorizado, a los siguientes sujetos, designados si es necesario como Encargados del Tratamiento por el Responsable:<\/p>\n<ul>\n<li data-start=\"6013\" data-end=\"6118\">Consultores y empresas que asisten a la empresa desde el punto de vista inform\u00e1tico y de infraestructura;<\/li>\n<li data-start=\"6121\" data-end=\"6222\">Otras empresas, profesionales y agentes que colaboran con la empresa para la prestaci\u00f3n de servicios.<\/li>\n<\/ul>\n<p data-start=\"6224\" data-end=\"6365\">La lista actualizada de Encargados podr\u00e1 solicitarse en cualquier momento al Responsable. Sus datos no ser\u00e1n objeto de divulgaci\u00f3n adicional.<\/p>\n<h2 data-start=\"6372\" data-end=\"6400\"><strong data-start=\"6372\" data-end=\"6400\">6. Lugar del tratamiento<\/strong><\/h2>\n<p data-start=\"6402\" data-end=\"6551\">Los datos se tratan en las oficinas operativas del Responsable y en cualquier otro lugar donde se encuentren las partes implicadas en el tratamiento.<\/p>\n<p data-start=\"6553\" data-end=\"7379\">Los datos proporcionados por el Usuario\/Interesado y los recogidos autom\u00e1ticamente pueden ser transferidos a un pa\u00eds distinto del de residencia del Usuario\/Interesado, incluso fuera del Espacio Econ\u00f3mico Europeo. En tal caso, Datatex Consulting S.r.l. garantiza que el tratamiento de sus Datos Personales por parte de los terceros a los que se transfieren se realizar\u00e1 conforme al Reglamento (UE) 2016\/679, de conformidad con los principios del art\u00edculo 45 (existencia de una decisi\u00f3n de adecuaci\u00f3n por parte de la Comisi\u00f3n Europea), o en ausencia de esta, conforme al art\u00edculo 46 (existencia de garant\u00edas adecuadas), o conforme al art\u00edculo 49, apartado 1, letra b), cuando la transferencia sea necesaria para la ejecuci\u00f3n de un contrato acordado entre usted y el Responsable o para la aplicaci\u00f3n de medidas precontractuales.<\/p>\n<p data-start=\"7381\" data-end=\"7530\">Puede obtener m\u00e1s informaci\u00f3n sobre la ubicaci\u00f3n del tratamiento consultando la Pol\u00edtica de Cookies o contactando con el Responsable del Tratamiento.<\/p>\n<h2 data-start=\"7537\" data-end=\"7565\"><strong data-start=\"7537\" data-end=\"7565\">7. Plazo de conservaci\u00f3n<\/strong><\/h2>\n<p data-start=\"7567\" data-end=\"7630\"><strong data-start=\"7567\" data-end=\"7630\">Datos proporcionados directamente por el Usuario\/Interesado<\/strong><\/p>\n<p data-start=\"7632\" data-end=\"7887\">Los Datos Personales registrados para responder a solicitudes espec\u00edficas y\/o para la ejecuci\u00f3n de negociaciones precontractuales se conservar\u00e1n durante el tiempo necesario para cumplir dichas finalidades y, en todo caso, no m\u00e1s de 5 a\u00f1os desde su recogida.<\/p>\n<p data-start=\"7889\" data-end=\"8038\">Los datos de registro necesarios para la creaci\u00f3n y uso de la cuenta del \u00e1rea reservada se conservar\u00e1n hasta que el interesado solicite su supresi\u00f3n.<\/p>\n<p data-start=\"8040\" data-end=\"8443\">Los Datos Personales registrados para finalidades basadas en el inter\u00e9s leg\u00edtimo del Responsable se conservar\u00e1n hasta la satisfacci\u00f3n de dicho inter\u00e9s. En caso de procedimientos judiciales en curso, los datos ser\u00e1n tratados hasta su conclusi\u00f3n. Adem\u00e1s, el Responsable podr\u00e1 conservar los datos durante un per\u00edodo m\u00e1s prolongado si as\u00ed lo exige una obligaci\u00f3n legal o una orden de una autoridad competente.<\/p>\n<p data-start=\"8445\" data-end=\"8668\">Una vez vencido el plazo de conservaci\u00f3n, los Datos Personales ser\u00e1n eliminados. En consecuencia, una vez transcurrido dicho plazo, los derechos de acceso, supresi\u00f3n, rectificaci\u00f3n y portabilidad ya no podr\u00e1n ser ejercidos.<\/p>\n<p data-start=\"8670\" data-end=\"8724\"><strong data-start=\"8670\" data-end=\"8724\">Datos recogidos autom\u00e1ticamente a trav\u00e9s del sitio<\/strong><\/p>\n<p data-start=\"8726\" data-end=\"8831\">Los datos registrados autom\u00e1ticamente se conservar\u00e1n durante el per\u00edodo indicado en la Pol\u00edtica de Cookies.<\/p>\n<p data-start=\"8833\" data-end=\"9028\">Transcurrido dicho per\u00edodo, los Datos Personales ser\u00e1n eliminados. Por tanto, una vez vencido el plazo, ya no ser\u00e1 posible ejercer los derechos de acceso, supresi\u00f3n, rectificaci\u00f3n y portabilidad.<\/p>\n<h2 data-start=\"9035\" data-end=\"9065\"><strong data-start=\"9035\" data-end=\"9065\">8. Derechos del Interesado<\/strong><\/h2>\n<p data-start=\"9067\" data-end=\"9363\">De conformidad con los art\u00edculos 15 a 22 del Reglamento (UE) 2016\/679 (RGPD), el Usuario\/Interesado tiene derecho a obtener confirmaci\u00f3n sobre si se est\u00e1n tratando o no datos personales que le conciernen, incluso si a\u00fan no han sido registrados, y a recibir dicha informaci\u00f3n de forma inteligible.<\/p>\n<p data-start=\"9365\" data-end=\"9434\">En particular, el Interesado tiene derecho a obtener del Responsable:<\/p>\n<ul>\n<li data-start=\"9438\" data-end=\"9472\">el origen de los Datos Personales;<\/li>\n<li data-start=\"9475\" data-end=\"9521\">las finalidades y modalidades del tratamiento;<\/li>\n<li data-start=\"9524\" data-end=\"9614\">la l\u00f3gica aplicada en caso de tratamiento mediante herramientas electr\u00f3nicas\/inform\u00e1ticas;<\/li>\n<li data-start=\"9617\" data-end=\"9708\">los datos identificativos del Responsable, de los Encargados y del Representante designado;<\/li>\n<li data-start=\"9711\" data-end=\"9909\">los sujetos o categor\u00edas de sujetos a los que se puedan comunicar los datos o que puedan tener conocimiento de ellos como Representante en el territorio del Estado, Encargados o Personal Autorizado.<\/li>\n<\/ul>\n<p data-start=\"9911\" data-end=\"9973\">Adem\u00e1s, el Interesado tiene derecho a obtener del Responsable:<\/p>\n<ul>\n<li data-start=\"9977\" data-end=\"10052\">la actualizaci\u00f3n, rectificaci\u00f3n o, en su caso, la integraci\u00f3n de los datos;<\/li>\n<li data-start=\"10055\" data-end=\"10138\">la supresi\u00f3n, anonimizaci\u00f3n o bloqueo de los datos tratados en violaci\u00f3n de la ley;<\/li>\n<li data-start=\"10141\" data-end=\"10258\">el acceso a sus datos, es decir, confirmaci\u00f3n de si existe o no un tratamiento de Datos Personales que le conciernen;<\/li>\n<li data-start=\"10261\" data-end=\"10291\">la limitaci\u00f3n del tratamiento;<\/li>\n<li data-start=\"10294\" data-end=\"10436\">la portabilidad de los datos, es decir, el derecho a recibir sus Datos Personales en un formato estructurado, de uso com\u00fan y lectura mec\u00e1nica;<\/li>\n<li data-start=\"10439\" data-end=\"10507\">el derecho a presentar una reclamaci\u00f3n ante la Autoridad de control.<\/li>\n<\/ul>\n<p data-start=\"10509\" data-end=\"10852\">Por \u00faltimo, el Interesado tiene derecho a oponerse, total o parcialmente, por motivos leg\u00edtimos, al tratamiento de los Datos Personales que le conciernen, incluso si son pertinentes para la finalidad de la recogida. En particular, tiene derecho a oponerse al tratamiento con fines de env\u00edo de material publicitario o de comunicaci\u00f3n comercial.<\/p>\n<p data-start=\"10854\" data-end=\"10981\">El ejercicio de estos derechos podr\u00e1 realizarse escribiendo a los datos de contacto indicados en el punto 1 del presente aviso.<\/p>\n<\/div><div class=\"fusion-clearfix\"><\/div><\/div><\/div><\/div><\/div>\n","protected":false},"excerpt":{"rendered":"","protected":false},"author":1,"featured_media":0,"parent":0,"menu_order":0,"comment_status":"closed","ping_status":"open","template":"","meta":{"two_page_speed":{"current_score":{"desktop_score":95,"desktop_tti":"0.9\u00a0","mobile_score":82,"mobile_tti":"3.8\u00a0","date":"01.10.2025 05:15:31 pm","status":"completed"}},"footnotes":""},"class_list":["post-2627","page","type-page","status-publish","hentry"],"yoast_head":"<!-- This site is optimized with the Yoast SEO plugin v25.1 - https:\/\/yoast.com\/wordpress\/plugins\/seo\/ -->\n<title>Datatex | Pol\u00edtica de privacidad<\/title>\n<meta name=\"description\" content=\"Sepa c\u00f3mo Datatex recopila, utiliza y protege sus datos personales de conformidad con la normativa mundial sobre privacidad.\" \/>\n<meta name=\"robots\" content=\"index, follow, max-snippet:-1, max-image-preview:large, max-video-preview:-1\" \/>\n<link rel=\"canonical\" href=\"https:\/\/datatex.com\/es\/privacy-policy\/\" \/>\n<meta property=\"og:locale\" content=\"es_ES\" \/>\n<meta property=\"og:type\" content=\"article\" \/>\n<meta property=\"og:title\" content=\"Datatex | Pol\u00edtica de privacidad\" \/>\n<meta property=\"og:description\" content=\"Sepa c\u00f3mo Datatex recopila, utiliza y protege sus datos personales de conformidad con la normativa mundial sobre privacidad.\" \/>\n<meta property=\"og:url\" content=\"https:\/\/datatex.com\/es\/privacy-policy\/\" \/>\n<meta property=\"og:site_name\" content=\"Datatex\" \/>\n<meta property=\"article:modified_time\" content=\"2025-10-01T17:14:45+00:00\" \/>\n<meta name=\"twitter:card\" content=\"summary_large_image\" \/>\n<meta name=\"twitter:label1\" content=\"Tiempo de lectura\" \/>\n\t<meta name=\"twitter:data1\" content=\"8 minutos\" \/>\n<script type=\"application\/ld+json\" class=\"yoast-schema-graph\">{\"@context\":\"https:\/\/schema.org\",\"@graph\":[{\"@type\":\"WebPage\",\"@id\":\"https:\/\/datatex.com\/es\/privacy-policy\/\",\"url\":\"https:\/\/datatex.com\/es\/privacy-policy\/\",\"name\":\"Datatex | Pol\u00edtica de privacidad\",\"isPartOf\":{\"@id\":\"https:\/\/datatex.com\/es\/#website\"},\"datePublished\":\"2019-03-07T15:54:28+00:00\",\"dateModified\":\"2025-10-01T17:14:45+00:00\",\"description\":\"Sepa c\u00f3mo Datatex recopila, utiliza y protege sus datos personales de conformidad con la normativa mundial sobre privacidad.\",\"breadcrumb\":{\"@id\":\"https:\/\/datatex.com\/es\/privacy-policy\/#breadcrumb\"},\"inLanguage\":\"es\",\"potentialAction\":[{\"@type\":\"ReadAction\",\"target\":[\"https:\/\/datatex.com\/es\/privacy-policy\/\"]}]},{\"@type\":\"BreadcrumbList\",\"@id\":\"https:\/\/datatex.com\/es\/privacy-policy\/#breadcrumb\",\"itemListElement\":[{\"@type\":\"ListItem\",\"position\":1,\"name\":\"Home\",\"item\":\"https:\/\/datatex.com\/es\/\"},{\"@type\":\"ListItem\",\"position\":2,\"name\":\"Pol\u00edtica de privacidad\"}]},{\"@type\":\"WebSite\",\"@id\":\"https:\/\/datatex.com\/es\/#website\",\"url\":\"https:\/\/datatex.com\/es\/\",\"name\":\"Datatex\",\"description\":\"Datatex: We Make IT Work for You\",\"publisher\":{\"@id\":\"https:\/\/datatex.com\/es\/#organization\"},\"alternateName\":\"Datatex ERP\",\"potentialAction\":[{\"@type\":\"SearchAction\",\"target\":{\"@type\":\"EntryPoint\",\"urlTemplate\":\"https:\/\/datatex.com\/es\/?s={search_term_string}\"},\"query-input\":{\"@type\":\"PropertyValueSpecification\",\"valueRequired\":true,\"valueName\":\"search_term_string\"}}],\"inLanguage\":\"es\"},{\"@type\":\"Organization\",\"@id\":\"https:\/\/datatex.com\/es\/#organization\",\"name\":\"Datatex - We Make IT Work for You\",\"url\":\"https:\/\/datatex.com\/es\/\",\"logo\":{\"@type\":\"ImageObject\",\"inLanguage\":\"es\",\"@id\":\"https:\/\/datatex.com\/es\/#\/schema\/logo\/image\/\",\"url\":\"https:\/\/datatex.com\/wp-content\/uploads\/2019\/09\/android-chrome-192x192-e1569404708453.png\",\"contentUrl\":\"https:\/\/datatex.com\/wp-content\/uploads\/2019\/09\/android-chrome-192x192-e1569404708453.png\",\"width\":192,\"height\":192,\"caption\":\"Datatex - We Make IT Work for You\"},\"image\":{\"@id\":\"https:\/\/datatex.com\/es\/#\/schema\/logo\/image\/\"},\"sameAs\":[\"https:\/\/www.linkedin.com\/company\/datatex\/\",\"https:\/\/www.youtube.com\/@datatexERPtextile\"]}]}<\/script>\n<!-- \/ Yoast SEO plugin. -->","yoast_head_json":{"title":"Datatex | Pol\u00edtica de privacidad","description":"Sepa c\u00f3mo Datatex recopila, utiliza y protege sus datos personales de conformidad con la normativa mundial sobre privacidad.","robots":{"index":"index","follow":"follow","max-snippet":"max-snippet:-1","max-image-preview":"max-image-preview:large","max-video-preview":"max-video-preview:-1"},"canonical":"https:\/\/datatex.com\/es\/privacy-policy\/","og_locale":"es_ES","og_type":"article","og_title":"Datatex | Pol\u00edtica de privacidad","og_description":"Sepa c\u00f3mo Datatex recopila, utiliza y protege sus datos personales de conformidad con la normativa mundial sobre privacidad.","og_url":"https:\/\/datatex.com\/es\/privacy-policy\/","og_site_name":"Datatex","article_modified_time":"2025-10-01T17:14:45+00:00","twitter_card":"summary_large_image","twitter_misc":{"Tiempo de lectura":"8 minutos"},"schema":{"@context":"https:\/\/schema.org","@graph":[{"@type":"WebPage","@id":"https:\/\/datatex.com\/es\/privacy-policy\/","url":"https:\/\/datatex.com\/es\/privacy-policy\/","name":"Datatex | Pol\u00edtica de privacidad","isPartOf":{"@id":"https:\/\/datatex.com\/es\/#website"},"datePublished":"2019-03-07T15:54:28+00:00","dateModified":"2025-10-01T17:14:45+00:00","description":"Sepa c\u00f3mo Datatex recopila, utiliza y protege sus datos personales de conformidad con la normativa mundial sobre privacidad.","breadcrumb":{"@id":"https:\/\/datatex.com\/es\/privacy-policy\/#breadcrumb"},"inLanguage":"es","potentialAction":[{"@type":"ReadAction","target":["https:\/\/datatex.com\/es\/privacy-policy\/"]}]},{"@type":"BreadcrumbList","@id":"https:\/\/datatex.com\/es\/privacy-policy\/#breadcrumb","itemListElement":[{"@type":"ListItem","position":1,"name":"Home","item":"https:\/\/datatex.com\/es\/"},{"@type":"ListItem","position":2,"name":"Pol\u00edtica de privacidad"}]},{"@type":"WebSite","@id":"https:\/\/datatex.com\/es\/#website","url":"https:\/\/datatex.com\/es\/","name":"Datatex","description":"Datatex: We Make IT Work for You","publisher":{"@id":"https:\/\/datatex.com\/es\/#organization"},"alternateName":"Datatex ERP","potentialAction":[{"@type":"SearchAction","target":{"@type":"EntryPoint","urlTemplate":"https:\/\/datatex.com\/es\/?s={search_term_string}"},"query-input":{"@type":"PropertyValueSpecification","valueRequired":true,"valueName":"search_term_string"}}],"inLanguage":"es"},{"@type":"Organization","@id":"https:\/\/datatex.com\/es\/#organization","name":"Datatex - We Make IT Work for You","url":"https:\/\/datatex.com\/es\/","logo":{"@type":"ImageObject","inLanguage":"es","@id":"https:\/\/datatex.com\/es\/#\/schema\/logo\/image\/","url":"https:\/\/datatex.com\/wp-content\/uploads\/2019\/09\/android-chrome-192x192-e1569404708453.png","contentUrl":"https:\/\/datatex.com\/wp-content\/uploads\/2019\/09\/android-chrome-192x192-e1569404708453.png","width":192,"height":192,"caption":"Datatex - We Make IT Work for You"},"image":{"@id":"https:\/\/datatex.com\/es\/#\/schema\/logo\/image\/"},"sameAs":["https:\/\/www.linkedin.com\/company\/datatex\/","https:\/\/www.youtube.com\/@datatexERPtextile"]}]}},"_links":{"self":[{"href":"https:\/\/datatex.com\/es\/wp-json\/wp\/v2\/pages\/2627","targetHints":{"allow":["GET"]}}],"collection":[{"href":"https:\/\/datatex.com\/es\/wp-json\/wp\/v2\/pages"}],"about":[{"href":"https:\/\/datatex.com\/es\/wp-json\/wp\/v2\/types\/page"}],"author":[{"embeddable":true,"href":"https:\/\/datatex.com\/es\/wp-json\/wp\/v2\/users\/1"}],"replies":[{"embeddable":true,"href":"https:\/\/datatex.com\/es\/wp-json\/wp\/v2\/comments?post=2627"}],"version-history":[{"count":16,"href":"https:\/\/datatex.com\/es\/wp-json\/wp\/v2\/pages\/2627\/revisions"}],"predecessor-version":[{"id":17894249,"href":"https:\/\/datatex.com\/es\/wp-json\/wp\/v2\/pages\/2627\/revisions\/17894249"}],"wp:attachment":[{"href":"https:\/\/datatex.com\/es\/wp-json\/wp\/v2\/media?parent=2627"}],"curies":[{"name":"wp","href":"https:\/\/api.w.org\/{rel}","templated":true}]}}