{"id":25660,"date":"2021-12-01T14:23:15","date_gmt":"2021-12-01T14:23:15","guid":{"rendered":"https:\/\/datatex.com\/?page_id=25660"},"modified":"2025-10-02T14:50:17","modified_gmt":"2025-10-02T14:50:17","slug":"reserve-una-consulta","status":"publish","type":"page","link":"https:\/\/datatex.com\/es\/reserve-una-consulta\/","title":{"rendered":"Reserve una consulta"},"content":{"rendered":"<div class=\"fusion-fullwidth fullwidth-box fusion-builder-row-1 nonhundred-percent-fullwidth non-hundred-percent-height-scrolling\" style=\"--awb-border-radius-top-left:0px;--awb-border-radius-top-right:0px;--awb-border-radius-bottom-right:0px;--awb-border-radius-bottom-left:0px;--awb-padding-bottom:50px;--awb-flex-wrap:wrap;\" ><div class=\"fusion-builder-row fusion-row\"><div class=\"fusion-layout-column fusion_builder_column fusion-builder-column-0 fusion_builder_column_1_1 1_1 fusion-one-full fusion-column-first fusion-column-last\" style=\"--awb-bg-size:cover;\"><div class=\"fusion-column-wrapper fusion-column-has-shadow fusion-flex-column-wrapper-legacy\"><div class=\"fusion-text fusion-text-1\" style=\"--awb-margin-top:2rem;--awb-margin-right:10%;--awb-margin-left:10%;\"><p style=\"text-align: center;\">Para <strong>programar una demostraci\u00f3n o consulta gratuita<\/strong> con uno de nuestros expertos, s\u00f3lo tiene que seleccionar la fecha y hora disponibles. Una vez que haya rellenado toda la informaci\u00f3n requerida, recibir\u00e1 una notificaci\u00f3n por correo electr\u00f3nico con su solicitud pendiente y nos pondremos en contacto con usted poco despu\u00e9s.<\/p>\n<\/div><!-- Calendly inline widget begin --><\/p>\n<style>\nmain#main {\n  padding: 0;\n}\n.calendly-inline-widget {\n  min-width: 320px;\n  height: 750px;\n}\n<\/style>\n<div\n    class=\"calendly-inline-widget\"\n    data-url=\"https:\/\/calendly.com\/datatex\/reserve-una-consulta?text_color=6f6f6f&primary_color=ff7800\">\n<\/div>\n<p><script type=\"text\/javascript\" src=\"https:\/\/assets.calendly.com\/assets\/external\/widget.js\" async><\/script><br \/>\n<!-- Calendly inline widget end --><div class=\"fusion-clearfix\"><\/div><\/div><\/div><\/div><\/div>\n","protected":false},"excerpt":{"rendered":"","protected":false},"author":7,"featured_media":0,"parent":0,"menu_order":0,"comment_status":"closed","ping_status":"closed","template":"","meta":{"two_page_speed":{"current_score":{"desktop_score":89,"desktop_tti":"1.0\u00a0","mobile_score":65,"mobile_tti":"5.5\u00a0","date":"02.10.2025 02:51:21 pm","status":"completed"}},"footnotes":""},"class_list":["post-25660","page","type-page","status-publish","hentry"],"yoast_head":"<!-- This site is optimized with the Yoast SEO plugin v25.1 - https:\/\/yoast.com\/wordpress\/plugins\/seo\/ -->\n<title>Reserve una consulta gratuita con nosotros | Datatex<\/title>\n<meta name=\"description\" content=\"Programe una demostraci\u00f3n gratuita o reserve una consulta gratuita con nuestros expertos y descubra todas las ventajas del ERP para la industria textil.\" \/>\n<meta name=\"robots\" content=\"index, follow, max-snippet:-1, max-image-preview:large, max-video-preview:-1\" \/>\n<link rel=\"canonical\" href=\"https:\/\/datatex.com\/es\/reserve-una-consulta\/\" \/>\n<meta property=\"og:locale\" content=\"es_ES\" \/>\n<meta property=\"og:type\" content=\"article\" \/>\n<meta property=\"og:title\" content=\"Reserve una consulta gratuita con nosotros | Datatex\" \/>\n<meta property=\"og:description\" content=\"Programe una demostraci\u00f3n gratuita o reserve una consulta gratuita con nuestros expertos y descubra todas las ventajas del ERP para la industria textil.\" \/>\n<meta property=\"og:url\" content=\"https:\/\/datatex.com\/es\/reserve-una-consulta\/\" \/>\n<meta property=\"og:site_name\" content=\"Datatex\" \/>\n<meta property=\"article:modified_time\" content=\"2025-10-02T14:50:17+00:00\" \/>\n<meta name=\"twitter:card\" content=\"summary_large_image\" \/>\n<meta name=\"twitter:label1\" content=\"Tiempo de lectura\" \/>\n\t<meta name=\"twitter:data1\" content=\"1 minuto\" \/>\n<script type=\"application\/ld+json\" class=\"yoast-schema-graph\">{\"@context\":\"https:\/\/schema.org\",\"@graph\":[{\"@type\":\"WebPage\",\"@id\":\"https:\/\/datatex.com\/es\/reserve-una-consulta\/\",\"url\":\"https:\/\/datatex.com\/es\/reserve-una-consulta\/\",\"name\":\"Reserve una consulta gratuita con nosotros | Datatex\",\"isPartOf\":{\"@id\":\"https:\/\/datatex.com\/es\/#website\"},\"datePublished\":\"2021-12-01T14:23:15+00:00\",\"dateModified\":\"2025-10-02T14:50:17+00:00\",\"description\":\"Programe una demostraci\u00f3n gratuita o reserve una consulta gratuita con nuestros expertos y descubra todas las ventajas del ERP para la industria textil.\",\"breadcrumb\":{\"@id\":\"https:\/\/datatex.com\/es\/reserve-una-consulta\/#breadcrumb\"},\"inLanguage\":\"es\",\"potentialAction\":[{\"@type\":\"ReadAction\",\"target\":[\"https:\/\/datatex.com\/es\/reserve-una-consulta\/\"]}]},{\"@type\":\"BreadcrumbList\",\"@id\":\"https:\/\/datatex.com\/es\/reserve-una-consulta\/#breadcrumb\",\"itemListElement\":[{\"@type\":\"ListItem\",\"position\":1,\"name\":\"Home\",\"item\":\"https:\/\/datatex.com\/es\/\"},{\"@type\":\"ListItem\",\"position\":2,\"name\":\"Reserve una consulta\"}]},{\"@type\":\"WebSite\",\"@id\":\"https:\/\/datatex.com\/es\/#website\",\"url\":\"https:\/\/datatex.com\/es\/\",\"name\":\"Datatex\",\"description\":\"Datatex: We Make IT Work for You\",\"publisher\":{\"@id\":\"https:\/\/datatex.com\/es\/#organization\"},\"alternateName\":\"Datatex ERP\",\"potentialAction\":[{\"@type\":\"SearchAction\",\"target\":{\"@type\":\"EntryPoint\",\"urlTemplate\":\"https:\/\/datatex.com\/es\/?s={search_term_string}\"},\"query-input\":{\"@type\":\"PropertyValueSpecification\",\"valueRequired\":true,\"valueName\":\"search_term_string\"}}],\"inLanguage\":\"es\"},{\"@type\":\"Organization\",\"@id\":\"https:\/\/datatex.com\/es\/#organization\",\"name\":\"Datatex - We Make IT Work for You\",\"url\":\"https:\/\/datatex.com\/es\/\",\"logo\":{\"@type\":\"ImageObject\",\"inLanguage\":\"es\",\"@id\":\"https:\/\/datatex.com\/es\/#\/schema\/logo\/image\/\",\"url\":\"https:\/\/datatex.com\/wp-content\/uploads\/2019\/09\/android-chrome-192x192-e1569404708453.png\",\"contentUrl\":\"https:\/\/datatex.com\/wp-content\/uploads\/2019\/09\/android-chrome-192x192-e1569404708453.png\",\"width\":192,\"height\":192,\"caption\":\"Datatex - We Make IT Work for You\"},\"image\":{\"@id\":\"https:\/\/datatex.com\/es\/#\/schema\/logo\/image\/\"},\"sameAs\":[\"https:\/\/www.linkedin.com\/company\/datatex\/\",\"https:\/\/www.youtube.com\/@datatexERPtextile\"]}]}<\/script>\n<!-- \/ Yoast SEO plugin. -->","yoast_head_json":{"title":"Reserve una consulta gratuita con nosotros | Datatex","description":"Programe una demostraci\u00f3n gratuita o reserve una consulta gratuita con nuestros expertos y descubra todas las ventajas del ERP para la industria textil.","robots":{"index":"index","follow":"follow","max-snippet":"max-snippet:-1","max-image-preview":"max-image-preview:large","max-video-preview":"max-video-preview:-1"},"canonical":"https:\/\/datatex.com\/es\/reserve-una-consulta\/","og_locale":"es_ES","og_type":"article","og_title":"Reserve una consulta gratuita con nosotros | Datatex","og_description":"Programe una demostraci\u00f3n gratuita o reserve una consulta gratuita con nuestros expertos y descubra todas las ventajas del ERP para la industria textil.","og_url":"https:\/\/datatex.com\/es\/reserve-una-consulta\/","og_site_name":"Datatex","article_modified_time":"2025-10-02T14:50:17+00:00","twitter_card":"summary_large_image","twitter_misc":{"Tiempo de lectura":"1 minuto"},"schema":{"@context":"https:\/\/schema.org","@graph":[{"@type":"WebPage","@id":"https:\/\/datatex.com\/es\/reserve-una-consulta\/","url":"https:\/\/datatex.com\/es\/reserve-una-consulta\/","name":"Reserve una consulta gratuita con nosotros | Datatex","isPartOf":{"@id":"https:\/\/datatex.com\/es\/#website"},"datePublished":"2021-12-01T14:23:15+00:00","dateModified":"2025-10-02T14:50:17+00:00","description":"Programe una demostraci\u00f3n gratuita o reserve una consulta gratuita con nuestros expertos y descubra todas las ventajas del ERP para la industria textil.","breadcrumb":{"@id":"https:\/\/datatex.com\/es\/reserve-una-consulta\/#breadcrumb"},"inLanguage":"es","potentialAction":[{"@type":"ReadAction","target":["https:\/\/datatex.com\/es\/reserve-una-consulta\/"]}]},{"@type":"BreadcrumbList","@id":"https:\/\/datatex.com\/es\/reserve-una-consulta\/#breadcrumb","itemListElement":[{"@type":"ListItem","position":1,"name":"Home","item":"https:\/\/datatex.com\/es\/"},{"@type":"ListItem","position":2,"name":"Reserve una consulta"}]},{"@type":"WebSite","@id":"https:\/\/datatex.com\/es\/#website","url":"https:\/\/datatex.com\/es\/","name":"Datatex","description":"Datatex: We Make IT Work for You","publisher":{"@id":"https:\/\/datatex.com\/es\/#organization"},"alternateName":"Datatex ERP","potentialAction":[{"@type":"SearchAction","target":{"@type":"EntryPoint","urlTemplate":"https:\/\/datatex.com\/es\/?s={search_term_string}"},"query-input":{"@type":"PropertyValueSpecification","valueRequired":true,"valueName":"search_term_string"}}],"inLanguage":"es"},{"@type":"Organization","@id":"https:\/\/datatex.com\/es\/#organization","name":"Datatex - We Make IT Work for You","url":"https:\/\/datatex.com\/es\/","logo":{"@type":"ImageObject","inLanguage":"es","@id":"https:\/\/datatex.com\/es\/#\/schema\/logo\/image\/","url":"https:\/\/datatex.com\/wp-content\/uploads\/2019\/09\/android-chrome-192x192-e1569404708453.png","contentUrl":"https:\/\/datatex.com\/wp-content\/uploads\/2019\/09\/android-chrome-192x192-e1569404708453.png","width":192,"height":192,"caption":"Datatex - We Make IT Work for You"},"image":{"@id":"https:\/\/datatex.com\/es\/#\/schema\/logo\/image\/"},"sameAs":["https:\/\/www.linkedin.com\/company\/datatex\/","https:\/\/www.youtube.com\/@datatexERPtextile"]}]}},"_links":{"self":[{"href":"https:\/\/datatex.com\/es\/wp-json\/wp\/v2\/pages\/25660","targetHints":{"allow":["GET"]}}],"collection":[{"href":"https:\/\/datatex.com\/es\/wp-json\/wp\/v2\/pages"}],"about":[{"href":"https:\/\/datatex.com\/es\/wp-json\/wp\/v2\/types\/page"}],"author":[{"embeddable":true,"href":"https:\/\/datatex.com\/es\/wp-json\/wp\/v2\/users\/7"}],"replies":[{"embeddable":true,"href":"https:\/\/datatex.com\/es\/wp-json\/wp\/v2\/comments?post=25660"}],"version-history":[{"count":10,"href":"https:\/\/datatex.com\/es\/wp-json\/wp\/v2\/pages\/25660\/revisions"}],"predecessor-version":[{"id":17894552,"href":"https:\/\/datatex.com\/es\/wp-json\/wp\/v2\/pages\/25660\/revisions\/17894552"}],"wp:attachment":[{"href":"https:\/\/datatex.com\/es\/wp-json\/wp\/v2\/media?parent=25660"}],"curies":[{"name":"wp","href":"https:\/\/api.w.org\/{rel}","templated":true}]}}