{"id":17893375,"date":"2025-07-03T09:45:00","date_gmt":"2025-07-03T09:45:00","guid":{"rendered":"https:\/\/datatex.com\/copyright\/"},"modified":"2025-10-03T23:52:01","modified_gmt":"2025-10-03T23:52:01","slug":"copyright","status":"publish","type":"page","link":"https:\/\/datatex.com\/es\/copyright\/","title":{"rendered":"Copyright"},"content":{"rendered":"<div class=\"fusion-fullwidth fullwidth-box fusion-builder-row-1 nonhundred-percent-fullwidth non-hundred-percent-height-scrolling\" style=\"--awb-border-radius-top-left:0px;--awb-border-radius-top-right:0px;--awb-border-radius-bottom-right:0px;--awb-border-radius-bottom-left:0px;--awb-flex-wrap:wrap;\" ><div class=\"fusion-builder-row fusion-row\"><div class=\"fusion-layout-column fusion_builder_column fusion-builder-column-0 fusion_builder_column_1_1 1_1 fusion-one-full fusion-column-first fusion-column-last\" style=\"--awb-bg-size:cover;\"><div class=\"fusion-column-wrapper fusion-column-has-shadow fusion-flex-column-wrapper-legacy\"><div class=\"fusion-title title fusion-title-1 fusion-sep-none fusion-title-text fusion-title-size-one\"><h1 class=\"fusion-title-heading title-heading-left\" style=\"margin:0;\"><p style=\"text-align: left;\"><strong>Datatex | Copyright<\/strong><\/p><\/h1><\/div><div class=\"fusion-text fusion-text-1\"><p>Todo el contenido de este sitio web, incluidos textos, im\u00e1genes, logotipos, gr\u00e1ficos, documentos y dise\u00f1o, es propiedad de Datatex Consulting Srl o de sus respectivos propietarios y est\u00e1 protegido por las leyes aplicables sobre derechos de autor y propiedad intelectual.<br \/>\nCualquier reproducci\u00f3n, incluso parcial, por cualquier medio, est\u00e1 prohibida sin autorizaci\u00f3n previa por escrito.<\/p>\n<p>\u00a9 2025 Datatex Consulting Srl. Todos los derechos reservados.<\/p>\n<\/div><div class=\"fusion-clearfix\"><\/div><\/div><\/div><\/div><\/div>\n","protected":false},"excerpt":{"rendered":"","protected":false},"author":8,"featured_media":0,"parent":0,"menu_order":0,"comment_status":"closed","ping_status":"open","template":"","meta":{"two_page_speed":{"current_score":{"desktop_score":95,"desktop_tti":"0.9\u00a0","mobile_score":78,"mobile_tti":"3.9\u00a0","date":"29.09.2025 02:34:11 pm","status":"error_no_score"}},"footnotes":""},"class_list":["post-17893375","page","type-page","status-publish","hentry"],"yoast_head":"<!-- This site is optimized with the Yoast SEO plugin v25.1 - https:\/\/yoast.com\/wordpress\/plugins\/seo\/ -->\n<title>Datatex | Copyright<\/title>\n<meta name=\"description\" content=\"Todo el contenido de este sitio web es propiedad intelectual de Datatex y est\u00e1 protegido por las leyes de propiedad intelectual aplicables.\" \/>\n<meta name=\"robots\" content=\"index, follow, max-snippet:-1, max-image-preview:large, max-video-preview:-1\" \/>\n<link rel=\"canonical\" href=\"https:\/\/datatex.com\/es\/copyright\/\" \/>\n<meta property=\"og:locale\" content=\"es_ES\" \/>\n<meta property=\"og:type\" content=\"article\" \/>\n<meta property=\"og:title\" content=\"Datatex | Copyright\" \/>\n<meta property=\"og:description\" content=\"Todo el contenido de este sitio web es propiedad intelectual de Datatex y est\u00e1 protegido por las leyes de propiedad intelectual aplicables.\" \/>\n<meta property=\"og:url\" content=\"https:\/\/datatex.com\/es\/copyright\/\" \/>\n<meta property=\"og:site_name\" content=\"Datatex\" \/>\n<meta property=\"article:modified_time\" content=\"2025-10-03T23:52:01+00:00\" \/>\n<meta name=\"twitter:card\" content=\"summary_large_image\" \/>\n<meta name=\"twitter:label1\" content=\"Tiempo de lectura\" \/>\n\t<meta name=\"twitter:data1\" content=\"1 minuto\" \/>\n<script type=\"application\/ld+json\" class=\"yoast-schema-graph\">{\"@context\":\"https:\/\/schema.org\",\"@graph\":[{\"@type\":\"WebPage\",\"@id\":\"https:\/\/datatex.com\/es\/copyright\/\",\"url\":\"https:\/\/datatex.com\/es\/copyright\/\",\"name\":\"Datatex | Copyright\",\"isPartOf\":{\"@id\":\"https:\/\/datatex.com\/es\/#website\"},\"datePublished\":\"2025-07-03T09:45:00+00:00\",\"dateModified\":\"2025-10-03T23:52:01+00:00\",\"description\":\"Todo el contenido de este sitio web es propiedad intelectual de Datatex y est\u00e1 protegido por las leyes de propiedad intelectual aplicables.\",\"breadcrumb\":{\"@id\":\"https:\/\/datatex.com\/es\/copyright\/#breadcrumb\"},\"inLanguage\":\"es\",\"potentialAction\":[{\"@type\":\"ReadAction\",\"target\":[\"https:\/\/datatex.com\/es\/copyright\/\"]}]},{\"@type\":\"BreadcrumbList\",\"@id\":\"https:\/\/datatex.com\/es\/copyright\/#breadcrumb\",\"itemListElement\":[{\"@type\":\"ListItem\",\"position\":1,\"name\":\"Home\",\"item\":\"https:\/\/datatex.com\/es\/\"},{\"@type\":\"ListItem\",\"position\":2,\"name\":\"Copyright\"}]},{\"@type\":\"WebSite\",\"@id\":\"https:\/\/datatex.com\/es\/#website\",\"url\":\"https:\/\/datatex.com\/es\/\",\"name\":\"Datatex\",\"description\":\"Datatex: We Make IT Work for You\",\"publisher\":{\"@id\":\"https:\/\/datatex.com\/es\/#organization\"},\"alternateName\":\"Datatex ERP\",\"potentialAction\":[{\"@type\":\"SearchAction\",\"target\":{\"@type\":\"EntryPoint\",\"urlTemplate\":\"https:\/\/datatex.com\/es\/?s={search_term_string}\"},\"query-input\":{\"@type\":\"PropertyValueSpecification\",\"valueRequired\":true,\"valueName\":\"search_term_string\"}}],\"inLanguage\":\"es\"},{\"@type\":\"Organization\",\"@id\":\"https:\/\/datatex.com\/es\/#organization\",\"name\":\"Datatex - We Make IT Work for You\",\"url\":\"https:\/\/datatex.com\/es\/\",\"logo\":{\"@type\":\"ImageObject\",\"inLanguage\":\"es\",\"@id\":\"https:\/\/datatex.com\/es\/#\/schema\/logo\/image\/\",\"url\":\"https:\/\/datatex.com\/wp-content\/uploads\/2019\/09\/android-chrome-192x192-e1569404708453.png\",\"contentUrl\":\"https:\/\/datatex.com\/wp-content\/uploads\/2019\/09\/android-chrome-192x192-e1569404708453.png\",\"width\":192,\"height\":192,\"caption\":\"Datatex - We Make IT Work for You\"},\"image\":{\"@id\":\"https:\/\/datatex.com\/es\/#\/schema\/logo\/image\/\"},\"sameAs\":[\"https:\/\/www.linkedin.com\/company\/datatex\/\",\"https:\/\/www.youtube.com\/@datatexERPtextile\"]}]}<\/script>\n<!-- \/ Yoast SEO plugin. -->","yoast_head_json":{"title":"Datatex | Copyright","description":"Todo el contenido de este sitio web es propiedad intelectual de Datatex y est\u00e1 protegido por las leyes de propiedad intelectual aplicables.","robots":{"index":"index","follow":"follow","max-snippet":"max-snippet:-1","max-image-preview":"max-image-preview:large","max-video-preview":"max-video-preview:-1"},"canonical":"https:\/\/datatex.com\/es\/copyright\/","og_locale":"es_ES","og_type":"article","og_title":"Datatex | Copyright","og_description":"Todo el contenido de este sitio web es propiedad intelectual de Datatex y est\u00e1 protegido por las leyes de propiedad intelectual aplicables.","og_url":"https:\/\/datatex.com\/es\/copyright\/","og_site_name":"Datatex","article_modified_time":"2025-10-03T23:52:01+00:00","twitter_card":"summary_large_image","twitter_misc":{"Tiempo de lectura":"1 minuto"},"schema":{"@context":"https:\/\/schema.org","@graph":[{"@type":"WebPage","@id":"https:\/\/datatex.com\/es\/copyright\/","url":"https:\/\/datatex.com\/es\/copyright\/","name":"Datatex | Copyright","isPartOf":{"@id":"https:\/\/datatex.com\/es\/#website"},"datePublished":"2025-07-03T09:45:00+00:00","dateModified":"2025-10-03T23:52:01+00:00","description":"Todo el contenido de este sitio web es propiedad intelectual de Datatex y est\u00e1 protegido por las leyes de propiedad intelectual aplicables.","breadcrumb":{"@id":"https:\/\/datatex.com\/es\/copyright\/#breadcrumb"},"inLanguage":"es","potentialAction":[{"@type":"ReadAction","target":["https:\/\/datatex.com\/es\/copyright\/"]}]},{"@type":"BreadcrumbList","@id":"https:\/\/datatex.com\/es\/copyright\/#breadcrumb","itemListElement":[{"@type":"ListItem","position":1,"name":"Home","item":"https:\/\/datatex.com\/es\/"},{"@type":"ListItem","position":2,"name":"Copyright"}]},{"@type":"WebSite","@id":"https:\/\/datatex.com\/es\/#website","url":"https:\/\/datatex.com\/es\/","name":"Datatex","description":"Datatex: We Make IT Work for You","publisher":{"@id":"https:\/\/datatex.com\/es\/#organization"},"alternateName":"Datatex ERP","potentialAction":[{"@type":"SearchAction","target":{"@type":"EntryPoint","urlTemplate":"https:\/\/datatex.com\/es\/?s={search_term_string}"},"query-input":{"@type":"PropertyValueSpecification","valueRequired":true,"valueName":"search_term_string"}}],"inLanguage":"es"},{"@type":"Organization","@id":"https:\/\/datatex.com\/es\/#organization","name":"Datatex - We Make IT Work for You","url":"https:\/\/datatex.com\/es\/","logo":{"@type":"ImageObject","inLanguage":"es","@id":"https:\/\/datatex.com\/es\/#\/schema\/logo\/image\/","url":"https:\/\/datatex.com\/wp-content\/uploads\/2019\/09\/android-chrome-192x192-e1569404708453.png","contentUrl":"https:\/\/datatex.com\/wp-content\/uploads\/2019\/09\/android-chrome-192x192-e1569404708453.png","width":192,"height":192,"caption":"Datatex - We Make IT Work for You"},"image":{"@id":"https:\/\/datatex.com\/es\/#\/schema\/logo\/image\/"},"sameAs":["https:\/\/www.linkedin.com\/company\/datatex\/","https:\/\/www.youtube.com\/@datatexERPtextile"]}]}},"_links":{"self":[{"href":"https:\/\/datatex.com\/es\/wp-json\/wp\/v2\/pages\/17893375","targetHints":{"allow":["GET"]}}],"collection":[{"href":"https:\/\/datatex.com\/es\/wp-json\/wp\/v2\/pages"}],"about":[{"href":"https:\/\/datatex.com\/es\/wp-json\/wp\/v2\/types\/page"}],"author":[{"embeddable":true,"href":"https:\/\/datatex.com\/es\/wp-json\/wp\/v2\/users\/8"}],"replies":[{"embeddable":true,"href":"https:\/\/datatex.com\/es\/wp-json\/wp\/v2\/comments?post=17893375"}],"version-history":[{"count":3,"href":"https:\/\/datatex.com\/es\/wp-json\/wp\/v2\/pages\/17893375\/revisions"}],"predecessor-version":[{"id":17893379,"href":"https:\/\/datatex.com\/es\/wp-json\/wp\/v2\/pages\/17893375\/revisions\/17893379"}],"wp:attachment":[{"href":"https:\/\/datatex.com\/es\/wp-json\/wp\/v2\/media?parent=17893375"}],"curies":[{"name":"wp","href":"https:\/\/api.w.org\/{rel}","templated":true}]}}