{"id":10387,"date":"2020-05-11T15:40:54","date_gmt":"2020-05-11T15:40:54","guid":{"rendered":"https:\/\/datatex.com\/?page_id=10387"},"modified":"2025-10-01T17:17:48","modified_gmt":"2025-10-01T17:17:48","slug":"descargo-de-responsabilidad-de-datatex","status":"publish","type":"page","link":"https:\/\/datatex.com\/es\/descargo-de-responsabilidad-de-datatex\/","title":{"rendered":"Descargo de responsabilidad de Datatex"},"content":{"rendered":"<div class=\"fusion-fullwidth fullwidth-box fusion-builder-row-1 nonhundred-percent-fullwidth non-hundred-percent-height-scrolling\" style=\"--awb-border-radius-top-left:0px;--awb-border-radius-top-right:0px;--awb-border-radius-bottom-right:0px;--awb-border-radius-bottom-left:0px;--awb-flex-wrap:wrap;\" ><div class=\"fusion-builder-row fusion-row\"><div class=\"fusion-layout-column fusion_builder_column fusion-builder-column-0 fusion_builder_column_1_1 1_1 fusion-one-full fusion-column-first fusion-column-last\" style=\"--awb-bg-size:cover;\"><div class=\"fusion-column-wrapper fusion-column-has-shadow fusion-flex-column-wrapper-legacy\"><div class=\"fusion-title title fusion-title-1 fusion-sep-none fusion-title-text fusion-title-size-one\"><h1 class=\"fusion-title-heading title-heading-left\" style=\"margin:0;\">Datatex | Descargo de responsabilidad<\/h1><\/div><div class=\"fusion-text fusion-text-1 margin-left-50\"><p>Toda la informaci\u00f3n de este sitio web &#8211; <a href=\"http:\/\/www.datatex.com\">datatex.com<\/a> &#8211; se publica de buena fe y s\u00f3lo con fines de informaci\u00f3n general. Datatex no garantiza la integridad, fiabilidad y exactitud de esta informaci\u00f3n. Cualquier acci\u00f3n que usted tome sobre la informaci\u00f3n que encuentre en este sitio web (Datatex), es estrictamente bajo su propio riesgo. Datatex no ser\u00e1 responsable de ninguna p\u00e9rdida y\/o da\u00f1o en relaci\u00f3n con el uso de nuestro sitio web.<\/p>\n<p>Desde nuestro sitio web, puede visitar otros sitios web siguiendo los hiperv\u00ednculos a dichos sitios externos. Aunque nos esforzamos por proporcionar s\u00f3lo enlaces de calidad a sitios web \u00fatiles y \u00e9ticos, no tenemos ning\u00fan control sobre el contenido y la naturaleza de estos sitios. Estos enlaces a otros sitios web no implican una recomendaci\u00f3n de todo el contenido que se encuentra en estos. Los propietarios y el contenido de los sitios pueden cambiar sin previo aviso y pueden ocurrir antes de que tengamos la oportunidad de eliminar un enlace que puede haber ido \u00abmal\u00bb.<\/p>\n<p>Tenga en cuenta tambi\u00e9n que cuando abandone nuestro sitio web, otros sitios pueden tener pol\u00edticas de privacidad y t\u00e9rminos diferentes que est\u00e1n fuera de nuestro control. Aseg\u00farese de consultar las pol\u00edticas de privacidad de estos sitios, as\u00ed como sus \u00abCondiciones de servicio\u00bb, antes de realizar cualquier actividad comercial o de cargar cualquier informaci\u00f3n.<\/p>\n<p><strong>Consentimiento<\/strong><\/p>\n<p>Al utilizar nuestro sitio web, usted acepta por la presente nuestro descargo de responsabilidad y est\u00e1 de acuerdo con sus t\u00e9rminos.<\/p>\n<p><strong>Actualizaci\u00f3n<\/strong><\/p>\n<p>En caso de que actualicemos, modifiquemos o realicemos alg\u00fan cambio en este documento, dichos cambios se publicar\u00e1n aqu\u00ed de forma destacada.<\/p>\n<\/div><div class=\"fusion-text fusion-text-2\"><p>Si tiene preguntas sobre el Descargo de responsabilidad de Datatex o necesita m\u00e1s informaci\u00f3n, puede contactar a: <a href=\"mailto:marketing@datatex.com\">marketing@datatex.com<\/a><\/p>\n<\/div><div class=\"fusion-clearfix\"><\/div><\/div><\/div><\/div><\/div>\n","protected":false},"excerpt":{"rendered":"","protected":false},"author":7,"featured_media":0,"parent":0,"menu_order":0,"comment_status":"closed","ping_status":"open","template":"","meta":{"two_page_speed":{"current_score":{"desktop_score":94,"desktop_tti":"0.9\u00a0","mobile_score":83,"mobile_tti":"3.6\u00a0","date":"01.10.2025 05:18:34 pm","status":"completed"}},"footnotes":""},"class_list":["post-10387","page","type-page","status-publish","hentry"],"yoast_head":"<!-- This site is optimized with the Yoast SEO plugin v25.1 - https:\/\/yoast.com\/wordpress\/plugins\/seo\/ -->\n<title>Datatex | Disclaimer<\/title>\n<meta name=\"description\" content=\"Datatex facilita la informaci\u00f3n de este sitio web para uso general y puede estar sujeta a cambios sin previo aviso.\" \/>\n<meta name=\"robots\" content=\"index, follow, max-snippet:-1, max-image-preview:large, max-video-preview:-1\" \/>\n<link rel=\"canonical\" href=\"https:\/\/datatex.com\/es\/descargo-de-responsabilidad-de-datatex\/\" \/>\n<meta property=\"og:locale\" content=\"es_ES\" \/>\n<meta property=\"og:type\" content=\"article\" \/>\n<meta property=\"og:title\" content=\"Datatex | Disclaimer\" \/>\n<meta property=\"og:description\" content=\"Datatex facilita la informaci\u00f3n de este sitio web para uso general y puede estar sujeta a cambios sin previo aviso.\" \/>\n<meta property=\"og:url\" content=\"https:\/\/datatex.com\/es\/descargo-de-responsabilidad-de-datatex\/\" \/>\n<meta property=\"og:site_name\" content=\"Datatex\" \/>\n<meta property=\"article:modified_time\" content=\"2025-10-01T17:17:48+00:00\" \/>\n<meta name=\"twitter:card\" content=\"summary_large_image\" \/>\n<meta name=\"twitter:label1\" content=\"Tiempo de lectura\" \/>\n\t<meta name=\"twitter:data1\" content=\"2 minutos\" \/>\n<script type=\"application\/ld+json\" class=\"yoast-schema-graph\">{\"@context\":\"https:\/\/schema.org\",\"@graph\":[{\"@type\":\"WebPage\",\"@id\":\"https:\/\/datatex.com\/es\/descargo-de-responsabilidad-de-datatex\/\",\"url\":\"https:\/\/datatex.com\/es\/descargo-de-responsabilidad-de-datatex\/\",\"name\":\"Datatex | Disclaimer\",\"isPartOf\":{\"@id\":\"https:\/\/datatex.com\/es\/#website\"},\"datePublished\":\"2020-05-11T15:40:54+00:00\",\"dateModified\":\"2025-10-01T17:17:48+00:00\",\"description\":\"Datatex facilita la informaci\u00f3n de este sitio web para uso general y puede estar sujeta a cambios sin previo aviso.\",\"breadcrumb\":{\"@id\":\"https:\/\/datatex.com\/es\/descargo-de-responsabilidad-de-datatex\/#breadcrumb\"},\"inLanguage\":\"es\",\"potentialAction\":[{\"@type\":\"ReadAction\",\"target\":[\"https:\/\/datatex.com\/es\/descargo-de-responsabilidad-de-datatex\/\"]}]},{\"@type\":\"BreadcrumbList\",\"@id\":\"https:\/\/datatex.com\/es\/descargo-de-responsabilidad-de-datatex\/#breadcrumb\",\"itemListElement\":[{\"@type\":\"ListItem\",\"position\":1,\"name\":\"Home\",\"item\":\"https:\/\/datatex.com\/es\/\"},{\"@type\":\"ListItem\",\"position\":2,\"name\":\"Descargo de responsabilidad de Datatex\"}]},{\"@type\":\"WebSite\",\"@id\":\"https:\/\/datatex.com\/es\/#website\",\"url\":\"https:\/\/datatex.com\/es\/\",\"name\":\"Datatex\",\"description\":\"Datatex: We Make IT Work for You\",\"publisher\":{\"@id\":\"https:\/\/datatex.com\/es\/#organization\"},\"alternateName\":\"Datatex ERP\",\"potentialAction\":[{\"@type\":\"SearchAction\",\"target\":{\"@type\":\"EntryPoint\",\"urlTemplate\":\"https:\/\/datatex.com\/es\/?s={search_term_string}\"},\"query-input\":{\"@type\":\"PropertyValueSpecification\",\"valueRequired\":true,\"valueName\":\"search_term_string\"}}],\"inLanguage\":\"es\"},{\"@type\":\"Organization\",\"@id\":\"https:\/\/datatex.com\/es\/#organization\",\"name\":\"Datatex - We Make IT Work for You\",\"url\":\"https:\/\/datatex.com\/es\/\",\"logo\":{\"@type\":\"ImageObject\",\"inLanguage\":\"es\",\"@id\":\"https:\/\/datatex.com\/es\/#\/schema\/logo\/image\/\",\"url\":\"https:\/\/datatex.com\/wp-content\/uploads\/2019\/09\/android-chrome-192x192-e1569404708453.png\",\"contentUrl\":\"https:\/\/datatex.com\/wp-content\/uploads\/2019\/09\/android-chrome-192x192-e1569404708453.png\",\"width\":192,\"height\":192,\"caption\":\"Datatex - We Make IT Work for You\"},\"image\":{\"@id\":\"https:\/\/datatex.com\/es\/#\/schema\/logo\/image\/\"},\"sameAs\":[\"https:\/\/www.linkedin.com\/company\/datatex\/\",\"https:\/\/www.youtube.com\/@datatexERPtextile\"]}]}<\/script>\n<!-- \/ Yoast SEO plugin. -->","yoast_head_json":{"title":"Datatex | Disclaimer","description":"Datatex facilita la informaci\u00f3n de este sitio web para uso general y puede estar sujeta a cambios sin previo aviso.","robots":{"index":"index","follow":"follow","max-snippet":"max-snippet:-1","max-image-preview":"max-image-preview:large","max-video-preview":"max-video-preview:-1"},"canonical":"https:\/\/datatex.com\/es\/descargo-de-responsabilidad-de-datatex\/","og_locale":"es_ES","og_type":"article","og_title":"Datatex | Disclaimer","og_description":"Datatex facilita la informaci\u00f3n de este sitio web para uso general y puede estar sujeta a cambios sin previo aviso.","og_url":"https:\/\/datatex.com\/es\/descargo-de-responsabilidad-de-datatex\/","og_site_name":"Datatex","article_modified_time":"2025-10-01T17:17:48+00:00","twitter_card":"summary_large_image","twitter_misc":{"Tiempo de lectura":"2 minutos"},"schema":{"@context":"https:\/\/schema.org","@graph":[{"@type":"WebPage","@id":"https:\/\/datatex.com\/es\/descargo-de-responsabilidad-de-datatex\/","url":"https:\/\/datatex.com\/es\/descargo-de-responsabilidad-de-datatex\/","name":"Datatex | Disclaimer","isPartOf":{"@id":"https:\/\/datatex.com\/es\/#website"},"datePublished":"2020-05-11T15:40:54+00:00","dateModified":"2025-10-01T17:17:48+00:00","description":"Datatex facilita la informaci\u00f3n de este sitio web para uso general y puede estar sujeta a cambios sin previo aviso.","breadcrumb":{"@id":"https:\/\/datatex.com\/es\/descargo-de-responsabilidad-de-datatex\/#breadcrumb"},"inLanguage":"es","potentialAction":[{"@type":"ReadAction","target":["https:\/\/datatex.com\/es\/descargo-de-responsabilidad-de-datatex\/"]}]},{"@type":"BreadcrumbList","@id":"https:\/\/datatex.com\/es\/descargo-de-responsabilidad-de-datatex\/#breadcrumb","itemListElement":[{"@type":"ListItem","position":1,"name":"Home","item":"https:\/\/datatex.com\/es\/"},{"@type":"ListItem","position":2,"name":"Descargo de responsabilidad de Datatex"}]},{"@type":"WebSite","@id":"https:\/\/datatex.com\/es\/#website","url":"https:\/\/datatex.com\/es\/","name":"Datatex","description":"Datatex: We Make IT Work for You","publisher":{"@id":"https:\/\/datatex.com\/es\/#organization"},"alternateName":"Datatex ERP","potentialAction":[{"@type":"SearchAction","target":{"@type":"EntryPoint","urlTemplate":"https:\/\/datatex.com\/es\/?s={search_term_string}"},"query-input":{"@type":"PropertyValueSpecification","valueRequired":true,"valueName":"search_term_string"}}],"inLanguage":"es"},{"@type":"Organization","@id":"https:\/\/datatex.com\/es\/#organization","name":"Datatex - We Make IT Work for You","url":"https:\/\/datatex.com\/es\/","logo":{"@type":"ImageObject","inLanguage":"es","@id":"https:\/\/datatex.com\/es\/#\/schema\/logo\/image\/","url":"https:\/\/datatex.com\/wp-content\/uploads\/2019\/09\/android-chrome-192x192-e1569404708453.png","contentUrl":"https:\/\/datatex.com\/wp-content\/uploads\/2019\/09\/android-chrome-192x192-e1569404708453.png","width":192,"height":192,"caption":"Datatex - We Make IT Work for You"},"image":{"@id":"https:\/\/datatex.com\/es\/#\/schema\/logo\/image\/"},"sameAs":["https:\/\/www.linkedin.com\/company\/datatex\/","https:\/\/www.youtube.com\/@datatexERPtextile"]}]}},"_links":{"self":[{"href":"https:\/\/datatex.com\/es\/wp-json\/wp\/v2\/pages\/10387","targetHints":{"allow":["GET"]}}],"collection":[{"href":"https:\/\/datatex.com\/es\/wp-json\/wp\/v2\/pages"}],"about":[{"href":"https:\/\/datatex.com\/es\/wp-json\/wp\/v2\/types\/page"}],"author":[{"embeddable":true,"href":"https:\/\/datatex.com\/es\/wp-json\/wp\/v2\/users\/7"}],"replies":[{"embeddable":true,"href":"https:\/\/datatex.com\/es\/wp-json\/wp\/v2\/comments?post=10387"}],"version-history":[{"count":5,"href":"https:\/\/datatex.com\/es\/wp-json\/wp\/v2\/pages\/10387\/revisions"}],"predecessor-version":[{"id":17893363,"href":"https:\/\/datatex.com\/es\/wp-json\/wp\/v2\/pages\/10387\/revisions\/17893363"}],"wp:attachment":[{"href":"https:\/\/datatex.com\/es\/wp-json\/wp\/v2\/media?parent=10387"}],"curies":[{"name":"wp","href":"https:\/\/api.w.org\/{rel}","templated":true}]}}