{"id":10386,"date":"2020-05-12T13:33:04","date_gmt":"2020-05-12T13:33:04","guid":{"rendered":"https:\/\/datatex.com\/?page_id=10386"},"modified":"2025-10-02T14:12:15","modified_gmt":"2025-10-02T14:12:15","slug":"disclaimer","status":"publish","type":"page","link":"https:\/\/datatex.com\/de\/disclaimer\/","title":{"rendered":"Disclaimer"},"content":{"rendered":"<div class=\"fusion-fullwidth fullwidth-box fusion-builder-row-1 nonhundred-percent-fullwidth non-hundred-percent-height-scrolling\" style=\"--awb-border-radius-top-left:0px;--awb-border-radius-top-right:0px;--awb-border-radius-bottom-right:0px;--awb-border-radius-bottom-left:0px;--awb-flex-wrap:wrap;\" ><div class=\"fusion-builder-row fusion-row\"><div class=\"fusion-layout-column fusion_builder_column fusion-builder-column-0 fusion_builder_column_1_1 1_1 fusion-one-full fusion-column-first fusion-column-last\" style=\"--awb-bg-size:cover;\"><div class=\"fusion-column-wrapper fusion-column-has-shadow fusion-flex-column-wrapper-legacy\"><div class=\"fusion-title title fusion-title-1 fusion-sep-none fusion-title-text fusion-title-size-one\"><h1 class=\"fusion-title-heading title-heading-left\" style=\"margin:0;\">Datatex | Disclaimer<\/h1><\/div><div class=\"fusion-text fusion-text-1 margin-left-50\"><p>Alle Informationen auf dieser Website &#8211; <a href=\"https:\/\/datatex.com\/de\/\" target=\"_blank\" rel=\"noopener\">datatex.com<\/a> &#8211; werden nach bestem Wissen und Gewissen und nur zu allgemeinen Informationszwecken ver\u00f6ffentlicht. Datatex \u00fcbernimmt keine Gew\u00e4hr f\u00fcr die Vollst\u00e4ndigkeit, Zuverl\u00e4ssigkeit und Richtigkeit dieser Informationen. Jede Handlung, die Sie aufgrund der Informationen, die Sie auf dieser Website (Datatex) finden, vornehmen, geschieht ausschlie\u00dflich auf Ihr eigenes Risiko. Datatex haftet nicht f\u00fcr etwaige Verluste und\/oder Sch\u00e4den im Zusammenhang mit der Nutzung unserer Website. Von unserer Website aus k\u00f6nnen Sie andere Websites besuchen, indem Sie Hyperlinks zu solchen externen Websites folgen. Obwohl wir uns bem\u00fchen, nur qualitativ hochwertige Links zu n\u00fctzlichen und ethischen Websites anzubieten, haben wir keine Kontrolle \u00fcber den Inhalt und die Art dieser Websites. Diese Links zu anderen Websites stellen keine Empfehlung f\u00fcr den gesamten Inhalt dieser Websites dar. Die Eigent\u00fcmer und Inhalte der Websites k\u00f6nnen sich ohne Vorank\u00fcndigung \u00e4ndern und es kann vorkommen, dass wir einen Link, der m\u00f6glicherweise &#8222;schlecht&#8220; geworden ist, nicht mehr entfernen k\u00f6nnen. Bitte beachten Sie auch, dass andere Websites, wenn Sie unsere Website verlassen, andere Datenschutzrichtlinien und -bedingungen haben k\u00f6nnen, die au\u00dferhalb unserer Kontrolle liegen. Bitte informieren Sie sich \u00fcber die Datenschutzrichtlinien dieser Websites sowie \u00fcber deren &#8222;Nutzungsbedingungen&#8220;, bevor Sie Gesch\u00e4fte t\u00e4tigen oder Informationen hochladen.<\/p>\n<p style=\"text-align: left;\"><strong>Zustimmung<\/strong><\/p>\n<p style=\"text-align: left;\">Durch die Nutzung unserer Website erkl\u00e4ren Sie sich mit unserem Haftungsausschluss einverstanden und stimmen dessen Bedingungen zu.<\/p>\n<p style=\"text-align: left;\"><strong>Update<\/strong><\/p>\n<p style=\"text-align: left;\">Sollten wir dieses Dokument aktualisieren, erg\u00e4nzen oder \u00e4ndern, werden diese \u00c4nderungen an dieser Stelle deutlich sichtbar ver\u00f6ffentlicht.<\/p>\n<\/div><div class=\"fusion-text fusion-text-2\"><p>Wenn Sie Fragen zu dieser Politik haben oder weitere Informationen ben\u00f6tigen, k\u00f6nnen Sie sich an folgende Adresse wenden: <a href=\"mailto:someone@example.com?Subject=Datatex%20Website%20Privacy\" target=\"_top\" rel=\"noopener noreferrer\">marketing@datatex.com<\/a><\/p>\n<\/div><div class=\"fusion-clearfix\"><\/div><\/div><\/div><\/div><\/div>\n","protected":false},"excerpt":{"rendered":"","protected":false},"author":7,"featured_media":0,"parent":0,"menu_order":0,"comment_status":"closed","ping_status":"open","template":"","meta":{"two_page_speed":{"current_score":{"desktop_score":94,"desktop_tti":"0.8\u00a0","mobile_score":83,"mobile_tti":"3.5\u00a0","date":"02.10.2025 02:13:00 pm","status":"completed"}},"footnotes":""},"class_list":["post-10386","page","type-page","status-publish","hentry"],"yoast_head":"<!-- This site is optimized with the Yoast SEO plugin v25.1 - https:\/\/yoast.com\/wordpress\/plugins\/seo\/ -->\n<title>Datatex | Disclaimer<\/title>\n<meta name=\"description\" content=\"Die Informationen auf dieser Website werden von Datatex f\u00fcr den allgemeinen Gebrauch bereitgestellt und k\u00f6nnen ohne vorherige Ank\u00fcndigung ge\u00e4ndert werden.\" \/>\n<meta name=\"robots\" content=\"index, follow, max-snippet:-1, max-image-preview:large, max-video-preview:-1\" \/>\n<link rel=\"canonical\" href=\"https:\/\/datatex.com\/de\/disclaimer\/\" \/>\n<meta property=\"og:locale\" content=\"de_DE\" \/>\n<meta property=\"og:type\" content=\"article\" \/>\n<meta property=\"og:title\" content=\"Datatex | Disclaimer\" \/>\n<meta property=\"og:description\" content=\"Die Informationen auf dieser Website werden von Datatex f\u00fcr den allgemeinen Gebrauch bereitgestellt und k\u00f6nnen ohne vorherige Ank\u00fcndigung ge\u00e4ndert werden.\" \/>\n<meta property=\"og:url\" content=\"https:\/\/datatex.com\/de\/disclaimer\/\" \/>\n<meta property=\"og:site_name\" content=\"Datatex\" \/>\n<meta property=\"article:modified_time\" content=\"2025-10-02T14:12:15+00:00\" \/>\n<meta name=\"twitter:card\" content=\"summary_large_image\" \/>\n<meta name=\"twitter:label1\" content=\"Gesch\u00e4tzte Lesezeit\" \/>\n\t<meta name=\"twitter:data1\" content=\"2\u00a0Minuten\" \/>\n<script type=\"application\/ld+json\" class=\"yoast-schema-graph\">{\"@context\":\"https:\/\/schema.org\",\"@graph\":[{\"@type\":\"WebPage\",\"@id\":\"https:\/\/datatex.com\/de\/disclaimer\/\",\"url\":\"https:\/\/datatex.com\/de\/disclaimer\/\",\"name\":\"Datatex | Disclaimer\",\"isPartOf\":{\"@id\":\"https:\/\/datatex.com\/de\/#website\"},\"datePublished\":\"2020-05-12T13:33:04+00:00\",\"dateModified\":\"2025-10-02T14:12:15+00:00\",\"description\":\"Die Informationen auf dieser Website werden von Datatex f\u00fcr den allgemeinen Gebrauch bereitgestellt und k\u00f6nnen ohne vorherige Ank\u00fcndigung ge\u00e4ndert werden.\",\"breadcrumb\":{\"@id\":\"https:\/\/datatex.com\/de\/disclaimer\/#breadcrumb\"},\"inLanguage\":\"de\",\"potentialAction\":[{\"@type\":\"ReadAction\",\"target\":[\"https:\/\/datatex.com\/de\/disclaimer\/\"]}]},{\"@type\":\"BreadcrumbList\",\"@id\":\"https:\/\/datatex.com\/de\/disclaimer\/#breadcrumb\",\"itemListElement\":[{\"@type\":\"ListItem\",\"position\":1,\"name\":\"Home\",\"item\":\"https:\/\/datatex.com\/de\/\"},{\"@type\":\"ListItem\",\"position\":2,\"name\":\"Disclaimer\"}]},{\"@type\":\"WebSite\",\"@id\":\"https:\/\/datatex.com\/de\/#website\",\"url\":\"https:\/\/datatex.com\/de\/\",\"name\":\"Datatex\",\"description\":\"Datatex: We Make IT Work for You\",\"publisher\":{\"@id\":\"https:\/\/datatex.com\/de\/#organization\"},\"alternateName\":\"Datatex ERP\",\"potentialAction\":[{\"@type\":\"SearchAction\",\"target\":{\"@type\":\"EntryPoint\",\"urlTemplate\":\"https:\/\/datatex.com\/de\/?s={search_term_string}\"},\"query-input\":{\"@type\":\"PropertyValueSpecification\",\"valueRequired\":true,\"valueName\":\"search_term_string\"}}],\"inLanguage\":\"de\"},{\"@type\":\"Organization\",\"@id\":\"https:\/\/datatex.com\/de\/#organization\",\"name\":\"Datatex - We Make IT Work for You\",\"url\":\"https:\/\/datatex.com\/de\/\",\"logo\":{\"@type\":\"ImageObject\",\"inLanguage\":\"de\",\"@id\":\"https:\/\/datatex.com\/de\/#\/schema\/logo\/image\/\",\"url\":\"https:\/\/datatex.com\/wp-content\/uploads\/2019\/09\/android-chrome-192x192-e1569404708453.png\",\"contentUrl\":\"https:\/\/datatex.com\/wp-content\/uploads\/2019\/09\/android-chrome-192x192-e1569404708453.png\",\"width\":192,\"height\":192,\"caption\":\"Datatex - We Make IT Work for You\"},\"image\":{\"@id\":\"https:\/\/datatex.com\/de\/#\/schema\/logo\/image\/\"},\"sameAs\":[\"https:\/\/www.linkedin.com\/company\/datatex\/\",\"https:\/\/www.youtube.com\/@datatexERPtextile\"]}]}<\/script>\n<!-- \/ Yoast SEO plugin. -->","yoast_head_json":{"title":"Datatex | Disclaimer","description":"Die Informationen auf dieser Website werden von Datatex f\u00fcr den allgemeinen Gebrauch bereitgestellt und k\u00f6nnen ohne vorherige Ank\u00fcndigung ge\u00e4ndert werden.","robots":{"index":"index","follow":"follow","max-snippet":"max-snippet:-1","max-image-preview":"max-image-preview:large","max-video-preview":"max-video-preview:-1"},"canonical":"https:\/\/datatex.com\/de\/disclaimer\/","og_locale":"de_DE","og_type":"article","og_title":"Datatex | Disclaimer","og_description":"Die Informationen auf dieser Website werden von Datatex f\u00fcr den allgemeinen Gebrauch bereitgestellt und k\u00f6nnen ohne vorherige Ank\u00fcndigung ge\u00e4ndert werden.","og_url":"https:\/\/datatex.com\/de\/disclaimer\/","og_site_name":"Datatex","article_modified_time":"2025-10-02T14:12:15+00:00","twitter_card":"summary_large_image","twitter_misc":{"Gesch\u00e4tzte Lesezeit":"2\u00a0Minuten"},"schema":{"@context":"https:\/\/schema.org","@graph":[{"@type":"WebPage","@id":"https:\/\/datatex.com\/de\/disclaimer\/","url":"https:\/\/datatex.com\/de\/disclaimer\/","name":"Datatex | Disclaimer","isPartOf":{"@id":"https:\/\/datatex.com\/de\/#website"},"datePublished":"2020-05-12T13:33:04+00:00","dateModified":"2025-10-02T14:12:15+00:00","description":"Die Informationen auf dieser Website werden von Datatex f\u00fcr den allgemeinen Gebrauch bereitgestellt und k\u00f6nnen ohne vorherige Ank\u00fcndigung ge\u00e4ndert werden.","breadcrumb":{"@id":"https:\/\/datatex.com\/de\/disclaimer\/#breadcrumb"},"inLanguage":"de","potentialAction":[{"@type":"ReadAction","target":["https:\/\/datatex.com\/de\/disclaimer\/"]}]},{"@type":"BreadcrumbList","@id":"https:\/\/datatex.com\/de\/disclaimer\/#breadcrumb","itemListElement":[{"@type":"ListItem","position":1,"name":"Home","item":"https:\/\/datatex.com\/de\/"},{"@type":"ListItem","position":2,"name":"Disclaimer"}]},{"@type":"WebSite","@id":"https:\/\/datatex.com\/de\/#website","url":"https:\/\/datatex.com\/de\/","name":"Datatex","description":"Datatex: We Make IT Work for You","publisher":{"@id":"https:\/\/datatex.com\/de\/#organization"},"alternateName":"Datatex ERP","potentialAction":[{"@type":"SearchAction","target":{"@type":"EntryPoint","urlTemplate":"https:\/\/datatex.com\/de\/?s={search_term_string}"},"query-input":{"@type":"PropertyValueSpecification","valueRequired":true,"valueName":"search_term_string"}}],"inLanguage":"de"},{"@type":"Organization","@id":"https:\/\/datatex.com\/de\/#organization","name":"Datatex - We Make IT Work for You","url":"https:\/\/datatex.com\/de\/","logo":{"@type":"ImageObject","inLanguage":"de","@id":"https:\/\/datatex.com\/de\/#\/schema\/logo\/image\/","url":"https:\/\/datatex.com\/wp-content\/uploads\/2019\/09\/android-chrome-192x192-e1569404708453.png","contentUrl":"https:\/\/datatex.com\/wp-content\/uploads\/2019\/09\/android-chrome-192x192-e1569404708453.png","width":192,"height":192,"caption":"Datatex - We Make IT Work for You"},"image":{"@id":"https:\/\/datatex.com\/de\/#\/schema\/logo\/image\/"},"sameAs":["https:\/\/www.linkedin.com\/company\/datatex\/","https:\/\/www.youtube.com\/@datatexERPtextile"]}]}},"_links":{"self":[{"href":"https:\/\/datatex.com\/de\/wp-json\/wp\/v2\/pages\/10386","targetHints":{"allow":["GET"]}}],"collection":[{"href":"https:\/\/datatex.com\/de\/wp-json\/wp\/v2\/pages"}],"about":[{"href":"https:\/\/datatex.com\/de\/wp-json\/wp\/v2\/types\/page"}],"author":[{"embeddable":true,"href":"https:\/\/datatex.com\/de\/wp-json\/wp\/v2\/users\/7"}],"replies":[{"embeddable":true,"href":"https:\/\/datatex.com\/de\/wp-json\/wp\/v2\/comments?post=10386"}],"version-history":[{"count":5,"href":"https:\/\/datatex.com\/de\/wp-json\/wp\/v2\/pages\/10386\/revisions"}],"predecessor-version":[{"id":17894553,"href":"https:\/\/datatex.com\/de\/wp-json\/wp\/v2\/pages\/10386\/revisions\/17894553"}],"wp:attachment":[{"href":"https:\/\/datatex.com\/de\/wp-json\/wp\/v2\/media?parent=10386"}],"curies":[{"name":"wp","href":"https:\/\/api.w.org\/{rel}","templated":true}]}}